{"id":8227,"date":"2020-09-07T18:43:11","date_gmt":"2020-09-07T16:43:11","guid":{"rendered":"https:\/\/semmelweis.hu\/dei\/?page_id=8227"},"modified":"2025-08-12T13:56:44","modified_gmt":"2025-08-12T11:56:44","slug":"omhv-felmeres","status":"publish","type":"page","link":"https:\/\/semmelweis.hu\/dei\/oktatas\/omhv-felmeres\/","title":{"rendered":"OMHV felm\u00e9r\u00e9s"},"content":{"rendered":"<p>OMHV felm\u00e9r\u00e9s int\u00e9zked\u00e9si tervei:<\/p>\n<p><a href=\"https:\/\/semmelweis.hu\/dei\/files\/2025\/08\/OMHV_ertekeles_Egeszsegugyi_szervezo_alapszak_202420252.pdf\">OMHV \u00e9rt\u00e9kel\u00e9s Eg\u00e9szs\u00e9g\u00fcgyi szervez\u0151 alapszak 2024\/2025\/2<\/a><\/p>\n<p><a href=\"https:\/\/semmelweis.hu\/dei\/files\/2025\/08\/OMHV_ertekeles_AOK_202420252.pdf\">OMHV \u00e9rt\u00e9kel\u00e9s \u00c1OK (Orvosi informatika) 2024\/2025\/2<\/a><\/p>\n<p><a href=\"https:\/\/semmelweis.hu\/dei\/files\/2025\/08\/OMHV_ertekeles_FOK_202420252.pdf\">OMHV \u00e9rt\u00e9kel\u00e9s FOK (Orvosi Informatika) 2024\/2025\/2<\/a><\/p>\n<p>Kor\u00e1bbi f\u00e9l\u00e9vek dokumentumai:<\/p>\n<p><a href=\"https:\/\/semmelweis.hu\/dei\/files\/2025\/04\/OMHV_DEI_2024_25_osz.pdf\">OMHV \u00e9rt\u00e9kel\u00e9s Eg\u00e9szs\u00e9g\u00fcgyi szervez\u0151 alapszak 2024\/2025\/1<\/a><\/p>\n<p><a href=\"https:\/\/semmelweis.hu\/dei\/files\/2025\/04\/DEI_AOK_OMHV_2024_25_osz.pdf\">OMHV \u00e9rt\u00e9kel\u00e9s \u00c1OK (Orvosi informatika) 2024\/2025\/1<\/a><\/p>\n<p><a href=\"https:\/\/semmelweis.hu\/dei\/files\/2025\/04\/DEI_FOK_OMHV_2024_25_osz.pdf\">OMHV \u00e9rt\u00e9kel\u00e9s FOK (Orvosi Informatika) 2024\/2025\/1<\/a><\/p>\n<p><a href=\"https:\/\/semmelweis.hu\/dei\/files\/2025\/04\/DEI_GYTK_OMHV_2024_25_osz.pdf\">OMHV \u00e9rt\u00e9kel\u00e9s GYTK (Informatika, Gy\u00f3gyszer\u00e9szi informatika) 2024\/2025\/1<\/a><\/p>\n<p><a href=\"https:\/\/semmelweis.hu\/dei\/files\/2025\/04\/OMHV-DEI-2024-tavasz.pdf\">OMHV \u00e9rt\u00e9kel\u00e9s Eg\u00e9szs\u00e9g\u00fcgyi szervez\u0151 alapszak 2023\/2024\/2<\/a><\/p>\n<p><a href=\"https:\/\/semmelweis.hu\/dei\/files\/2024\/02\/OMHV_felmeres_DEI_2023_2024_1_osz_DEI.pdf\">OMHV \u00e9rt\u00e9kel\u00e9s Eg\u00e9szs\u00e9g\u00fcgyi szervez\u0151 alapszak 2023\/2024\/1<\/a><\/p>\n<p><a href=\"https:\/\/semmelweis.hu\/dei\/files\/2024\/02\/OMHV_felmeres_DEI_2023_2024_1_osz_FOK.pdf\">OMHV \u00e9rt\u00e9kel\u00e9s FOK (Orvosi Informatika, Medizinische Informatik) 2023\/2024\/1<\/a><\/p>\n<p><a href=\"https:\/\/semmelweis.hu\/dei\/files\/2024\/02\/OMHV_felmeres_DEI_2023_2024_1_osz_GYTK.pdf\">OMHV \u00e9rt\u00e9kel\u00e9s GYTK (Informatika, Informatics, Gy\u00f3gyszer\u00e9szi informatika) 2023\/2024\/1<\/a><\/p>\n<p><a href=\"https:\/\/semmelweis.hu\/dei\/files\/2023\/06\/OMHV_felmeres_DEI_2022_2023_2_tavasz.pdf\">OMHV \u00e9rt\u00e9kel\u00e9s Eg\u00e9szs\u00e9g\u00fcgyi szervez\u0151 alapszak 2022\/2023\/2<\/a><\/p>\n<p><a href=\"https:\/\/semmelweis.hu\/dei\/files\/2023\/02\/OMHV_2022_2023_2.pdf\">OMHV \u00e9rt\u00e9kel\u00e9s Eg\u00e9szs\u00e9g\u00fcgyi szervez\u0151 alapszak 2022\/2023\/1<\/a><\/p>\n<p><a href=\"https:\/\/semmelweis.hu\/dei\/files\/2022\/08\/OMHV-DEI-2022-tavasz.pdf\">OMHV \u00e9rt\u00e9kel\u00e9s Eg\u00e9szs\u00e9g\u00fcgyi szervez\u0151 alapszak 2021\/2022\/2<\/a><\/p>\n<p><a href=\"https:\/\/semmelweis.hu\/dei\/files\/2022\/09\/DEI-OMHV-2022-tavasz-AOK.pdf\">OMHV \u00e9rt\u00e9kel\u00e9s \u00c1OK (Introduction to Medical Informatics) 2021\/2022\/2<\/a><\/p>\n<p><a href=\"https:\/\/semmelweis.hu\/dei\/files\/2022\/03\/OMHV_DEI_Egeszsegugyi-szervezo-BSc_2021-2022-1.pdf\">OMHV \u00e9rt\u00e9kel\u00e9s Eg\u00e9szs\u00e9g\u00fcgyi szervez\u0151 alapszak 2021\/2022\/1<\/a>\u00a0<\/p>\n<p><a href=\"https:\/\/semmelweis.hu\/dei\/files\/2022\/03\/OMHV_FOK_Orvosi-informatika-Medizinische-Informatik_2021-2022-1.pdf\">OMHV \u00e9rt\u00e9kel\u00e9s FOK (Orvosi Informatika, Medizinische Informatik) 2021\/2022\/1\u00a0<\/a><\/p>\n<p><a href=\"https:\/\/semmelweis.hu\/dei\/files\/2022\/03\/OMHV_GYTK_Informatika-Informatics-practice-Gyogyszereszi-informatika-Pharmaceutical-informatics-theorypractice_2021-2022-1.pdf\">OMHV \u00e9rt\u00e9kel\u00e9s GYTK (Informatika, Informatics, Gy\u00f3gyszer\u00e9szi informatika, Pharmaceutical informatics) 2021\/2022\/1<\/a><\/p>\n<p><a href=\"https:\/\/semmelweis.hu\/dei\/files\/2021\/08\/OMHV_DEI_\u00f6sszegz\u00e9s_2020-2021-2.pdf\">OMHV \u00e9rt\u00e9kel\u00e9s Eg\u00e9szs\u00e9g\u00fcgyi szervez\u0151 alapszak 2020\/2021\/2<\/a><\/p>\n<p><a href=\"https:\/\/semmelweis.hu\/dei\/files\/2021\/09\/OMHV_\u00c1OK_Introduction-to-Medical-Informatics_2020-2021-2.pdf\">OMHV \u00e9rt\u00e9kel\u00e9s \u00c1OK (Introduction to Medical Informatics) 2020\/2021\/2<\/a><\/p>\n<p><a href=\"https:\/\/semmelweis.hu\/dei\/files\/2021\/09\/OMHV_FOK_Medical-Informatics_2020-2021-2.pdf\">OMHV \u00e9rt\u00e9kel\u00e9s FOK (Medical Informatics) 2020\/2021\/2<\/a><\/p>\n<p>&nbsp;<\/p>\n<p>&nbsp;<\/p>\n<p>&nbsp;<\/p>\n<p>&nbsp;<\/p>\n","protected":false},"excerpt":{"rendered":"<p>OMHV felm\u00e9r\u00e9s int\u00e9zked\u00e9si tervei:<br \/>\n<a href=\"https:\/\/semmelweis.hu\/dei\/files\/2025\/08\/OMHV_ertekeles_Egeszsegugyi_szervezo_alapszak_202420252.pdf\">OMHV \u00e9rt\u00e9kel\u00e9s Eg\u00e9szs\u00e9g\u00fcgyi szervez\u0151 alapszak 2024\/2025\/2<\/a><br \/>\n<a href=\"https:\/\/semmelweis.hu\/dei\/files\/2025\/08\/OMHV_ertekeles_AOK_202420252.pdf\">OMHV \u00e9rt\u00e9kel\u00e9s \u00c1OK (Orvosi informatika) 2024\/2025\/2<\/a><br \/>\n<a href=\"https:\/\/semmelweis.hu\/dei\/files\/2025\/08\/OMHV_ertekeles_FOK_202420252.pdf\">OMHV \u00e9rt\u00e9kel\u00e9s FOK (Orvosi Informatika) 2024\/2025\/2<\/a><br \/>\nKor\u00e1bbi f\u00e9l\u00e9vek dokumentumai:<br \/>\n<a href=\"https:\/\/semmelweis.hu\/dei\/files\/2025\/04\/OMHV_DEI_2024_25_osz.pdf\">OMHV \u00e9rt\u00e9kel\u00e9s Eg\u00e9szs\u00e9g\u00fcgyi szervez\u0151 alapszak 2024\/2025\/1<\/a><br \/>\n<a href=\"https:\/\/semmelweis.hu\/dei\/files\/2025\/04\/DEI_AOK_OMHV_2024_25_osz.pdf\">OMHV \u00e9rt\u00e9kel\u00e9s \u00c1OK (Orvosi informatika) 2024\/2025\/1<\/a><br \/>\n<a href=\"https:\/\/semmelweis.hu\/dei\/files\/2025\/04\/DEI_FOK_OMHV_2024_25_osz.pdf\">OMHV \u00e9rt\u00e9kel\u00e9s FOK (Orvosi Informatika) 2024\/2025\/1<\/a><br \/>\n<a href=\"https:\/\/semmelweis.hu\/dei\/files\/2025\/04\/DEI_GYTK_OMHV_2024_25_osz.pdf\">OMHV \u00e9rt\u00e9kel\u00e9s GYTK (Informatika, Gy\u00f3gyszer\u00e9szi informatika) 2024\/2025\/1<\/a><br \/>\n<a href=\"https:\/\/semmelweis.hu\/dei\/files\/2025\/04\/OMHV-DEI-2024-tavasz.pdf\">OMHV \u00e9rt\u00e9kel\u00e9s Eg\u00e9szs\u00e9g\u00fcgyi szervez\u0151 alapszak 2023\/2024\/2<\/a><br \/>\n<a href=\"https:\/\/semmelweis.hu\/dei\/files\/2024\/02\/OMHV_felmeres_DEI_2023_2024_1_osz_DEI.pdf\">OMHV \u00e9rt\u00e9kel\u00e9s Eg\u00e9szs\u00e9g\u00fcgyi szervez\u0151 alapszak 2023\/2024\/1<\/a><br \/>\n<a href=\"https:\/\/semmelweis.hu\/dei\/files\/2024\/02\/OMHV_felmeres_DEI_2023_2024_1_osz_FOK.pdf\">OMHV \u00e9rt\u00e9kel\u00e9s FOK (Orvosi Informatika, Medizinische Informatik) 2023\/2024\/1<\/a><br \/>\n<a href=\"https:\/\/semmelweis.hu\/dei\/files\/2024\/02\/OMHV_felmeres_DEI_2023_2024_1_osz_GYTK.pdf\">OMHV \u00e9rt\u00e9kel\u00e9s GYTK (Informatika, Informatics, Gy\u00f3gyszer\u00e9szi informatika) 2023\/2024\/1<\/a><br \/>\n<a href=\"https:\/\/semmelweis.hu\/dei\/files\/2023\/06\/OMHV_felmeres_DEI_2022_2023_2_tavasz.pdf\">OMHV \u00e9rt\u00e9kel\u00e9s Eg\u00e9szs\u00e9g\u00fcgyi szervez\u0151 alapszak 2022\/2023\/2<\/a><br \/>\n<a href=\"https:\/\/semmelweis.hu\/dei\/files\/2023\/02\/OMHV_2022_2023_2.pdf\">OMHV \u00e9rt\u00e9kel\u00e9s Eg\u00e9szs\u00e9g\u00fcgyi szervez\u0151 alapszak 2022\/2023\/1<\/a><br \/>\n<a href=\"https:\/\/semmelweis.hu\/dei\/files\/2022\/08\/OMHV-DEI-2022-tavasz.pdf\">OMHV \u00e9rt\u00e9kel\u00e9s Eg\u00e9szs\u00e9g\u00fcgyi szervez\u0151 alapszak 2021\/2022\/2<\/a><br \/>\n<a href=\"https:\/\/semmelweis.hu\/dei\/files\/2022\/09\/DEI-OMHV-2022-tavasz-AOK.pdf\">OMHV \u00e9rt\u00e9kel\u00e9s \u00c1OK (Introduction to Medical Informatics) 2021\/2022\/2<\/a><br \/>\n<a href=\"https:\/\/semmelweis.hu\/dei\/files\/2022\/03\/OMHV_DEI_Egeszsegugyi-szervezo-BSc_2021-2022-1.pdf\">OMHV \u00e9rt\u00e9kel\u00e9s Eg\u00e9szs\u00e9g\u00fcgyi szervez\u0151 alapszak 2021\/2022\/1<\/a>\u00a0<br \/>\n<a href=\"https:\/\/semmelweis.hu\/dei\/files\/2022\/03\/OMHV_FOK_Orvosi-informatika-Medizinische-Informatik_2021-2022-1.pdf\">OMHV \u00e9rt\u00e9kel\u00e9s FOK (Orvosi Informatika, Medizinische Informatik) 2021\/2022\/1\u00a0<\/a><br \/>\n<a href=\"https:\/\/semmelweis.hu\/dei\/files\/2022\/03\/OMHV_GYTK_Informatika-Informatics-practice-Gyogyszereszi-informatika-Pharmaceutical-informatics-theorypractice_2021-2022-1.pdf\">OMHV \u00e9rt\u00e9kel\u00e9s GYTK (Informatika, Informatics, Gy\u00f3gyszer\u00e9szi informatika, Pharmaceutical informatics) 2021\/2022\/1<\/a><br \/>\n<a href=\"https:\/\/semmelweis.hu\/dei\/files\/2021\/08\/OMHV_DEI_\u00f6sszegz\u00e9s_2020-2021-2.pdf\">OMHV \u00e9rt\u00e9kel\u00e9s Eg\u00e9szs\u00e9g\u00fcgyi szervez\u0151 alapszak 2020\/2021\/2<\/a><br \/>\n<a href=\"https:\/\/semmelweis.hu\/dei\/files\/2021\/09\/OMHV_\u00c1OK_Introduction-to-Medical-Informatics_2020-2021-2.pdf\">OMHV \u00e9rt\u00e9kel\u00e9s \u00c1OK (Introduction to Medical Informatics) 2020\/2021\/2<\/a><br \/>\n<a href=\"https:\/\/semmelweis.hu\/dei\/files\/2021\/09\/OMHV_FOK_Medical-Informatics_2020-2021-2.pdf\">OMHV \u00e9rt\u00e9kel\u00e9s FOK (Medical Informatics) 2020\/2021\/2<\/a><br \/>\n&nbsp;<br \/>\n&nbsp;<br \/>\n&nbsp;<br \/>\n&nbsp;<\/p>\n","protected":false},"author":101653,"featured_media":0,"parent":5598,"menu_order":0,"comment_status":"closed","ping_status":"closed","template":"","meta":{"_acf_changed":false,"footnotes":""},"categories":[],"tags":[],"class_list":["post-8227","page","type-page","status-publish","hentry"],"acf":[],"_links":{"self":[{"href":"https:\/\/semmelweis.hu\/dei\/wp-json\/wp\/v2\/pages\/8227","targetHints":{"allow":["GET"]}}],"collection":[{"href":"https:\/\/semmelweis.hu\/dei\/wp-json\/wp\/v2\/pages"}],"about":[{"href":"https:\/\/semmelweis.hu\/dei\/wp-json\/wp\/v2\/types\/page"}],"author":[{"embeddable":true,"href":"https:\/\/semmelweis.hu\/dei\/wp-json\/wp\/v2\/users\/101653"}],"replies":[{"embeddable":true,"href":"https:\/\/semmelweis.hu\/dei\/wp-json\/wp\/v2\/comments?post=8227"}],"version-history":[{"count":11,"href":"https:\/\/semmelweis.hu\/dei\/wp-json\/wp\/v2\/pages\/8227\/revisions"}],"predecessor-version":[{"id":9311,"href":"https:\/\/semmelweis.hu\/dei\/wp-json\/wp\/v2\/pages\/8227\/revisions\/9311"}],"up":[{"embeddable":true,"href":"https:\/\/semmelweis.hu\/dei\/wp-json\/wp\/v2\/pages\/5598"}],"wp:attachment":[{"href":"https:\/\/semmelweis.hu\/dei\/wp-json\/wp\/v2\/media?parent=8227"}],"wp:term":[{"taxonomy":"category","embeddable":true,"href":"https:\/\/semmelweis.hu\/dei\/wp-json\/wp\/v2\/categories?post=8227"},{"taxonomy":"post_tag","embeddable":true,"href":"https:\/\/semmelweis.hu\/dei\/wp-json\/wp\/v2\/tags?post=8227"}],"curies":[{"name":"wp","href":"https:\/\/api.w.org\/{rel}","templated":true}]}}