{"id":7998,"date":"2019-11-28T14:05:30","date_gmt":"2019-11-28T13:05:30","guid":{"rendered":"http:\/\/semmelweis.hu\/dei\/?page_id=7998"},"modified":"2026-04-16T13:30:14","modified_gmt":"2026-04-16T11:30:14","slug":"zarovizsga-tetelek-2025-2026-tavasz","status":"publish","type":"page","link":"https:\/\/semmelweis.hu\/dei\/oktatas\/egeszsegugyi-szervezo-bsc\/zarovizsga-tetelek-2025-2026-tavasz\/","title":{"rendered":"Z\u00e1r\u00f3vizsga t\u00e9telek 2025\/2026. tavasz"},"content":{"rendered":"<p><a href=\"https:\/\/semmelweis.hu\/dei\/files\/2026\/04\/ZAROVIZSGA-TETELSOR.docx\">Z\u00e1r\u00f3vizsga t\u00e9telsor 2025\/2026. tan\u00e9v tavaszi f\u00e9l\u00e9v<\/a><\/p>\n","protected":false},"excerpt":{"rendered":"<p><a href=\"https:\/\/semmelweis.hu\/dei\/files\/2026\/04\/ZAROVIZSGA-TETELSOR.docx\">Z\u00e1r\u00f3vizsga t\u00e9telsor 2025\/2026. tan\u00e9v tavaszi f\u00e9l\u00e9v<\/a><\/p>\n","protected":false},"author":101653,"featured_media":0,"parent":7432,"menu_order":1,"comment_status":"closed","ping_status":"closed","template":"","meta":{"_acf_changed":false,"footnotes":""},"categories":[],"tags":[],"class_list":["post-7998","page","type-page","status-publish","hentry"],"acf":[],"_links":{"self":[{"href":"https:\/\/semmelweis.hu\/dei\/wp-json\/wp\/v2\/pages\/7998","targetHints":{"allow":["GET"]}}],"collection":[{"href":"https:\/\/semmelweis.hu\/dei\/wp-json\/wp\/v2\/pages"}],"about":[{"href":"https:\/\/semmelweis.hu\/dei\/wp-json\/wp\/v2\/types\/page"}],"author":[{"embeddable":true,"href":"https:\/\/semmelweis.hu\/dei\/wp-json\/wp\/v2\/users\/101653"}],"replies":[{"embeddable":true,"href":"https:\/\/semmelweis.hu\/dei\/wp-json\/wp\/v2\/comments?post=7998"}],"version-history":[{"count":12,"href":"https:\/\/semmelweis.hu\/dei\/wp-json\/wp\/v2\/pages\/7998\/revisions"}],"predecessor-version":[{"id":9670,"href":"https:\/\/semmelweis.hu\/dei\/wp-json\/wp\/v2\/pages\/7998\/revisions\/9670"}],"up":[{"embeddable":true,"href":"https:\/\/semmelweis.hu\/dei\/wp-json\/wp\/v2\/pages\/7432"}],"wp:attachment":[{"href":"https:\/\/semmelweis.hu\/dei\/wp-json\/wp\/v2\/media?parent=7998"}],"wp:term":[{"taxonomy":"category","embeddable":true,"href":"https:\/\/semmelweis.hu\/dei\/wp-json\/wp\/v2\/categories?post=7998"},{"taxonomy":"post_tag","embeddable":true,"href":"https:\/\/semmelweis.hu\/dei\/wp-json\/wp\/v2\/tags?post=7998"}],"curies":[{"name":"wp","href":"https:\/\/api.w.org\/{rel}","templated":true}]}}