{"id":7865,"date":"2019-09-04T09:56:21","date_gmt":"2019-09-04T07:56:21","guid":{"rendered":"http:\/\/semmelweis.hu\/dei\/?page_id=7865"},"modified":"2026-02-02T11:13:41","modified_gmt":"2026-02-02T10:13:41","slug":"aktualis-orarend","status":"publish","type":"page","link":"https:\/\/semmelweis.hu\/dei\/oktatas\/egeszsegugyi-szervezo-bsc\/aktualis-orarend\/","title":{"rendered":"Aktu\u00e1lis \u00f3rarend"},"content":{"rendered":"<p>V\u00e1lassz \u00e9vfolyamot:<\/p>\n<ul>\n<li><a href=\"https:\/\/semmelweis.hu\/dei\/files\/2026\/02\/2026_tavasz_BSc_1_evfolyam.pdf\">2025\/2026 tavaszi f\u00e9l\u00e9v I. \u00e9vfolyam<\/a><\/li>\n<li><a href=\"https:\/\/semmelweis.hu\/dei\/files\/2026\/02\/2026_tavasz_BSc_2_evfolyam.pdf\">2025\/2026 tavaszi f\u00e9l\u00e9v II. \u00e9vfolyam<\/a><\/li>\n<li><a href=\"https:\/\/semmelweis.hu\/dei\/files\/2026\/02\/2026_tavasz_BSc_3_evfolyam.pdf\">2025\/2026 tavaszi f\u00e9l\u00e9v III. \u00e9vfolyam<\/a><\/li>\n<\/ul>\n<p>&nbsp;<\/p>\n<p>&nbsp;<\/p>\n","protected":false},"excerpt":{"rendered":"<p>V\u00e1lassz \u00e9vfolyamot:<\/p>\n<p><a href=\"https:\/\/semmelweis.hu\/dei\/files\/2026\/02\/2026_tavasz_BSc_1_evfolyam.pdf\">2025\/2026 tavaszi f\u00e9l\u00e9v I. \u00e9vfolyam<\/a><br \/>\n<a href=\"https:\/\/semmelweis.hu\/dei\/files\/2026\/02\/2026_tavasz_BSc_2_evfolyam.pdf\">2025\/2026 tavaszi f\u00e9l\u00e9v II. \u00e9vfolyam<\/a><br \/>\n<a href=\"https:\/\/semmelweis.hu\/dei\/files\/2026\/02\/2026_tavasz_BSc_3_evfolyam.pdf\">2025\/2026 tavaszi f\u00e9l\u00e9v III. \u00e9vfolyam<\/a><\/p>\n<p>&nbsp;<br \/>\n&nbsp;<\/p>\n","protected":false},"author":101238,"featured_media":0,"parent":7432,"menu_order":0,"comment_status":"closed","ping_status":"closed","template":"","meta":{"_acf_changed":false,"footnotes":""},"categories":[],"tags":[],"class_list":["post-7865","page","type-page","status-publish","hentry"],"acf":[],"_links":{"self":[{"href":"https:\/\/semmelweis.hu\/dei\/wp-json\/wp\/v2\/pages\/7865","targetHints":{"allow":["GET"]}}],"collection":[{"href":"https:\/\/semmelweis.hu\/dei\/wp-json\/wp\/v2\/pages"}],"about":[{"href":"https:\/\/semmelweis.hu\/dei\/wp-json\/wp\/v2\/types\/page"}],"author":[{"embeddable":true,"href":"https:\/\/semmelweis.hu\/dei\/wp-json\/wp\/v2\/users\/101238"}],"replies":[{"embeddable":true,"href":"https:\/\/semmelweis.hu\/dei\/wp-json\/wp\/v2\/comments?post=7865"}],"version-history":[{"count":12,"href":"https:\/\/semmelweis.hu\/dei\/wp-json\/wp\/v2\/pages\/7865\/revisions"}],"predecessor-version":[{"id":9536,"href":"https:\/\/semmelweis.hu\/dei\/wp-json\/wp\/v2\/pages\/7865\/revisions\/9536"}],"up":[{"embeddable":true,"href":"https:\/\/semmelweis.hu\/dei\/wp-json\/wp\/v2\/pages\/7432"}],"wp:attachment":[{"href":"https:\/\/semmelweis.hu\/dei\/wp-json\/wp\/v2\/media?parent=7865"}],"wp:term":[{"taxonomy":"category","embeddable":true,"href":"https:\/\/semmelweis.hu\/dei\/wp-json\/wp\/v2\/categories?post=7865"},{"taxonomy":"post_tag","embeddable":true,"href":"https:\/\/semmelweis.hu\/dei\/wp-json\/wp\/v2\/tags?post=7865"}],"curies":[{"name":"wp","href":"https:\/\/api.w.org\/{rel}","templated":true}]}}