{"id":7432,"date":"2018-09-26T16:49:58","date_gmt":"2018-09-26T14:49:58","guid":{"rendered":"http:\/\/semmelweis.hu\/dei\/?page_id=7432"},"modified":"2026-04-13T14:37:56","modified_gmt":"2026-04-13T12:37:56","slug":"egeszsegugyi-szervezo-bsc","status":"publish","type":"page","link":"https:\/\/semmelweis.hu\/dei\/oktatas\/egeszsegugyi-szervezo-bsc\/","title":{"rendered":"Eg\u00e9szs\u00e9g\u00fcgyi szervez\u0151 BSc"},"content":{"rendered":"<p style=\"text-align: justify\">Int\u00e9zet\u00fcnk feladata az eg\u00e9szs\u00e9g\u00fcgyi szervez\u0151 szakos hallgat\u00f3k k\u00e9pz\u00e9se, digit\u00e1lis eg\u00e9szs\u00e9g\u00fcgyi szervez\u0151 specializ\u00e1ci\u00f3n. A k\u00e9pz\u00e9sre nagy az \u00e9rdekl\u0151d\u00e9s mind a p\u00e1lyav\u00e1laszt\u00e1s el\u0151tt \u00e1ll\u00f3 tanul\u00f3k, mind az eg\u00e9szs\u00e9g\u00fcgy k\u00fcl\u00f6nb\u00f6z\u0151 szektora fel\u0151l, akik sz\u00edvesen v\u00e1lasztj\u00e1k egy-egy \u00e1ll\u00e1s bet\u00f6lt\u00e9s\u00e9re a frissen v\u00e9gzett hallgat\u00f3inkat, sokuk m\u00e1r a diplom\u00e1juk \u00e1tv\u00e9telekor biztos \u00e1ll\u00e1saj\u00e1nlattal rendelkeznek. A komplex ismeretek megszerz\u00e9s\u00e9ben az int\u00e9zet oktat\u00f3in t\u00fal a Semmelweis Egyetem \u00c1ltal\u00e1nos Orvostudom\u00e1nyi Kara, valamint az Eg\u00e9szs\u00e9g\u00fcgyi K\u00f6zszolg\u00e1lati Kar Eg\u00e9szs\u00e9g\u00fcgyi Menedzserk\u00e9pz\u0151 K\u00f6zpontja is seg\u00edti a hallgat\u00f3kat.<\/p>\n<p><a href=\"https:\/\/semmelweis.hu\/dei\/files\/2019\/07\/dei.e\u00fc.szervez\u0151.bsc_.01.jpg\"><img loading=\"lazy\" decoding=\"async\" class=\" wp-image-7781 aligncenter\" src=\"https:\/\/semmelweis.hu\/dei\/files\/2019\/07\/dei.e\u00fc.szervez\u0151.bsc_.01-300x200.jpg\" alt=\"\" width=\"760\" height=\"507\" srcset=\"https:\/\/semmelweis.hu\/dei\/files\/2019\/07\/dei.e\u00fc.szervez\u0151.bsc_.01-300x200.jpg 300w, https:\/\/semmelweis.hu\/dei\/files\/2019\/07\/dei.e\u00fc.szervez\u0151.bsc_.01-768x512.jpg 768w, https:\/\/semmelweis.hu\/dei\/files\/2019\/07\/dei.e\u00fc.szervez\u0151.bsc_.01-450x300.jpg 450w, https:\/\/semmelweis.hu\/dei\/files\/2019\/07\/dei.e\u00fc.szervez\u0151.bsc_.01.jpg 950w\" sizes=\"auto, (max-width: 760px) 100vw, 760px\" \/><\/a><\/p>\n<ul style=\"list-style-type: square\">\n<li class=\"page_item page-item-7432 page_item_has_children current_page_item\"><a href=\"https:\/\/semmelweis.hu\/dei\/oktatas\/egeszsegugyi-szervezo-bsc\/aktualis-orarend\/\" target=\"_blank\" rel=\"noopener\"><strong>Aktu\u00e1lis \u00f3rarend<\/strong><\/a><\/li>\n<li class=\"page_item page-item-9153\"><strong><a href=\"https:\/\/semmelweis.hu\/dei\/oktatas\/egeszsegugyi-szervezo-bsc\/nyelvi-kovetelmenyek\/\" target=\"_blank\" rel=\"noopener\">Nyelvi k\u00f6vetelm\u00e9nyek<\/a><\/strong><\/li>\n<li class=\"page_item page-item-6803 page_item_has_children\"><strong><a href=\"https:\/\/semmelweis.hu\/dei\/oktatas\/egeszsegugyi-szervezo-bsc\/szakdolgozat\/\" target=\"_blank\" rel=\"noopener\">Szakdolgozat<\/a><\/strong><\/li>\n<li class=\"page_item page-item-7998\"><strong><a href=\"https:\/\/semmelweis.hu\/dei\/oktatas\/egeszsegugyi-szervezo-bsc\/zarovizsga-tetelek-2025-2026-osz\/\" target=\"_blank\" rel=\"noopener\">Z\u00e1r\u00f3vizsga t\u00e9telek 2025\/2026. \u0151sz<\/a><\/strong><\/li>\n<li class=\"page_item page-item-6750\"><strong><a href=\"https:\/\/semmelweis.hu\/dei\/oktatas\/egeszsegugyi-szervezo-bsc\/szakmai-gyakorlat\/\" target=\"_blank\" rel=\"noopener\">Szakmai gyakorlat<\/a><\/strong><\/li>\n<li class=\"page_item page-item-705\"><strong><a href=\"https:\/\/semmelweis.hu\/dei\/oktatas\/egeszsegugyi-szervezo-bsc\/tanevrend\/\" target=\"_blank\" rel=\"noopener\">Tan\u00e9vrend 2025\/2026<\/a><\/strong><\/li>\n<li class=\"page_item page-item-6882\"><strong><a href=\"https:\/\/semmelweis.hu\/dei\/oktatas\/egeszsegugyi-szervezo-bsc\/tanulmanyi-tajekoztatok\/\" target=\"_blank\" rel=\"noopener\">Tanulm\u00e1nyi t\u00e1j\u00e9koztat\u00f3<\/a><\/strong><\/li>\n<li class=\"page_item page-item-41\"><strong><a href=\"https:\/\/semmelweis.hu\/dei\/oktatas\/egeszsegugyi-szervezo-bsc\/tdk\/\" target=\"_blank\" rel=\"noopener\">Tudom\u00e1nyos Di\u00e1kk\u00f6r t\u00e9maki\u00edr\u00e1s<\/a><\/strong><\/li>\n<li class=\"page_item page-item-8227\"><strong><a href=\"https:\/\/semmelweis.hu\/dei\/oktatas\/omhv-felmeres\/\" target=\"_blank\" rel=\"noopener\">OMHV felm\u00e9r\u00e9s<\/a><\/strong><\/li>\n<li class=\"page_item page-item-6577 page_item_has_children\"><a href=\"https:\/\/semmelweis.hu\/dei\/oktatas\/egyetemen-beluli-kepzesek\/\" target=\"_blank\" rel=\"noopener\"><strong>Egyetemen bel\u00fcli k\u00e9pz\u00e9sek<\/strong><\/a><\/li>\n<\/ul>\n","protected":false},"excerpt":{"rendered":"<p>Int\u00e9zet\u00fcnk feladata az eg\u00e9szs\u00e9g\u00fcgyi szervez\u0151 szakos hallgat\u00f3k k\u00e9pz\u00e9se, digit\u00e1lis eg\u00e9szs\u00e9g\u00fcgyi szervez\u0151 specializ\u00e1ci\u00f3n. A k\u00e9pz\u00e9sre nagy az \u00e9rdekl\u0151d\u00e9s mind a p\u00e1lyav\u00e1laszt\u00e1s el\u0151tt \u00e1ll\u00f3 tanul\u00f3k, mind az eg\u00e9szs\u00e9g\u00fcgy k\u00fcl\u00f6nb\u00f6z\u0151 szektora fel\u0151l, akik sz\u00edvesen v\u00e1lasztj\u00e1k egy-egy \u00e1ll\u00e1s bet\u00f6lt\u00e9s\u00e9re a frissen v\u00e9gzett hallgat\u00f3inkat, sokuk m\u00e1r a diplom\u00e1juk \u00e1tv\u00e9telekor biztos \u00e1ll\u00e1saj\u00e1nlattal rendelkeznek. A komplex ismeretek megszerz\u00e9s\u00e9ben az int\u00e9zet oktat\u00f3in t\u00fal &hellip;<\/p>\n","protected":false},"author":101238,"featured_media":0,"parent":5598,"menu_order":0,"comment_status":"closed","ping_status":"closed","template":"","meta":{"_acf_changed":false,"footnotes":""},"categories":[],"tags":[],"class_list":["post-7432","page","type-page","status-publish","hentry"],"acf":[],"_links":{"self":[{"href":"https:\/\/semmelweis.hu\/dei\/wp-json\/wp\/v2\/pages\/7432","targetHints":{"allow":["GET"]}}],"collection":[{"href":"https:\/\/semmelweis.hu\/dei\/wp-json\/wp\/v2\/pages"}],"about":[{"href":"https:\/\/semmelweis.hu\/dei\/wp-json\/wp\/v2\/types\/page"}],"author":[{"embeddable":true,"href":"https:\/\/semmelweis.hu\/dei\/wp-json\/wp\/v2\/users\/101238"}],"replies":[{"embeddable":true,"href":"https:\/\/semmelweis.hu\/dei\/wp-json\/wp\/v2\/comments?post=7432"}],"version-history":[{"count":10,"href":"https:\/\/semmelweis.hu\/dei\/wp-json\/wp\/v2\/pages\/7432\/revisions"}],"predecessor-version":[{"id":9649,"href":"https:\/\/semmelweis.hu\/dei\/wp-json\/wp\/v2\/pages\/7432\/revisions\/9649"}],"up":[{"embeddable":true,"href":"https:\/\/semmelweis.hu\/dei\/wp-json\/wp\/v2\/pages\/5598"}],"wp:attachment":[{"href":"https:\/\/semmelweis.hu\/dei\/wp-json\/wp\/v2\/media?parent=7432"}],"wp:term":[{"taxonomy":"category","embeddable":true,"href":"https:\/\/semmelweis.hu\/dei\/wp-json\/wp\/v2\/categories?post=7432"},{"taxonomy":"post_tag","embeddable":true,"href":"https:\/\/semmelweis.hu\/dei\/wp-json\/wp\/v2\/tags?post=7432"}],"curies":[{"name":"wp","href":"https:\/\/api.w.org\/{rel}","templated":true}]}}