{"id":7246,"date":"2018-03-09T13:03:43","date_gmt":"2018-03-09T12:03:43","guid":{"rendered":"http:\/\/semmelweis.hu\/dei\/?page_id=7246"},"modified":"2026-04-13T16:33:16","modified_gmt":"2026-04-13T14:33:16","slug":"szakdolgozati-informaciok","status":"publish","type":"page","link":"https:\/\/semmelweis.hu\/dei\/oktatas\/egeszsegugyi-szervezo-bsc\/szakdolgozat\/szakdolgozati-informaciok\/","title":{"rendered":"Szakdolgozat inform\u00e1ci\u00f3k"},"content":{"rendered":"<h5 style=\"text-align: center\"><span style=\"font-size: 14pt\">Az al\u00e1bbi inform\u00e1ci\u00f3k a 2026\/2027\/1 f\u00e9l\u00e9vben szakdolgozatot \u00edr\u00f3 hallgat\u00f3kra vonatkoznak!<\/span><\/h5>\n<h3>Szakdolgozat el\u0151k\u00f6vetelm\u00e9nye<\/h3>\n<p style=\"text-align: justify\">A <a href=\"https:\/\/semmelweis.hu\/dei\/oktatas\/egeszsegugyi-szervezo-bsc\/szakdolgozat\/\" target=\"_blank\" rel=\"noopener\"><strong>Szakdolgozat<\/strong> <\/a>c. tant\u00e1rgy (EUSZAK039_1M) csak abban az esetben vehet\u0151 fel, ha az el\u0151k\u00f6vetelm\u00e9nyek (Bevezet\u00e9s az inform\u00e1ci\u00f3s technol\u00f3gi\u00e1kba III.: Sz\u00e1m\u00edt\u00f3g\u00e9p-h\u00e1l\u00f3zatok; Orvostudom\u00e1ny (4) &#8211; Klinikai alapismeretek; Eg\u00e9szs\u00e9gtudom\u00e1ny (7) &#8211; Eg\u00e9szs\u00e9g\u00fcgyi menedzsment; Digit\u00e1lis eg\u00e9szs\u00e9g\u00fcgy (7) &#8211; Integr\u00e1lt rendszerek az eg\u00e9szs\u00e9g\u00fcgyben) teljes\u00edtve vannak.<\/p>\n<h3>Szakdolgozattal kapcsolatos hat\u00e1rid\u0151k<\/h3>\n<ul>\n<li>Szakdolgozati t\u00e9mabejelent\u0151 lead\u00e1s\u00e1nak hat\u00e1rideje: <strong>2026. m\u00e1rcius 30.<\/strong><\/li>\n<li>A 2026\/2027 tan\u00e9v \u0151szi f\u00e9l\u00e9vben a szakdolgozat lead\u00e1s\u00e1nak hat\u00e1rideje v\u00e1rhat\u00f3an: <strong>2026. november 12., cs\u00fct\u00f6rt\u00f6k, 15:00 \u00f3ra.<\/strong><\/li>\n<\/ul>\n<h3>Szakdolgozati \u00fatmutat\u00f3<\/h3>\n<p>Az al\u00e1bbi linkeken el\u00e9rhet\u0151 a <a href=\"https:\/\/semmelweis.hu\/dei\/files\/2023\/11\/szakdolgozati_utmutato_2023_JAV.pdf\" target=\"_blank\" rel=\"noopener\">szakdolgozati \u00fatmutat\u00f3<\/a>\u00a0\u00e9s a\u00a0<a href=\"https:\/\/semmelweis.hu\/dei\/files\/2020\/03\/szakdolgozati-fed\u0151lap2020.docx\">szakdolgozati fed\u0151lap<\/a>.<\/p>\n<h3>Kari szakdolgozat szab\u00e1lyzat<\/h3>\n<p>Az al\u00e1bbi linken el\u00e9rhet\u0151 a <a href=\"https:\/\/semmelweis.hu\/dei\/files\/2023\/10\/EKK-Kari-Szakdolgozat-Szabalyzat_fin_20231007.pdf\" target=\"_blank\" rel=\"noopener\">Kari szakdolgozat szab\u00e1lyzata<\/a>.<\/p>\n<h3>Szakdolgozati t\u00e9mabejelent\u0151<\/h3>\n<p style=\"font-weight: 400\"><strong>A t\u00e9mabejelent\u0151 kit\u00f6lt\u00e9se \u00e9s al\u00e1\u00edr\u00e1sa<\/strong><\/p>\n<ol>\n<li style=\"font-weight: 400\">a) A t\u00e9mabejelent\u0151t digit\u00e1lisan kell kit\u00f6lteni.<\/li>\n<li style=\"font-weight: 400\">b) A t\u00e9mabejelent\u0151n fel kell t\u00fcntetni a hallgat\u00f3 illetve a t\u00e9mavezet\u0151 nev\u00e9t is.<\/li>\n<li style=\"font-weight: 400\">c) A t\u00e9mabejelent\u0151t a hallgat\u00f3nak \u00e9s a t\u00e9mavezet\u0151nek is al\u00e1 kell \u00edrnia.<\/li>\n<\/ol>\n<p style=\"font-weight: 400\">A t\u00e9mabejelent\u0151t\u00a0<strong>2026. m\u00e1rcius 30-ig<\/strong> k\u00e9rj\u00fck megk\u00fcldeni a\u00a0<strong><a href=\"mailto:gyurkovics.zoltanne@public.semmelweis-univ.hu\" target=\"_blank\" rel=\"noopener\">gyurkovics.zoltanne@semmelweis.hu<\/a>\u00a0<\/strong>e-mail<strong>\u00a0<\/strong>c\u00edmre!<\/p>\n<div class=\"keretes\">\n<ul class=\"children\" style=\"list-style-type: square\">\n<li class=\"page_item page-item-8330\">\n<div class=\"w-100\"><strong><a href=\"https:\/\/semmelweis.hu\/dei\/oktatas\/egeszsegugyi-szervezo-bsc\/szakdolgozat\/szakdolgozat-hataridok\/\" target=\"_blank\" rel=\"noopener\">Szakdolgozat hat\u00e1rid\u0151k<\/a><\/strong><\/div>\n<\/li>\n<li class=\"page_item page-item-8330\">\n<div class=\"w-100\"><strong><a href=\"https:\/\/semmelweis.hu\/dei\/oktatas\/egeszsegugyi-szervezo-bsc\/szakdolgozat\/szakdolgozat-temajavaslatok\/\" target=\"_blank\" rel=\"noopener\">Szakdolgozat t\u00e9majavaslatok<\/a><\/strong><\/div>\n<\/li>\n<\/ul>\n<\/div>\n","protected":false},"excerpt":{"rendered":"<p>Az al\u00e1bbi inform\u00e1ci\u00f3k a 2026\/2027\/1 f\u00e9l\u00e9vben szakdolgozatot \u00edr\u00f3 hallgat\u00f3kra vonatkoznak! Szakdolgozat el\u0151k\u00f6vetelm\u00e9nye A <a href=\"https:\/\/semmelweis.hu\/dei\/oktatas\/egeszsegugyi-szervezo-bsc\/szakdolgozat\/\" target=\"_blank\" rel=\"noopener\">Szakdolgozat <\/a> c. tant\u00e1rgy (EUSZAK039_1M) csak abban az esetben vehet\u0151 fel, ha az el\u0151k\u00f6vetelm\u00e9nyek (Bevezet\u00e9s az inform\u00e1ci\u00f3s technol\u00f3gi\u00e1kba III.: Sz\u00e1m\u00edt\u00f3g\u00e9p-h\u00e1l\u00f3zatok; Orvostudom\u00e1ny (4) &#8211; Klinikai alapismeretek; Eg\u00e9szs\u00e9gtudom\u00e1ny (7) &#8211; Eg\u00e9szs\u00e9g\u00fcgyi menedzsment; Digit\u00e1lis eg\u00e9szs\u00e9g\u00fcgy (7) &#8211; Integr\u00e1lt rendszerek az eg\u00e9szs\u00e9g\u00fcgyben) teljes\u00edtve vannak. Szakdolgozattal kapcsolatos hat\u00e1rid\u0151k Szakdolgozati &hellip;<\/p>\n","protected":false},"author":101239,"featured_media":0,"parent":6803,"menu_order":1,"comment_status":"closed","ping_status":"closed","template":"","meta":{"_acf_changed":false,"footnotes":""},"categories":[],"tags":[38],"class_list":["post-7246","page","type-page","status-publish","hentry","tag-szakdolgozat"],"acf":[],"_links":{"self":[{"href":"https:\/\/semmelweis.hu\/dei\/wp-json\/wp\/v2\/pages\/7246","targetHints":{"allow":["GET"]}}],"collection":[{"href":"https:\/\/semmelweis.hu\/dei\/wp-json\/wp\/v2\/pages"}],"about":[{"href":"https:\/\/semmelweis.hu\/dei\/wp-json\/wp\/v2\/types\/page"}],"author":[{"embeddable":true,"href":"https:\/\/semmelweis.hu\/dei\/wp-json\/wp\/v2\/users\/101239"}],"replies":[{"embeddable":true,"href":"https:\/\/semmelweis.hu\/dei\/wp-json\/wp\/v2\/comments?post=7246"}],"version-history":[{"count":14,"href":"https:\/\/semmelweis.hu\/dei\/wp-json\/wp\/v2\/pages\/7246\/revisions"}],"predecessor-version":[{"id":9659,"href":"https:\/\/semmelweis.hu\/dei\/wp-json\/wp\/v2\/pages\/7246\/revisions\/9659"}],"up":[{"embeddable":true,"href":"https:\/\/semmelweis.hu\/dei\/wp-json\/wp\/v2\/pages\/6803"}],"wp:attachment":[{"href":"https:\/\/semmelweis.hu\/dei\/wp-json\/wp\/v2\/media?parent=7246"}],"wp:term":[{"taxonomy":"category","embeddable":true,"href":"https:\/\/semmelweis.hu\/dei\/wp-json\/wp\/v2\/categories?post=7246"},{"taxonomy":"post_tag","embeddable":true,"href":"https:\/\/semmelweis.hu\/dei\/wp-json\/wp\/v2\/tags?post=7246"}],"curies":[{"name":"wp","href":"https:\/\/api.w.org\/{rel}","templated":true}]}}