{"id":722,"date":"2012-02-29T11:52:28","date_gmt":"2012-02-29T10:52:28","guid":{"rendered":"http:\/\/semmelweis-egyetem.hu\/eii\/?page_id=722"},"modified":"2016-02-04T11:14:18","modified_gmt":"2016-02-04T10:14:18","slug":"scientific-communication","status":"publish","type":"page","link":"https:\/\/semmelweis.hu\/dei\/en\/scientific-communication\/","title":{"rendered":"Scientific communication"},"content":{"rendered":"<div>Lecturer: <strong>Dr. L\u00e1szl\u00f3 Darag\u00f3<\/strong><\/div>\n<div>\u00a0<\/div>\n<div><span style=\"text-decoration: underline;color: #3366ff\"><span style=\"font-size: 12px;line-height: 18px\">darago.laszlo@public.semmelweis-univ.hu<\/span><\/span> <span style=\"color: #3366ff\"><span style=\"font-size: 12px;line-height: 18px\">Home work: 1 article (cca. 4 pages) and 1 powerpoint presentation (cca 7 slides).<\/span><\/span> <span style=\"color: #3366ff\"><span style=\"font-size: 12px;line-height: 18px\">Mail to the address above, subject must be: EM_your_name_short_title<\/span><\/span><\/div>\n<div>\u00a0<\/div>\n<div>The steps to access the online library of Semmelweis University from outside of the firewall:<\/div>\n<div>1. lib.semmelweis.hu 2. Log in with Neptun code and password 3. In Services, select the most bottom topic: VPN access for university members 3.1 Click Request access and note the password, or save on clipboard by ctrl-c 4. Close the browser and click on Start menu, select Control panel, Network connections. Select Create new connection,\u00a0 then connect to workplace, then Virtual Personal Network. Add a name, such as SE. In the next, select No dialing the connection. In the next, the IP of the connection is 193.6.208.38 5. Click on place icon on the tray.Click the icon and open a new browser window log in with Neptun code and paste the password, you got in 3.1. Accessing the Library, select OVID Medline. You can research there, when you seen the Full text writing on the right, it is accessible.<\/div>\n<div>\u00a0<\/div>\n<div><span style=\"font-size: small\"><span style=\"line-height: 24px\">Materials: <\/span><\/span><\/div>\n<ul>\n<li><a href=\"https:\/\/semmelweis.hu\/eii\/files\/2012\/02\/EM-Scientific-Communication-themes_examples.pdf\">EM Scientific Communication themes_examples<\/a><\/li>\n<li><a href=\"https:\/\/semmelweis.hu\/eii\/files\/2012\/02\/authors_example_for_camera_ready_papers_Med-e-Tel_2010.doc\">Authors_example_for_camera_ready_papers_Med-e-Tel_2010<\/a><\/li>\n<li><a href=\"https:\/\/semmelweis.hu\/eii\/files\/2012\/02\/How-to-make-eProtocol_short.pps\">How to make eProtocol_short<\/a><\/li>\n<li><a href=\"https:\/\/semmelweis.hu\/eii\/files\/2012\/02\/How-to-make-eProtocol-Med-e-tel_2010_cam_ready.pdf\">How to make eProtocol-Med-e-tel_2010_cam_ready<\/a><\/li>\n<li><a href=\"https:\/\/semmelweis.hu\/eii\/files\/2012\/02\/How-to-write-an-article2.doc\">How-to-write-an-article<\/a><\/li>\n<li><a href=\"https:\/\/semmelweis.hu\/eii\/files\/2012\/02\/Scientific-communication.pdf\">Scientific communication<\/a><\/li>\n<li><a href=\"https:\/\/semmelweis.hu\/eii\/files\/2012\/02\/Sudden-infant-death-syndrome_an_example.pdf\">Sudden infant death syndrome_an_example<\/a><\/li>\n<li><a href=\"https:\/\/semmelweis.hu\/eii\/files\/2012\/02\/EM_2013_grade_dl.pdf\">EM_2013_grade_dl<\/a><\/li>\n<li><a href=\"https:\/\/semmelweis.hu\/eii\/files\/2012\/02\/EM_2014_grades10.pdf\">EM_2014_grades<\/a>_16.5.2014<\/li>\n<li><a href=\"https:\/\/semmelweis.hu\/eii\/files\/2012\/02\/EM_sci_comm_2015_20150602.pdf\">EM_2015 grades 2.6.2015<\/a><\/li>\n<\/ul>\n<p>Former examples: <a href=\"https:\/\/semmelweis.hu\/eii\/files\/2012\/02\/informatics-powerpoint-Mathias-Overas-EM11-.ppt\">Drug use and overdose after release from prison (ppt)<\/a> <a href=\"https:\/\/semmelweis.hu\/eii\/files\/2012\/02\/Informatics-Mathias-Overas-EM11.doc\">Drug use and overdose after release from prison (doc)<\/a> <a href=\"https:\/\/semmelweis.hu\/eii\/files\/2012\/02\/EM11_Yeaseul-Park_Personality-disorder.doc\">Personality disorder (doc)<\/a> <a href=\"https:\/\/semmelweis.hu\/eii\/files\/2012\/02\/EM11_Yeaseul-Park_Personality-disorder.pptx\">Personality disorder (ppt)<\/a> <a href=\"https:\/\/semmelweis.hu\/eii\/files\/2012\/02\/Health-Pessimism-amongst-black-and-white-adults.pptx\">Health Pessimism amongst black and white adults (ppt)<\/a> <a href=\"https:\/\/semmelweis.hu\/eii\/files\/2012\/02\/healthpes.doc\">Health Pessimism amongst black and white adults (doc)<\/a><\/p>\n","protected":false},"excerpt":{"rendered":"<p>Lecturer: Dr. L\u00e1szl\u00f3 Darag\u00f3 \u00a0 darago.laszlo@public.semmelweis-univ.hu Home work: 1 article (cca. 4 pages) and 1 powerpoint presentation (cca 7 slides). Mail to the address above, subject must be: EM_your_name_short_title \u00a0 The steps to access the online library of Semmelweis University from outside of the firewall: 1. lib.semmelweis.hu 2. Log in with Neptun code and password &hellip;<\/p>\n","protected":false},"author":19,"featured_media":0,"parent":0,"menu_order":17,"comment_status":"open","ping_status":"closed","template":"","meta":{"_acf_changed":false,"footnotes":""},"categories":[],"tags":[],"class_list":["post-722","page","type-page","status-publish","hentry"],"acf":[],"_links":{"self":[{"href":"https:\/\/semmelweis.hu\/dei\/wp-json\/wp\/v2\/pages\/722","targetHints":{"allow":["GET"]}}],"collection":[{"href":"https:\/\/semmelweis.hu\/dei\/wp-json\/wp\/v2\/pages"}],"about":[{"href":"https:\/\/semmelweis.hu\/dei\/wp-json\/wp\/v2\/types\/page"}],"author":[{"embeddable":true,"href":"https:\/\/semmelweis.hu\/dei\/wp-json\/wp\/v2\/users\/19"}],"replies":[{"embeddable":true,"href":"https:\/\/semmelweis.hu\/dei\/wp-json\/wp\/v2\/comments?post=722"}],"version-history":[{"count":10,"href":"https:\/\/semmelweis.hu\/dei\/wp-json\/wp\/v2\/pages\/722\/revisions"}],"predecessor-version":[{"id":5343,"href":"https:\/\/semmelweis.hu\/dei\/wp-json\/wp\/v2\/pages\/722\/revisions\/5343"}],"wp:attachment":[{"href":"https:\/\/semmelweis.hu\/dei\/wp-json\/wp\/v2\/media?parent=722"}],"wp:term":[{"taxonomy":"category","embeddable":true,"href":"https:\/\/semmelweis.hu\/dei\/wp-json\/wp\/v2\/categories?post=722"},{"taxonomy":"post_tag","embeddable":true,"href":"https:\/\/semmelweis.hu\/dei\/wp-json\/wp\/v2\/tags?post=722"}],"curies":[{"name":"wp","href":"https:\/\/api.w.org\/{rel}","templated":true}]}}