{"id":7118,"date":"2017-12-16T09:51:13","date_gmt":"2017-12-16T08:51:13","guid":{"rendered":"http:\/\/semmelweis.hu\/dei\/?page_id=7118"},"modified":"2024-10-03T13:59:45","modified_gmt":"2024-10-03T11:59:45","slug":"kilatasok","status":"publish","type":"page","link":"https:\/\/semmelweis.hu\/dei\/felvetelizoknek\/kilatasok\/","title":{"rendered":"V\u00e9gz\u00e9s ut\u00e1ni kil\u00e1t\u00e1sok (DPR)"},"content":{"rendered":"<p><img loading=\"lazy\" decoding=\"async\" class=\" wp-image-9140 aligncenter\" src=\"https:\/\/semmelweis.hu\/dei\/files\/2024\/10\/14_kpzg-288x400.png\" alt=\"\" width=\"754\" height=\"1047\" srcset=\"https:\/\/semmelweis.hu\/dei\/files\/2024\/10\/14_kpzg-288x400.png 288w, https:\/\/semmelweis.hu\/dei\/files\/2024\/10\/14_kpzg-737x1024.png 737w, https:\/\/semmelweis.hu\/dei\/files\/2024\/10\/14_kpzg-1105x1536.png 1105w, https:\/\/semmelweis.hu\/dei\/files\/2024\/10\/14_kpzg-1473x2048.png 1473w, https:\/\/semmelweis.hu\/dei\/files\/2024\/10\/14_kpzg-753x1047.png 753w\" sizes=\"auto, (max-width: 754px) 100vw, 754px\" \/><\/p>\n","protected":false},"excerpt":{"rendered":"","protected":false},"author":101238,"featured_media":0,"parent":7031,"menu_order":3,"comment_status":"closed","ping_status":"closed","template":"","meta":{"_acf_changed":false,"footnotes":""},"categories":[],"tags":[],"class_list":["post-7118","page","type-page","status-publish","hentry"],"acf":[],"_links":{"self":[{"href":"https:\/\/semmelweis.hu\/dei\/wp-json\/wp\/v2\/pages\/7118","targetHints":{"allow":["GET"]}}],"collection":[{"href":"https:\/\/semmelweis.hu\/dei\/wp-json\/wp\/v2\/pages"}],"about":[{"href":"https:\/\/semmelweis.hu\/dei\/wp-json\/wp\/v2\/types\/page"}],"author":[{"embeddable":true,"href":"https:\/\/semmelweis.hu\/dei\/wp-json\/wp\/v2\/users\/101238"}],"replies":[{"embeddable":true,"href":"https:\/\/semmelweis.hu\/dei\/wp-json\/wp\/v2\/comments?post=7118"}],"version-history":[{"count":11,"href":"https:\/\/semmelweis.hu\/dei\/wp-json\/wp\/v2\/pages\/7118\/revisions"}],"predecessor-version":[{"id":9143,"href":"https:\/\/semmelweis.hu\/dei\/wp-json\/wp\/v2\/pages\/7118\/revisions\/9143"}],"up":[{"embeddable":true,"href":"https:\/\/semmelweis.hu\/dei\/wp-json\/wp\/v2\/pages\/7031"}],"wp:attachment":[{"href":"https:\/\/semmelweis.hu\/dei\/wp-json\/wp\/v2\/media?parent=7118"}],"wp:term":[{"taxonomy":"category","embeddable":true,"href":"https:\/\/semmelweis.hu\/dei\/wp-json\/wp\/v2\/categories?post=7118"},{"taxonomy":"post_tag","embeddable":true,"href":"https:\/\/semmelweis.hu\/dei\/wp-json\/wp\/v2\/tags?post=7118"}],"curies":[{"name":"wp","href":"https:\/\/api.w.org\/{rel}","templated":true}]}}