{"id":7050,"date":"2017-12-15T13:45:56","date_gmt":"2017-12-15T12:45:56","guid":{"rendered":"http:\/\/semmelweis.hu\/dei\/?page_id=7050"},"modified":"2026-04-15T15:09:21","modified_gmt":"2026-04-15T13:09:21","slug":"felveteli-tajekoztato","status":"publish","type":"page","link":"https:\/\/semmelweis.hu\/dei\/felvetelizoknek\/felveteli-tajekoztato\/","title":{"rendered":"Felv\u00e9teli t\u00e1j\u00e9koztat\u00f3"},"content":{"rendered":"<p><span style=\"color: #313b40;font-family: Montserrat, sans-serif;font-size: 24px;font-weight: bold;text-transform: uppercase\">EG\u00c9SZS\u00c9G\u00dcGYI SZERVEZ\u0150 ALAPK\u00c9PZ\u00c9SI SZAK<\/span><\/p>\n<p style=\"text-align: justify\"><strong>Az alapk\u00e9pz\u00e9si szak megnevez\u00e9se:<\/strong> digit\u00e1lis eg\u00e9szs\u00e9g\u00fcgyi szervez\u0151 (Health Care Management)<\/p>\n<p style=\"text-align: justify\"><strong>Az alapk\u00e9pz\u00e9si szakon szerezhet\u0151 v\u00e9gzetts\u00e9gi szint \u00e9s a szakk\u00e9pzetts\u00e9g oklev\u00e9lben szerepl\u0151 megjel\u00f6l\u00e9se:<\/strong><\/p>\n<ul style=\"list-style-type: square\">\n<li style=\"text-align: justify\">v\u00e9gzetts\u00e9gi szint: alap- (baccalaureus, bachelor; r\u00f6vid\u00edtve: BSc-) fokozat<\/li>\n<li style=\"text-align: justify\">szakk\u00e9pzetts\u00e9g: eg\u00e9szs\u00e9g\u00fcgyi szervez\u0151<\/li>\n<li style=\"text-align: justify\">a szakk\u00e9pzetts\u00e9g angol nyelv\u0171 megjel\u00f6l\u00e9se: Health Care Manager<\/li>\n<\/ul>\n<p><strong>K\u00e9pz\u00e9si ter\u00fclet:<\/strong>\u00a0orvos \u00e9s eg\u00e9szs\u00e9gtudom\u00e1ny<\/p>\n<p style=\"text-align: justify\"><strong>A k\u00e9pz\u00e9si id\u0151 f\u00e9l\u00e9vekben:<\/strong>\u00a07 f\u00e9l\u00e9v<\/p>\n<p style=\"text-align: justify\"><strong>Az alapfokozat megszerz\u00e9s\u00e9hez \u00f6sszegy\u0171jtend\u0151 kreditek sz\u00e1ma:<\/strong> 210 kredit<\/p>\n<ul style=\"list-style-type: square\">\n<li style=\"text-align: justify\">a szak orient\u00e1ci\u00f3ja: kiegyens\u00falyozott (40-60 sz\u00e1zal\u00e9k)<\/li>\n<li style=\"text-align: justify\">a szakdolgozat k\u00e9sz\u00edt\u00e9s\u00e9hez rendelt kredit\u00e9rt\u00e9k: 20 kredit<\/li>\n<li style=\"text-align: justify\">int\u00e9zm\u00e9nyen k\u00edv\u00fcli \u00f6sszef\u00fcgg\u0151 gyakorlati k\u00e9pz\u00e9s minim\u00e1lis kredit\u00e9rt\u00e9ke: 10 kredit<\/li>\n<li style=\"text-align: justify\">a szabadon v\u00e1laszthat\u00f3 tant\u00e1rgyakhoz rendelhet\u0151 minim\u00e1lis kredit\u00e9rt\u00e9k: 11 kredit<\/li>\n<\/ul>\n<h4 style=\"text-align: justify\"><strong>A k\u00e9pz\u00e9s c\u00e9lja<\/strong><\/h4>\n<p style=\"text-align: justify\">A k\u00e9pz\u00e9s c\u00e9lja eg\u00e9szs\u00e9g\u00fcgyi szervez\u0151 szakemberek k\u00e9pz\u00e9se, akik az eg\u00e9szs\u00e9g\u00fcgy, az eg\u00e9szs\u00e9gturizmus, valamint a t\u00e1rsadalom- \u00e9s hum\u00e1nbiztos\u00edt\u00e1s m\u0171k\u00f6d\u00e9s\u00e9nek t\u00f6rv\u00e9nyszer\u0171s\u00e9geit felismerve \u00e9s \u00e1tl\u00e1tva k\u00e9pesek magas sz\u00ednvonalon ell\u00e1tni a felsorolt ter\u00fcletek informatikai, adatszolg\u00e1ltat\u00e1si, gazd\u00e1lkod\u00e1si, tervez\u00e9si \u00e9s elemz\u00e9si, valamint szervez\u00e9si feladatait. K\u00e9pesek az eg\u00e9szs\u00e9g\u00fcgy m\u0171k\u00f6d\u00e9s\u00e9hez sz\u00fcks\u00e9ges \u00e9s m\u0171k\u00f6d\u00e9se sor\u00e1n keletkezett inform\u00e1ci\u00f3k r\u00f6gz\u00edt\u00e9s\u00e9re, t\u00e1rol\u00e1s\u00e1ra, visszakeres\u00e9s\u00e9re, hat\u00e9kony ki\u00e9rt\u00e9kel\u00e9s\u00e9re, valamint az informatikai rendszerek \u00fczemeltet\u00e9s\u00e9re. K\u00e9pesek tov\u00e1bb\u00e1 az eg\u00e9szs\u00e9gturisztikai piacban rejl\u0151 lehet\u0151s\u00e9gek felismer\u00e9s\u00e9re, kiakn\u00e1z\u00e1s\u00e1ra, ugyanakkor komplex eg\u00e9szs\u00e9gturisztikai projektek megtervez\u00e9s\u00e9re \u00e9s kivitelez\u00e9s\u00e9re. K\u00e9pess\u00e9geiket azon orsz\u00e1gban, int\u00e9zm\u00e9nyben alkalmazhatj\u00e1k a gyakorlatban is, ahol az alkalmazand\u00f3 jogszab\u00e1lyok, ir\u00e1nyelvek, protokollok ezt lehet\u0151v\u00e9 teszik. Felk\u00e9sz\u00fcltek tanulm\u00e1nyaik mesterk\u00e9pz\u00e9sben t\u00f6rt\u00e9n\u0151 folytat\u00e1s\u00e1ra.<\/p>\n<h4 style=\"text-align: justify\"><strong>Szakmai jellemz\u0151k<\/strong><\/h4>\n<p style=\"text-align: justify\">A szakk\u00e9pzetts\u00e9ghez vezet\u0151 tudom\u00e1ny\u00e1gak, szakter\u00fcletek, amelyekb\u0151l a szak fel\u00e9p\u00fcl:<\/p>\n<ul style=\"list-style-type: square\">\n<li style=\"text-align: justify\">alapoz\u00f3 eg\u00e9szs\u00e9gtudom\u00e1nyok 15-20 kredit;<\/li>\n<li style=\"text-align: justify\">alkalmazott eg\u00e9szs\u00e9gtudom\u00e1nyok 35-40 kredit;<\/li>\n<li style=\"text-align: justify\">matematika- \u00e9s sz\u00e1m\u00edt\u00e1studom\u00e1nyok 5-10 kredit;<\/li>\n<li style=\"text-align: justify\">b\u00f6lcs\u00e9szettudom\u00e1nyok 4-6 kredit;<\/li>\n<li style=\"text-align: justify\">t\u00e1rsadalomtudom\u00e1nyok 20-25 kredit.<\/li>\n<\/ul>\n<h5 style=\"text-align: justify\">A k\u00e9pz\u00e9sben v\u00e1laszhat\u00f3 specializ\u00e1ci\u00f3k tudom\u00e1ny\u00e1gai, szakter\u00fcletei \u00e9s azok kreditar\u00e1nya:<\/h5>\n<p style=\"text-align: justify\">A specializ\u00e1ci\u00f3 kreditar\u00e1nya tov\u00e1bbi 80 kredit:<\/p>\n<p style=\"text-align: justify\"><em><strong>eg\u00e9szs\u00e9gbiztos\u00edt\u00e1si specializ\u00e1ci\u00f3:<\/strong><\/em><\/p>\n<ul style=\"list-style-type: square\">\n<li style=\"text-align: justify\">alkalmazott eg\u00e9szs\u00e9gtudom\u00e1nyok 10-15 kredit,<\/li>\n<li style=\"text-align: justify\">eg\u00e9szs\u00e9gbiztos\u00edt\u00e1si szakismeretek 45-55 kredit,<\/li>\n<li style=\"text-align: justify\">k\u00f6zgazdas\u00e1gtudom\u00e1nyok 15-20 kredit;<\/li>\n<\/ul>\n<p style=\"text-align: justify\"><em><strong>digit\u00e1lis eg\u00e9szs\u00e9g\u00fcgyi szervez\u0151 specializ\u00e1ci\u00f3:<\/strong><\/em><\/p>\n<ul style=\"list-style-type: square\">\n<li style=\"text-align: justify\">alkalmazott eg\u00e9szs\u00e9gtudom\u00e1nyok 15-20 kredit,<\/li>\n<li style=\"text-align: justify\">eg\u00e9szs\u00e9g\u00fcgyi \u00fcgyviteli szakismeretek 45-55 kredit,<\/li>\n<li style=\"text-align: justify\">k\u00f6zgazdas\u00e1gtudom\u00e1nyok 10-15 kredit;<\/li>\n<\/ul>\n<p style=\"text-align: justify\"><em><strong>eg\u00e9szs\u00e9gturizmus szervez\u0151 specializ\u00e1ci\u00f3<\/strong><\/em><\/p>\n<ul style=\"list-style-type: square\">\n<li style=\"text-align: justify\">alkalmazott eg\u00e9szs\u00e9gtudom\u00e1nyok 10-15 kredit,<\/li>\n<li style=\"text-align: justify\">eg\u00e9szs\u00e9gturizmus szakismeretek 45-55 kredit,<\/li>\n<li style=\"text-align: justify\">k\u00f6zgazdas\u00e1gtudom\u00e1nyok 15-20 kredit.<\/li>\n<\/ul>\n<p style=\"text-align: justify\"><strong>Szakmai gyakorlatra vonatkoz\u00f3 k\u00f6vetelm\u00e9nyek:<\/strong><br \/>\nA szakmai gyakorlat id\u0151tartama legal\u00e1bb 8 h\u00e9t. A szakmai gyakorlat tov\u00e1bbi k\u00f6vetelm\u00e9nyeit a szak tanterve hat\u00e1rozza meg.<\/p>\n<p><em>Felvi.hu &#8211; <a href=\"https:\/\/www.felvi.hu\/felveteli\/meghirdetesek_a\/!FFT_Megjelenito_A\/intezmenyek\/34\/kepzesek\/676\">Jelentkez\u00e9s<\/a><\/em><\/p>\n<p><a href=\"https:\/\/www.felvi.hu\/felveteli\/meghirdetesek_a\/!FFT_Megjelenito_A\/intezmenyek\/34\/kepzesek\/676\">https:\/\/www.felvi.hu\/felveteli\/meghirdetesek_a\/!FFT_Megjelenito_A\/intezmenyek\/34\/kepzesek\/676<\/a><\/p>\n<p>&nbsp;<\/p>\n<div class=\"keretes w-100\">\n<ul style=\"list-style-type: square\">\n<li class=\"page_item page-item-8425\"><a href=\"https:\/\/semmelweis.hu\/dei\/felvetelizoknek\/online-nyilt-nap\/\" target=\"_blank\" rel=\"noopener\">Online ny\u00edlt nap<\/a><\/li>\n<li class=\"page_item page-item-7118\"><a href=\"https:\/\/semmelweis.hu\/dei\/felvetelizoknek\/kilatasok\/\">V\u00e9gz\u00e9s ut\u00e1ni kil\u00e1t\u00e1sok (DPR)<\/a><\/li>\n<\/ul>\n<\/div>\n<h4><strong>Felv\u00e9tel ut\u00e1n<\/strong><\/h4>\n<ul style=\"list-style-type: square\">\n<li><a href=\"https:\/\/semmelweis.hu\/ekk\/felveteli\/beiratkozas\/\" target=\"_blank\" rel=\"noopener\">Beiratkoz\u00e1si t\u00e1j\u00e9koztat\u00f3 \u2192<\/a>\u00a0<\/li>\n<li><a href=\"https:\/\/semmelweis.hu\/ekk\/felveteli\/diakigazolvany\/\" target=\"_blank\" rel=\"noopener\">Di\u00e1kigazolv\u00e1ny ig\u00e9nyl\u00e9se \u2192<\/a>\u00a0<\/li>\n<\/ul>\n","protected":false},"excerpt":{"rendered":"<p>EG\u00c9SZS\u00c9G\u00dcGYI SZERVEZ\u0150 ALAPK\u00c9PZ\u00c9SI SZAK Az alapk\u00e9pz\u00e9si szak megnevez\u00e9se: digit\u00e1lis eg\u00e9szs\u00e9g\u00fcgyi szervez\u0151 (Health Care Management) Az alapk\u00e9pz\u00e9si szakon szerezhet\u0151 v\u00e9gzetts\u00e9gi szint \u00e9s a szakk\u00e9pzetts\u00e9g oklev\u00e9lben szerepl\u0151 megjel\u00f6l\u00e9se: v\u00e9gzetts\u00e9gi szint: alap- (baccalaureus, bachelor; r\u00f6vid\u00edtve: BSc-) fokozat szakk\u00e9pzetts\u00e9g: eg\u00e9szs\u00e9g\u00fcgyi szervez\u0151 a szakk\u00e9pzetts\u00e9g angol nyelv\u0171 megjel\u00f6l\u00e9se: Health Care Manager K\u00e9pz\u00e9si ter\u00fclet:\u00a0orvos \u00e9s eg\u00e9szs\u00e9gtudom\u00e1ny A k\u00e9pz\u00e9si id\u0151 f\u00e9l\u00e9vekben:\u00a07 f\u00e9l\u00e9v Az &hellip;<\/p>\n","protected":false},"author":101238,"featured_media":0,"parent":7031,"menu_order":0,"comment_status":"closed","ping_status":"closed","template":"","meta":{"_acf_changed":false,"footnotes":""},"categories":[],"tags":[],"class_list":["post-7050","page","type-page","status-publish","hentry"],"acf":[],"_links":{"self":[{"href":"https:\/\/semmelweis.hu\/dei\/wp-json\/wp\/v2\/pages\/7050","targetHints":{"allow":["GET"]}}],"collection":[{"href":"https:\/\/semmelweis.hu\/dei\/wp-json\/wp\/v2\/pages"}],"about":[{"href":"https:\/\/semmelweis.hu\/dei\/wp-json\/wp\/v2\/types\/page"}],"author":[{"embeddable":true,"href":"https:\/\/semmelweis.hu\/dei\/wp-json\/wp\/v2\/users\/101238"}],"replies":[{"embeddable":true,"href":"https:\/\/semmelweis.hu\/dei\/wp-json\/wp\/v2\/comments?post=7050"}],"version-history":[{"count":12,"href":"https:\/\/semmelweis.hu\/dei\/wp-json\/wp\/v2\/pages\/7050\/revisions"}],"predecessor-version":[{"id":9668,"href":"https:\/\/semmelweis.hu\/dei\/wp-json\/wp\/v2\/pages\/7050\/revisions\/9668"}],"up":[{"embeddable":true,"href":"https:\/\/semmelweis.hu\/dei\/wp-json\/wp\/v2\/pages\/7031"}],"wp:attachment":[{"href":"https:\/\/semmelweis.hu\/dei\/wp-json\/wp\/v2\/media?parent=7050"}],"wp:term":[{"taxonomy":"category","embeddable":true,"href":"https:\/\/semmelweis.hu\/dei\/wp-json\/wp\/v2\/categories?post=7050"},{"taxonomy":"post_tag","embeddable":true,"href":"https:\/\/semmelweis.hu\/dei\/wp-json\/wp\/v2\/tags?post=7050"}],"curies":[{"name":"wp","href":"https:\/\/api.w.org\/{rel}","templated":true}]}}