{"id":705,"date":"2012-02-27T09:23:35","date_gmt":"2012-02-27T09:23:35","guid":{"rendered":"http:\/\/semmelweis-egyetem.hu\/eii\/?page_id=705"},"modified":"2025-08-05T12:49:37","modified_gmt":"2025-08-05T10:49:37","slug":"tanevrend","status":"publish","type":"page","link":"https:\/\/semmelweis.hu\/dei\/oktatas\/egeszsegugyi-szervezo-bsc\/tanevrend\/","title":{"rendered":"Tan\u00e9vrend 2025\/2026"},"content":{"rendered":"<p style=\"text-align: center\"><strong>Eg\u00e9szs\u00e9g\u00fcgyi K\u00f6zszolg\u00e1lati Kar<\/strong><\/p>\n<p style=\"text-align: center\"><strong>Eg\u00e9szs\u00e9g\u00fcgyi szervez\u0151 alapk\u00e9pz\u00e9si szak nappali tagozat<\/strong><\/p>\n<p style=\"text-align: center\"><strong>2025\/2026. tan\u00e9v rendje<\/strong><\/p>\n<table class=\" aligncenter\" style=\"width: 91.9282%\" width=\"91.9282%\">\n<tbody>\n<tr>\n<td style=\"width: 47.9463%;vertical-align: middle\" scope=\"rowgroup\">\n<p><strong>2025. szeptember 02.<\/strong><\/p>\n<\/td>\n<td style=\"width: 61.3722%\">\n<p>Beiratkoz\u00e1s I. \u00e9vfolyam<\/p>\n<\/td>\n<\/tr>\n<tr>\n<td style=\"width: 47.9463%\">\n<p><strong>2025. szeptember 02. \u2013 szeptember 14.<\/strong><\/p>\n<\/td>\n<td style=\"width: 61.3722%\">\n<p>Regisztr\u00e1ci\u00f3 \u00e9s t\u00e1rgyfelv\u00e9tel ideje I\u2013IV. \u00e9vfolyam<\/p>\n<\/td>\n<\/tr>\n<tr>\n<td style=\"width: 47.9463%\">\n<p><strong>2025. szeptember 08. \u2013 december 12.<\/strong><\/p>\n<\/td>\n<td style=\"width: 61.3722%\">\n<p>Szorgalmi id\u0151szak<\/p>\n<\/td>\n<\/tr>\n<tr>\n<td style=\"width: 47.9463%\">\n<p><strong>2025. december 15. \u2013 december 19. <\/strong>\u00e9s<br \/>\n<strong>2026. janu\u00e1r 05. \u2013 febru\u00e1r 13.<\/strong><\/p>\n<\/td>\n<td style=\"width: 61.3722%\">\n<p>Vizsgaid\u0151szak<\/p>\n<\/td>\n<\/tr>\n<tr>\n<td style=\"width: 47.9463%\">\n<p><strong>2026. febru\u00e1r 09. \u2013 febru\u00e1r 13.<\/strong><\/p>\n<\/td>\n<td style=\"width: 61.3722%\">\n<p>Ism\u00e9tl\u0151 vizsgaid\u0151szak<\/p>\n<\/td>\n<\/tr>\n<tr>\n<td style=\"width: 47.9463%\">\n<p><strong>2025. december 15. \u2013 19.<\/strong><\/p>\n<\/td>\n<td style=\"width: 61.3722%\">\n<p>Szakdolgozat v\u00e9d\u00e9s id\u0151szaka<\/p>\n<\/td>\n<\/tr>\n<tr>\n<td style=\"width: 47.9463%\">\n<p><strong>2026. janu\u00e1r 12. \u2013 16.<\/strong><\/p>\n<\/td>\n<td style=\"width: 61.3722%\">\n<p>Z\u00e1r\u00f3vizsga id\u0151szak<\/p>\n<\/td>\n<\/tr>\n<tr>\n<td style=\"width: 47.9463%\">\n<p><strong>2026. febru\u00e1r 12. \u2013 febru\u00e1r 22.<\/strong><\/p>\n<\/td>\n<td style=\"width: 61.3722%\">\n<p>Regisztr\u00e1ci\u00f3 \u00e9s t\u00e1rgyfelv\u00e9tel ideje<\/p>\n<\/td>\n<\/tr>\n<tr>\n<td style=\"width: 47.9463%\">\n<p><strong>2026. febru\u00e1r 16. \u2013 m\u00e1jus 22.<\/strong><\/p>\n<\/td>\n<td style=\"width: 61.3722%\">\n<p>Szorgalmi id\u0151szak<\/p>\n<\/td>\n<\/tr>\n<tr>\n<td style=\"width: 47.9463%\">\n<p><strong>2026. m\u00e1jus 26. \u2013 j\u00falius 10.<\/strong><\/p>\n<\/td>\n<td style=\"width: 61.3722%\">\n<p>Vizsgaid\u0151szak<\/p>\n<\/td>\n<\/tr>\n<tr>\n<td style=\"width: 47.9463%\">\n<p><strong>2026. j\u00falius 06. \u2013 j\u00falius 10.<\/strong><\/p>\n<\/td>\n<td style=\"width: 61.3722%\">\n<p>Ism\u00e9tl\u0151 vizsgaid\u0151szak<\/p>\n<\/td>\n<\/tr>\n<tr>\n<td style=\"width: 47.9463%\">\n<p><strong>2026. j\u00fanius 08. \u2013 j\u00fanius 12.<\/strong><\/p>\n<\/td>\n<td style=\"width: 61.3722%\">\n<p>Szakdolgozat v\u00e9d\u00e9s id\u0151szaka<\/p>\n<\/td>\n<\/tr>\n<tr>\n<td style=\"width: 47.9463%;vertical-align: middle\" scope=\"row\">\n<p><strong>2026. j\u00fanius 08. \u2013 j\u00fanius 12.<\/strong><\/p>\n<\/td>\n<td style=\"width: 61.3722%;text-align: center;vertical-align: middle\" scope=\"row\">\n<p style=\"text-align: left\">Z\u00e1r\u00f3vizsga id\u0151szak<\/p>\n<\/td>\n<\/tr>\n<\/tbody>\n<\/table>\n<p><strong>\u00a0<\/strong><\/p>\n<p style=\"text-align: center\"><strong>Oktat\u00e1si sz\u00fcnet id\u0151pontjai<\/strong><\/p>\n<table class=\" aligncenter\" style=\"width: 91.6889%;height: 424px\" width=\"633\">\n<tbody>\n<tr style=\"height: 53px\">\n<td style=\"width: 40.1077%;height: 53px\" width=\"274\">\n<p><strong>2025. okt\u00f3ber 23. (cs\u00fct\u00f6rt\u00f6k)<\/strong><\/p>\n<\/td>\n<td style=\"width: 49.5042%;height: 53px\" width=\"359\">\n<p>Nemzeti \u00fcnnep<\/p>\n<\/td>\n<\/tr>\n<tr style=\"height: 53px\">\n<td style=\"width: 40.1077%;height: 53px\" width=\"274\">\n<p><strong>2025. december 20. \u2013 2026. janu\u00e1r 04.<\/strong><\/p>\n<\/td>\n<td style=\"width: 49.5042%;height: 53px\" width=\"359\">\n<p>T\u00e9li sz\u00fcnet<\/p>\n<\/td>\n<\/tr>\n<tr style=\"height: 53px\">\n<td style=\"width: 40.1077%;height: 53px\" width=\"274\">\n<p><strong>2026. \u00e1prilis 03. \u2013 06. (p\u00e9ntek-h\u00e9tf\u0151)<\/strong><\/p>\n<\/td>\n<td style=\"width: 49.5042%;height: 53px\" width=\"359\">\n<p>Nagyp\u00e9ntek \u2013 H\u00fasv\u00e9t<\/p>\n<\/td>\n<\/tr>\n<tr style=\"height: 53px\">\n<td style=\"width: 40.1077%;height: 53px\" width=\"274\">\n<p><strong>2026. m\u00e1jus 01. (p\u00e9ntek)<\/strong><\/p>\n<\/td>\n<td style=\"width: 49.5042%;height: 53px\" width=\"359\">\n<p>Munka \u00fcnnepe<\/p>\n<\/td>\n<\/tr>\n<tr style=\"height: 53px\">\n<td style=\"width: 40.1077%;height: 53px\" width=\"274\">\n<p><strong>2026. m\u00e1jus 25. (h\u00e9tf\u0151)<\/strong><\/p>\n<\/td>\n<td style=\"width: 49.5042%;height: 53px\" width=\"359\">\n<p>P\u00fcnk\u00f6sd<\/p>\n<\/td>\n<\/tr>\n<\/tbody>\n<\/table>\n<p>&nbsp;<\/p>\n","protected":false},"excerpt":{"rendered":"<p>Eg\u00e9szs\u00e9g\u00fcgyi K\u00f6zszolg\u00e1lati Kar Eg\u00e9szs\u00e9g\u00fcgyi szervez\u0151 alapk\u00e9pz\u00e9si szak nappali tagozat 2025\/2026. tan\u00e9v rendje 2025. szeptember 02. Beiratkoz\u00e1s I. \u00e9vfolyam 2025. szeptember 02. \u2013 szeptember 14. Regisztr\u00e1ci\u00f3 \u00e9s t\u00e1rgyfelv\u00e9tel ideje I\u2013IV. \u00e9vfolyam 2025. szeptember 08. \u2013 december 12. Szorgalmi id\u0151szak 2025. december 15. \u2013 december 19. \u00e9s 2026. janu\u00e1r 05. \u2013 febru\u00e1r 13. Vizsgaid\u0151szak 2026. febru\u00e1r 09. &hellip;<\/p>\n","protected":false},"author":158,"featured_media":0,"parent":7432,"menu_order":3,"comment_status":"closed","ping_status":"closed","template":"","meta":{"_acf_changed":false,"footnotes":""},"categories":[],"tags":[],"class_list":["post-705","page","type-page","status-publish","hentry"],"acf":[],"_links":{"self":[{"href":"https:\/\/semmelweis.hu\/dei\/wp-json\/wp\/v2\/pages\/705","targetHints":{"allow":["GET"]}}],"collection":[{"href":"https:\/\/semmelweis.hu\/dei\/wp-json\/wp\/v2\/pages"}],"about":[{"href":"https:\/\/semmelweis.hu\/dei\/wp-json\/wp\/v2\/types\/page"}],"author":[{"embeddable":true,"href":"https:\/\/semmelweis.hu\/dei\/wp-json\/wp\/v2\/users\/158"}],"replies":[{"embeddable":true,"href":"https:\/\/semmelweis.hu\/dei\/wp-json\/wp\/v2\/comments?post=705"}],"version-history":[{"count":17,"href":"https:\/\/semmelweis.hu\/dei\/wp-json\/wp\/v2\/pages\/705\/revisions"}],"predecessor-version":[{"id":9304,"href":"https:\/\/semmelweis.hu\/dei\/wp-json\/wp\/v2\/pages\/705\/revisions\/9304"}],"up":[{"embeddable":true,"href":"https:\/\/semmelweis.hu\/dei\/wp-json\/wp\/v2\/pages\/7432"}],"wp:attachment":[{"href":"https:\/\/semmelweis.hu\/dei\/wp-json\/wp\/v2\/media?parent=705"}],"wp:term":[{"taxonomy":"category","embeddable":true,"href":"https:\/\/semmelweis.hu\/dei\/wp-json\/wp\/v2\/categories?post=705"},{"taxonomy":"post_tag","embeddable":true,"href":"https:\/\/semmelweis.hu\/dei\/wp-json\/wp\/v2\/tags?post=705"}],"curies":[{"name":"wp","href":"https:\/\/api.w.org\/{rel}","templated":true}]}}