{"id":6803,"date":"2017-09-15T17:24:23","date_gmt":"2017-09-15T15:24:23","guid":{"rendered":"http:\/\/semmelweis.hu\/dei\/?page_id=6803"},"modified":"2026-04-13T16:22:18","modified_gmt":"2026-04-13T14:22:18","slug":"szakdolgozat","status":"publish","type":"page","link":"https:\/\/semmelweis.hu\/dei\/oktatas\/egeszsegugyi-szervezo-bsc\/szakdolgozat\/","title":{"rendered":"Szakdolgozat"},"content":{"rendered":"<p style=\"text-align: justify\">A <strong>szakdolgozat\u00edr\u00e1s<\/strong> c\u00e9lja az \u00e9lettudom\u00e1nyok, k\u00fcl\u00f6n\u00f6sen az eg\u00e9szs\u00e9gtudom\u00e1ny b\u00e1rmely informatikai \u00e9s\/vagy menedzsment vet\u00fclet\u0171 probl\u00e9mak\u00f6r\u00e9nek \u00f6n\u00e1ll\u00f3, tudom\u00e1nyos ig\u00e9nyess\u00e9g\u0171 feldolgoz\u00e1sa r\u00e9v\u00e9n el\u0151seg\u00edteni, hogy a hallgat\u00f3 e szakmai tev\u00e9kenys\u00e9g sor\u00e1n elsaj\u00e1t\u00edtsa a k\u00f6nyvt\u00e1rhaszn\u00e1lat \u00e9s irodalomkutat\u00e1s m\u00f3dszereit, fejlessze l\u00e9nyegmegragad\u00f3 k\u00e9pess\u00e9g\u00e9t \u00e9s k\u00e9pes legyen szakmai munk\u00e1j\u00e1nak eredm\u00e9ny\u00e9t \u00e9s a szakter\u00fcletr\u0151l alkotott v\u00e9lem\u00e9ny\u00e9t t\u00f6m\u00f6ren \u00e9s szabatosan megfogalmazni.<\/p>\n<div class=\"keretes w-100\">\n<ul class=\"children\" style=\"list-style-type: square\">\n<li class=\"page_item page-item-8330\"><strong><a href=\"https:\/\/semmelweis.hu\/dei\/oktatas\/egeszsegugyi-szervezo-bsc\/szakdolgozat\/szakdolgozat-hataridok\/\" target=\"_blank\" rel=\"noopener\">Szakdolgozat hat\u00e1rid\u0151k<\/a><\/strong><\/li>\n<li class=\"page_item page-item-8330\"><strong><a href=\"https:\/\/semmelweis.hu\/dei\/oktatas\/egeszsegugyi-szervezo-bsc\/szakdolgozat\/szakdolgozat-temajavaslatok\/\" target=\"_blank\" rel=\"noopener\">Szakdolgozat t\u00e9majavaslatok<\/a><\/strong><\/li>\n<li class=\"page_item page-item-7246\"><strong><a href=\"https:\/\/semmelweis.hu\/dei\/oktatas\/egeszsegugyi-szervezo-bsc\/szakdolgozat\/szakdolgozati-informaciok\/\" target=\"_blank\" rel=\"noopener\">Szakdolgozat inform\u00e1ci\u00f3k<\/a><\/strong><\/li>\n<\/ul>\n<\/div>\n<h3>A szakdolgozati t\u00e9ma<\/h3>\n<p>A szakdolgozati t\u00e9m\u00e1t a hallgat\u00f3<\/p>\n<ul>\n<li>kiv\u00e1lasztja az int\u00e9zet \u00e1ltal meghirdetett t\u00e9m\u00e1k k\u00f6z\u00fcl, vagy<\/li>\n<li>k\u00fcls\u0151 aj\u00e1nl\u00e1sb\u00f3l hozza, \u00e9s hat\u00e1rid\u0151ben, a megadott form\u00e1ban \u00e9s min\u0151s\u00e9gben bejelenti az Int\u00e9zet r\u00e9sz\u00e9re.<\/li>\n<\/ul>\n<h3>A t\u00e9mavezet\u0151<\/h3>\n<p style=\"text-align: justify\">A szakdolgozat k\u00e9sz\u00edt\u00e9s\u00e9t a <strong>t\u00e9mavezet\u0151<\/strong> ir\u00e1ny\u00edtja. T\u00e9mavezet\u0151 az adott t\u00e9m\u00e1ban megfelel\u0151 tudom\u00e1nyos \u00e9s\/vagy gyakorlati j\u00e1rtass\u00e1ggal rendelkez\u0151 szem\u00e9ly lehet, aki a kar oktat\u00f3ja \u00e9s kutat\u00f3ja, illetve a k\u00e9pz\u00e9st vezet\u0151 oktat\u00f3 a k\u00e9pz\u00e9s\u00e9rt felel\u0151s oktat\u00e1si szervezeti egys\u00e9g vezet\u0151j\u00e9nek enged\u00e9ly\u00e9vel k\u00fcls\u0151 szakember is lehet.<\/p>\n<p style=\"text-align: justify\">A t\u00e9mavezet\u0151 szem\u00e9ly\u00e9t, el\u00e9rhet\u0151s\u00e9g\u00e9t a hallgat\u00f3 a t\u00e9mav\u00e1laszt\u00e1ssal egyidej\u0171leg, megadott hat\u00e1rid\u0151ben \u00e9s form\u00e1ban jelenti be az Int\u00e9zet r\u00e9sz\u00e9re. Indokolt esetben \u201et\u00f6bbes t\u00e9mavezet\u00e9sre\u201d is lehet\u0151s\u00e9g van. A t\u00e9mabejelent\u00e9st \u00fagy kell meg\u00edrni, hogy abb\u00f3l k\u00e9ts\u00e9g n\u00e9lk\u00fcl meg\u00e1llap\u00edthat\u00f3 legyen a k\u00e9relmezett t\u00e9mavezet\u0151 szem\u00e9lye, k\u00e9pes\u00edt\u00e9se\/j\u00e1rtass\u00e1ga \u00e9s el\u00e9rhet\u0151s\u00e9ge, valamint a t\u00e9ma jelen \u00fatmutat\u00f3nak \u00e9s a vonatkoz\u00f3 szab\u00e1lyzatoknak val\u00f3 megfelel\u00e9se.<\/p>\n<p style=\"text-align: justify\">A szakdolgozat t\u00e9m\u00e1j\u00e1nak jelent\u0151s ill. a t\u00e9mavezet\u0151 szem\u00e9ly\u00e9nek megv\u00e1ltoztat\u00e1s\u00e1ra a 7.\u00a0szemeszter kezdet\u00e9ig van lehet\u0151s\u00e9g. A v\u00e1ltoz\u00e1st az eredeti bejelent\u00e9ssel egyez\u0151 form\u00e1ban \u00e9s m\u00f3don, halad\u00e9ktalanul kell megtenni. A dolgozat v\u00e9gs\u0151 c\u00edme nem sz\u00fcks\u00e9ges, hogy sz\u00f3 szerint megegyezzen a v\u00e1lasztott\/leadott t\u00e9m\u00e1val.<\/p>\n<p style=\"text-align: justify\">A dolgozat elk\u00e9sz\u00edt\u00e9se sor\u00e1n a hallgat\u00f3 \u00e9s a t\u00e9mavezet\u0151 dokument\u00e1ltan, legal\u00e1bb 3 alkalommal konzult\u00e1ci\u00f3n vesz r\u00e9szt.<\/p>\n<h3>A szakdolgozatnak t\u00fckr\u00f6znie kell, hogy<\/h3>\n<ul>\n<li style=\"text-align: justify\">a hallgat\u00f3 k\u00e9pes az \u00f6n\u00e1ll\u00f3 munk\u00e1ra,<\/li>\n<li style=\"text-align: justify\">rendelkezik a t\u00e9m\u00e1hoz kapcsol\u00f3d\u00f3 tudom\u00e1nyter\u00fclet alapvet\u0151 ismereteivel,<\/li>\n<li style=\"text-align: justify\">ismeri a tudom\u00e1nyos tev\u00e9kenys\u00e9ghez sz\u00fcks\u00e9ges alapvet\u0151 technik\u00e1kat, \u00e9s alkalmazni is tudja azokat a feladatok megold\u00e1sa sor\u00e1n, ismeri saj\u00e1t szakdolgozati munk\u00e1j\u00e1nak korl\u00e1tait \u00e9s<\/li>\n<li>kell\u0151k\u00e9ppen j\u00e1rtas a v\u00e1lasztott t\u00e9ma szakirodalm\u00e1ban.\n<ul>\n<li style=\"text-align: justify\">A t\u00e9ma feldolgoz\u00e1sa sor\u00e1n k\u00f6telez\u0151en meg kell ismerni a t\u00e9m\u00e1val kapcsolatos alapvet\u0151 k\u00fclf\u00f6ldi \u00e9s hazai munk\u00e1kat. Bizony\u00edtottan kell haszn\u00e1lni tudni a szakter\u00fclet legfontosabb hazai \u00e9s nemzetk\u00f6zi foly\u00f3iratait, elektronikus szakirodalmi forr\u00e1sokat (bibliogr\u00e1fiai \u00e9s teljes sz\u00f6veg\u0171 forr\u00e1smunk\u00e1kat).<\/li>\n<\/ul>\n<\/li>\n<\/ul>\n<h3>A szakdolgozat \u201em\u0171faja\u201d<\/h3>\n<p style=\"text-align: justify\">A szakdolgozat a vizsg\u00e1lt probl\u00e9ma term\u00e9szet\u00e9t\u0151l f\u00fcgg\u0151en m\u0171fajilag t\u00f6bbf\u00e9le lehet. A teljess\u00e9g ig\u00e9nye n\u00e9lk\u00fcl, lehet p\u00e9ld\u00e1ul:<\/p>\n<ul>\n<li style=\"text-align: justify\">Egy szoftver tervez\u00e9se, programoz\u00e1sa, illet\u0151leg a t\u00e1mogatand\u00f3 folyamatok felm\u00e9r\u00e9se, elemz\u00e9se.<\/li>\n<li style=\"text-align: justify\">Valamilyen eg\u00e9szs\u00e9g\u00fcgyi adatk\u00f6r elemz\u00e9se statisztikai, adatb\u00e1ny\u00e1szati stb. m\u00f3dszerekkel, az elemz\u00e9sb\u0151l k\u00f6vetkeztet\u00e9sek levon\u00e1sa\/aj\u00e1nl\u00e1sok megfogalmaz\u00e1sa.<\/li>\n<li style=\"text-align: justify\">Valamilyen ell\u00e1t\u00e1si forma gazdas\u00e1gi, gazdas\u00e1goss\u00e1gi, finansz\u00edroz\u00e1si elemz\u00e9se.<\/li>\n<li style=\"text-align: justify\">\u00c1gazati szerepl\u0151k k\u00f6r\u00e9ben v\u00e9gzett, szociol\u00f3giai jelleg\u0171 felm\u00e9r\u00e9s (k\u00e9rd\u0151\u00edves adatgy\u0171jt\u00e9s) \u00e9s az eredm\u00e9nyek \u00e9rt\u00e9kel\u00e9se.<\/li>\n<li>Szakirodalmi review szakdolgozatk\u00e9nt csak abban az esetben fogadhat\u00f3 el, ha:\n<ul>\n<li style=\"text-align: justify\">az adatgy\u0171jt\u00e9s megfelel\u0151 metodik\u00e1val t\u00f6rt\u00e9nt;<\/li>\n<li style=\"text-align: justify\">olyan ter\u00fcletet vizsg\u00e1l, amelyben a szak\u00e9rt\u0151k v\u00e9lem\u00e9nye nem egys\u00e9ges;<\/li>\n<li style=\"text-align: justify\">a k\u00fcl\u00f6nb\u00f6z\u0151 \u00e1ll\u00e1spontot t\u00fckr\u00f6z\u0151 forr\u00e1sok kritikai elemz\u00e9s\u00e9vel \u00e9s \u00f6sszevet\u00e9s\u00e9vel, vagy b\u00e1rmely m\u00e1s m\u00f3don hozz\u00e1adott saj\u00e1t \u00e9rt\u00e9ket tartalmaz.<\/li>\n<\/ul>\n<\/li>\n<\/ul>\n<h3>A szakdolgozatnak \u00f6n\u00e1ll\u00f3 munk\u00e1nak kell lennie, ez\u00e9rt<\/h3>\n<ul>\n<li style=\"text-align: justify\">egy t\u00e9ma irodalmi \u00e1ttekint\u00e9se, feldolgoz\u00e1sa kiz\u00e1r\u00f3lag akkor fogadhat\u00f3 el, ha a hallgat\u00f3 azt elemz\u0151 m\u00f3don, esetleg \u00faj megk\u00f6zel\u00edt\u00e9sben vagy \u00f6sszehasonl\u00edt\u00e1sban dolgozza fel, \u00e9s saj\u00e1t k\u00f6vetkeztet\u00e9sekre jut;<\/li>\n<li style=\"text-align: justify\">a cikkek, k\u00f6nyvr\u00e9szletek, internetes lapok egyszer\u0171 \u00f6sszeoll\u00f3z\u00e1sa nem elfogadhat\u00f3;<\/li>\n<li style=\"text-align: justify\">a szakdolgozat t\u00e9m\u00e1ja lehet olyan munka, amelyet a hallgat\u00f3 szakmai gyakorlat vagy hallgat\u00f3i munkav\u00e9gz\u00e9s sor\u00e1n egy csoport vagy munkak\u00f6z\u00f6ss\u00e9g tagjak\u00e9nt v\u00e9gzett, de ebben az esetben vil\u00e1gosan be kell mutatnia, hogy mi az \u0151 konkr\u00e9t, saj\u00e1t hozz\u00e1j\u00e1rul\u00e1sa a munk\u00e1hoz.<\/li>\n<\/ul>\n<h3>A pl\u00e1giumr\u00f3l \u00e9s az MI haszn\u00e1latr\u00f3l<\/h3>\n<p style=\"text-align: justify\">M\u00e1s szellemi term\u00e9k\u00e9nek saj\u00e1t eredm\u00e9nyk\u00e9nt val\u00f3 felt\u00fcntet\u00e9se nem kiz\u00e1r\u00f3lag szakmai hiba vagy fegyelmi v\u00e9ts\u00e9g, hanem s\u00falyos b\u00fcntet\u0151jogi k\u00f6vetkezm\u00e9nyei is lehetnek. A szakdolgozat k\u00e9sz\u00edt\u0151j\u00e9nek tiszt\u00e1ban kell lennie a hivatkoz\u00e1sokkal kapcsolatos elv\u00e1r\u00e1sok teljes\u00edt\u00e9s\u00e9vel, illetve az ennek elmarad\u00e1s\u00e1b\u00f3l fakad\u00f3 k\u00f6vetkezm\u00e9nyekkel.<\/p>\n<div class=\"fontos_div w-100\">\n<p><strong><a href=\"https:\/\/semmelweis.hu\/dei\/files\/2022\/10\/SE_EKK_Plagiumszabalyzat_20221001.pdf\" target=\"_blank\" rel=\"noopener\">Pl\u00e1gium szab\u00e1lyzat<\/a><\/strong><\/p>\n<p><a href=\"https:\/\/semmelweis.hu\/dei\/files\/2025\/11\/MI_nyilatkozat_v112.docx\" target=\"_blank\" rel=\"noopener\"><strong>Pl\u00e1gium \u00e9s MI nyilatkozat:<\/strong> <\/a>a nyilatkozatokat a dolgozat v\u00e9g\u00e9re kell bek\u00f6tni<\/p>\n<\/div>\n<h3>Felment\u00e9s a dolgozat meg\u00edr\u00e1s\u00e1nak k\u00f6telezetts\u00e9ge al\u00f3l<\/h3>\n<p>A szakdolgozat meg\u00edr\u00e1s\u00e1nak k\u00f6telezetts\u00e9ge al\u00f3l a t\u00e9ma szerint illet\u00e9kes oktat\u00e1si szervezeti egys\u00e9g vezet\u0151j\u00e9nek javaslata alapj\u00e1n a kar d\u00e9k\u00e1nja felment\u00e9st adhat azoknak a\u00a0 hallgat\u00f3knak, akik:<\/p>\n<ul>\n<li>egy-, illetve k\u00e9tszerz\u0151s rektori p\u00e1lyamunk\u00e1t k\u00e9sz\u00edtettek \u00e9s a p\u00e1ly\u00e1zaton I. helyez\u00e9st \u00e9rtek el.<\/li>\n<li>valamely lektor\u00e1lt tudom\u00e1nyos foly\u00f3iratban els\u0151 szerz\u0151s dolgozatot k\u00f6z\u00f6lnek a szak t\u00e9m\u00e1j\u00e1hoz kapcsol\u00f3d\u00f3an.<\/li>\n<li>jelen tanulm\u00e1nyok alatt OTDK I-III helyez\u00e9st \u00e9rtek el.<\/li>\n<\/ul>\n<p>A felment\u00e9s ir\u00e1nti k\u00e9relmet a hallgat\u00f3nak a D\u00e9k\u00e1ni Hivatalba kell beny\u00fajtani.<\/p>\n<p>Szakdolgozat meg\u00edr\u00e1sa al\u00f3li mentess\u00e9g ugyanakkor nem mentes\u00edti a szakdolgozat megv\u00e9d\u00e9se al\u00f3l a hallgat\u00f3t, azaz a fenti munk\u00e1t kell megv\u00e9denie.<\/p>\n","protected":false},"excerpt":{"rendered":"<p>A szakdolgozat\u00edr\u00e1s c\u00e9lja az \u00e9lettudom\u00e1nyok, k\u00fcl\u00f6n\u00f6sen az eg\u00e9szs\u00e9gtudom\u00e1ny b\u00e1rmely informatikai \u00e9s\/vagy menedzsment vet\u00fclet\u0171 probl\u00e9mak\u00f6r\u00e9nek \u00f6n\u00e1ll\u00f3, tudom\u00e1nyos ig\u00e9nyess\u00e9g\u0171 feldolgoz\u00e1sa r\u00e9v\u00e9n el\u0151seg\u00edteni, hogy a hallgat\u00f3 e szakmai tev\u00e9kenys\u00e9g sor\u00e1n elsaj\u00e1t\u00edtsa a k\u00f6nyvt\u00e1rhaszn\u00e1lat \u00e9s irodalomkutat\u00e1s m\u00f3dszereit, fejlessze l\u00e9nyegmegragad\u00f3 k\u00e9pess\u00e9g\u00e9t \u00e9s k\u00e9pes legyen szakmai munk\u00e1j\u00e1nak eredm\u00e9ny\u00e9t \u00e9s a szakter\u00fcletr\u0151l alkotott v\u00e9lem\u00e9ny\u00e9t t\u00f6m\u00f6ren \u00e9s szabatosan megfogalmazni. <a href=\"https:\/\/semmelweis.hu\/dei\/oktatas\/egeszsegugyi-szervezo-bsc\/szakdolgozat\/szakdolgozat-hataridok\/\" target=\"_blank\" rel=\"noopener\">Szakdolgozat hat\u00e1rid\u0151k<\/a> <a href=\"https:\/\/semmelweis.hu\/dei\/oktatas\/egeszsegugyi-szervezo-bsc\/szakdolgozat\/szakdolgozat-temajavaslatok\/\" target=\"_blank\" rel=\"noopener\">Szakdolgozat t\u00e9majavaslatok<\/a> <a href=\"https:\/\/semmelweis.hu\/dei\/oktatas\/egeszsegugyi-szervezo-bsc\/szakdolgozat\/szakdolgozati-informaciok\/\" target=\"_blank\" rel=\"noopener\">Szakdolgozat inform\u00e1ci\u00f3k<\/a> A szakdolgozati t\u00e9ma A &hellip;<\/p>\n","protected":false},"author":101238,"featured_media":0,"parent":7432,"menu_order":1,"comment_status":"closed","ping_status":"closed","template":"","meta":{"_acf_changed":false,"footnotes":""},"categories":[],"tags":[38],"class_list":["post-6803","page","type-page","status-publish","hentry","tag-szakdolgozat"],"acf":[],"_links":{"self":[{"href":"https:\/\/semmelweis.hu\/dei\/wp-json\/wp\/v2\/pages\/6803","targetHints":{"allow":["GET"]}}],"collection":[{"href":"https:\/\/semmelweis.hu\/dei\/wp-json\/wp\/v2\/pages"}],"about":[{"href":"https:\/\/semmelweis.hu\/dei\/wp-json\/wp\/v2\/types\/page"}],"author":[{"embeddable":true,"href":"https:\/\/semmelweis.hu\/dei\/wp-json\/wp\/v2\/users\/101238"}],"replies":[{"embeddable":true,"href":"https:\/\/semmelweis.hu\/dei\/wp-json\/wp\/v2\/comments?post=6803"}],"version-history":[{"count":12,"href":"https:\/\/semmelweis.hu\/dei\/wp-json\/wp\/v2\/pages\/6803\/revisions"}],"predecessor-version":[{"id":9654,"href":"https:\/\/semmelweis.hu\/dei\/wp-json\/wp\/v2\/pages\/6803\/revisions\/9654"}],"up":[{"embeddable":true,"href":"https:\/\/semmelweis.hu\/dei\/wp-json\/wp\/v2\/pages\/7432"}],"wp:attachment":[{"href":"https:\/\/semmelweis.hu\/dei\/wp-json\/wp\/v2\/media?parent=6803"}],"wp:term":[{"taxonomy":"category","embeddable":true,"href":"https:\/\/semmelweis.hu\/dei\/wp-json\/wp\/v2\/categories?post=6803"},{"taxonomy":"post_tag","embeddable":true,"href":"https:\/\/semmelweis.hu\/dei\/wp-json\/wp\/v2\/tags?post=6803"}],"curies":[{"name":"wp","href":"https:\/\/api.w.org\/{rel}","templated":true}]}}