{"id":6750,"date":"2017-09-12T09:44:58","date_gmt":"2017-09-12T07:44:58","guid":{"rendered":"http:\/\/semmelweis.hu\/dei\/?page_id=6750"},"modified":"2024-10-04T10:06:56","modified_gmt":"2024-10-04T08:06:56","slug":"szakmai-gyakorlat","status":"publish","type":"page","link":"https:\/\/semmelweis.hu\/dei\/oktatas\/egeszsegugyi-szervezo-bsc\/szakmai-gyakorlat\/","title":{"rendered":"Szakmai gyakorlat"},"content":{"rendered":"<p style=\"text-align: justify\">A szakmai gyakorlat az eg\u00e9szs\u00e9g\u00fcgyi szervez\u0151 BSc alapk\u00e9pz\u00e9s 7. szemeszter\u00e9ben teljes\u00edtend\u0151 tant\u00e1rgy (tant\u00e1rgyk\u00f3d: EUSZAK040_1M &#8211; Szakmai gyakorlat).<\/p>\n<p style=\"text-align: justify\">Szakmai gyakorlat a Digit\u00e1lis Eg\u00e9szs\u00e9gtudom\u00e1nyi Int\u00e9zet (tov\u00e1bbiakban: DEI) eg\u00e9szs\u00e9g\u00fcgyi szervez\u0151 k\u00e9pz\u00e9s\u00e9nek azon r\u00e9sze, amely az alapk\u00e9pz\u00e9s k\u00e9pz\u00e9si \u00e9s kimeneti k\u00f6vetelm\u00e9nyeiben meghat\u00e1rozott id\u0151tartamban a leend\u0151 szakk\u00e9pzetts\u00e9gnek megfelel\u0151 munkahelyen (tov\u00e1bbiakban: Gyakorl\u00f3hely) \u00e9s munkak\u00f6rben lehet\u0151s\u00e9get ny\u00fajt a megszerzett tud\u00e1s \u00e9s a gyakorlati k\u00e9szs\u00e9gek, k\u00e9pess\u00e9gek \u00e9s ismeretek egy\u00fcttes alkalmaz\u00e1s\u00e1ra, az elm\u00e9leti \u00e9s gyakorlati ismeretek \u00f6sszekapcsol\u00e1s\u00e1ra, a munkahely \u00e9s munkafolyamatok megismer\u00e9s\u00e9re, a szakmai kompetenci\u00e1k gyakorl\u00e1s\u00e1ra. A szakmai gyakorlat a megfigyel\u00e9sen t\u00fal az adott gyakorlati hely profilj\u00e1nak megfelel\u0151en egy\u00e9ni munkav\u00e9gz\u00e9st is tartalmaz. A hallgat\u00f3nak lehet\u0151leg bele kell kapcsol\u00f3dnia a szervezeti egys\u00e9g napi munk\u00e1j\u00e1ba, v\u00e9gezzen konkr\u00e9t feladatot, legyen a napi munkav\u00e9gz\u00e9s r\u00e9szese. Az DEI-n bel\u00fcli szakmai fel\u00fcgyelet (szakmai gyakorlatot ir\u00e1ny\u00edt\u00f3 int\u00e9zeti oktat\u00f3) \u00e9s a gyakorlatvezet\u0151kkel t\u00f6rt\u00e9n\u0151 kapcsolattart\u00e1s a gyakorlat sor\u00e1n folyamatos.<\/p>\n<h3 style=\"text-align: justify\">Szakmai gyakorlat teljes\u00edt\u00e9s\u00e9nek k\u00f6vetelm\u00e9nyei, \u00e9rt\u00e9kel\u00e9se<\/h3>\n<p style=\"text-align: justify\">A szakmai gyakorlat teljes\u00edt\u00e9s\u00e9nek id\u0151szaka:\u00a0<\/p>\n<p style=\"text-align: justify\">A szakmai gyakorlat id\u0151tartama: <strong>200 \u00f3ra<\/strong><\/p>\n<p style=\"text-align: justify\">A szakmai gyakorlat elkezd\u00e9s\u00e9hez sz\u00fcks\u00e9ges a Gyakorl\u00f3hely k\u00e9pvisel\u0151je (gyakorlatvezet\u0151 vagy int\u00e9zetvezet\u0151) \u00e1ltal al\u00e1\u00edrt befogad\u00f3 nyilatkozat \u00e9s a Gyakorl\u00f3hely \u00e9s a DEI k\u00f6z\u00f6tt k\u00f6t\u00f6tt egy\u00fcttm\u0171k\u00f6d\u00e9si meg\u00e1llapod\u00e1s. A Gyakorl\u00f3hely \u00e9s a DEI k\u00f6z\u00f6tti egy\u00fcttm\u0171k\u00f6d\u00e9si meg\u00e1llapod\u00e1s megk\u00f6t\u00e9s\u00e9ig \u2013 a szakmai gyakorlat zavartalan megkezd\u00e9se \u00e9rdek\u00e9ben \u2013 a befogad\u00f3 nyilatkozatot sz\u00fcks\u00e9ges kit\u00f6lteni \u00e9s hat\u00e1rid\u0151re leadni a DEI-nek.<\/p>\n<p style=\"text-align: justify\">A hallgat\u00f3nak a v\u00e9gzett feladatokat <strong>gyakorlati napl\u00f3<\/strong>ban kell vezetnie, melyet a Gyakorl\u00f3hely gyakorlatvezet\u0151je hiteles\u00edt (al\u00e1\u00edr\u00e1s\u00e1val \u00e9s a Gyakorl\u00f3hely pecs\u00e9tj\u00e9vel ell\u00e1tva).<\/p>\n<p style=\"text-align: justify\">A hallgat\u00f3nak <strong>besz\u00e1mol\u00f3<\/strong>t kell k\u00e9sz\u00edtenie (10-15 oldal), melyben \u00e1tfog\u00f3an \u00e9rt\u00e9kelnie kell a gyakorlati hely saj\u00e1toss\u00e1gainak megfelel\u0151 eg\u00e9szs\u00e9g\u00fcgyi informatikai\/szervez\u0151i gyakorlatot v\u00e9gz\u0151 szervezet fel\u00e9p\u00edt\u00e9s\u00e9t, m\u0171k\u00f6d\u00e9s\u00e9t \u00e9s \u00faj ig\u00e9nyek eset\u00e9n annak alkalmazkod\u00f3k\u00e9pess\u00e9g\u00e9t. A besz\u00e1mol\u00f3 t\u00e9m\u00e1j\u00e1t a szakmai gyakorlatot ir\u00e1ny\u00edt\u00f3 int\u00e9zeti oktat\u00f3 \u00e9s a gyakorlatvezet\u0151 k\u00f6z\u00f6sen hat\u00e1rozza meg. A besz\u00e1mol\u00f3nak a DEI \u00e1ltal elv\u00e1rt tartalommal \u00e9s a meghat\u00e1rozott formai k\u00f6vetelm\u00e9nyeknek megfelel\u0151en kell elk\u00e9sz\u00fclnie. Az al\u00e1\u00edr\u00e1s felt\u00e9tele a gyakorlati napl\u00f3 \u00e9s a besz\u00e1mol\u00f3 hat\u00e1rid\u0151re t\u00f6rt\u00e9n\u0151 lead\u00e1sa. A tant\u00e1rgy \u00e9rdemjegye a szakmai gyakorlatot ir\u00e1ny\u00edt\u00f3 int\u00e9zeti oktat\u00f3 \u00e9rt\u00e9kel\u00e9se alapj\u00e1n lesz meg\u00e1llap\u00edtva. A besz\u00e1mol\u00f3t elektronikusan, kiz\u00e1r\u00f3lag <strong>pdf form\u00e1tumban <\/strong>kell elk\u00fcldeni az <strong><a href=\"info.dei@semmelweis.hu\">info.dei@semmelweis.hu<\/a>\u00a0<\/strong>e-mail c\u00edmre.<\/p>\n<p style=\"text-align: justify\">Azon hallgat\u00f3k eset\u00e9n, akik a k\u00f6telez\u0151 szakmai gyakorlaton k\u00edv\u00fcl v\u00e1llalnak gyakornoks\u00e1got vagy egy\u00e9b munk\u00e1t, az \u00e1ltal\u00e1nos szab\u00e1lyok szerint kell elj\u00e1rni a l\u00e9trehozott jogviszony f\u00fcggv\u00e9ny\u00e9ben.<\/p>\n<p style=\"text-align: justify\">A szakmai gyakorlat sor\u00e1n a hallgat\u00f3 k\u00f6teles az eg\u00e9szs\u00e9g\u00fcgyi alkalmass\u00e1got igazol\u00f3 \u00e9rv\u00e9nyes dokumentumok bemutat\u00e1s\u00e1ra, a gyakorl\u00f3hely munkarendj\u00e9nek, tov\u00e1bb\u00e1 a gyakorl\u00f3hely munkav\u00e9delmi, t\u0171zv\u00e9delmi \u00e9s egy\u00e9b szab\u00e1lyzataiban foglaltak betart\u00e1s\u00e1ra, anyagi felel\u0151ss\u00e9get v\u00e1llalni a mulaszt\u00e1sb\u00f3l, vagy a szab\u00e1lyok be nem tart\u00e1s\u00e1b\u00f3l ered\u0151 k\u00e1rok\u00e9rt a Gyakorl\u00f3helyen hasonl\u00f3 vagy azonos munkak\u00f6rben foglalkoztatottakra vonatkoz\u00f3 munkajogi szab\u00e1lyok szerint.<\/p>\n<h3 style=\"text-align: justify\">Gyakorl\u00f3hely kiv\u00e1laszt\u00e1s\u00e1nak szempontjai<\/h3>\n<p style=\"text-align: justify\">A szakmai gyakorlati helysz\u00edn kiv\u00e1laszt\u00e1s\u00e1n\u00e1l alapelv, hogy az int\u00e9zm\u00e9ny a v\u00e9gzett hallgat\u00f3k szakk\u00e9pes\u00edt\u00e9s\u00e9nek megfelel\u0151 tev\u00e9kenys\u00e9get v\u00e9gezzen, potenci\u00e1lis munkaad\u00f3ja lehessen a v\u00e9gzett eg\u00e9szs\u00e9g\u00fcgyi szervez\u0151knek.<\/p>\n<p style=\"text-align: justify\">Ilyenek lehetnek els\u0151sorban, de nem kiz\u00e1r\u00f3lag:<\/p>\n<ul style=\"text-align: justify\">\n<li>eg\u00e9szs\u00e9g\u00fcgyi szolg\u00e1ltat\u00f3k (bele\u00e9rtve az orvostechnikai eszk\u00f6z \u00e9s gy\u00f3gyszer gy\u00e1rt\u00f3kat, forgalmaz\u00f3kat);<\/li>\n<li>eg\u00e9szs\u00e9g\u00fcgyi korm\u00e1nyzati szervek \u00e9s h\u00e1tt\u00e9rint\u00e9zm\u00e9nyek;<\/li>\n<li>eg\u00e9szs\u00e9gbiztos\u00edt\u00f3(k);<\/li>\n<li>eg\u00e9szs\u00e9g\u00fcgyi vagy \u00fcgyviteli min\u0151s\u00e9gbiztos\u00edt\u00e1st audit\u00e1l\u00f3 szervezetek, szervezetfejleszt\u00e9st t\u00e1mogat\u00f3 tan\u00e1csad\u00f3k;<\/li>\n<li>eg\u00e9szs\u00e9g\u00fcgyi inform\u00e1ci\u00f3rendszer fejleszt\u0151k;<\/li>\n<li>eg\u00e9szs\u00e9g\u00fcgyi szoftver, m\u0171szer fejleszt\u0151k;<\/li>\n<\/ul>\n<p style=\"text-align: justify\">ahol adatkezel\u00e9si-, kontrolling-, finansz\u00edroz\u00e1ssal kapcsolatos adatfeldolgoz\u00e1si, valamint min\u0151s\u00e9gbiztos\u00edt\u00e1si-, adatv\u00e9delmi feladatok tervez\u00e9s\u00e9t, v\u00e9gz\u00e9s\u00e9t, \u00e9rt\u00e9kel\u00e9s\u00e9t, t\u00e1mogat\u00e1s\u00e1t gyakorolhatja a hallgat\u00f3.<\/p>\n<p style=\"text-align: justify\">Nem lehet Gyakorl\u00f3hely olyan v\u00e1llalkoz\u00e1s vagy \u00e1llami int\u00e9zm\u00e9ny olyan r\u00e9szlege, melynek vezet\u0151je (a gyakorlat teljes\u00edt\u00e9s\u00e9nek igazol\u00f3ja) a hallgat\u00f3 k\u00f6zvetlen hozz\u00e1tartoz\u00f3ja.<\/p>\n<h3 style=\"text-align: justify\">Adminisztr\u00e1ci\u00f3s elj\u00e1r\u00e1srend<\/h3>\n<p style=\"text-align: justify\"><strong>Befogad\u00f3 nyilatkozat<\/strong><\/p>\n<ol style=\"text-align: justify\">\n<li>a hallgat\u00f3 jelzi, hol k\u00edv\u00e1nja a szakmai gyakorlat\u00e1t teljes\u00edteni a szakmai gyakorlatot ir\u00e1ny\u00edt\u00f3 int\u00e9zeti oktat\u00f3nak &#8211; Gyakorl\u00f3hely kiv\u00e1laszt\u00e1s\u00e1nak indokl\u00e1sa c. dokumentum lead\u00e1s\u00e1val<\/li>\n<li>a hallgat\u00f3 a szakmai gyakorlat elkezd\u00e9s\u00e9hez sz\u00fcks\u00e9ges befogad\u00f3 nyilatkozatot a Gyakorl\u00f3helynek \u00e1tadja \u00c9S a sz\u00fcks\u00e9ges adatokat egyezteti a Gyakorl\u00f3hellyel<\/li>\n<li>a Gyakorl\u00f3hely a befogad\u00f3 nyilatkozatot al\u00e1\u00edrja (gyakorlatvezet\u0151) \u00e9s a hallgat\u00f3 leadja a DEI-be<\/li>\n<\/ol>\n<p style=\"text-align: justify\"><strong>Egy\u00fcttm\u0171k\u00f6d\u00e9si meg\u00e1llapod\u00e1s<\/strong><\/p>\n<ol style=\"text-align: justify\">\n<li>a DEI elk\u00e9sz\u00edti a szakmai gyakorlatr\u00f3l sz\u00f3l\u00f3 egy\u00fcttm\u0171k\u00f6d\u00e9si meg\u00e1llapod\u00e1st, al\u00e1\u00edratja az illet\u00e9kes vezet\u0151kkel \u00e9s iktatja<\/li>\n<li>\u00a0a hallgat\u00f3 az egy\u00fcttm\u0171k\u00f6d\u00e9si meg\u00e1llapod\u00e1st a Gyakorl\u00f3hely illet\u00e9kes vezet\u0151j\u00e9vel al\u00e1\u00edratja<\/li>\n<li>\u00a0az egy\u00fcttm\u0171k\u00f6d\u00e9si meg\u00e1llapod\u00e1st a hallgat\u00f3 leadja a DEI-be<\/li>\n<\/ol>\n<p><img loading=\"lazy\" decoding=\"async\" class=\"alignnone wp-image-8364 size-full\" src=\"https:\/\/semmelweis.hu\/dei\/files\/2020\/10\/Adminisztr\u00e1ci\u00f3s-elj\u00e1r\u00e1srend.png\" alt=\"\" width=\"731\" height=\"1138\" srcset=\"https:\/\/semmelweis.hu\/dei\/files\/2020\/10\/Adminisztr\u00e1ci\u00f3s-elj\u00e1r\u00e1srend.png 731w, https:\/\/semmelweis.hu\/dei\/files\/2020\/10\/Adminisztr\u00e1ci\u00f3s-elj\u00e1r\u00e1srend-193x300.png 193w, https:\/\/semmelweis.hu\/dei\/files\/2020\/10\/Adminisztr\u00e1ci\u00f3s-elj\u00e1r\u00e1srend-658x1024.png 658w\" sizes=\"auto, (max-width: 731px) 100vw, 731px\" \/><\/p>\n<h3>\u00a0<\/h3>\n<h3 style=\"text-align: justify\">Szakmai gyakorlat kapcsolattart\u00f3i<\/h3>\n<p style=\"text-align: justify\">T\u00e1j\u00e9koztat\u00e1s \u00e9s kapcsolattart\u00e1s a szakmai gyakorlattal kapcsolatban:<\/p>\n<ul style=\"text-align: justify\">\n<li><strong>Kalm\u00e1r Istv\u00e1n, oktat\u00e1si munkat\u00e1rs <\/strong>(szakmai gyakorlatot koordin\u00e1l\u00f3 int\u00e9zeti oktat\u00f3)\n<ul style=\"text-align: justify;list-style-type: disc\">\n<li>E-mail c\u00edm: info.dei@semmelweis.hu<\/li>\n<li>Telefonsz\u00e1m: +36-20\/825-9635<\/li>\n<\/ul>\n<\/li>\n<\/ul>\n<p style=\"text-align: justify\">Adminisztr\u00e1ci\u00f3s \u00fcgyint\u00e9z\u00e9s, besz\u00e1mol\u00f3, gyakorlati napl\u00f3 lead\u00e1sa:<\/p>\n<ul>\n<li><strong>T\u00f3th P\u00e1l, oktat\u00e1sszervez\u00e9si szak\u00fcgyint\u00e9z\u0151<br \/>\n<\/strong><\/p>\n<ul style=\"list-style-type: disc\">\n<li style=\"text-align: justify\">E-mail c\u00edm: info.dei@semmelweis.hu<\/li>\n<li style=\"text-align: justify\">Telefonsz\u00e1m: +36-20\/825-8442<\/li>\n<li style=\"text-align: justify\">Levelez\u00e9si c\u00edm: Semmelweis Egyetem Digit\u00e1lis Eg\u00e9szs\u00e9gtudom\u00e1nyi Int\u00e9zet, 1089, Budapest, Nagyv\u00e1rad t\u00e9r 4. fsz.\/18.<\/li>\n<\/ul>\n<\/li>\n<\/ul>\n<h3 style=\"text-align: justify\">Szakmai gyakorlattal kapcsolatos dokumentumok<\/h3>\n<ul>\n<li>2024-es \u0151szi f\u00e9l\u00e9v sor\u00e1n haszn\u00e1lt dokumentumok\n<ul>\n<li><a href=\"https:\/\/semmelweis.hu\/dei\/files\/2024\/10\/Befogado_nyilatkozat_2024.pdf\">Befogad\u00f3 nyilatkozat<\/a><\/li>\n<li><a href=\"https:\/\/semmelweis.hu\/dei\/files\/2023\/01\/Gyakorlati_naplo_2023.pdf\">Gyakorlati napl\u00f3<\/a><\/li>\n<li><a href=\"https:\/\/semmelweis.hu\/dei\/files\/2023\/09\/Intezmenyi_szakmai-gyakorlat_EUSZ_2020.pdf\">Szakmai gyakorlat (prezent\u00e1ci\u00f3)<\/a><\/li>\n<li><a href=\"https:\/\/semmelweis.hu\/dei\/files\/2024\/10\/Szakmai_gyakorlat_tajekoztato_2024.pdf\">Szakmai gyakorlat (t\u00e1j\u00e9koztat\u00f3)<\/a><\/li>\n<\/ul>\n<\/li>\n<\/ul>\n","protected":false},"excerpt":{"rendered":"<p>A szakmai gyakorlat az eg\u00e9szs\u00e9g\u00fcgyi szervez\u0151 BSc alapk\u00e9pz\u00e9s 7. szemeszter\u00e9ben teljes\u00edtend\u0151 tant\u00e1rgy (tant\u00e1rgyk\u00f3d: EUSZAK040_1M &#8211; Szakmai gyakorlat). Szakmai gyakorlat a Digit\u00e1lis Eg\u00e9szs\u00e9gtudom\u00e1nyi Int\u00e9zet (tov\u00e1bbiakban: DEI) eg\u00e9szs\u00e9g\u00fcgyi szervez\u0151 k\u00e9pz\u00e9s\u00e9nek azon r\u00e9sze, amely az alapk\u00e9pz\u00e9s k\u00e9pz\u00e9si \u00e9s kimeneti k\u00f6vetelm\u00e9nyeiben meghat\u00e1rozott id\u0151tartamban a leend\u0151 szakk\u00e9pzetts\u00e9gnek megfelel\u0151 munkahelyen (tov\u00e1bbiakban: Gyakorl\u00f3hely) \u00e9s munkak\u00f6rben lehet\u0151s\u00e9get ny\u00fajt a megszerzett tud\u00e1s \u00e9s a &hellip;<\/p>\n","protected":false},"author":101238,"featured_media":0,"parent":7432,"menu_order":2,"comment_status":"closed","ping_status":"closed","template":"","meta":{"_acf_changed":false,"footnotes":""},"categories":[],"tags":[],"class_list":["post-6750","page","type-page","status-publish","hentry"],"acf":[],"_links":{"self":[{"href":"https:\/\/semmelweis.hu\/dei\/wp-json\/wp\/v2\/pages\/6750","targetHints":{"allow":["GET"]}}],"collection":[{"href":"https:\/\/semmelweis.hu\/dei\/wp-json\/wp\/v2\/pages"}],"about":[{"href":"https:\/\/semmelweis.hu\/dei\/wp-json\/wp\/v2\/types\/page"}],"author":[{"embeddable":true,"href":"https:\/\/semmelweis.hu\/dei\/wp-json\/wp\/v2\/users\/101238"}],"replies":[{"embeddable":true,"href":"https:\/\/semmelweis.hu\/dei\/wp-json\/wp\/v2\/comments?post=6750"}],"version-history":[{"count":13,"href":"https:\/\/semmelweis.hu\/dei\/wp-json\/wp\/v2\/pages\/6750\/revisions"}],"predecessor-version":[{"id":9147,"href":"https:\/\/semmelweis.hu\/dei\/wp-json\/wp\/v2\/pages\/6750\/revisions\/9147"}],"up":[{"embeddable":true,"href":"https:\/\/semmelweis.hu\/dei\/wp-json\/wp\/v2\/pages\/7432"}],"wp:attachment":[{"href":"https:\/\/semmelweis.hu\/dei\/wp-json\/wp\/v2\/media?parent=6750"}],"wp:term":[{"taxonomy":"category","embeddable":true,"href":"https:\/\/semmelweis.hu\/dei\/wp-json\/wp\/v2\/categories?post=6750"},{"taxonomy":"post_tag","embeddable":true,"href":"https:\/\/semmelweis.hu\/dei\/wp-json\/wp\/v2\/tags?post=6750"}],"curies":[{"name":"wp","href":"https:\/\/api.w.org\/{rel}","templated":true}]}}