{"id":6577,"date":"2017-09-04T20:18:00","date_gmt":"2017-09-04T18:18:00","guid":{"rendered":"http:\/\/semmelweis.hu\/dei\/?page_id=6577"},"modified":"2025-10-10T12:10:30","modified_gmt":"2025-10-10T10:10:30","slug":"egyetemen-beluli-kepzesek","status":"publish","type":"page","link":"https:\/\/semmelweis.hu\/dei\/oktatas\/egyetemen-beluli-kepzesek\/","title":{"rendered":"Egyetemen bel\u00fcli k\u00e9pz\u00e9sek"},"content":{"rendered":"<p style=\"text-align: justify\">Int\u00e9zet\u00fcnk fontos oktat\u00e1si feladata az orvosi \u00e9s eg\u00e9szs\u00e9g\u00fcgyi informatikai t\u00e1rgyak oktat\u00e1sa,\u00a0melyet\u00a0h\u00e1rom karon \u00e9s h\u00e1rom nyelven v\u00e9gz\u00fcnk t\u00f6retlen sikerrel, egy-egy tan\u00e9vben k\u00f6zel ezer hallgat\u00f3 v\u00e1laszt benn\u00fcnket. Hisz\u00fcnk benne, hogy a hallgat\u00f3k k\u00f6zti nagy n\u00e9pszer\u0171s\u00e9g els\u0151dleges oka az oktat\u00f3ink lelkiismeretes munk\u00e1j\u00e1ban rejlik, mely sor\u00e1n gondot ford\u00edtunk a rohamosan v\u00e1ltoz\u00f3 informatika vil\u00e1g\u00e1ban naprak\u00e9sz, s\u0151t a j\u00f6v\u0151be mutat\u00f3 ismereteket ny\u00fajtani.<\/p>\n<div class=\"keretes w-100\">\n<ul class=\"children\" style=\"list-style-type: square\">\n<li class=\"page_item page-item-1192\"><a href=\"https:\/\/semmelweis.hu\/dei\/oktatas\/egyetemen-beluli-kepzesek\/altalanos-orvostudomanyi-kar\/\">\u00c1ltal\u00e1nos Orvostudom\u00e1nyi Kar<\/a><\/li>\n<li class=\"page_item page-item-5833\"><a href=\"https:\/\/semmelweis.hu\/dei\/oktatas\/egyetemen-beluli-kepzesek\/fogorvostudomanyi-kar\/\">Fogorvostudom\u00e1nyi Kar<\/a><\/li>\n<li class=\"page_item page-item-5835\"><a href=\"https:\/\/semmelweis.hu\/dei\/oktatas\/egyetemen-beluli-kepzesek\/gyogyszeresztudomanyi-kar\/\">Gy\u00f3gyszer\u00e9sztudom\u00e1nyi Kar<\/a><\/li>\n<\/ul>\n<\/div>\n<p><a href=\"https:\/\/semmelweis.hu\/dei\/files\/2019\/07\/dei.egyetemen.bel\u00fcli.k\u00e9pz\u00e9sek.02.jpg\"><img loading=\"lazy\" decoding=\"async\" class=\" wp-image-7785 aligncenter\" src=\"https:\/\/semmelweis.hu\/dei\/files\/2019\/07\/dei.egyetemen.bel\u00fcli.k\u00e9pz\u00e9sek.02-300x200.jpg\" alt=\"\" width=\"778\" height=\"519\" srcset=\"https:\/\/semmelweis.hu\/dei\/files\/2019\/07\/dei.egyetemen.bel\u00fcli.k\u00e9pz\u00e9sek.02-300x200.jpg 300w, https:\/\/semmelweis.hu\/dei\/files\/2019\/07\/dei.egyetemen.bel\u00fcli.k\u00e9pz\u00e9sek.02-768x512.jpg 768w, https:\/\/semmelweis.hu\/dei\/files\/2019\/07\/dei.egyetemen.bel\u00fcli.k\u00e9pz\u00e9sek.02-450x300.jpg 450w, https:\/\/semmelweis.hu\/dei\/files\/2019\/07\/dei.egyetemen.bel\u00fcli.k\u00e9pz\u00e9sek.02.jpg 950w\" sizes=\"auto, (max-width: 778px) 100vw, 778px\" \/><\/a><\/p>\n<p>&nbsp;<\/p>\n","protected":false},"excerpt":{"rendered":"<p>Int\u00e9zet\u00fcnk fontos oktat\u00e1si feladata az orvosi \u00e9s eg\u00e9szs\u00e9g\u00fcgyi informatikai t\u00e1rgyak oktat\u00e1sa,\u00a0melyet\u00a0h\u00e1rom karon \u00e9s h\u00e1rom nyelven v\u00e9gz\u00fcnk t\u00f6retlen sikerrel, egy-egy tan\u00e9vben k\u00f6zel ezer hallgat\u00f3 v\u00e1laszt benn\u00fcnket. Hisz\u00fcnk benne, hogy a hallgat\u00f3k k\u00f6zti nagy n\u00e9pszer\u0171s\u00e9g els\u0151dleges oka az oktat\u00f3ink lelkiismeretes munk\u00e1j\u00e1ban rejlik, mely sor\u00e1n gondot ford\u00edtunk a rohamosan v\u00e1ltoz\u00f3 informatika vil\u00e1g\u00e1ban naprak\u00e9sz, s\u0151t a j\u00f6v\u0151be mutat\u00f3 ismereteket &hellip;<\/p>\n","protected":false},"author":101238,"featured_media":0,"parent":5598,"menu_order":7,"comment_status":"closed","ping_status":"closed","template":"","meta":{"_acf_changed":false,"footnotes":""},"categories":[],"tags":[],"class_list":["post-6577","page","type-page","status-publish","hentry"],"acf":[],"_links":{"self":[{"href":"https:\/\/semmelweis.hu\/dei\/wp-json\/wp\/v2\/pages\/6577","targetHints":{"allow":["GET"]}}],"collection":[{"href":"https:\/\/semmelweis.hu\/dei\/wp-json\/wp\/v2\/pages"}],"about":[{"href":"https:\/\/semmelweis.hu\/dei\/wp-json\/wp\/v2\/types\/page"}],"author":[{"embeddable":true,"href":"https:\/\/semmelweis.hu\/dei\/wp-json\/wp\/v2\/users\/101238"}],"replies":[{"embeddable":true,"href":"https:\/\/semmelweis.hu\/dei\/wp-json\/wp\/v2\/comments?post=6577"}],"version-history":[{"count":9,"href":"https:\/\/semmelweis.hu\/dei\/wp-json\/wp\/v2\/pages\/6577\/revisions"}],"predecessor-version":[{"id":9426,"href":"https:\/\/semmelweis.hu\/dei\/wp-json\/wp\/v2\/pages\/6577\/revisions\/9426"}],"up":[{"embeddable":true,"href":"https:\/\/semmelweis.hu\/dei\/wp-json\/wp\/v2\/pages\/5598"}],"wp:attachment":[{"href":"https:\/\/semmelweis.hu\/dei\/wp-json\/wp\/v2\/media?parent=6577"}],"wp:term":[{"taxonomy":"category","embeddable":true,"href":"https:\/\/semmelweis.hu\/dei\/wp-json\/wp\/v2\/categories?post=6577"},{"taxonomy":"post_tag","embeddable":true,"href":"https:\/\/semmelweis.hu\/dei\/wp-json\/wp\/v2\/tags?post=6577"}],"curies":[{"name":"wp","href":"https:\/\/api.w.org\/{rel}","templated":true}]}}