{"id":6539,"date":"2017-09-04T19:11:06","date_gmt":"2017-09-04T17:11:06","guid":{"rendered":"http:\/\/semmelweis.hu\/dei\/?page_id=6539"},"modified":"2025-10-10T12:14:42","modified_gmt":"2025-10-10T10:14:42","slug":"altalanos-ugyintezes","status":"publish","type":"page","link":"https:\/\/semmelweis.hu\/dei\/ugyintezes\/altalanos-ugyintezes\/","title":{"rendered":"\u00c1ltal\u00e1nos \u00fcgyint\u00e9z\u00e9s"},"content":{"rendered":"<p>A Digit\u00e1lis Eg\u00e9szs\u00e9gtudom\u00e1nyi Int\u00e9zethez tartoz\u00f3 informatikai laborokkal\/termekkel kapcsolatos \u00fcgyint\u00e9z\u00e9s: <a href=\"mailto:info.dei@semmelweis.hu\" target=\"_blank\" rel=\"noopener\">info.dei@semmelweis.hu<\/a><\/p>\n<p style=\"text-align: center\"><a class=\"button\" href=\"https:\/\/semmelweis.hu\/dei\/ugyintezes\/tanulmanyi-ugyintezes\/\" target=\"null\">TANULM\u00c1NYI \u00dcGYINT\u00c9Z\u00c9S<\/a><\/p>\n<p>&nbsp;<\/p>\n<p>&nbsp;<\/p>\n","protected":false},"excerpt":{"rendered":"<p>A Digit\u00e1lis Eg\u00e9szs\u00e9gtudom\u00e1nyi Int\u00e9zethez tartoz\u00f3 informatikai laborokkal\/termekkel kapcsolatos \u00fcgyint\u00e9z\u00e9s: <a href=\"mailto:info.dei@semmelweis.hu\" target=\"_blank\" rel=\"noopener\">info.dei@semmelweis.hu<\/a><br \/>\n<a class=\"button\" href=\"https:\/\/semmelweis.hu\/dei\/ugyintezes\/tanulmanyi-ugyintezes\/\" target=\"null\">TANULM\u00c1NYI \u00dcGYINT\u00c9Z\u00c9S<\/a><br \/>\n&nbsp;<br \/>\n&nbsp;<\/p>\n","protected":false},"author":101238,"featured_media":0,"parent":6530,"menu_order":0,"comment_status":"closed","ping_status":"closed","template":"","meta":{"_acf_changed":false,"footnotes":""},"categories":[],"tags":[],"class_list":["post-6539","page","type-page","status-publish","hentry"],"acf":[],"_links":{"self":[{"href":"https:\/\/semmelweis.hu\/dei\/wp-json\/wp\/v2\/pages\/6539","targetHints":{"allow":["GET"]}}],"collection":[{"href":"https:\/\/semmelweis.hu\/dei\/wp-json\/wp\/v2\/pages"}],"about":[{"href":"https:\/\/semmelweis.hu\/dei\/wp-json\/wp\/v2\/types\/page"}],"author":[{"embeddable":true,"href":"https:\/\/semmelweis.hu\/dei\/wp-json\/wp\/v2\/users\/101238"}],"replies":[{"embeddable":true,"href":"https:\/\/semmelweis.hu\/dei\/wp-json\/wp\/v2\/comments?post=6539"}],"version-history":[{"count":10,"href":"https:\/\/semmelweis.hu\/dei\/wp-json\/wp\/v2\/pages\/6539\/revisions"}],"predecessor-version":[{"id":9431,"href":"https:\/\/semmelweis.hu\/dei\/wp-json\/wp\/v2\/pages\/6539\/revisions\/9431"}],"up":[{"embeddable":true,"href":"https:\/\/semmelweis.hu\/dei\/wp-json\/wp\/v2\/pages\/6530"}],"wp:attachment":[{"href":"https:\/\/semmelweis.hu\/dei\/wp-json\/wp\/v2\/media?parent=6539"}],"wp:term":[{"taxonomy":"category","embeddable":true,"href":"https:\/\/semmelweis.hu\/dei\/wp-json\/wp\/v2\/categories?post=6539"},{"taxonomy":"post_tag","embeddable":true,"href":"https:\/\/semmelweis.hu\/dei\/wp-json\/wp\/v2\/tags?post=6539"}],"curies":[{"name":"wp","href":"https:\/\/api.w.org\/{rel}","templated":true}]}}