{"id":6530,"date":"2017-09-04T19:04:12","date_gmt":"2017-09-04T17:04:12","guid":{"rendered":"http:\/\/semmelweis.hu\/dei\/?page_id=6530"},"modified":"2017-09-06T17:46:25","modified_gmt":"2017-09-06T15:46:25","slug":"ugyintezes","status":"publish","type":"page","link":"https:\/\/semmelweis.hu\/dei\/ugyintezes\/","title":{"rendered":"\u00dcgyint\u00e9z\u00e9s"},"content":{"rendered":"","protected":false},"excerpt":{"rendered":"","protected":false},"author":101238,"featured_media":0,"parent":0,"menu_order":12,"comment_status":"closed","ping_status":"closed","template":"","meta":{"_acf_changed":false,"footnotes":""},"categories":[],"tags":[],"class_list":["post-6530","page","type-page","status-publish","hentry"],"acf":[],"_links":{"self":[{"href":"https:\/\/semmelweis.hu\/dei\/wp-json\/wp\/v2\/pages\/6530","targetHints":{"allow":["GET"]}}],"collection":[{"href":"https:\/\/semmelweis.hu\/dei\/wp-json\/wp\/v2\/pages"}],"about":[{"href":"https:\/\/semmelweis.hu\/dei\/wp-json\/wp\/v2\/types\/page"}],"author":[{"embeddable":true,"href":"https:\/\/semmelweis.hu\/dei\/wp-json\/wp\/v2\/users\/101238"}],"replies":[{"embeddable":true,"href":"https:\/\/semmelweis.hu\/dei\/wp-json\/wp\/v2\/comments?post=6530"}],"version-history":[{"count":2,"href":"https:\/\/semmelweis.hu\/dei\/wp-json\/wp\/v2\/pages\/6530\/revisions"}],"predecessor-version":[{"id":6623,"href":"https:\/\/semmelweis.hu\/dei\/wp-json\/wp\/v2\/pages\/6530\/revisions\/6623"}],"wp:attachment":[{"href":"https:\/\/semmelweis.hu\/dei\/wp-json\/wp\/v2\/media?parent=6530"}],"wp:term":[{"taxonomy":"category","embeddable":true,"href":"https:\/\/semmelweis.hu\/dei\/wp-json\/wp\/v2\/categories?post=6530"},{"taxonomy":"post_tag","embeddable":true,"href":"https:\/\/semmelweis.hu\/dei\/wp-json\/wp\/v2\/tags?post=6530"}],"curies":[{"name":"wp","href":"https:\/\/api.w.org\/{rel}","templated":true}]}}