{"id":6439,"date":"2017-09-04T18:12:10","date_gmt":"2017-09-04T16:12:10","guid":{"rendered":"http:\/\/semmelweis.hu\/dei\/?page_id=6439"},"modified":"2025-08-27T10:24:15","modified_gmt":"2025-08-27T08:24:15","slug":"munkatarsak","status":"publish","type":"page","link":"https:\/\/semmelweis.hu\/dei\/intezet\/munkatarsak\/","title":{"rendered":"Munkat\u00e1rsak"},"content":{"rendered":"<table class=\" aligncenter\" style=\"width: 100%;border-color: #ffffff;background-color: #ffffff\">\n<tbody>\n<tr>\n<td style=\"width: 18.9115%;border-color: #ffffff;background-color: #ffffff\">\u00a0<\/td>\n<td style=\"width: 55.3742%;line-height: 0.75em;border-color: #ffffff;background-color: #ffffff\">\n<p><strong>\u00a0<\/strong><\/p>\n<\/td>\n<td style=\"width: 25.4422%;border-color: #ffffff;background-color: #ffffff\">\n<p><span style=\"font-size: 10pt\">\u00a0<\/span><\/p>\n<\/td>\n<\/tr>\n<tr style=\"height: 53px\">\n<td style=\"width: 99.7279%;text-align: center;vertical-align: middle;height: 53px;border-color: #ffffff;background-color: #ffffff\" colspan=\"3\">\n<h3>\u00dcgyint\u00e9z\u0151k<\/p>\n<\/h3>\n<\/td>\n<\/tr>\n<tr style=\"height: 146px\">\n<td style=\"width: 18.9115%;border-color: #ffffff;background-color: #ffffff;height: 146px\">\u00a0<\/td>\n<td style=\"width: 55.3742%;line-height: 0.75em;border-color: #ffffff;background-color: #ffffff;height: 146px\">\n<p><strong>GYURKOVICS ZOLT\u00c1NN\u00c9<\/strong><\/p>\n<p><span style=\"font-size: 10pt\">E-mail: gyurkovics.zoltanne [@] semmelweis.hu<\/span><\/p>\n<p><span style=\"font-size: 10pt\">Telefon: +36-20\/663-2338<\/span><\/p>\n<p><strong>\u00a0<\/strong><\/p>\n<\/td>\n<td style=\"width: 25.4422%;border-color: #ffffff;background-color: #ffffff;height: 146px\">\n<p><span style=\"font-size: 10pt\">tanulm\u00e1nyi \u00fcgyint\u00e9z\u0151<\/span><\/p>\n<\/td>\n<\/tr>\n<tr style=\"height: 161px\">\n<td style=\"width: 18.9115%;height: 161px;border-color: #ffffff;background-color: #ffffff\"><a href=\"https:\/\/semmelweis.hu\/dei\/files\/2019\/10\/tp_ok.jpg\"><img loading=\"lazy\" decoding=\"async\" class=\"alignnone size-full wp-image-7981\" src=\"https:\/\/semmelweis.hu\/dei\/files\/2019\/10\/tp_ok.jpg\" alt=\"\" width=\"100\" height=\"150\" \/><\/a><\/td>\n<td style=\"width: 55.3742%;line-height: 0.75em;height: 161px;border-color: #ffffff;background-color: #ffffff\">\n<p><strong>T\u00d3TH P\u00c1L<\/strong><\/p>\n<p><span style=\"font-size: 10pt\">E-mail:\u00a0 toth.pal [@] semmelweis.hu<\/span><\/p>\n<p><span style=\"font-size: 10pt\">Telefon:\u00a0 +36-20\/825-8442<\/span><\/p>\n<\/td>\n<td style=\"width: 25.4422%;height: 161px;border-color: #ffffff;background-color: #ffffff\">\n<p><span style=\"font-size: 10pt\">oktat\u00e1sszervez\u0151<\/span><\/p>\n<\/td>\n<\/tr>\n<tr style=\"height: 216px\">\n<td style=\"width: 18.9115%;border-color: #ffffff;background-color: #ffffff;height: 216px\"><a href=\"https:\/\/semmelweis.hu\/dei\/files\/2022\/10\/nagy_julia2-e1665416726117.jpg\"><img loading=\"lazy\" decoding=\"async\" class=\"alignnone  wp-image-8784\" src=\"https:\/\/semmelweis.hu\/dei\/files\/2022\/10\/nagy_julia2-200x300.jpg\" alt=\"\" width=\"100\" height=\"150\" \/><\/a><\/td>\n<td style=\"width: 55.3742%;line-height: 0.75em;border-color: #ffffff;background-color: #ffffff;height: 216px\">\n<p>&nbsp;<\/p>\n<p>&nbsp;<\/p>\n<p><strong>NAGY J\u00daLIA<\/strong><\/p>\n<p><span style=\"font-size: 10pt\">E-mail:\u00a0 nagy.julia [@] semmelweis.hu<\/span><\/p>\n<p><span style=\"font-size: 10pt\">Telefon:\u00a0 +36-20\/663-2362<\/span><\/p>\n<p><strong>\u00a0<\/strong><\/p>\n<\/td>\n<td style=\"width: 25.4422%;border-color: #ffffff;background-color: #ffffff;height: 216px\">\n<p><span style=\"font-size: 10pt\">adminisztrat\u00edv \u00fcgyint\u00e9z\u0151<\/span><\/p>\n<\/td>\n<\/tr>\n<tr style=\"height: 53px\">\n<td style=\"width: 99.7279%;text-align: center;height: 53px;border-color: #ffffff;background-color: #ffffff\" colspan=\"3\">\n<p>&nbsp;<\/p>\n<h3>Professor Emeritus<\/h3>\n<\/td>\n<\/tr>\n<tr style=\"height: 48px\">\n<td style=\"width: 18.9115%;border-color: #ffffff;background-color: #ffffff;height: 48px\">\u00a0<\/td>\n<td style=\"width: 55.3742%;line-height: 0.75em;border-color: #ffffff;background-color: #ffffff;height: 48px\">\n<p><strong>DR. DINYA ELEK CSc<br \/>\n<\/strong><\/p>\n<p><span style=\"font-size: 10pt\">E-mail: dinya.elek [@] semmelweis.hu<\/span><\/p>\n<\/td>\n<td style=\"width: 25.4422%;border-color: #ffffff;background-color: #ffffff;height: 48px\">\n<p><span style=\"font-size: 10pt\">ny. egyetemi tan\u00e1r<\/span><\/p>\n<\/td>\n<\/tr>\n<tr style=\"height: 87px\">\n<td style=\"width: 18.9115%;border-color: #ffffff;background-color: #ffffff;height: 87px\">\u00a0<\/td>\n<td style=\"width: 55.3742%;line-height: 0.75em;border-color: #ffffff;background-color: #ffffff;height: 87px\">\n<h3>\u00a0 \u00a0 \u00a0 \u00a0 \u00a0 \u00a0 \u00a0 \u00a0 \u00a0 \u00a0 \u00a0 \u00a0Oktat\u00f3k<\/h3>\n<\/td>\n<td style=\"width: 25.4422%;border-color: #ffffff;background-color: #ffffff;height: 87px\">\n<p><span style=\"font-size: 10pt\">\u00a0<\/span><\/p>\n<\/td>\n<\/tr>\n<tr style=\"height: 152px\">\n<td style=\"width: 18.9115%;border-color: #ffffff;background-color: #ffffff;height: 152px\"><a href=\"https:\/\/semmelweis.hu\/dei\/files\/2020\/01\/Imre-L\u00e1szl\u00f3-fot\u00f3_1_100x150.jpg\">\u00a0<img loading=\"lazy\" decoding=\"async\" class=\"size-full wp-image-8013 aligncenter\" src=\"https:\/\/semmelweis.hu\/dei\/files\/2020\/01\/Imre-L\u00e1szl\u00f3-fot\u00f3_1_100x150.jpg\" alt=\"\" width=\"100\" height=\"150\" \/><\/a><\/td>\n<td style=\"width: 55.3742%;line-height: 0.75em;border-color: #ffffff;background-color: #ffffff;height: 152px\">\n<p><strong>DR. IMRE L\u00c1SZL\u00d3<\/strong><\/p>\n<p><span style=\"font-size: 10pt\">E-mail: imre.laszlo [@] semmelweis.hu<\/span><\/p>\n<p><span style=\"font-size: 10pt\">Telefon:\u00a0<\/span><\/p>\n<p>&nbsp;<\/p>\n<\/td>\n<td style=\"width: 25.4422%;border-color: #ffffff;background-color: #ffffff;height: 152px\">\n<p><span style=\"font-size: 10pt\">mesteroktat\u00f3<\/span><\/p>\n<\/td>\n<\/tr>\n<tr style=\"height: 161px\">\n<td style=\"width: 18.9115%;height: 161px;border-color: #ffffff;background-color: #ffffff\"><a href=\"https:\/\/semmelweis.hu\/dei\/files\/2019\/07\/kalmar_istvan.jpg\"><img loading=\"lazy\" decoding=\"async\" class=\"aligncenter wp-image-7723\" src=\"https:\/\/semmelweis.hu\/dei\/files\/2019\/07\/kalmar_istvan-100x150.jpg\" alt=\"\" width=\"100\" height=\"150\" \/><\/a><\/td>\n<td style=\"width: 55.3742%;line-height: 0.75em;height: 161px;border-color: #ffffff;background-color: #ffffff\">\n<p><strong>KALM\u00c1R ISTV\u00c1N<\/strong><\/p>\n<p><span style=\"font-size: 10pt\">E-mail: kalmar.istvan [@] semmelweis.hu<\/span><\/p>\n<p><span style=\"font-size: 10pt\">Telefon: +36-20\/825-9635<\/span><\/p>\n<p>&nbsp;<\/p>\n<\/td>\n<td style=\"width: 25.4422%;height: 161px;border-color: #ffffff;background-color: #ffffff\">\n<p><span style=\"font-size: 10pt\">\u00fcgyviv\u0151 szak\u00e9rt\u0151 <\/span><\/p>\n<\/td>\n<\/tr>\n<tr style=\"height: 161px\">\n<td style=\"width: 18.9115%;height: 161px;border-color: #ffffff;background-color: #ffffff\"><img loading=\"lazy\" decoding=\"async\" class=\"aligncenter wp-image-6726 size-full\" src=\"https:\/\/semmelweis.hu\/dei\/files\/2017\/09\/MarosiG.png\" alt=\"Marosi Gergely \u00c1d\u00e1m\" width=\"100\" height=\"150\" \/><\/td>\n<td style=\"width: 55.3742%;line-height: 0.75em;height: 161px;border-color: #ffffff;background-color: #ffffff\">\n<p><strong>MAROSI GERGELY \u00c1D\u00c1M<\/strong><\/p>\n<p><span style=\"font-size: 10pt\">E-mail: marosi.gergely.adam [@] semmelweis.hu<\/span><\/p>\n<p><span style=\"font-size: 10pt\">Telefon: +36-20\/324-4158<br \/>\n<\/span><\/p>\n<p>&nbsp;<\/p>\n<\/td>\n<td style=\"width: 25.4422%;height: 161px;border-color: #ffffff;background-color: #ffffff\">\n<p><span style=\"font-size: 10pt\">szakmai ir\u00e1ny\u00edt\u00f3<\/span><\/p>\n<\/td>\n<\/tr>\n<tr style=\"height: 181px\">\n<td style=\"width: 18.9115%;border-color: #ffffff;background-color: #ffffff;height: 181px\"><a href=\"https:\/\/semmelweis.hu\/dei\/files\/2021\/05\/NagyKutasiAndrea100_140.jpg\"><img loading=\"lazy\" decoding=\"async\" class=\"size-full wp-image-8550 aligncenter\" src=\"https:\/\/semmelweis.hu\/dei\/files\/2021\/05\/NagyKutasiAndrea100_140.jpg\" alt=\"\" width=\"100\" height=\"140\" \/><\/a><\/td>\n<td style=\"width: 55.3742%;line-height: 0.75em;border-color: #ffffff;background-color: #ffffff;height: 181px\">\n<p>&nbsp;<\/p>\n<p><strong>NAGY-KUTASI ANDREA<\/strong><\/p>\n<p><span style=\"font-size: 10pt\">E-mail: nagy.kutasi.andrea [@] semmelweis.hu<\/span><\/p>\n<p><span style=\"font-size: 10pt\">Telefon: +36-20\/666-3956<\/span><\/p>\n<p><strong>\u00a0<\/strong><\/p>\n<\/td>\n<td style=\"width: 25.4422%;border-color: #ffffff;background-color: #ffffff;height: 181px\">\n<p><span style=\"font-size: 10pt\">mesteroktat\u00f3<\/span><\/p>\n<\/td>\n<\/tr>\n<tr style=\"height: 161px\">\n<td style=\"width: 18.9115%;height: 161px;border-color: #ffffff;background-color: #ffffff\"><img loading=\"lazy\" decoding=\"async\" class=\"aligncenter wp-image-6911 size-full\" src=\"https:\/\/semmelweis.hu\/dei\/files\/2017\/09\/RadnaiA.png\" alt=\"\" width=\"100\" height=\"150\" \/><\/td>\n<td style=\"width: 55.3742%;line-height: 0.75em;height: 161px;border-color: #ffffff;background-color: #ffffff\">\n<p><strong>RADNAI ANDR\u00c1S<\/strong><\/p>\n<p><span style=\"font-size: 10pt\">E-mail: radnai.andras [@] semmelweis.hu<\/span><\/p>\n<p><span style=\"font-size: 10pt\">Telefon: +36-20\/663-2361<\/span><\/p>\n<p>&nbsp;<\/p>\n<\/td>\n<td style=\"width: 25.4422%;height: 161px;border-color: #ffffff;background-color: #ffffff\">\n<p>&nbsp;<\/p>\n<p><span style=\"font-size: 10pt\">tansz\u00e9ki m\u00e9rn\u00f6k<\/span><\/p>\n<\/td>\n<\/tr>\n<tr style=\"height: 152px\">\n<td style=\"width: 18.9115%;border-color: #ffffff;background-color: #ffffff;height: 152px\"><a href=\"https:\/\/semmelweis.hu\/dei\/files\/2021\/05\/Remete_Gerg\u0151_100_150.jpg\"><img loading=\"lazy\" decoding=\"async\" class=\"size-full wp-image-8549 aligncenter\" src=\"https:\/\/semmelweis.hu\/dei\/files\/2021\/05\/Remete_Gerg\u0151_100_150.jpg\" alt=\"\" width=\"100\" height=\"150\" \/><\/a><\/td>\n<td style=\"width: 55.3742%;line-height: 0.75em;border-color: #ffffff;background-color: #ffffff;height: 152px\">\n<p>&nbsp;<\/p>\n<p><strong>DR. REMETE S\u00c1NDOR GERG\u0150<\/strong><\/p>\n<p><span style=\"font-size: 10pt\">E-mail: remete.sandor [@] semmelweis.hu<\/span><\/p>\n<p><span style=\"font-size: 10pt\">Telefon:\u00a0<\/span><\/p>\n<\/td>\n<td style=\"width: 25.4422%;border-color: #ffffff;background-color: #ffffff;height: 152px\">\n<p><span style=\"font-size: 10pt\">mesteroktat\u00f3<\/span><\/p>\n<\/td>\n<\/tr>\n<tr style=\"height: 161px\">\n<td style=\"width: 18.9115%;height: 161px;border-color: #ffffff;background-color: #ffffff\"><a href=\"https:\/\/semmelweis.hu\/dei\/files\/2021\/06\/Dr.SandorZoltan-scaled.jpg\"><img loading=\"lazy\" decoding=\"async\" class=\"wp-image-8562 aligncenter\" src=\"https:\/\/semmelweis.hu\/dei\/files\/2021\/06\/Dr.SandorZoltan-200x300.jpg\" alt=\"\" width=\"101\" height=\"152\" srcset=\"https:\/\/semmelweis.hu\/dei\/files\/2021\/06\/Dr.SandorZoltan-200x300.jpg 200w, https:\/\/semmelweis.hu\/dei\/files\/2021\/06\/Dr.SandorZoltan-683x1024.jpg 683w, https:\/\/semmelweis.hu\/dei\/files\/2021\/06\/Dr.SandorZoltan-768x1152.jpg 768w, https:\/\/semmelweis.hu\/dei\/files\/2021\/06\/Dr.SandorZoltan-1024x1536.jpg 1024w, https:\/\/semmelweis.hu\/dei\/files\/2021\/06\/Dr.SandorZoltan-1365x2048.jpg 1365w, https:\/\/semmelweis.hu\/dei\/files\/2021\/06\/Dr.SandorZoltan-753x1129.jpg 753w, https:\/\/semmelweis.hu\/dei\/files\/2021\/06\/Dr.SandorZoltan-scaled.jpg 1707w\" sizes=\"auto, (max-width: 101px) 100vw, 101px\" \/><\/a><\/td>\n<td style=\"width: 55.3742%;line-height: 0.75em;height: 161px;border-color: #ffffff;background-color: #ffffff\">\n<p><strong>DR. S\u00c1NDOR ZOLT\u00c1N PHD<\/strong><\/p>\n<p><span style=\"font-size: 10pt\">E-mail: sandor.zoltan [@] semmelweis.hu<\/span><\/p>\n<p><span style=\"font-size: 10pt\">Telefon: +36-20\/825-9639<\/span><\/p>\n<p>&nbsp;<\/p>\n<\/td>\n<td style=\"width: 25.4422%;height: 161px;border-color: #ffffff;background-color: #ffffff\">\n<p><span style=\"font-size: 10pt\">egyetemi adjunktus<\/span><\/p>\n<\/td>\n<\/tr>\n<tr style=\"height: 159px\">\n<td style=\"width: 18.9115%;height: 159px;border-color: #ffffff;background-color: #ffffff\"><a href=\"https:\/\/semmelweis.hu\/dei\/files\/2019\/09\/stubnya_gusztav.jpg\"><img loading=\"lazy\" decoding=\"async\" class=\"aligncenter size-full wp-image-7897\" src=\"https:\/\/semmelweis.hu\/dei\/files\/2019\/09\/stubnya_gusztav.jpg\" alt=\"\" width=\"100\" height=\"148\" \/><\/a><\/td>\n<td style=\"width: 55.3742%;line-height: 0.75em;height: 159px;border-color: #ffffff;background-color: #ffffff\">\n<p><strong>DR. STUBNYA GUSZT\u00c1V R\u00d3BERT PHD<\/strong><\/p>\n<p><span style=\"font-size: 10pt\">E-mail: stubnya.gusztav [@] semmelweis.hu<\/span><\/p>\n<p><span style=\"font-size: 10pt\">Telefon:\u00a0<\/span><\/p>\n<\/td>\n<td style=\"width: 25.4422%;height: 159px;border-color: #ffffff;background-color: #ffffff\">\n<p><span style=\"font-size: 10pt\">egyetemi docens<\/span><\/p>\n<\/td>\n<\/tr>\n<tr style=\"height: 161px\">\n<td style=\"width: 18.9115%;height: 161px;border-color: #ffffff;background-color: #ffffff\"><a href=\"https:\/\/semmelweis.hu\/dei\/files\/2021\/05\/surj\u00e1n_100_150.jpg\"><img loading=\"lazy\" decoding=\"async\" class=\"size-full wp-image-8547 aligncenter\" src=\"https:\/\/semmelweis.hu\/dei\/files\/2021\/05\/surj\u00e1n_100_150.jpg\" alt=\"\" width=\"100\" height=\"150\" \/><\/a><\/td>\n<td style=\"width: 55.3742%;line-height: 0.75em;height: 161px;border-color: #ffffff;background-color: #ffffff\">\n<p><strong>DR. SURJ\u00c1N GY\u00d6RGY PHD<\/strong><\/p>\n<p><span style=\"font-size: 10pt\">E-mail: surjan.gyorgy [@] semmelweis.hu<\/span><\/p>\n<p><span style=\"font-size: 10pt\">Telefon:\u00a0<\/span><\/p>\n<p>&nbsp;<\/p>\n<\/td>\n<td style=\"width: 25.4422%;height: 161px;border-color: #ffffff;background-color: #ffffff\">\n<p><span style=\"font-size: 10pt\">egyetemi adjunktus<\/span><\/p>\n<\/td>\n<\/tr>\n<tr style=\"height: 148px\">\n<td style=\"width: 18.9115%;height: 148px;border-color: #ffffff;background-color: #ffffff\"><a href=\"https:\/\/semmelweis.hu\/dei\/files\/2019\/07\/tamus_adam.jpg\"><img loading=\"lazy\" decoding=\"async\" class=\"wp-image-7720 size-full aligncenter\" src=\"https:\/\/semmelweis.hu\/dei\/files\/2019\/07\/tamus_adam.jpg\" alt=\"\" width=\"100\" height=\"132\" \/><\/a><\/td>\n<td style=\"width: 55.3742%;line-height: 0.75em;height: 148px;border-color: #ffffff;background-color: #ffffff\">\n<p><strong>DR. TAMUS ZOLT\u00c1N \u00c1D\u00c1M PHD<\/strong><\/p>\n<p><span style=\"font-size: 10pt\">E-mail: tamus.adam [@] semmelweis.hu<\/span><\/p>\n<p><span style=\"font-size: 10pt\">Telefon:\u00a0<\/span><\/p>\n<p>&nbsp;<\/p>\n<\/td>\n<td style=\"width: 25.4422%;height: 148px;border-color: #ffffff;background-color: #ffffff\">\n<p><span style=\"font-size: 10pt\">egyetemi docens<\/span><\/p>\n<\/td>\n<\/tr>\n<tr style=\"height: 161px\">\n<td style=\"width: 18.9115%;height: 161px;border-color: #ffffff;background-color: #ffffff\"><a href=\"https:\/\/semmelweis.hu\/dei\/files\/2021\/05\/t\u00f3tht_100_150.jpg\"><img loading=\"lazy\" decoding=\"async\" class=\"wp-image-8553 aligncenter\" src=\"https:\/\/semmelweis.hu\/dei\/files\/2021\/05\/t\u00f3tht_100_150.jpg\" alt=\"\" width=\"100\" height=\"150\" \/><\/a><\/td>\n<td style=\"width: 55.3742%;line-height: 0.75em;height: 161px;border-color: #ffffff;background-color: #ffffff\">\n<p><strong>DR. T\u00d3TH TAM\u00c1S PHD<\/strong><\/p>\n<p><span style=\"font-size: 10pt\">E-mail: toth.tamas1 [@] semmelweis.hu<\/span><\/p>\n<p><span style=\"font-size: 10pt\">Telefon: +36-30\/481-4543<\/span><\/p>\n<p>&nbsp;<\/p>\n<\/td>\n<td style=\"width: 25.4422%;height: 161px;border-color: #ffffff;background-color: #ffffff\">\n<p><span style=\"font-size: 10pt\">egyetemi adjunktus<\/span><\/p>\n<\/td>\n<\/tr>\n<tr style=\"height: 146px\">\n<td style=\"width: 18.9115%;border-color: #ffffff;background-color: #ffffff;height: 168px\"><a href=\"https:\/\/semmelweis.hu\/dei\/files\/2020\/01\/Toth_Peter_fot\u00f3_100x150.png\"><img loading=\"lazy\" decoding=\"async\" class=\"wp-image-8014 aligncenter\" src=\"https:\/\/semmelweis.hu\/dei\/files\/2020\/01\/Toth_Peter_fot\u00f3_100x150.png\" alt=\"\" width=\"100\" height=\"120\" \/><\/a><\/td>\n<td style=\"width: 55.3742%;line-height: 0.75em;border-color: #ffffff;background-color: #ffffff;height: 168px\">\n<p><strong>\u00a0T\u00d3TH P\u00c9TER<\/strong><\/p>\n<p><span style=\"font-size: 10pt\">\u00a0 E-mail: toth.peter3 [@] semmelweis.hu<\/span><\/p>\n<p><span style=\"font-size: 10pt\"> Telefon:\u00a0<\/span><\/p>\n<p><strong>\u00a0<\/strong><\/p>\n<\/td>\n<td style=\"width: 25.4422%;border-color: #ffffff;background-color: #ffffff;height: 168px\">\n<p><span style=\"font-size: 10pt\">mesteroktat\u00f3<\/span><\/p>\n<\/td>\n<\/tr>\n<tr style=\"height: 153px\">\n<td style=\"width: 18.9115%;border-color: #ffffff;background-color: #ffffff;height: 153px\"><a href=\"https:\/\/semmelweis.hu\/dei\/files\/2022\/01\/00000062-e1642068823386.jpeg\"><img loading=\"lazy\" decoding=\"async\" class=\"wp-image-8626 aligncenter\" src=\"https:\/\/semmelweis.hu\/dei\/files\/2022\/01\/00000062-200x300.jpeg\" alt=\"\" width=\"100\" height=\"150\" \/><\/a><\/td>\n<td style=\"width: 55.3742%;line-height: 0.75em;border-color: #ffffff;background-color: #ffffff;height: 153px\">\n<p><strong>\u00a0 \u00a0DR. T\u00d3TH ZOLT\u00c1N PHD<\/strong><\/p>\n<p><span style=\"font-size: 10pt\">\u00a0 \u00a0 E-mail: toth.zoltan2 [@] semmelweis.hu<\/span><\/p>\n<p><span style=\"font-size: 10pt\">\u00a0 \u00a0 Telefon:\u00a0<\/span><\/p>\n<p><strong>\u00a0<\/strong><\/p>\n<\/td>\n<td style=\"width: 25.4422%;border-color: #ffffff;background-color: #ffffff;height: 153px\">\n<p><span style=\"font-size: 10pt\">egyetemi docens<\/span><\/p>\n<\/td>\n<\/tr>\n<tr style=\"height: 161px\">\n<td style=\"width: 18.9115%;height: 161px;border-color: #ffffff;background-color: #ffffff\"><a href=\"https:\/\/semmelweis.hu\/dei\/files\/2021\/05\/zajzon_100.jpg\"><img loading=\"lazy\" decoding=\"async\" class=\"size-full wp-image-8548 aligncenter\" src=\"https:\/\/semmelweis.hu\/dei\/files\/2021\/05\/zajzon_100.jpg\" alt=\"\" width=\"100\" height=\"118\" \/><\/a><\/td>\n<td style=\"width: 55.3742%;line-height: 0.75em;height: 161px;border-color: #ffffff;background-color: #ffffff\">\n<p>&nbsp;<\/p>\n<p><strong>\u00a0DR. ZAJZON GERGELY<\/strong><\/p>\n<p><span style=\"font-size: 10pt\">\u00a0E-mail: zajzon.gergely [@] semmelweis.hu<\/span><\/p>\n<p><span style=\"font-size: 10pt\">\u00a0Telefon: +36-20\/960-4294<\/span><\/p>\n<p>&nbsp;<\/p>\n<\/td>\n<td style=\"width: 25.4422%;height: 161px;border-color: #ffffff;background-color: #ffffff\">\n<p><span style=\"font-size: 10pt\">egyetemi tan\u00e1rseg\u00e9d<\/span><\/p>\n<\/td>\n<\/tr>\n<tr style=\"height: 147px\">\n<td style=\"width: 99.7279%;border-color: #ffffff;background-color: #ffffff;height: 147px\" colspan=\"3\"><em>Az oldalon tal\u00e1lhat\u00f3 el\u00e9rhet\u0151s\u00e9gi adatok nem haszn\u00e1lhat\u00f3k fel az 1995. \u00e9vi CXIX. t\u00f6rv\u00e9ny szerinti kutat\u00e1s \u00e9s k\u00f6zvetlen \u00fczletszerz\u00e9s c\u00e9lj\u00e1ra.<\/em><\/p>\n<p>&nbsp;<\/p>\n<p><span style=\"font-size: 10pt\">\u00a0<\/span><\/p>\n<\/td>\n<\/tr>\n<tr style=\"height: 48px\">\n<td style=\"width: 18.9115%;border-color: #ffffff;background-color: #ffffff;height: 48px\">\u00a0<\/td>\n<td style=\"width: 55.3742%;line-height: 0.75em;border-color: #ffffff;background-color: #ffffff;height: 48px\">\n<p>&nbsp;<\/p>\n<\/td>\n<td style=\"width: 25.4422%;border-color: #ffffff;background-color: #ffffff;height: 48px\">\n<p><span style=\"font-size: 10pt\">\u00a0<\/span><\/p>\n<\/td>\n<\/tr>\n<\/tbody>\n<\/table>\n<p>&nbsp;<\/p>\n","protected":false},"excerpt":{"rendered":"<p>\u00a0 \u00a0 \u00a0 \u00dcgyint\u00e9z\u0151k \u00a0 GYURKOVICS ZOLT\u00c1NN\u00c9 E-mail: gyurkovics.zoltanne [@] semmelweis.hu Telefon: +36-20\/663-2338 \u00a0 tanulm\u00e1nyi \u00fcgyint\u00e9z\u0151 <a href=\"https:\/\/semmelweis.hu\/dei\/files\/2019\/10\/tp_ok.jpg\"><\/a> T\u00d3TH P\u00c1L E-mail:\u00a0 toth.pal [@] semmelweis.hu Telefon:\u00a0 +36-20\/825-8442 oktat\u00e1sszervez\u0151 <a href=\"https:\/\/semmelweis.hu\/dei\/files\/2022\/10\/nagy_julia2-e1665416726117.jpg\"><\/a> &nbsp; &nbsp; NAGY J\u00daLIA E-mail:\u00a0 nagy.julia [@] semmelweis.hu Telefon:\u00a0 +36-20\/663-2362 \u00a0 adminisztrat\u00edv \u00fcgyint\u00e9z\u0151 &nbsp; Professor Emeritus \u00a0 DR. DINYA ELEK CSc E-mail: dinya.elek [@] semmelweis.hu ny. egyetemi tan\u00e1r \u00a0 \u00a0 &hellip;<\/p>\n","protected":false},"author":101238,"featured_media":0,"parent":6426,"menu_order":2,"comment_status":"closed","ping_status":"closed","template":"","meta":{"_acf_changed":false,"footnotes":""},"categories":[],"tags":[],"class_list":["post-6439","page","type-page","status-publish","hentry"],"acf":[],"_links":{"self":[{"href":"https:\/\/semmelweis.hu\/dei\/wp-json\/wp\/v2\/pages\/6439","targetHints":{"allow":["GET"]}}],"collection":[{"href":"https:\/\/semmelweis.hu\/dei\/wp-json\/wp\/v2\/pages"}],"about":[{"href":"https:\/\/semmelweis.hu\/dei\/wp-json\/wp\/v2\/types\/page"}],"author":[{"embeddable":true,"href":"https:\/\/semmelweis.hu\/dei\/wp-json\/wp\/v2\/users\/101238"}],"replies":[{"embeddable":true,"href":"https:\/\/semmelweis.hu\/dei\/wp-json\/wp\/v2\/comments?post=6439"}],"version-history":[{"count":17,"href":"https:\/\/semmelweis.hu\/dei\/wp-json\/wp\/v2\/pages\/6439\/revisions"}],"predecessor-version":[{"id":9313,"href":"https:\/\/semmelweis.hu\/dei\/wp-json\/wp\/v2\/pages\/6439\/revisions\/9313"}],"up":[{"embeddable":true,"href":"https:\/\/semmelweis.hu\/dei\/wp-json\/wp\/v2\/pages\/6426"}],"wp:attachment":[{"href":"https:\/\/semmelweis.hu\/dei\/wp-json\/wp\/v2\/media?parent=6439"}],"wp:term":[{"taxonomy":"category","embeddable":true,"href":"https:\/\/semmelweis.hu\/dei\/wp-json\/wp\/v2\/categories?post=6439"},{"taxonomy":"post_tag","embeddable":true,"href":"https:\/\/semmelweis.hu\/dei\/wp-json\/wp\/v2\/tags?post=6439"}],"curies":[{"name":"wp","href":"https:\/\/api.w.org\/{rel}","templated":true}]}}