{"id":6421,"date":"2017-09-04T12:14:35","date_gmt":"2017-09-04T10:14:35","guid":{"rendered":"http:\/\/semmelweis.hu\/dei\/?page_id=6421"},"modified":"2024-09-11T18:31:24","modified_gmt":"2024-09-11T16:31:24","slug":"intezet-tortenete","status":"publish","type":"page","link":"https:\/\/semmelweis.hu\/dei\/intezet\/intezet-tortenete\/","title":{"rendered":"Az Int\u00e9zet t\u00f6rt\u00e9nete"},"content":{"rendered":"<p style=\"text-align: justify\">Az Int\u00e9zet a Semmelweis Egyetemen 1974-ben l\u00e9trej\u00f6tt \u00f6n\u00e1ll\u00f3 Sz\u00e1m\u00edt\u00e1stechnikai Csoportb\u00f3l eredeztethet\u0151.<\/p>\n<p style=\"text-align: justify\">Az oktat\u00e1s szempontj\u00e1b\u00f3l l\u00e9nyeges d\u00e1tum 1986, amikor az akkori Sz\u00e1m\u00edt\u00f3k\u00f6zpont elind\u00edtotta a sz\u00e1m\u00edt\u00e1stechnika tant\u00e1rgy oktat\u00e1s\u00e1t \u2013 magyar, angol nyelven, az Egyetem mindh\u00e1rom kar\u00e1n \u2013 a Kutat\u00e1si \u00e9s Oktat\u00e1si Oszt\u00e1ly munkat\u00e1rsaival. Ez az oktat\u00e1s a mai napig folyik, term\u00e9szetesen az eg\u00e9szs\u00e9g\u00fcgyi informatika fejl\u0151d\u00e9s\u00e9nek megfelel\u0151 tartalommal.<\/p>\n<p style=\"text-align: justify\">Az Int\u00e9zet 2004-ben lett \u00f6n\u00e1ll\u00f3 szervezeti egys\u00e9g az \u00c1ltal\u00e1nos Orvostudom\u00e1nyi Karon bel\u00fcl, majd 2010-ben egyik alap\u00edt\u00f3ja lett az Eg\u00e9szs\u00e9g\u00fcgyi K\u00f6zszolg\u00e1lati Karnak. Alapfeladata az eg\u00e9szs\u00e9g\u00fcgyi szervez\u0151 szak (szakir\u00e1ny: digit\u00e1lis eg\u00e9szs\u00e9g\u00fcgyi szervez\u0151) BSc k\u00e9pz\u00e9s mellett az orvostanhallgat\u00f3k, a fogorvostan-hallgat\u00f3k \u00e9s a gy\u00f3gyszer\u00e9szhallgat\u00f3k magyar, angol \u00e9s n\u00e9met nyelv\u0171 gradu\u00e1lis orvosi, eg\u00e9szs\u00e9g\u00fcgyi informatikai k\u00e9pz\u00e9se.<\/p>\n<p style=\"text-align: justify\">Az Int\u00e9zet akt\u00edvan r\u00e9szt vesz az orsz\u00e1gos eg\u00e9szs\u00e9g\u00fcgyi informatikai kutat\u00f3-fejleszt\u0151 \u00e9s oktat\u00e1sfejleszt\u0151 projektekben.<\/p>\n<p><a href=\"https:\/\/semmelweis.hu\/dei\/files\/2019\/07\/dei.int\u00e9zetr\u0151l.03.png\"><img loading=\"lazy\" decoding=\"async\" class=\" wp-image-7777 aligncenter\" src=\"https:\/\/semmelweis.hu\/dei\/files\/2019\/07\/dei.int\u00e9zetr\u0151l.03-300x260.png\" alt=\"\" width=\"789\" height=\"684\" srcset=\"https:\/\/semmelweis.hu\/dei\/files\/2019\/07\/dei.int\u00e9zetr\u0151l.03-300x260.png 300w, https:\/\/semmelweis.hu\/dei\/files\/2019\/07\/dei.int\u00e9zetr\u0151l.03-346x300.png 346w, https:\/\/semmelweis.hu\/dei\/files\/2019\/07\/dei.int\u00e9zetr\u0151l.03.png 552w\" sizes=\"auto, (max-width: 789px) 100vw, 789px\" \/><\/a><\/p>\n","protected":false},"excerpt":{"rendered":"<p>Az Int\u00e9zet a Semmelweis Egyetemen 1974-ben l\u00e9trej\u00f6tt \u00f6n\u00e1ll\u00f3 Sz\u00e1m\u00edt\u00e1stechnikai Csoportb\u00f3l eredeztethet\u0151. Az oktat\u00e1s szempontj\u00e1b\u00f3l l\u00e9nyeges d\u00e1tum 1986, amikor az akkori Sz\u00e1m\u00edt\u00f3k\u00f6zpont elind\u00edtotta a sz\u00e1m\u00edt\u00e1stechnika tant\u00e1rgy oktat\u00e1s\u00e1t \u2013 magyar, angol nyelven, az Egyetem mindh\u00e1rom kar\u00e1n \u2013 a Kutat\u00e1si \u00e9s Oktat\u00e1si Oszt\u00e1ly munkat\u00e1rsaival. Ez az oktat\u00e1s a mai napig folyik, term\u00e9szetesen az eg\u00e9szs\u00e9g\u00fcgyi informatika fejl\u0151d\u00e9s\u00e9nek megfelel\u0151 tartalommal. &hellip;<\/p>\n","protected":false},"author":101238,"featured_media":0,"parent":6426,"menu_order":0,"comment_status":"closed","ping_status":"closed","template":"","meta":{"_acf_changed":false,"footnotes":""},"categories":[],"tags":[],"class_list":["post-6421","page","type-page","status-publish","hentry"],"acf":[],"_links":{"self":[{"href":"https:\/\/semmelweis.hu\/dei\/wp-json\/wp\/v2\/pages\/6421","targetHints":{"allow":["GET"]}}],"collection":[{"href":"https:\/\/semmelweis.hu\/dei\/wp-json\/wp\/v2\/pages"}],"about":[{"href":"https:\/\/semmelweis.hu\/dei\/wp-json\/wp\/v2\/types\/page"}],"author":[{"embeddable":true,"href":"https:\/\/semmelweis.hu\/dei\/wp-json\/wp\/v2\/users\/101238"}],"replies":[{"embeddable":true,"href":"https:\/\/semmelweis.hu\/dei\/wp-json\/wp\/v2\/comments?post=6421"}],"version-history":[{"count":10,"href":"https:\/\/semmelweis.hu\/dei\/wp-json\/wp\/v2\/pages\/6421\/revisions"}],"predecessor-version":[{"id":9101,"href":"https:\/\/semmelweis.hu\/dei\/wp-json\/wp\/v2\/pages\/6421\/revisions\/9101"}],"up":[{"embeddable":true,"href":"https:\/\/semmelweis.hu\/dei\/wp-json\/wp\/v2\/pages\/6426"}],"wp:attachment":[{"href":"https:\/\/semmelweis.hu\/dei\/wp-json\/wp\/v2\/media?parent=6421"}],"wp:term":[{"taxonomy":"category","embeddable":true,"href":"https:\/\/semmelweis.hu\/dei\/wp-json\/wp\/v2\/categories?post=6421"},{"taxonomy":"post_tag","embeddable":true,"href":"https:\/\/semmelweis.hu\/dei\/wp-json\/wp\/v2\/tags?post=6421"}],"curies":[{"name":"wp","href":"https:\/\/api.w.org\/{rel}","templated":true}]}}