{"id":619,"date":"2012-02-09T13:11:55","date_gmt":"2012-02-09T12:11:55","guid":{"rendered":"http:\/\/semmelweis-egyetem.hu\/eii\/?page_id=619"},"modified":"2024-03-04T10:27:36","modified_gmt":"2024-03-04T09:27:36","slug":"english-medicine","status":"publish","type":"page","link":"https:\/\/semmelweis.hu\/dei\/en\/education\/english-medicine\/","title":{"rendered":"Faculty of Medicine"},"content":{"rendered":"<h2>Course information<\/h2>\n<p><strong>Course title:\u00a0<\/strong>Introduction to Medical Informatics<\/p>\n<p><strong>Neptun-code:<\/strong>\u00a0AOVINF244_1A<\/p>\n<p><strong>Requirements:\u00a0<\/strong><a href=\"https:\/\/semmelweis.hu\/dei\/files\/2023\/09\/Introduction_to_Medical_Informatics.pdf\">Introduction to Medical Informatics<\/a><\/p>\n<p><strong>Structure:<\/strong><\/p>\n<ul>\n<li>4 practices in one of the four selectable topics<\/li>\n<\/ul>\n<p><strong>Topics:<\/strong><\/p>\n<div id=\"tablepress-7_wrapper\" class=\"dataTables_wrapper no-footer\">\n<table id=\"tablepress-7\" class=\"tablepress tablepress-id-7 dataTable no-footer\" role=\"grid\">\n<thead>\n<tr class=\"row-1 odd\" role=\"row\">\n<th class=\"column-1 sorting\" colspan=\"1\" rowspan=\"1\" aria-label=\"Topic name: activate to sort column ascending\">Topic name<\/th>\n<th class=\"column-2 sorting\" colspan=\"1\" rowspan=\"1\" aria-label=\"Description: activate to sort column ascending\">Description<\/th>\n<th class=\"column-3 sorting\" colspan=\"1\" rowspan=\"1\" aria-label=\"Lecturers: activate to sort column ascending\">Lecturers<\/th>\n<\/tr>\n<\/thead>\n<tbody class=\"row-hover\">\n<tr class=\"row-2 even\">\n<td class=\"column-1\">Biomedical signal processing<\/td>\n<td class=\"column-2\">&#8211; Concepts of acoustics, properties of human hearing. The basics of sound processing and the digitalizing Exercises: sound recording with the computer, modification of the recorded sound.<br \/>\n&#8211; Analysis of a phonocardiogram<br \/>\n&#8211; Basics of image processing and movie edition<br \/>\n&#8211; Practical examples<\/td>\n<td class=\"column-3\">dr. \u00c1d\u00e1m TAMUS<\/td>\n<\/tr>\n<tr class=\"row-3 odd\">\n<td class=\"column-1\">Databases<\/td>\n<td class=\"column-2\">&#8211; Introduction to database theory (the application, logical, and physical models, basic concepts and objects)<br \/>\n&#8211; Planning a relational database<br \/>\n&#8211; Implementing the database in MS Access<br \/>\n&#8211; SQL basics<\/td>\n<td class=\"column-3\">dr. Zolt\u00e1n T\u00d3TH<\/td>\n<\/tr>\n<tr class=\"row-4 even\">\n<td class=\"column-1\">Presentation tools<\/td>\n<td class=\"column-2\">&#8211; How to make a good presentation? &#8211; technical and non-technical skills, best practices<br \/>\n&#8211; Finding information for the presentation<br \/>\n&#8211; Online tools supporting presentation: word clouds, image editing<br \/>\n&#8211; Using Prezi.com<\/td>\n<td class=\"column-3\">dr. Zolt\u00e1n S\u00c1NDOR<\/td>\n<\/tr>\n<tr class=\"row-5 odd\">\n<td class=\"column-1\">Scientific communication<\/td>\n<td class=\"column-2\">&#8211; The structure of the written scientific articles and oral presentation.<br \/>\n&#8211; The role of the sections.<br \/>\n&#8211; How to use the University e-Library from in and outside of the fences. How to register.<br \/>\n&#8211; Creating a scientific article about a given topic.<\/td>\n<td class=\"column-3\">dr. Tam\u00e1s IV\u00c1NCSY,<br \/>\ndr. Zolt\u00e1n T\u00d3TH<\/td>\n<\/tr>\n<\/tbody>\n<\/table>\n<\/div>\n<p>&nbsp;<\/p>\n<p><strong>Schedule for 2023\/24 2nd semester:<\/strong><\/p>\n<p>&nbsp;<\/p>\n<table style=\"width: 99.9641%\" width=\"65%\">\n<tbody>\n<tr style=\"height: 80 mm\">\n<td style=\"width: 19.5058%;text-align: left;vertical-align: middle\" width=\"132\">Presentation tools<br \/>\nDr. S\u00e1ndor Zolt\u00e1n<br \/>\nCourse 1<br \/>\nNET-1<\/td>\n<td style=\"width: 21.0187%;text-align: left;vertical-align: middle\" width=\"208\">Databases<br \/>\nDr. T\u00f3th Zolt\u00e1n<br \/>\nCourse 2<br \/>\nNET-2<\/td>\n<td style=\"width: 21.154%;text-align: left;vertical-align: middle\">Biomedical signal processing<br \/>\nDr. Tamus Zolt\u00e1n \u00c1d\u00e1m<br \/>\nCourse 3<br \/>\nNET-3<\/td>\n<td style=\"width: 21.6398%;text-align: left;vertical-align: middle\" width=\"197\">Scientific communication<br \/>\nDr. Iv\u00e1ncsy Tam\u00e1s<br \/>\nCourse 4<br \/>\nDEI-SZ\u00c1MT (H\u0151gyes)<\/td>\n<td style=\"width: 61.3538%;text-align: left;vertical-align: middle\" width=\"360\">\n<p>14th February<br \/>\n21st February<br \/>\n28th February<br \/>\n6th March<\/p>\n<\/td>\n<\/tr>\n<tr style=\"height: 80 mm\">\n<td style=\"width: 19.5058%;text-align: left;vertical-align: middle\" width=\"132\">Presentation tools<br \/>\nDr. S\u00e1ndor Zolt\u00e1n<br \/>\nCourse 7<br \/>\nNET-1<\/td>\n<td style=\"width: 21.0187%;text-align: left;vertical-align: middle\" width=\"208\">Scientific communication<br \/>\nDr. T\u00f3th Zolt\u00e1n<br \/>\nCourse 8<br \/>\nNET-2<\/td>\n<td style=\"width: 21.154%;text-align: left;vertical-align: middle;background-color: #e8e8e8\">\u00a0<\/td>\n<td style=\"width: 21.6398%;text-align: left;vertical-align: middle;background-color: #e8e8e8\" width=\"197\">\u00a0<\/td>\n<td style=\"width: 61.3538%;text-align: left;vertical-align: middle\" width=\"360\">15th February<br \/>\n22nd February<br \/>\n29th February<br \/>\n7th March<\/td>\n<\/tr>\n<tr style=\"height: 80 mm\">\n<td style=\"width: 19.5058%;text-align: left;vertical-align: middle\" width=\"132\">Presentation tools<br \/>\nDr. S\u00e1ndor Zolt\u00e1n<br \/>\nCourse 5<br \/>\nNET-1<\/td>\n<td style=\"width: 21.0187%;text-align: left;vertical-align: middle\" width=\"208\">Databases<br \/>\nDr. T\u00f3th Zolt\u00e1n<br \/>\nCourse 6<br \/>\nNET-2<\/td>\n<td style=\"width: 21.154%;text-align: left;vertical-align: middle\">Biomedical signal processing<br \/>\nDr. Tamus Zolt\u00e1n \u00c1d\u00e1m<br \/>\nCourse 18<br \/>\nNET-3<\/td>\n<td style=\"width: 21.6398%;text-align: left;vertical-align: middle\" width=\"197\">Scientific communication<br \/>\nDr. Iv\u00e1ncsy Tam\u00e1s<br \/>\nCourse 19<br \/>\nDEI-SZ\u00c1MT (H\u0151gyes)<\/td>\n<td style=\"width: 61.3538%;text-align: left;vertical-align: middle\">\n<p>13th March<br \/>\n20th March<br \/>\n27th March<br \/>\n3rd April<\/p>\n<\/td>\n<\/tr>\n<tr style=\"height: 80 mm\">\n<td style=\"width: 19.5058%;text-align: left;vertical-align: middle\" width=\"132\">Presentation tools<br \/>\nDr. S\u00e1ndor Zolt\u00e1n<br \/>\nCourse 11<br \/>\nNET-1<\/td>\n<td style=\"width: 21.0187%;text-align: left;vertical-align: middle\" width=\"208\">Scientific communication<br \/>\nDr. T\u00f3th Zolt\u00e1n<br \/>\nCourse 12<br \/>\nNET-3<\/td>\n<td style=\"width: 21.154%;text-align: left;vertical-align: middle\">Scientific communication<br \/>\nDr. T\u00f3th Zolt\u00e1n<br \/>\nCourse 14<br \/>\nNET-3<\/td>\n<td style=\"width: 21.6398%;text-align: left;vertical-align: middle;background-color: #e8e8e8\" width=\"197\">\u00a0<\/td>\n<td style=\"width: 61.3538%;text-align: left;vertical-align: middle\">14th March<br \/>\n21st March<br \/>\n28th March<br \/>\n4th April<\/td>\n<\/tr>\n<tr style=\"height: 80 mm\">\n<td style=\"width: 19.5058%;text-align: left;vertical-align: middle\" width=\"132\">Biomedical signal processing<br \/>\nDr. Tamus Zolt\u00e1n \u00c1d\u00e1m<br \/>\nCourse 15<br \/>\nNET-3<\/td>\n<td style=\"width: 21.0187%;text-align: left;vertical-align: middle\" width=\"208\">Scientific communication<br \/>\nDr. Iv\u00e1ncsy Tam\u00e1s<br \/>\nCourse 17<br \/>\nDEI-SZ\u00c1MT (H\u0151gyes)<\/td>\n<td style=\"width: 21.154%;text-align: left;vertical-align: middle\">Presentation tools<br \/>\nDr. S\u00e1ndor Zolt\u00e1n<br \/>\nCourse 20<br \/>\nNET-1<\/td>\n<td style=\"width: 21.6398%;text-align: left;vertical-align: middle\" width=\"197\">Databases<br \/>\nDr. T\u00f3th Zolt\u00e1n<br \/>\nCourse 22<br \/>\nNET-2<\/td>\n<td style=\"width: 61.3538%;text-align: left;vertical-align: middle\">\n<p>10th April<br \/>\n17th April<br \/>\n24th April<\/p>\n<\/td>\n<\/tr>\n<tr style=\"height: 80 mm\">\n<td style=\"width: 19.5058%;text-align: left;vertical-align: middle\" width=\"132\">Presentation tools<br \/>\nDr. S\u00e1ndor Zolt\u00e1n<br \/>\nCourse 16<br \/>\nNET-1<\/td>\n<td style=\"width: 21.0187%;text-align: left;vertical-align: middle\" width=\"208\">Scientific communication<br \/>\nDr. T\u00f3th Zolt\u00e1n<br \/>\nCourse 21<br \/>\nNET-2<\/td>\n<td style=\"width: 21.154%;text-align: left;vertical-align: middle;background-color: #e8e8e8\">\u00a0<\/td>\n<td style=\"width: 21.6398%;text-align: left;vertical-align: middle;background-color: #e8e8e8\" width=\"197\">\u00a0<\/td>\n<td style=\"width: 61.3538%;text-align: left;vertical-align: middle\">11th April<br \/>\n18th April<br \/>\n25th April<br \/>\n2nd May<\/td>\n<\/tr>\n<tr style=\"height: 80 mm\">\n<td style=\"width: 19.5058%;text-align: left;vertical-align: middle\" width=\"132\">Presentation tools<br \/>\nDr. S\u00e1ndor Zolt\u00e1n<br \/>\nCourse 9<br \/>\nNET-1<\/td>\n<td style=\"width: 21.0187%;text-align: left;vertical-align: middle\" width=\"208\">Scientific communication<br \/>\nDr. Iv\u00e1ncsy Tam\u00e1s<br \/>\nCourse 10<br \/>\nDEI-SZ\u00c1MT (H\u0151gyes)<\/td>\n<td style=\"width: 21.154%;text-align: left;vertical-align: middle\">Scientific communication<br \/>\nDr. T\u00f3th Zolt\u00e1n<br \/>\nCourse 13<br \/>\nNET-2<\/td>\n<td style=\"width: 21.6398%;text-align: left;vertical-align: middle;background-color: #e8e8e8\" width=\"197\">\u00a0<\/td>\n<td style=\"width: 61.3538%;text-align: left;vertical-align: middle\">8th May<br \/>\n9th May<br \/>\n15th May<br \/>\n16th May<\/td>\n<\/tr>\n<\/tbody>\n<\/table>\n<p>&nbsp;<\/p>\n<p><strong>Selection of topic\/group:<\/strong> You need to select the desired course in Neptun when registering for the subject! 21 courses will be opened, please check the description, notes and timetable information for details. Changing topics\/groups is possible only according to the rules of the registration in Neptun! <strong>You must attend the course you have selected in Neptun!<\/strong> Raising the limit of the groups is not possible due to technical restrictions! In case of any issues, please contact us at the email address below.<\/p>\n<p><strong>Practice materials:<\/strong> available in the Moodle eLearning system or in the <a href=\"http:\/\/dei-cloud.semmelweis.hu\" target=\"_blank\" rel=\"noopener noreferrer\">DEI Cloud<\/a>. The username and password are announced at the first practice.<\/p>\n<p><strong>Requirements:<\/strong> practical exam at the last practice or individual work (depending on the selected topic)<\/p>\n<p>Participation in the practices is mandatory<\/p>\n<ul>\n<li>Max. 1 absence is allowed<\/li>\n<li>Replacement of missed classes with another group is not possible<\/li>\n<\/ul>\n<p><strong>Exemption:<\/strong> By submitting the official exemption form to the English Secretary. Please send the completed form, your transcript of records and a description of the previous course (syllabus) in scanned form to the email address below!<\/p>\n<p><strong>Administration \/ Contact:<\/strong><\/p>\n<ul>\n<li>15 Ferenc Square, 1094 Budapest &#8211; 2nd floor<\/li>\n<li><a href=\"mailto:info.dei@public.semmelweis-univ.hu\">info.dei@public.semmelweis-univ.hu<\/a>\u00a0<\/li>\n<li>In case of issues requiring signatures, please make an appointment by email!<\/li>\n<\/ul>\n","protected":false},"excerpt":{"rendered":"<p>Course information Course title:\u00a0Introduction to Medical Informatics Neptun-code:\u00a0AOVINF244_1A Requirements:\u00a0 <a href=\"https:\/\/semmelweis.hu\/dei\/files\/2023\/09\/Introduction_to_Medical_Informatics.pdf\">Introduction to Medical Informatics<\/a> Structure: 4 practices in one of the four selectable topics Topics: Topic name Description Lecturers Biomedical signal processing &#8211; Concepts of acoustics, properties of human hearing. The basics of sound processing and the digitalizing Exercises: sound recording with the computer, modification of the recorded sound. &#8211; &hellip;<\/p>\n","protected":false},"author":158,"featured_media":0,"parent":3707,"menu_order":2,"comment_status":"closed","ping_status":"closed","template":"","meta":{"_acf_changed":false,"footnotes":""},"categories":[],"tags":[],"class_list":["post-619","page","type-page","status-publish","hentry"],"acf":[],"_links":{"self":[{"href":"https:\/\/semmelweis.hu\/dei\/wp-json\/wp\/v2\/pages\/619","targetHints":{"allow":["GET"]}}],"collection":[{"href":"https:\/\/semmelweis.hu\/dei\/wp-json\/wp\/v2\/pages"}],"about":[{"href":"https:\/\/semmelweis.hu\/dei\/wp-json\/wp\/v2\/types\/page"}],"author":[{"embeddable":true,"href":"https:\/\/semmelweis.hu\/dei\/wp-json\/wp\/v2\/users\/158"}],"replies":[{"embeddable":true,"href":"https:\/\/semmelweis.hu\/dei\/wp-json\/wp\/v2\/comments?post=619"}],"version-history":[{"count":14,"href":"https:\/\/semmelweis.hu\/dei\/wp-json\/wp\/v2\/pages\/619\/revisions"}],"predecessor-version":[{"id":9008,"href":"https:\/\/semmelweis.hu\/dei\/wp-json\/wp\/v2\/pages\/619\/revisions\/9008"}],"up":[{"embeddable":true,"href":"https:\/\/semmelweis.hu\/dei\/wp-json\/wp\/v2\/pages\/3707"}],"wp:attachment":[{"href":"https:\/\/semmelweis.hu\/dei\/wp-json\/wp\/v2\/media?parent=619"}],"wp:term":[{"taxonomy":"category","embeddable":true,"href":"https:\/\/semmelweis.hu\/dei\/wp-json\/wp\/v2\/categories?post=619"},{"taxonomy":"post_tag","embeddable":true,"href":"https:\/\/semmelweis.hu\/dei\/wp-json\/wp\/v2\/tags?post=619"}],"curies":[{"name":"wp","href":"https:\/\/api.w.org\/{rel}","templated":true}]}}