{"id":5833,"date":"2016-09-23T09:54:43","date_gmt":"2016-09-23T07:54:43","guid":{"rendered":"http:\/\/semmelweis.hu\/dei\/?page_id=5833"},"modified":"2025-10-07T14:06:49","modified_gmt":"2025-10-07T12:06:49","slug":"fogorvostudomanyi-kar","status":"publish","type":"page","link":"https:\/\/semmelweis.hu\/dei\/oktatas\/egyetemen-beluli-kepzesek\/fogorvostudomanyi-kar\/","title":{"rendered":"Fogorvostudom\u00e1nyi Kar"},"content":{"rendered":"<h2>Kurzus inform\u00e1ci\u00f3k<\/h2>\n<p><strong>Kurzus c\u00edme:<\/strong> Orvosi informatika<\/p>\n<p><strong>Neptun-k\u00f3d:<\/strong> FOKVDEI316_1M<\/p>\n<p><strong>Fel\u00e9p\u00edt\u00e9s:<\/strong><\/p>\n<ul>\n<li>14 x 90 perc gyakorlat<\/li>\n<\/ul>\n<p>&nbsp;<\/p>\n<p><strong>Gyakorlat t\u00e9m\u00e1k:<\/strong><\/p>\n<ol>\n<li>MS Excel &#8211; az adatt\u00e1rol\u00e1s alapjai<\/li>\n<li>MS Excel &#8211; m\u0171veletek adatokkal<\/li>\n<li>MS Excel &#8211; adatreprezent\u00e1ci\u00f3, diagramok<\/li>\n<li>MS Excel &#8211; halad\u00f3 feladatmegold\u00e1s<\/li>\n<li>Eg\u00e9szs\u00e9g\u00fcgyi adatok gy\u0171jt\u00e9se \u00e9s feldolgoz\u00e1sa<\/li>\n<li>Gyakorl\u00e1s, felk\u00e9sz\u00fcl\u00e9s a sz\u00e1monk\u00e9r\u00e9sre<\/li>\n<li>1. sz\u00e1monk\u00e9r\u00e9s (Excel feladatmegold\u00e1s)<\/li>\n<li>Adatb\u00e1ziskezel\u00e9s alapjai<\/li>\n<li>Adatkinyer\u00e9s adatb\u00e1zisokb\u00f3l, lek\u00e9rdez\u00e9sek<\/li>\n<li>Online eg\u00e9szs\u00e9g\u00fcgyi inform\u00e1ci\u00f3forr\u00e1sok<\/li>\n<li>Prezent\u00e1ci\u00f3s technik\u00e1k \u00e9s eszk\u00f6z\u00f6k<\/li>\n<li>Adatbiztons\u00e1g, adatv\u00e9delem<\/li>\n<li>Az eg\u00e9szs\u00e9g\u00fcgyi informatika j\u00f6v\u0151je<\/li>\n<li>2. sz\u00e1monk\u00e9r\u00e9s (sz\u00e1m\u00edt\u00f3g\u00e9pes teszt)<\/li>\n<\/ol>\n<p><strong>K\u00f6vetelm\u00e9nyrendszer:<\/strong><\/p>\n<p style=\"padding-left: 40px\"><a href=\"https:\/\/semmelweis.hu\/dei\/files\/2025\/10\/FOK_Informatika_HU_UJ.doc\">Magyar orvosi informatika<\/a><\/p>\n<p><strong>Oktat\u00e1si anyagok:<\/strong>\u00a0let\u00f6lthet\u0151k a\u00a0<a href=\"http:\/\/dei-cloud.semmelweis.hu\/\" target=\"_blank\" rel=\"noopener nofollow noreferrer\">DEI Felh\u0151b\u0151l<\/a>. A felhaszn\u00e1l\u00f3nevet \u00e9s a jelsz\u00f3t az els\u0151 gyakorlaton tessz\u00fck k\u00f6zz\u00e9.<\/p>\n<p>&nbsp;<\/p>\n<p><strong>K\u00f6vetelm\u00e9nyek:<\/strong><\/p>\n<ul>\n<li>R\u00e9szv\u00e9tel a gyakorlatok legal\u00e1bb 75%-\u00e1n\n<ul>\n<li>Max. 3 hi\u00e1nyz\u00e1s megengedett<\/li>\n<\/ul>\n<\/li>\n<li>A t\u00e1rgy gyakorlati jeggyel ker\u00fcl \u00e9rt\u00e9kel\u00e9sre a k\u00e9t f\u00e9l\u00e9vk\u00f6zi teszt eredm\u00e9nye alapj\u00e1n<\/li>\n<\/ul>\n<p>&nbsp;<\/p>\n<p><strong>Felment\u00e9s<\/strong>: A hivatalos \u0171rlap lead\u00e1sa sz\u00fcks\u00e9ges a D\u00e9k\u00e1ni Hivatalban. K\u00e9rj\u00fck, hogy az \u0171rlap al\u00e1\u00edr\u00e1s\u00e1hoz egyeztessen id\u0151pontot a lenti email c\u00edmen!<\/p>\n<p>&nbsp;<\/p>\n<p><strong>\u00dcgyint\u00e9z\u00e9s:<\/strong><\/p>\n<ul>\n<li>1089 Budapest, Nagyv\u00e1rad t\u00e9r 4. fsz.\/18.<\/li>\n<li>Megk\u00e9rj\u00fck kedves hallgat\u00f3inkat, hogy al\u00e1\u00edr\u00e1st is ig\u00e9nyl\u0151 \u00fcgyekben a k\u00f6vetkez\u0151 e-mail c\u00edmen legyenek kedvesek id\u0151pontot egyeztetni: <a href=\"mailto:info.dei@semmelweis.hu\">info.dei@semmelweis.hu<\/a>.<\/li>\n<\/ul>\n","protected":false},"excerpt":{"rendered":"<p>Kurzus inform\u00e1ci\u00f3k Kurzus c\u00edme: Orvosi informatika Neptun-k\u00f3d: FOKVDEI316_1M Fel\u00e9p\u00edt\u00e9s: 14 x 90 perc gyakorlat &nbsp; Gyakorlat t\u00e9m\u00e1k: MS Excel &#8211; az adatt\u00e1rol\u00e1s alapjai MS Excel &#8211; m\u0171veletek adatokkal MS Excel &#8211; adatreprezent\u00e1ci\u00f3, diagramok MS Excel &#8211; halad\u00f3 feladatmegold\u00e1s Eg\u00e9szs\u00e9g\u00fcgyi adatok gy\u0171jt\u00e9se \u00e9s feldolgoz\u00e1sa Gyakorl\u00e1s, felk\u00e9sz\u00fcl\u00e9s a sz\u00e1monk\u00e9r\u00e9sre 1. sz\u00e1monk\u00e9r\u00e9s (Excel feladatmegold\u00e1s) Adatb\u00e1ziskezel\u00e9s alapjai Adatkinyer\u00e9s adatb\u00e1zisokb\u00f3l, &hellip;<\/p>\n","protected":false},"author":101142,"featured_media":0,"parent":6577,"menu_order":1,"comment_status":"closed","ping_status":"closed","template":"","meta":{"_acf_changed":false,"footnotes":""},"categories":[],"tags":[],"class_list":["post-5833","page","type-page","status-publish","hentry"],"acf":[],"_links":{"self":[{"href":"https:\/\/semmelweis.hu\/dei\/wp-json\/wp\/v2\/pages\/5833","targetHints":{"allow":["GET"]}}],"collection":[{"href":"https:\/\/semmelweis.hu\/dei\/wp-json\/wp\/v2\/pages"}],"about":[{"href":"https:\/\/semmelweis.hu\/dei\/wp-json\/wp\/v2\/types\/page"}],"author":[{"embeddable":true,"href":"https:\/\/semmelweis.hu\/dei\/wp-json\/wp\/v2\/users\/101142"}],"replies":[{"embeddable":true,"href":"https:\/\/semmelweis.hu\/dei\/wp-json\/wp\/v2\/comments?post=5833"}],"version-history":[{"count":13,"href":"https:\/\/semmelweis.hu\/dei\/wp-json\/wp\/v2\/pages\/5833\/revisions"}],"predecessor-version":[{"id":9122,"href":"https:\/\/semmelweis.hu\/dei\/wp-json\/wp\/v2\/pages\/5833\/revisions\/9122"}],"up":[{"embeddable":true,"href":"https:\/\/semmelweis.hu\/dei\/wp-json\/wp\/v2\/pages\/6577"}],"wp:attachment":[{"href":"https:\/\/semmelweis.hu\/dei\/wp-json\/wp\/v2\/media?parent=5833"}],"wp:term":[{"taxonomy":"category","embeddable":true,"href":"https:\/\/semmelweis.hu\/dei\/wp-json\/wp\/v2\/categories?post=5833"},{"taxonomy":"post_tag","embeddable":true,"href":"https:\/\/semmelweis.hu\/dei\/wp-json\/wp\/v2\/tags?post=5833"}],"curies":[{"name":"wp","href":"https:\/\/api.w.org\/{rel}","templated":true}]}}