{"id":5756,"date":"2016-09-22T09:57:56","date_gmt":"2016-09-22T07:57:56","guid":{"rendered":"http:\/\/semmelweis.hu\/dei\/?page_id=5756"},"modified":"2024-09-11T14:24:37","modified_gmt":"2024-09-11T12:24:37","slug":"2015-tel-bsc","status":"publish","type":"page","link":"https:\/\/semmelweis.hu\/dei\/oktatas\/egeszsegugyi-szervezo-bsc\/szakdolgozat\/korabbi-szakdolgozatok\/2015-tel-bsc\/","title":{"rendered":"2015 t\u00e9l BSc"},"content":{"rendered":"<p>Aradi Kl\u00e1ra: Eg\u00e9szs\u00e9g\u00fcgyi alkalmaz\u00e1sok okostelefonokra \u00e9s t\u00e1blag\u00e9pekre<\/p>\n<ul>\n<li>T\u00e9mavezet\u0151: Dr. Tamus Zolt\u00e1n \u00c1d\u00e1m<\/li>\n<\/ul>\n<p>Bencze Barbara: A K\u00fclf\u00f6ldi eg\u00e9szs\u00e9g\u00fcgyi ell\u00e1t\u00e1sok ig\u00e9nybev\u00e9tel\u00e9nek \u00e9s t\u00e9r\u00edt\u00e9s\u00e9nek rendje Magyarorsz\u00e1gon<\/p>\n<ul>\n<li>T\u00e9mavezet\u0151: Dr. Bogd\u00e1n Zsuzsanna<\/li>\n<\/ul>\n<p>Braun Zsuzsanna: Seb\u00e9szeti ellen\u0151rz\u0151 lista alkalmaz\u00e1sa a betegek biztons\u00e1ga \u00e9rdek\u00e9ben<\/p>\n<ul>\n<li>T\u00e9mavezet\u0151: Tak\u00e1cs Erika<\/li>\n<\/ul>\n<p>Buz\u00e1s D\u00f3ra: Hum\u00e1ner\u0151forr\u00e1s probl\u00e9m\u00e1k az eg\u00e9szs\u00e9g\u00fcgyben<\/p>\n<ul>\n<li>T\u00e9mavezet\u0151: Dr. Girasek Edmond<\/li>\n<\/ul>\n<p>D\u00e1niel Gerg\u0151: Gamification a cukorbetegs\u00e9g megismer\u00e9s\u00e9\u00e9rt<\/p>\n<ul>\n<li>T\u00e9mavezet\u0151: T\u00f3th Tam\u00e1s<\/li>\n<\/ul>\n<p>Dobi \u00c1gnes: Eg\u00e9szs\u00e9g\u00fcgyi int\u00e9zm\u00e9nyek kontrolling \u00e9s informatikai rendszer\u00e9nek \u00f6sszehasonl\u00edt\u00e1sa<\/p>\n<ul>\n<li>T\u00e9mavezet\u0151: Tak\u00e1cs Erika<\/li>\n<\/ul>\n<p>Ferencz Kinga Julianna: A BNO form\u00e1lis le\u00edr\u00e1sa A lehet\u0151s\u00e9gek \u00e9s korl\u00e1tok bemutat\u00e1sa a X. f\u0151csoport alapj\u00e1n<\/p>\n<ul>\n<li>T\u00e9mavezet\u0151: Dr.Surj\u00e1n Gy\u00f6rgy<\/li>\n<\/ul>\n<p>G\u00e1sp\u00e1r Anett \u00c9va: Betegbiztons\u00e1gi kult\u00fara fejl\u0151d\u00e9se az akkredit\u00e1ci\u00f3s rendszer bevezet\u00e9s\u00e9nek f\u00e1zis\u00e1ban<\/p>\n<ul>\n<li>T\u00e9mavezet\u0151. Dr. L\u00e1m Judit<\/li>\n<\/ul>\n<p>Gifl\u00f3 Laura: A mem\u00f3ria alap\u00fa adatkezel\u00e9s el\u0151nyei \u00e9s h\u00e1tr\u00e1nyai nagym\u00e9ret\u0171 eg\u00e9szs\u00e9g\u00fcgyi adatb\u00e1zisok kezel\u00e9s\u00e9ben<\/p>\n<ul>\n<li>T\u00e9mavezet\u0151: Dr. Surj\u00e1n Gy\u00f6rgy<\/li>\n<\/ul>\n<p>Gy\u00f6ngy\u00f6si Bal\u00e1zs: mHealth alkalmaz\u00e1s fejleszt\u00e9se elh\u00edz\u00e1s ellen<\/p>\n<ul>\n<li>T\u00e9mavezet\u0151: Dr. Darag\u00f3 L\u00e1szl\u00f3<\/li>\n<\/ul>\n<p>Hal\u00e1sz Judit Enik\u0151: A speci\u00e1lis gy\u00f3gy\u00e1szati c\u00e9lra sz\u00e1nt t\u00e1pszerek \u00e1rt\u00e1mogat\u00e1si lehet\u0151s\u00e9gei hazai \u00e9s nemzetk\u00f6zi \u00f6sszehasonl\u00edt\u00e1sban<\/p>\n<ul>\n<li>T\u00e9mavezet\u0151: Dr. Zajzon Gergely<\/li>\n<\/ul>\n<p>Halmai Luca Ad\u00e9l: Magyarorsz\u00e1g eg\u00e9szs\u00e9g\u00fcgyi \u00e1llapota a nemzetk\u00f6zi eg\u00e9szs\u00e9g\u00fcgyi adatb\u00e1zisok t\u00fckr\u00e9ben<\/p>\n<ul>\n<li>T\u00e9mavezet\u0151: Dr. Surj\u00e1n Gy\u00f6rgy<\/li>\n<\/ul>\n<p>Jablonszky Marcell: V\u00e9rcukoradatok ki\u00e9rt\u00e9kel\u00e9s\u00e9nek \u00e9s vizualiz\u00e1ci\u00f3j\u00e1nak m\u00f3dszerei<\/p>\n<ul>\n<li>T\u00e9mavezet\u0151: T\u00f3th Tam\u00e1s<\/li>\n<\/ul>\n<p>J\u00e1mbor Anna: A betegbiztons\u00e1g fejleszt\u00e9se c\u00e9lj\u00e1b\u00f3l l\u00e9trehozott jelent\u00e9si rendszerek jellemz\u0151i \u2013 A beteges\u00e9s, mint nemk\u00edv\u00e1natos esem\u00e9ny megel\u0151z\u00e9si lehet\u0151s\u00e9gei<\/p>\n<ul>\n<li>T\u00e9mavezet\u0151. Dr. L\u00e1m Judit<\/li>\n<\/ul>\n<p>J\u00e1nosa Leonetta: Kontrolling rendszer ki\u00e9p\u00edt\u00e9se eg\u00e9szs\u00e9g\u00fcgyi szolg\u00e1ltat\u00f3kn\u00e1l Kontrolling m\u00f3dszertan fejleszt\u00e9se<\/p>\n<ul>\n<li>T\u00e9mavezet\u0151: Tak\u00e1cs Erika<\/li>\n<\/ul>\n<p>Kaczi\u00e1n Orsolya: Elektronikus vagy pap\u00edralap\u00fa dokument\u00e1ci\u00f3val t\u00e1mogatott betegre sz\u00f3l\u00f3 gy\u00f3gyszerel\u00e9s a betegbiztons\u00e1g szolg\u00e1lat\u00e1ban<\/p>\n<ul>\n<li>T\u00e9mavezet\u0151. Dr. L\u00e1m Judit<\/li>\n<\/ul>\n<p>Kiss Kata: Teleoper\u00e1ci\u00f3 a hazai seb\u00e9szeti \u00e9letben &#8211; Robotseb\u00e9szet magyar szemmel<\/p>\n<ul>\n<li>Dr. Srp \u00e1goston Mih\u00e1ny, Dr. Darag\u00f3 L\u00e1szl\u00f3<\/li>\n<\/ul>\n<p>Komj\u00e1ti Krisztina: A telemedicina alkalmaz\u00e1s\u00e1nak lehet\u0151s\u00e9gei az orvos-beteg kapcsolatot tekintve<\/p>\n<ul>\n<li>T\u00e9mavezet\u0151: Dr. Girasek Edmond<\/li>\n<\/ul>\n<p>Kov\u00e1cs A. Gerg\u0151_Rehabilit\u00e1ci\u00f3s ell\u00e1t\u00e1si protokollon alapul\u00f3 finansz\u00edroz\u00e1si rendszer fejleszt\u00e9se, informatikai megold\u00e1sok<\/p>\n<ul>\n<li>T\u00e9mavezet\u0151: Dr. Nagy Julianna Eszter<\/li>\n<\/ul>\n<p>Kov\u00e1cs Bogl\u00e1rka: Daganatos betegek ell\u00e1t\u00e1s\u00e1nak finansz\u00edroz\u00e1sa<\/p>\n<ul>\n<li>T\u00e9mavezet\u0151: Dr. Nagy Julianna Eszter<\/li>\n<\/ul>\n<p>Kov\u00e1cs Erzs\u00e9bet: A sz\u00fcl\u00e9szeti ell\u00e1t\u00e1s fejleszt\u00e9se \u2013 Finansz\u00edroz\u00e1s \u00e9s informatika<\/p>\n<ul>\n<li>T\u00e9mavezet\u0151: Dr. Nagy Julianna Eszter<\/li>\n<\/ul>\n<p>M\u00e9sz\u00e1ros Tibor: Online \u00fcgyint\u00e9z\u00e9s megval\u00f3s\u00edt\u00e1si lehet\u0151s\u00e9gei a h\u00e1ziorvosi rendszerben<\/p>\n<ul>\n<li>T\u00e9mavezet\u0151: Dr. Papp Ren\u00e1ta<\/li>\n<\/ul>\n<p>Papp Gerda R\u00e9ka: Eg\u00e9szs\u00e9g\u00fcgyi adatok dokument\u00e1l\u00e1s\u00e1nak informatikai megold\u00e1sai<\/p>\n<ul>\n<li>T\u00e9mavezet\u0151: Dr. Darag\u00f3 L\u00e1szl\u00f3<\/li>\n<\/ul>\n<p>Rem\u00e9nyi Zita Katalin: Mell\u00e9khat\u00e1s-bejelent\u00e9s \u00e9s kapcsol\u00f3d\u00f3 informatikai rendszerek Mennyire biztons\u00e1gos k\u00e9sz\u00edtm\u00e9ny a paracetamol?<\/p>\n<ul>\n<li>T\u00e9mavezet\u0151: Dr. Zajzon Gergely<\/li>\n<\/ul>\n<p>Szrapk\u00f3 Bogl\u00e1r: A teleradiol\u00f3gia bevezet\u00e9se \u00e9s gyakorlati alkalmaz\u00e1sa<\/p>\n<ul>\n<li>T\u00e9mavezet\u0151: Dr. Darag\u00f3 L\u00e1szl\u00f3<\/li>\n<\/ul>\n<p>Trimmel D\u00f3ra: Betegbiztons\u00e1g: Fel\u00fcleti fert\u0151tlen\u00edt\u00e9s az infekci\u00f3kontroll standardok nyom\u00e1n<\/p>\n<ul>\n<li>T\u00e9mavezet\u0151: Tak\u00e1cs Erika<\/li>\n<\/ul>\n<p>Vizi Krisztina: V\u00e1r\u00f3lista management \u2013 Betegell\u00e1t\u00e1s \u00fctemez\u00e9se<\/p>\n<ul>\n<li>T\u00e9mavezet\u0151: Dr. Nagy Julianna Eszter<\/li>\n<\/ul>\n<p>Wenesz Vikt\u00f3ria \u00c1gnes: Foglalkoz\u00e1s-eg\u00e9szs\u00e9g\u00fcgyi alkalmaz\u00e1s felhaszn\u00e1l\u00f3i fel\u00fclete<\/p>\n<ul>\n<li>T\u00e9mavezet\u0151: Dr. Darag\u00f3 L\u00e1szl\u00f3<\/li>\n<\/ul>\n<p>Zarka Szabina: A magyar eg\u00e9szs\u00e9g\u00fcgy informatikai \u00e1t\u00e1ll\u00e1sa<\/p>\n<ul>\n<li>T\u00e9mavezet\u0151: Dr. Girasek Edmond<\/li>\n<\/ul>\n","protected":false},"excerpt":{"rendered":"<p>Aradi Kl\u00e1ra: Eg\u00e9szs\u00e9g\u00fcgyi alkalmaz\u00e1sok okostelefonokra \u00e9s t\u00e1blag\u00e9pekre T\u00e9mavezet\u0151: Dr. Tamus Zolt\u00e1n \u00c1d\u00e1m Bencze Barbara: A K\u00fclf\u00f6ldi eg\u00e9szs\u00e9g\u00fcgyi ell\u00e1t\u00e1sok ig\u00e9nybev\u00e9tel\u00e9nek \u00e9s t\u00e9r\u00edt\u00e9s\u00e9nek rendje Magyarorsz\u00e1gon T\u00e9mavezet\u0151: Dr. Bogd\u00e1n Zsuzsanna Braun Zsuzsanna: Seb\u00e9szeti ellen\u0151rz\u0151 lista alkalmaz\u00e1sa a betegek biztons\u00e1ga \u00e9rdek\u00e9ben T\u00e9mavezet\u0151: Tak\u00e1cs Erika Buz\u00e1s D\u00f3ra: Hum\u00e1ner\u0151forr\u00e1s probl\u00e9m\u00e1k az eg\u00e9szs\u00e9g\u00fcgyben T\u00e9mavezet\u0151: Dr. Girasek Edmond D\u00e1niel Gerg\u0151: Gamification a cukorbetegs\u00e9g &hellip;<\/p>\n","protected":false},"author":101142,"featured_media":0,"parent":83,"menu_order":4,"comment_status":"closed","ping_status":"closed","template":"","meta":{"_acf_changed":false,"footnotes":""},"categories":[],"tags":[],"class_list":["post-5756","page","type-page","status-publish","hentry"],"acf":[],"_links":{"self":[{"href":"https:\/\/semmelweis.hu\/dei\/wp-json\/wp\/v2\/pages\/5756","targetHints":{"allow":["GET"]}}],"collection":[{"href":"https:\/\/semmelweis.hu\/dei\/wp-json\/wp\/v2\/pages"}],"about":[{"href":"https:\/\/semmelweis.hu\/dei\/wp-json\/wp\/v2\/types\/page"}],"author":[{"embeddable":true,"href":"https:\/\/semmelweis.hu\/dei\/wp-json\/wp\/v2\/users\/101142"}],"replies":[{"embeddable":true,"href":"https:\/\/semmelweis.hu\/dei\/wp-json\/wp\/v2\/comments?post=5756"}],"version-history":[{"count":10,"href":"https:\/\/semmelweis.hu\/dei\/wp-json\/wp\/v2\/pages\/5756\/revisions"}],"predecessor-version":[{"id":9097,"href":"https:\/\/semmelweis.hu\/dei\/wp-json\/wp\/v2\/pages\/5756\/revisions\/9097"}],"up":[{"embeddable":true,"href":"https:\/\/semmelweis.hu\/dei\/wp-json\/wp\/v2\/pages\/83"}],"wp:attachment":[{"href":"https:\/\/semmelweis.hu\/dei\/wp-json\/wp\/v2\/media?parent=5756"}],"wp:term":[{"taxonomy":"category","embeddable":true,"href":"https:\/\/semmelweis.hu\/dei\/wp-json\/wp\/v2\/categories?post=5756"},{"taxonomy":"post_tag","embeddable":true,"href":"https:\/\/semmelweis.hu\/dei\/wp-json\/wp\/v2\/tags?post=5756"}],"curies":[{"name":"wp","href":"https:\/\/api.w.org\/{rel}","templated":true}]}}