{"id":5598,"date":"2016-05-11T09:52:47","date_gmt":"2016-05-11T07:52:47","guid":{"rendered":"http:\/\/semmelweis.hu\/dei\/?page_id=5598"},"modified":"2025-10-01T15:47:50","modified_gmt":"2025-10-01T13:47:50","slug":"oktatas","status":"publish","type":"page","link":"https:\/\/semmelweis.hu\/dei\/oktatas\/","title":{"rendered":"Oktat\u00e1s"},"content":{"rendered":"<p style=\"text-align: justify\">Int\u00e9zet\u00fcnk egyik fontos feladata az eg\u00e9szs\u00e9g\u00fcgyi szervez\u0151 szakos hallgat\u00f3k k\u00e9pz\u00e9se, <strong>digit\u00e1lis eg\u00e9szs\u00e9g\u00fcgyi szervez\u0151<\/strong> specializ\u00e1ci\u00f3n. A k\u00e9pz\u00e9sre nagy az \u00e9rdekl\u0151d\u00e9s mind a p\u00e1lyav\u00e1laszt\u00e1s el\u0151tt \u00e1ll\u00f3 tanul\u00f3k, mind az eg\u00e9szs\u00e9g\u00fcgy k\u00fcl\u00f6nb\u00f6z\u0151 szektora fel\u0151l, akik sz\u00edvesen v\u00e1lasztj\u00e1k egy-egy \u00e1ll\u00e1s bet\u00f6lt\u00e9s\u00e9re a frissen v\u00e9gzett hallgat\u00f3inkat, sokuk m\u00e1r a diplom\u00e1juk \u00e1tv\u00e9telekor biztos \u00e1ll\u00e1saj\u00e1nlattal rendelkeznek. A komplex ismeretek megszerz\u00e9s\u00e9ben az int\u00e9zet oktat\u00f3in t\u00fal a Semmelweis Egyetem \u00c1ltal\u00e1nos Orvostudom\u00e1nyi Kara, valamint az Eg\u00e9szs\u00e9g\u00fcgyi K\u00f6zszolg\u00e1lati Kar Eg\u00e9szs\u00e9g\u00fcgyi Menedzserk\u00e9pz\u0151 K\u00f6zpontja is seg\u00edti a hallgat\u00f3kat.<\/p>\n<p style=\"text-align: justify\">Int\u00e9zet\u00fcnk m\u00e1sik fontos oktat\u00e1si feladata az <strong>orvosi \u00e9s eg\u00e9szs\u00e9g\u00fcgyi informatikai t\u00e1rgyak oktat\u00e1sa<\/strong>, amelyet h\u00e1rom karon \u00e9s h\u00e1rom nyelven v\u00e9gz\u00fcnk t\u00f6retlen sikerrel, egy-egy tan\u00e9vben k\u00f6zel ezer hallgat\u00f3 v\u00e1laszt benn\u00fcnket. Hisz\u00fcnk benne, hogy a hallgat\u00f3k k\u00f6zti nagy n\u00e9pszer\u0171s\u00e9g els\u0151dleges oka az oktat\u00f3ink lelkiismeretes munk\u00e1j\u00e1ban rejlik, mely sor\u00e1n gondot ford\u00edtunk a rohamosan v\u00e1ltoz\u00f3 informatika vil\u00e1g\u00e1ban naprak\u00e9sz, s\u0151t a j\u00f6v\u0151be mutat\u00f3 ismereteket ny\u00fajtani.<\/p>\n<div class=\"keretes w-100\">\n<p style=\"text-align: justify\">A Digit\u00e1lis Eg\u00e9szs\u00e9gtudom\u00e1nyi Int\u00e9zet \u00e1ltal szervezett oktat\u00e1sok tananyagai a <strong>DEI Felh\u0151<\/strong>ben megtal\u00e1lhat\u00f3ak:\u00a0<a href=\"http:\/\/dei-cloud.semmelweis.hu\/\" target=\"_blank\" rel=\"noopener\">http:\/\/dei-cloud.semmelweis.hu\/<\/a><\/p>\n<\/div>\n<p><a href=\"https:\/\/semmelweis.hu\/dei\/files\/2019\/07\/dei.oktat\u00e1s.01.jpg\"><img loading=\"lazy\" decoding=\"async\" class=\" wp-image-7778 aligncenter\" src=\"https:\/\/semmelweis.hu\/dei\/files\/2019\/07\/dei.oktat\u00e1s.01-300x200.jpg\" alt=\"\" width=\"766\" height=\"510\" srcset=\"https:\/\/semmelweis.hu\/dei\/files\/2019\/07\/dei.oktat\u00e1s.01-300x200.jpg 300w, https:\/\/semmelweis.hu\/dei\/files\/2019\/07\/dei.oktat\u00e1s.01-768x512.jpg 768w, https:\/\/semmelweis.hu\/dei\/files\/2019\/07\/dei.oktat\u00e1s.01-450x300.jpg 450w, https:\/\/semmelweis.hu\/dei\/files\/2019\/07\/dei.oktat\u00e1s.01.jpg 950w\" sizes=\"auto, (max-width: 766px) 100vw, 766px\" \/><\/a><\/p>\n<p><a href=\"https:\/\/semmelweis.hu\/dei\/files\/2019\/07\/dei.oktat\u00e1s.03.jpg\"><img loading=\"lazy\" decoding=\"async\" class=\" wp-image-7780 aligncenter\" src=\"https:\/\/semmelweis.hu\/dei\/files\/2019\/07\/dei.oktat\u00e1s.03-300x225.jpg\" alt=\"\" width=\"788\" height=\"591\" srcset=\"https:\/\/semmelweis.hu\/dei\/files\/2019\/07\/dei.oktat\u00e1s.03-300x225.jpg 300w, https:\/\/semmelweis.hu\/dei\/files\/2019\/07\/dei.oktat\u00e1s.03-768x576.jpg 768w, https:\/\/semmelweis.hu\/dei\/files\/2019\/07\/dei.oktat\u00e1s.03-1024x768.jpg 1024w, https:\/\/semmelweis.hu\/dei\/files\/2019\/07\/dei.oktat\u00e1s.03-400x300.jpg 400w\" sizes=\"auto, (max-width: 788px) 100vw, 788px\" \/><\/a><\/p>\n","protected":false},"excerpt":{"rendered":"<p>Int\u00e9zet\u00fcnk egyik fontos feladata az eg\u00e9szs\u00e9g\u00fcgyi szervez\u0151 szakos hallgat\u00f3k k\u00e9pz\u00e9se, digit\u00e1lis eg\u00e9szs\u00e9g\u00fcgyi szervez\u0151 specializ\u00e1ci\u00f3n. A k\u00e9pz\u00e9sre nagy az \u00e9rdekl\u0151d\u00e9s mind a p\u00e1lyav\u00e1laszt\u00e1s el\u0151tt \u00e1ll\u00f3 tanul\u00f3k, mind az eg\u00e9szs\u00e9g\u00fcgy k\u00fcl\u00f6nb\u00f6z\u0151 szektora fel\u0151l, akik sz\u00edvesen v\u00e1lasztj\u00e1k egy-egy \u00e1ll\u00e1s bet\u00f6lt\u00e9s\u00e9re a frissen v\u00e9gzett hallgat\u00f3inkat, sokuk m\u00e1r a diplom\u00e1juk \u00e1tv\u00e9telekor biztos \u00e1ll\u00e1saj\u00e1nlattal rendelkeznek. A komplex ismeretek megszerz\u00e9s\u00e9ben az int\u00e9zet &hellip;<\/p>\n","protected":false},"author":158,"featured_media":0,"parent":0,"menu_order":0,"comment_status":"closed","ping_status":"closed","template":"","meta":{"_acf_changed":false,"footnotes":""},"categories":[],"tags":[],"class_list":["post-5598","page","type-page","status-publish","hentry"],"acf":[],"_links":{"self":[{"href":"https:\/\/semmelweis.hu\/dei\/wp-json\/wp\/v2\/pages\/5598","targetHints":{"allow":["GET"]}}],"collection":[{"href":"https:\/\/semmelweis.hu\/dei\/wp-json\/wp\/v2\/pages"}],"about":[{"href":"https:\/\/semmelweis.hu\/dei\/wp-json\/wp\/v2\/types\/page"}],"author":[{"embeddable":true,"href":"https:\/\/semmelweis.hu\/dei\/wp-json\/wp\/v2\/users\/158"}],"replies":[{"embeddable":true,"href":"https:\/\/semmelweis.hu\/dei\/wp-json\/wp\/v2\/comments?post=5598"}],"version-history":[{"count":11,"href":"https:\/\/semmelweis.hu\/dei\/wp-json\/wp\/v2\/pages\/5598\/revisions"}],"predecessor-version":[{"id":9397,"href":"https:\/\/semmelweis.hu\/dei\/wp-json\/wp\/v2\/pages\/5598\/revisions\/9397"}],"wp:attachment":[{"href":"https:\/\/semmelweis.hu\/dei\/wp-json\/wp\/v2\/media?parent=5598"}],"wp:term":[{"taxonomy":"category","embeddable":true,"href":"https:\/\/semmelweis.hu\/dei\/wp-json\/wp\/v2\/categories?post=5598"},{"taxonomy":"post_tag","embeddable":true,"href":"https:\/\/semmelweis.hu\/dei\/wp-json\/wp\/v2\/tags?post=5598"}],"curies":[{"name":"wp","href":"https:\/\/api.w.org\/{rel}","templated":true}]}}