{"id":5040,"date":"2015-11-03T12:50:48","date_gmt":"2015-11-03T11:50:48","guid":{"rendered":"http:\/\/semmelweis.hu\/dei\/?page_id=5040"},"modified":"2024-10-08T13:46:47","modified_gmt":"2024-10-08T11:46:47","slug":"egeszsegugyi-szervezo-szak","status":"publish","type":"page","link":"https:\/\/semmelweis.hu\/dei\/intezet\/egeszsegugyi-szervezo-szak\/","title":{"rendered":"Szak le\u00edr\u00e1sa"},"content":{"rendered":"<h1 style=\"text-align: left\">Az eg\u00e9szs\u00e9g\u00fcgyi szervez\u0151 szak bemutat\u00e1sa \u2013 digit\u00e1lis eg\u00e9szs\u00e9g\u00fcgyi szervez\u0151 specializ\u00e1ci\u00f3<\/h1>\n<p style=\"text-align: justify\">Az <strong>eg\u00e9szs\u00e9g\u00fcgyi szervez\u0151<\/strong> szakemberek az eg\u00e9szs\u00e9g\u00fcgyben \u00e9s a hum\u00e1nbiztos\u00edt\u00e1s ter\u00fclet\u00e9n tev\u00e9kenykednek, k\u00fcl\u00f6nb\u00f6z\u0151 informatikai, gazdas\u00e1gi, adatszolg\u00e1ltat\u00e1si feladatokat l\u00e1tnak el, jelent\u00e9seket, besz\u00e1mol\u00f3kat, elemz\u00e9seket k\u00e9sz\u00edtenek. A <strong>digit\u00e1lis<\/strong> <strong>eg\u00e9szs\u00e9g\u00fcgyi szervez\u0151<\/strong> specializ\u00e1ci\u00f3t v\u00e1laszt\u00f3k v\u00e9gz\u00e9s ut\u00e1n jellemz\u0151en eg\u00e9szs\u00e9g\u00fcgyi ter\u00fcleten m\u0171k\u00f6d\u0151 v\u00e1llalkoz\u00e1sok, eg\u00e9szs\u00e9g\u00fcgyi \u00e1gazati h\u00e1tt\u00e9rint\u00e9zm\u00e9nyek \u00e9s eg\u00e9szs\u00e9g\u00fcgyi ell\u00e1t\u00f3k (k\u00f3rh\u00e1zak, rendel\u0151k) informatikai, adatelemz\u00e9si tud\u00e1st is ig\u00e9nyl\u0151 \u00fcgyvitelszervez\u00e9si feladatait l\u00e1tj\u00e1k el.<\/p>\n<p style=\"text-align: justify\">A v\u00e9gzett hallgat\u00f3k sz\u00e1m\u00e1ra sz\u00e1mos mesterk\u00e9pz\u00e9sben t\u00f6rt\u00e9n\u0151 r\u00e9szv\u00e9tel lehet\u0151s\u00e9ge is adott, ezek k\u00f6z\u00fcl a leggyakoribbak az eg\u00e9szs\u00e9g\u00fcgyi menedzser, az eg\u00e9szs\u00e9g\u00fcgyi m\u00e9rn\u00f6k \u00e9s az eg\u00e9szs\u00e9gpolitika, tervez\u00e9s \u00e9s finansz\u00edroz\u00e1s szakok.<\/p>\n<p>A szak k\u00e9pz\u00e9si ideje: 7 f\u00e9l\u00e9v.<\/p>\n<p style=\"text-align: justify\">A fenti feladatok megfelel\u0151 ell\u00e1t\u00e1sa \u00e9rdek\u00e9ben a k\u00e9pz\u00e9s alapoz\u00f3 tant\u00e1rgyainak keret\u00e9ben a hallgat\u00f3k elsaj\u00e1t\u00edtj\u00e1k az orvostudom\u00e1nyi \u00e9s az informatikai szakter\u00fclet alapismereteit, melyet a kapcsol\u00f3d\u00f3 jogi, etikai, k\u00f6zgazdas\u00e1gi, p\u00e9nz\u00fcgyi, menedzsment \u00e9s szaknyelvi ismeretek tesznek teljess\u00e9. A k\u00e9pz\u00e9s magas sz\u00ednvonal\u00e1t a Semmelweis Egyetem oktat\u00f3i biztos\u00edtj\u00e1k.<\/p>\n<p style=\"text-align: justify\">A\u00a0digit\u00e1lis eg\u00e9szs\u00e9g\u00fcgyi szervez\u0151 specializ\u00e1ci\u00f3 kifejezetten gyakorlatorient\u00e1lt, eg\u00e9szs\u00e9g\u00fcgyi informatikai, illetve eg\u00e9szs\u00e9g\u00fcgyi szervez\u00e9si t\u00e1rgyainak (pl. K\u00f3rh\u00e1zi inform\u00e1ci\u00f3s rendszerek, \u00c1gazati informatika, Eg\u00e9szs\u00e9g\u00fcgyi menedzsment, Eg\u00e9szs\u00e9g\u00fcgyi kontrolling) oktat\u00e1s\u00e1t a Kar k\u00e9t int\u00e9zet\u00e9nek, a Digit\u00e1lis Eg\u00e9szs\u00e9gtudom\u00e1nyi Int\u00e9zet \u00e9s az Eg\u00e9szs\u00e9g\u00fcgyi Menedzserk\u00e9pz\u0151 K\u00f6zpont oktat\u00f3i v\u00e9gzik.<\/p>\n<p style=\"text-align: justify\">A digit\u00e1lis eg\u00e9szs\u00e9g\u00fcgyi szervez\u0151 BSc alapk\u00e9pz\u00e9si szakon 2024\/2025 tan\u00e9v \u0151szi f\u00e9l\u00e9v\u00e9t\u0151l kezd\u0151d\u0151en felmen\u0151 rendszerben a piacon val\u00f3 elhelyezked\u00e9st, a gyakorlatban alkalmazhat\u00f3 tud\u00e1s megszerz\u00e9s\u00e9t jobban t\u00e1mogat\u00f3 \u00faj mintatanterv alapj\u00e1n folyik az oktat\u00e1s.<\/p>\n","protected":false},"excerpt":{"rendered":"<p>Az eg\u00e9szs\u00e9g\u00fcgyi szervez\u0151 szak bemutat\u00e1sa \u2013 digit\u00e1lis eg\u00e9szs\u00e9g\u00fcgyi szervez\u0151 specializ\u00e1ci\u00f3 Az eg\u00e9szs\u00e9g\u00fcgyi szervez\u0151 szakemberek az eg\u00e9szs\u00e9g\u00fcgyben \u00e9s a hum\u00e1nbiztos\u00edt\u00e1s ter\u00fclet\u00e9n tev\u00e9kenykednek, k\u00fcl\u00f6nb\u00f6z\u0151 informatikai, gazdas\u00e1gi, adatszolg\u00e1ltat\u00e1si feladatokat l\u00e1tnak el, jelent\u00e9seket, besz\u00e1mol\u00f3kat, elemz\u00e9seket k\u00e9sz\u00edtenek. A digit\u00e1lis eg\u00e9szs\u00e9g\u00fcgyi szervez\u0151 specializ\u00e1ci\u00f3t v\u00e1laszt\u00f3k v\u00e9gz\u00e9s ut\u00e1n jellemz\u0151en eg\u00e9szs\u00e9g\u00fcgyi ter\u00fcleten m\u0171k\u00f6d\u0151 v\u00e1llalkoz\u00e1sok, eg\u00e9szs\u00e9g\u00fcgyi \u00e1gazati h\u00e1tt\u00e9rint\u00e9zm\u00e9nyek \u00e9s eg\u00e9szs\u00e9g\u00fcgyi ell\u00e1t\u00f3k (k\u00f3rh\u00e1zak, rendel\u0151k) informatikai, adatelemz\u00e9si &hellip;<\/p>\n","protected":false},"author":101238,"featured_media":0,"parent":6426,"menu_order":1,"comment_status":"closed","ping_status":"closed","template":"","meta":{"_acf_changed":false,"footnotes":""},"categories":[],"tags":[],"class_list":["post-5040","page","type-page","status-publish","hentry"],"acf":[],"_links":{"self":[{"href":"https:\/\/semmelweis.hu\/dei\/wp-json\/wp\/v2\/pages\/5040","targetHints":{"allow":["GET"]}}],"collection":[{"href":"https:\/\/semmelweis.hu\/dei\/wp-json\/wp\/v2\/pages"}],"about":[{"href":"https:\/\/semmelweis.hu\/dei\/wp-json\/wp\/v2\/types\/page"}],"author":[{"embeddable":true,"href":"https:\/\/semmelweis.hu\/dei\/wp-json\/wp\/v2\/users\/101238"}],"replies":[{"embeddable":true,"href":"https:\/\/semmelweis.hu\/dei\/wp-json\/wp\/v2\/comments?post=5040"}],"version-history":[{"count":15,"href":"https:\/\/semmelweis.hu\/dei\/wp-json\/wp\/v2\/pages\/5040\/revisions"}],"predecessor-version":[{"id":9148,"href":"https:\/\/semmelweis.hu\/dei\/wp-json\/wp\/v2\/pages\/5040\/revisions\/9148"}],"up":[{"embeddable":true,"href":"https:\/\/semmelweis.hu\/dei\/wp-json\/wp\/v2\/pages\/6426"}],"wp:attachment":[{"href":"https:\/\/semmelweis.hu\/dei\/wp-json\/wp\/v2\/media?parent=5040"}],"wp:term":[{"taxonomy":"category","embeddable":true,"href":"https:\/\/semmelweis.hu\/dei\/wp-json\/wp\/v2\/categories?post=5040"},{"taxonomy":"post_tag","embeddable":true,"href":"https:\/\/semmelweis.hu\/dei\/wp-json\/wp\/v2\/tags?post=5040"}],"curies":[{"name":"wp","href":"https:\/\/api.w.org\/{rel}","templated":true}]}}