{"id":4625,"date":"2015-04-29T12:20:28","date_gmt":"2015-04-29T10:20:28","guid":{"rendered":"http:\/\/semmelweis.hu\/eii\/?page_id=4625"},"modified":"2024-09-11T14:15:58","modified_gmt":"2024-09-11T12:15:58","slug":"2014-tel-bsc","status":"publish","type":"page","link":"https:\/\/semmelweis.hu\/dei\/oktatas\/egeszsegugyi-szervezo-bsc\/szakdolgozat\/korabbi-szakdolgozatok\/2014-tel-bsc\/","title":{"rendered":"2014 t\u00e9l BSc"},"content":{"rendered":"<p>Andah\u00e1zy \u00c1lmos: K\u00e9zhigi\u00e9n\u00e9s Compilance befoly\u00e1sol\u00f3 t\u00e9nyez\u0151inek vizsg\u00e1lata<\/p>\n<ul>\n<li>t\u00e9mavezet\u0151:\u00a0Dr. L\u00e1m Judit, Tak\u00e1cs Erika<\/li>\n<\/ul>\n<p>Bukai Eszter: Betegbiztons\u00e1g: a gy\u00f3gyszerel\u00e9s folyamat\u00e1nak k\u00e9t kritikus l\u00e9p\u00e9se<\/p>\n<ul>\n<li>t\u00e9mavezet\u0151:\u00a0Dr. L\u00e1m Judit, Tak\u00e1cs Erika<\/li>\n<\/ul>\n<p>De\u00e1k Veronika: A kitol\u00f3dott gyermekv\u00e1llal\u00e1s okai \u00e9s kock\u00e1zatai<\/p>\n<ul>\n<li>t\u00e9mavezet\u0151:\u00a0Dr. Darag\u00f3 L\u00e1szl\u00f3<\/li>\n<\/ul>\n<p>Fodor Adrienn: fMRI, mesters\u00e9ges intelligencia az orvosi diagnosztik\u00e1ban<\/p>\n<ul>\n<li>t\u00e9mavezet\u0151:\u00a0Dr. Darag\u00f3 L\u00e1szl\u00f3<\/li>\n<\/ul>\n<p>G\u00e1sp\u00e1r Gr\u00e9ta: Megold\u00e1sok a hazai v\u00e1r\u00f3lista probl\u00e9ma kezel\u00e9s\u00e9re<\/p>\n<ul>\n<li>t\u00e9mavezet\u0151:\u00a0Dr. Nagy Julianna<\/li>\n<\/ul>\n<p>Gera Dorottya: Progresszivit\u00e1si szintek \u00e9s a homog\u00e9n betegs\u00e9gcsoportok viszonya a magyar fekv\u0151beteg ell\u00e1t\u00e1sban<\/p>\n<ul>\n<li>t\u00e9mavezet\u0151:\u00a0Dr. Dinya Elek,\u00a0Dr. Surj\u00e1n Gy\u00f6rgy<\/li>\n<\/ul>\n<p>Horv\u00e1th T\u00edmea: Intelligens Otthon id\u0151skor\u00faak \u00e9letvitel\u00e9nek seg\u00edt\u00e9s\u00e9re<\/p>\n<ul>\n<li>t\u00e9mavezet\u0151:\u00a0Dr. Darag\u00f3 L\u00e1szl\u00f3,\u00a0Dr. Szab\u00f3 Csaba Attila<\/li>\n<\/ul>\n<p>Ill\u00e9s Lilla: Finansz\u00edroz\u00e1si reformt\u00f6rekv\u00e9sek megval\u00f3sul\u00e1sa az eg\u00e9szs\u00e9g\u00fcgyben<\/p>\n<ul>\n<li>t\u00e9mavezet\u0151:\u00a0Dr. Surj\u00e1n Gy\u00f6rgy<\/li>\n<\/ul>\n<p>J\u00e9hn Enik\u0151: Az eg\u00e9szs\u00e9g\u00fcgyi dolgoz\u00f3k biztons\u00e1ga: a \u201et\u0171sz\u00far\u00e1sos s\u00e9r\u00fcl\u00e9sek\u201d megel\u0151z\u00e9se<\/p>\n<ul>\n<li>t\u00e9mavezet\u0151:\u00a0Tak\u00e1cs Erika, Dr. L\u00e1m Judit,\u00a0R\u00f3zsa Erzs\u00e9bet<\/li>\n<\/ul>\n<p>Kaposi Dorottya: A stroke megbeteged\u00e9sek min\u0151s\u00e9gbiztos\u00edt\u00e1si k\u00e9rd\u00e9seinek vizsg\u00e1lata a szem\u00e9lyre szabott gy\u00f3gy\u00edt\u00e1s \u00e9s informatikai k\u00f6rnyezete t\u00fckr\u00e9ben<\/p>\n<ul>\n<li>t\u00e9mavezet\u0151:\u00a0Dr. Dinya Elek,\u00a0Dr. \u00d3v\u00e1ry Csaba<\/li>\n<\/ul>\n<p>Keresztes D\u00e1vid: A thymus morfometriai anal\u00edzis\u00e9hez fejlesztett, t\u00e9rfogatbecsl\u00e9sre alkalmas makr\u00f3 bemutat\u00e1sa<\/p>\n<ul>\n<li>t\u00e9mavezet\u0151:\u00a0Dr. Herberth-Mink\u00f3 Krisztina,\u00a0Dr. D\u00e1vid Csaba<\/li>\n<\/ul>\n<p>Konta Andrea: Az eg\u00e9szs\u00e9ginform\u00e1ci\u00f3k hiteless\u00e9ge az internet vil\u00e1g\u00e1ban<\/p>\n<ul>\n<li>t\u00e9mavezet\u0151:\u00a0Dr. J\u00e1vor Andr\u00e1s<\/li>\n<\/ul>\n<p>Max D\u00e1niel: P\u00e1rhuzamosan m\u0171k\u00f6d\u0151 k\u00f3rh\u00e1zi inform\u00e1ci\u00f3s rendszerek az Orsz\u00e1gos Gerincgy\u00f3gy\u00e1szati K\u00f6zpontban<\/p>\n<ul>\n<li>t\u00e9mavezet\u0151:\u00a0Dr. Tamus Zolt\u00e1n \u00c1d\u00e1m<\/li>\n<\/ul>\n<p>M\u00e9nesi Ivett: Ambul\u00e1ns vizitcsoportok \u00e9s ambul\u00e1ns homog\u00e9n ell\u00e1t\u00e1si csoportok alkalmaz\u00e1sa a j\u00e1r\u00f3beteg &#8211; szakell\u00e1t\u00e1s finansz\u00edroz\u00e1s\u00e1ban<\/p>\n<ul>\n<li>t\u00e9mavezet\u0151:\u00a0Dr. Darag\u00f3 L\u00e1szl\u00f3<\/li>\n<\/ul>\n<p>Milkovics R\u00f3kus: A DRG alap\u00fa finansz\u00edroz\u00e1si technika az akt\u00edv fekv\u0151beteg-szakell\u00e1t\u00e1s finansz\u00edroz\u00e1s\u00e1ban &#8211; a HBCS rendszerhez kapcsol\u00f3d\u00f3 diszfunkci\u00f3k \u00e9s el\u0151ny\u00f6k megfigyel\u00e9se \u00e9s ki\u00e9rt\u00e9kel\u00e9se egy v\u00e1rosi k\u00f3rh\u00e1z traumatol\u00f3giai oszt\u00e1ly\u00e1n<\/p>\n<ul>\n<li>t\u00e9mavezet\u0151: Dr. Nagy Julianna, Karsai Andr\u00e1s<\/li>\n<\/ul>\n<p>Muskovits D\u00f3ra: Gy\u00f3gyszert\u00e1ri informatikai rendszerek vizsg\u00e1lata, k\u00fcl\u00f6n\u00f6s tekintettel az adatv\u00e9delmi k\u00e9rd\u00e9sekre<\/p>\n<ul>\n<li>t\u00e9mavezet\u0151: Dr. Tamus Zolt\u00e1n \u00c1d\u00e1m<\/li>\n<\/ul>\n<p>Nagy Anita: A j\u00e1r\u00f3beteg-szakell\u00e1t\u00e1s finansz\u00edroz\u00e1s\u00e1nak fejl\u0151d\u00e9se egy ell\u00e1t\u00f3 int\u00e9zm\u00e9ny p\u00e9ld\u00e1j\u00e1n kereszt\u00fcl<\/p>\n<ul>\n<li>t\u00e9mavezet\u0151:\u00a0Dr. Nagy Julianna<\/li>\n<\/ul>\n<p>Nagy Be\u00e1ta: Betegbiztons\u00e1g \u2013 gy\u00f3gyszerel\u00e9si standardot t\u00e1mogat\u00f3 fejleszt\u00e9si lehet\u0151s\u00e9gek vizsg\u00e1lata<\/p>\n<ul>\n<li>t\u00e9mavezet\u0151:\u00a0Dr. L\u00e1m Judit, Tak\u00e1cs Erika<\/li>\n<\/ul>\n<p>R\u00e1cz Andr\u00e1s: A betegadatok v\u00e9delm\u00e9nek vizsg\u00e1lata a gy\u0151ri Petz Alad\u00e1r Megyei Oktat\u00f3 K\u00f3rh\u00e1zban<\/p>\n<ul>\n<li>t\u00e9mavezet\u0151:\u00a0Dr. Tamus Zolt\u00e1n \u00c1d\u00e1m<\/li>\n<\/ul>\n<p>Szak S\u00e1ra: Pap\u00edrmentes k\u00f3rh\u00e1zak. \u00c1lom vagy realit\u00e1s?<\/p>\n<ul>\n<li>t\u00e9mavezet\u0151:\u00a0Dr. J\u00e1vor Andr\u00e1s<\/li>\n<\/ul>\n<p>Szeifert Henrietta: Gy\u00f3gyszer-nagykeresked\u0151i min\u0151s\u00e9gbiztos\u00edt\u00e1si k\u00f6vetelm\u00e9nyek \u00e9s kapcsol\u00f3d\u00f3 informatikai rendszerek<\/p>\n<ul>\n<li>t\u00e9mavezet\u0151:\u00a0Szeifert Henrietta<\/li>\n<\/ul>\n<p>Szekerka Luca: T\u00e1blag\u00e9pek alkalmaz\u00e1si lehet\u0151s\u00e9geinek vizsg\u00e1lata az eg\u00e9szs\u00e9g\u00fcgyben<\/p>\n<ul>\n<li>t\u00e9mavezet\u0151: Dr. Tamus Zolt\u00e1n \u00c1d\u00e1m, Dr. Kov\u00e1csh\u00e1zy Tam\u00e1s<\/li>\n<\/ul>\n<p>Szomol\u00e1nyi D\u00f3ra: Sz\u00e1m\u00edt\u00e1si felh\u0151 alkalmaz\u00e1sa eg\u00e9szs\u00e9g\u00fcgyben<\/p>\n<ul>\n<li>t\u00e9mavezet\u0151:\u00a0Dr. Darag\u00f3 L\u00e1szl\u00f3, Babosi Gy\u00f6rgy<\/li>\n<\/ul>\n<p>Tahir\u00e1k Enik\u0151: Az eg\u00e9szs\u00e9g\u00fcgyi szolg\u00e1ltat\u00e1sok el\u00e9rhet\u0151s\u00e9g\u00e9nek vizsg\u00e1lata j\u00e1r\u00f3beteg szakrendel\u0151 eset\u00e9ben \u2013 A v\u00e1r\u00f3termi v\u00e1rakoz\u00e1si id\u0151 cs\u00f6kkent\u00e9s\u00e9nek lehet\u0151s\u00e9gei<\/p>\n<ul>\n<li>t\u00e9mavezet\u0151:\u00a0Tak\u00e1cs Erika<\/li>\n<\/ul>\n<p>Tak\u00e1cs R\u00f3bert: Az egy \u00e9s a t\u00f6bb biztos\u00edt\u00f3ra \u00e9p\u00fcl\u0151 t\u00e1rsadalombiztos\u00edt\u00e1si rendszerek \u00f6sszehasonl\u00edt\u00e1sa Magyarorsz\u00e1g \u00e9s Szlov\u00e1kia gyakorlata alapj\u00e1n<\/p>\n<ul>\n<li>t\u00e9mavezet\u0151:\u00a0Dr. Bogd\u00e1n Zsuzsa<\/li>\n<\/ul>\n","protected":false},"excerpt":{"rendered":"<p>Andah\u00e1zy \u00c1lmos: K\u00e9zhigi\u00e9n\u00e9s Compilance befoly\u00e1sol\u00f3 t\u00e9nyez\u0151inek vizsg\u00e1lata t\u00e9mavezet\u0151:\u00a0Dr. L\u00e1m Judit, Tak\u00e1cs Erika Bukai Eszter: Betegbiztons\u00e1g: a gy\u00f3gyszerel\u00e9s folyamat\u00e1nak k\u00e9t kritikus l\u00e9p\u00e9se t\u00e9mavezet\u0151:\u00a0Dr. L\u00e1m Judit, Tak\u00e1cs Erika De\u00e1k Veronika: A kitol\u00f3dott gyermekv\u00e1llal\u00e1s okai \u00e9s kock\u00e1zatai t\u00e9mavezet\u0151:\u00a0Dr. Darag\u00f3 L\u00e1szl\u00f3 Fodor Adrienn: fMRI, mesters\u00e9ges intelligencia az orvosi diagnosztik\u00e1ban t\u00e9mavezet\u0151:\u00a0Dr. Darag\u00f3 L\u00e1szl\u00f3 G\u00e1sp\u00e1r Gr\u00e9ta: Megold\u00e1sok a hazai v\u00e1r\u00f3lista probl\u00e9ma &hellip;<\/p>\n","protected":false},"author":16,"featured_media":0,"parent":83,"menu_order":2,"comment_status":"closed","ping_status":"closed","template":"","meta":{"_acf_changed":false,"footnotes":""},"categories":[],"tags":[],"class_list":["post-4625","page","type-page","status-publish","hentry"],"acf":[],"_links":{"self":[{"href":"https:\/\/semmelweis.hu\/dei\/wp-json\/wp\/v2\/pages\/4625","targetHints":{"allow":["GET"]}}],"collection":[{"href":"https:\/\/semmelweis.hu\/dei\/wp-json\/wp\/v2\/pages"}],"about":[{"href":"https:\/\/semmelweis.hu\/dei\/wp-json\/wp\/v2\/types\/page"}],"author":[{"embeddable":true,"href":"https:\/\/semmelweis.hu\/dei\/wp-json\/wp\/v2\/users\/16"}],"replies":[{"embeddable":true,"href":"https:\/\/semmelweis.hu\/dei\/wp-json\/wp\/v2\/comments?post=4625"}],"version-history":[{"count":3,"href":"https:\/\/semmelweis.hu\/dei\/wp-json\/wp\/v2\/pages\/4625\/revisions"}],"predecessor-version":[{"id":9095,"href":"https:\/\/semmelweis.hu\/dei\/wp-json\/wp\/v2\/pages\/4625\/revisions\/9095"}],"up":[{"embeddable":true,"href":"https:\/\/semmelweis.hu\/dei\/wp-json\/wp\/v2\/pages\/83"}],"wp:attachment":[{"href":"https:\/\/semmelweis.hu\/dei\/wp-json\/wp\/v2\/media?parent=4625"}],"wp:term":[{"taxonomy":"category","embeddable":true,"href":"https:\/\/semmelweis.hu\/dei\/wp-json\/wp\/v2\/categories?post=4625"},{"taxonomy":"post_tag","embeddable":true,"href":"https:\/\/semmelweis.hu\/dei\/wp-json\/wp\/v2\/tags?post=4625"}],"curies":[{"name":"wp","href":"https:\/\/api.w.org\/{rel}","templated":true}]}}