{"id":4601,"date":"2015-04-29T09:56:57","date_gmt":"2015-04-29T07:56:57","guid":{"rendered":"http:\/\/semmelweis.hu\/eii\/?page_id=4601"},"modified":"2024-09-11T14:28:03","modified_gmt":"2024-09-11T12:28:03","slug":"2013-tel-bsc","status":"publish","type":"page","link":"https:\/\/semmelweis.hu\/dei\/oktatas\/egeszsegugyi-szervezo-bsc\/szakdolgozat\/korabbi-szakdolgozatok\/2013-tel-bsc\/","title":{"rendered":"2013 t\u00e9l BSc"},"content":{"rendered":"<p>Bacskai N\u00f3ra: A Nemzeti R\u00e1kregiszter jelent\u0151s\u00e9ge az eg\u00e9szs\u00e9g\u00fcgyben \u2013az Elektronikus, Archiv\u00e1lt Statisztikai \u00c9vk\u00f6nyv megval\u00f3s\u00edt\u00e1s\u00e1nak fontoss\u00e1ga<\/p>\n<ul>\n<li>t\u00e9mavezet\u0151:\u00a0Dr. Darag\u00f3 L\u00e1szl\u00f3,\u00a0Sveiger Ott\u00f3<\/li>\n<\/ul>\n<p>Bendes Rita: A generikumok megjelen\u00e9s\u00e9nek hat\u00e1sai a magyar gy\u00f3gyszert\u00e1mogat\u00e1si rendszerben a Clopidogrel hat\u00f3anyag p\u00e9ld\u00e1j\u00e1n<\/p>\n<ul>\n<li>t\u00e9mavezet\u0151:\u00a0Dr. L\u00e1m Judit<\/li>\n<\/ul>\n<p>Boz\u00f3 Krisztina: Eg\u00e9szs\u00e9g\u00fcgyi finansz\u00edroz\u00e1s indik\u00e1torok seg\u00edts\u00e9g\u00e9vel<\/p>\n<ul>\n<li>t\u00e9mavezet\u0151:\u00a0Dr. Nagy Julianna<\/li>\n<\/ul>\n<p>Cs\u00e9vi D\u00f3ra: Betegforgalmi jelent\u00e9sek adatmin\u0151s\u00e9g\u00e9nek vizsg\u00e1lata<\/p>\n<ul>\n<li>t\u00e9mavezet\u0151:\u00a0Dr. Surj\u00e1n Gy\u00f6rgy<\/li>\n<\/ul>\n<p>Filep N\u00f3ra: Telemedicina alkalmaz\u00e1sok a mai magyar eg\u00e9szs\u00e9g\u00fcgyben<\/p>\n<ul>\n<li>t\u00e9mavezet\u0151:\u00a0Dr. Stubnya Guszt\u00e1v<\/li>\n<\/ul>\n<p>Gajz\u00e1g\u00f3 Fanni: Az indik\u00e1ci\u00f3n t\u00fali gy\u00f3gyszer alkalmaz\u00e1s elemz\u00e9se a magyar eg\u00e9szs\u00e9g\u00fcgyben<\/p>\n<ul>\n<li>t\u00e9mavezet\u0151:\u00a0Dr. Zajzon Gergely,\u00a0Dr. B\u00f3di Bernadett<\/li>\n<\/ul>\n<p>Isp\u00e1n Fanni: V\u00e1r\u00f3lista management &#8211; a sorrendis\u00e9g biztos\u00edt\u00e1sa<\/p>\n<ul>\n<li>t\u00e9mavezet\u0151:\u00a0Dr. Nagy Julianna<\/li>\n<\/ul>\n<p>Jung Zs\u00f3fia: A telemedicina finansz\u00edroz\u00e1sa<\/p>\n<ul>\n<li>t\u00e9mavezet\u0151:\u00a0Dr. Darag\u00f3 L\u00e1szl\u00f3<\/li>\n<\/ul>\n<p>Kaulics Szabina: &#8222;Social engineering&#8221; vesz\u00e9lyei egy eg\u00e9szs\u00e9g\u00fcgyi int\u00e9zm\u00e9nyben<\/p>\n<ul>\n<li>t\u00e9mavezet\u0151:\u00a0Dr. Tamus \u00c1d\u00e1m<\/li>\n<\/ul>\n<p>Kelemen Zsanett: Gy\u00f3gyszerel\u00e9si hib\u00e1k<\/p>\n<ul>\n<li>t\u00e9mavezet\u0151:\u00a0Dr. L\u00e1m Judit<\/li>\n<\/ul>\n<p>Kiss Nikolett: Telemedicina protokollok<\/p>\n<ul>\n<li>t\u00e9mavezet\u0151:\u00a0Dr. Darag\u00f3 L\u00e1szl\u00f3<\/li>\n<\/ul>\n<p>Lapu N\u00f3ra: A k\u00f3rh\u00e1zi \u00e1pol\u00e1s dokument\u00e1ci\u00f3s rendszere<\/p>\n<ul>\n<li>t\u00e9mavezet\u0151:\u00a0Dr. Darag\u00f3 L\u00e1szl\u00f3<\/li>\n<\/ul>\n<p>Lengyel \u00c1d\u00e1m: A betegadatok eltulajdon\u00edt\u00e1s\u00e1nak vizsg\u00e1lata egy fekv\u0151beteg &#8211; ell\u00e1t\u00f3 eg\u00e9szs\u00e9g\u00fcgyi int\u00e9zm\u00e9nyben<\/p>\n<ul>\n<li>t\u00e9mavezet\u0151:\u00a0Dr. Tamus \u00c1d\u00e1m<\/li>\n<\/ul>\n<p>M\u00e9sz\u00e1ros Anna: Daganatos betegek gy\u00f3gyszeres kezel\u00e9s\u00e9nek finansz\u00edroz\u00e1sa<\/p>\n<ul>\n<li>t\u00e9mavezet\u0151: M\u00e9sz\u00e1ros Anna<\/li>\n<\/ul>\n<p>M\u00e9sz\u00e1ros B\u00e1lint: A magyar gy\u00f3gyszer\u00e1r-t\u00e1mogat\u00e1si rendszer vizsg\u00e1lata, a befogad\u00e1si rendszer m\u0171k\u00f6d\u00e9s\u00e9nek szeml\u00e9ltet\u00e9se egy konkr\u00e9t k\u00e9sz\u00edtm\u00e9nyen kereszt\u00fcl<\/p>\n<ul>\n<li>t\u00e9mavezet\u0151:\u00a0Dr. Zajzon Gergely<\/li>\n<\/ul>\n<p>Moln\u00e1r Csenge Iring\u00f3: Az egynapos seb\u00e9szet finansz\u00edroz\u00e1sa<\/p>\n<ul>\n<li>t\u00e9mavezet\u0151:\u00a0Dr. Nagy J\u00falia,\u00a0Dr. Vasas Norbert<\/li>\n<\/ul>\n<p>Ormos Orsolya: A jelsz\u00f3haszn\u00e1lat vesz\u00e9lyeinek vizsg\u00e1lata egy eg\u00e9szs\u00e9g\u00fcgyi int\u00e9zm\u00e9nyben<\/p>\n<ul>\n<li>t\u00e9mavezet\u0151:\u00a0Dr. Tamus \u00c1d\u00e1m<\/li>\n<\/ul>\n<p>Rozsics Teod\u00f3ra: \u00c9rtelmi fogyat\u00e9kosok pszichi\u00e1triai t\u00fcneteinek k\u00e9rd\u0151\u00edves m\u00e9r\u00e9se, matematikai \u2013 statisztikai m\u00f3dszerrel t\u00f6rt\u00e9n\u0151 \u00e9rt\u00e9kel\u00e9se<\/p>\n<ul>\n<li>t\u00e9mavezet\u0151:\u00a0Dr. Dinya Elek,\u00a0Dr. Csorba J\u00e1nos<\/li>\n<\/ul>\n<p>Siti Johanna: Az elektronikus eg\u00e9szs\u00e9g\u00fcgy min\u0151s\u00e9gi indik\u00e1torai<\/p>\n<ul>\n<li>t\u00e9mavezet\u0151:\u00a0Dr. J\u00e1vor Andr\u00e1s<\/li>\n<\/ul>\n<p>V\u00e1rfi Andr\u00e1s: Web alap\u00fa inform\u00e1ci\u00f3s rendszer az igazs\u00e1g\u00fcgyi orvostanban<\/p>\n<ul>\n<li>t\u00e9mavezet\u0151: S\u00e1ra Zolt\u00e1n<\/li>\n<\/ul>\n","protected":false},"excerpt":{"rendered":"<p>Bacskai N\u00f3ra: A Nemzeti R\u00e1kregiszter jelent\u0151s\u00e9ge az eg\u00e9szs\u00e9g\u00fcgyben \u2013az Elektronikus, Archiv\u00e1lt Statisztikai \u00c9vk\u00f6nyv megval\u00f3s\u00edt\u00e1s\u00e1nak fontoss\u00e1ga t\u00e9mavezet\u0151:\u00a0Dr. Darag\u00f3 L\u00e1szl\u00f3,\u00a0Sveiger Ott\u00f3 Bendes Rita: A generikumok megjelen\u00e9s\u00e9nek hat\u00e1sai a magyar gy\u00f3gyszert\u00e1mogat\u00e1si rendszerben a Clopidogrel hat\u00f3anyag p\u00e9ld\u00e1j\u00e1n t\u00e9mavezet\u0151:\u00a0Dr. L\u00e1m Judit Boz\u00f3 Krisztina: Eg\u00e9szs\u00e9g\u00fcgyi finansz\u00edroz\u00e1s indik\u00e1torok seg\u00edts\u00e9g\u00e9vel t\u00e9mavezet\u0151:\u00a0Dr. Nagy Julianna Cs\u00e9vi D\u00f3ra: Betegforgalmi jelent\u00e9sek adatmin\u0151s\u00e9g\u00e9nek vizsg\u00e1lata t\u00e9mavezet\u0151:\u00a0Dr. Surj\u00e1n Gy\u00f6rgy Filep &hellip;<\/p>\n","protected":false},"author":16,"featured_media":0,"parent":83,"menu_order":5,"comment_status":"closed","ping_status":"closed","template":"","meta":{"_acf_changed":false,"footnotes":""},"categories":[],"tags":[],"class_list":["post-4601","page","type-page","status-publish","hentry"],"acf":[],"_links":{"self":[{"href":"https:\/\/semmelweis.hu\/dei\/wp-json\/wp\/v2\/pages\/4601","targetHints":{"allow":["GET"]}}],"collection":[{"href":"https:\/\/semmelweis.hu\/dei\/wp-json\/wp\/v2\/pages"}],"about":[{"href":"https:\/\/semmelweis.hu\/dei\/wp-json\/wp\/v2\/types\/page"}],"author":[{"embeddable":true,"href":"https:\/\/semmelweis.hu\/dei\/wp-json\/wp\/v2\/users\/16"}],"replies":[{"embeddable":true,"href":"https:\/\/semmelweis.hu\/dei\/wp-json\/wp\/v2\/comments?post=4601"}],"version-history":[{"count":5,"href":"https:\/\/semmelweis.hu\/dei\/wp-json\/wp\/v2\/pages\/4601\/revisions"}],"predecessor-version":[{"id":9099,"href":"https:\/\/semmelweis.hu\/dei\/wp-json\/wp\/v2\/pages\/4601\/revisions\/9099"}],"up":[{"embeddable":true,"href":"https:\/\/semmelweis.hu\/dei\/wp-json\/wp\/v2\/pages\/83"}],"wp:attachment":[{"href":"https:\/\/semmelweis.hu\/dei\/wp-json\/wp\/v2\/media?parent=4601"}],"wp:term":[{"taxonomy":"category","embeddable":true,"href":"https:\/\/semmelweis.hu\/dei\/wp-json\/wp\/v2\/categories?post=4601"},{"taxonomy":"post_tag","embeddable":true,"href":"https:\/\/semmelweis.hu\/dei\/wp-json\/wp\/v2\/tags?post=4601"}],"curies":[{"name":"wp","href":"https:\/\/api.w.org\/{rel}","templated":true}]}}