{"id":43,"date":"2011-09-02T20:49:48","date_gmt":"2011-09-02T20:49:48","guid":{"rendered":"http:\/\/semmelweis-egyetem.hu\/eii\/?page_id=43"},"modified":"2026-03-11T10:50:16","modified_gmt":"2026-03-11T09:50:16","slug":"elerhetosegek","status":"publish","type":"page","link":"https:\/\/semmelweis.hu\/dei\/intezet\/elerhetosegek\/","title":{"rendered":"El\u00e9rhet\u0151s\u00e9gek"},"content":{"rendered":"<h3 style=\"text-align: center\">Semmelweis Egyetem Eg\u00e9szs\u00e9g\u00fcgyi K\u00f6zszolg\u00e1lati Kar <br \/>\nDigit\u00e1lis Eg\u00e9szs\u00e9gtudom\u00e1nyi\u00a0Int\u00e9zet<\/h3>\n<div>\n<table style=\"width: 100%;height: 72px\">\n<tbody>\n<tr style=\"height: 24px\">\n<td style=\"height: 24px\"><strong>C\u00edm:<\/strong><\/td>\n<td style=\"text-align: right;height: 24px\">1089, Budapest, Nagyv\u00e1rad t\u00e9r 4. fsz.\/18.<\/td>\n<\/tr>\n<tr style=\"height: 24px\">\n<td style=\"height: 24px\"><strong>Levelez\u00e9si c\u00edm:<\/strong><\/td>\n<td style=\"text-align: right;height: 24px\">1428 Budapest Pf. 2.<\/td>\n<\/tr>\n<tr style=\"height: 24px\">\n<td style=\"height: 24px\"><strong>E-mail c\u00edm:<\/strong><\/td>\n<td style=\"text-align: right;height: 24px\"><a href=\"info.dei@semmelweis.hu\">info.dei@semmelweis.hu<\/a><\/td>\n<\/tr>\n<\/tbody>\n<\/table>\n<\/div>\n<div>\n<p><strong>NAGYV\u00c1RAD T\u00c9RI ELM\u00c9LETI T\u00d6MB (1089 Budapest, Nagyv\u00e1rad t\u00e9r 4.) f\u00f6ldszintj\u00e9n tal\u00e1lhat\u00f3 informatikai laborok: <\/strong><\/p>\n<ul>\n<li>GREEN informatikai labor (NET 1. sz. inf. lab.)\u00a0<\/li>\n<li>BLUE informatikai labor (NET 2. sz. inf. lab.)<\/li>\n<li>RED informatikai labor (NET 3. sz. inf. lab)\u00a0<\/li>\n<li>ORANGE terem \u2013 tanulm\u00e1nyi \u00fcgyint\u00e9z\u00e9s helye (NET 18.)<\/li>\n<\/ul>\n\n<!-- iframe plugin v.4.9 wordpress.org\/plugins\/iframe\/ -->\n<iframe loading=\"lazy\" src=\"https:\/\/www.google.com\/maps\/embed?pb=!1m18!1m12!1m3!1d10786.14343305453!2d19.082959569775383!3d47.47947350000002!2m3!1f0!2f0!3f0!3m2!1i1024!2i768!4f13.1!3m3!1m2!1s0x4741dce697a2655f%3A0xdf51267ae07790a6!2zTmFneXbDoXJhZCBUw6lyaSBFbG3DqWxldGkgVMO2bWIsIE5FVA!5e0!3m2!1shu!2shu!4v1537969798561\" width=\"100%\" height=\"400\" scrolling=\"yes\" class=\"iframe-class\" frameborder=\"0\"><\/iframe>\n\n<p>&nbsp;<\/p>\n<p><strong> H\u0150GYES T\u00d6MBBEN (1092 Budapest, H\u0151gyes Endre utca 7-9.) informatikai labor: <\/strong><\/p>\n<ul>\n<li>H\u0151gyes Informatikai labor (F. \u00e9p\u00fclet 1. emelet)<\/li>\n<\/ul>\n\n<!-- iframe plugin v.4.9 wordpress.org\/plugins\/iframe\/ -->\n<iframe loading=\"lazy\" src=\"https:\/\/www.google.com\/maps\/embed?pb=!1m18!1m12!1m3!1d2696.246590518681!2d19.065726515872456!3d47.48510937917682!2m3!1f0!2f0!3f0!3m2!1i1024!2i768!4f13.1!3m3!1m2!1s0x4741dc579e9cc515%3A0xd94f592201f5f2ba!2sBudapest%2C+H%C5%91gyes+Endre+u.+7-9%2C+1092!5e0!3m2!1shu!2shu!4v1537969671398\" width=\"100%\" height=\"400\" scrolling=\"yes\" class=\"iframe-class\" frameborder=\"0\"><\/iframe>\n\n<table style=\"border-collapse: collapse;width: 100%\" border=\"1\">\n<tbody>\n<tr>\n<td style=\"width: 50%\"><img loading=\"lazy\" decoding=\"async\" class=\"alignleft wp-image-7421 size-medium\" src=\"https:\/\/semmelweis.hu\/dei\/files\/2018\/09\/hogyes_labor_1-300x200.jpg\" alt=\"\" width=\"300\" height=\"200\" srcset=\"https:\/\/semmelweis.hu\/dei\/files\/2018\/09\/hogyes_labor_1-300x200.jpg 300w, https:\/\/semmelweis.hu\/dei\/files\/2018\/09\/hogyes_labor_1.jpg 450w\" sizes=\"auto, (max-width: 300px) 100vw, 300px\" \/><\/td>\n<td style=\"width: 50%\"><img loading=\"lazy\" decoding=\"async\" class=\"alignright wp-image-7422 size-medium\" src=\"https:\/\/semmelweis.hu\/dei\/files\/2018\/09\/hogyes_labor_2-300x200.jpg\" alt=\"\" width=\"300\" height=\"200\" srcset=\"https:\/\/semmelweis.hu\/dei\/files\/2018\/09\/hogyes_labor_2-300x200.jpg 300w, https:\/\/semmelweis.hu\/dei\/files\/2018\/09\/hogyes_labor_2.jpg 449w\" sizes=\"auto, (max-width: 300px) 100vw, 300px\" \/><\/td>\n<\/tr>\n<\/tbody>\n<\/table>\n<\/div>\n","protected":false},"excerpt":{"rendered":"<p>Semmelweis Egyetem Eg\u00e9szs\u00e9g\u00fcgyi K\u00f6zszolg\u00e1lati Kar Digit\u00e1lis Eg\u00e9szs\u00e9gtudom\u00e1nyi\u00a0Int\u00e9zet C\u00edm: 1089, Budapest, Nagyv\u00e1rad t\u00e9r 4. fsz.\/18. Levelez\u00e9si c\u00edm: 1428 Budapest Pf. 2. E-mail c\u00edm: <a href=\"info.dei@semmelweis.hu\">info.dei@semmelweis.hu<\/a> NAGYV\u00c1RAD T\u00c9RI ELM\u00c9LETI T\u00d6MB (1089 Budapest, Nagyv\u00e1rad t\u00e9r 4.) f\u00f6ldszintj\u00e9n tal\u00e1lhat\u00f3 informatikai laborok: GREEN informatikai labor (NET 1. sz. inf. lab.)\u00a0 BLUE informatikai labor (NET 2. sz. inf. lab.) RED informatikai labor (NET &hellip;<\/p>\n","protected":false},"author":158,"featured_media":0,"parent":6426,"menu_order":3,"comment_status":"closed","ping_status":"closed","template":"","meta":{"_acf_changed":false,"footnotes":""},"categories":[],"tags":[],"class_list":["post-43","page","type-page","status-publish","hentry"],"acf":[],"_links":{"self":[{"href":"https:\/\/semmelweis.hu\/dei\/wp-json\/wp\/v2\/pages\/43","targetHints":{"allow":["GET"]}}],"collection":[{"href":"https:\/\/semmelweis.hu\/dei\/wp-json\/wp\/v2\/pages"}],"about":[{"href":"https:\/\/semmelweis.hu\/dei\/wp-json\/wp\/v2\/types\/page"}],"author":[{"embeddable":true,"href":"https:\/\/semmelweis.hu\/dei\/wp-json\/wp\/v2\/users\/158"}],"replies":[{"embeddable":true,"href":"https:\/\/semmelweis.hu\/dei\/wp-json\/wp\/v2\/comments?post=43"}],"version-history":[{"count":14,"href":"https:\/\/semmelweis.hu\/dei\/wp-json\/wp\/v2\/pages\/43\/revisions"}],"predecessor-version":[{"id":9622,"href":"https:\/\/semmelweis.hu\/dei\/wp-json\/wp\/v2\/pages\/43\/revisions\/9622"}],"up":[{"embeddable":true,"href":"https:\/\/semmelweis.hu\/dei\/wp-json\/wp\/v2\/pages\/6426"}],"wp:attachment":[{"href":"https:\/\/semmelweis.hu\/dei\/wp-json\/wp\/v2\/media?parent=43"}],"wp:term":[{"taxonomy":"category","embeddable":true,"href":"https:\/\/semmelweis.hu\/dei\/wp-json\/wp\/v2\/categories?post=43"},{"taxonomy":"post_tag","embeddable":true,"href":"https:\/\/semmelweis.hu\/dei\/wp-json\/wp\/v2\/tags?post=43"}],"curies":[{"name":"wp","href":"https:\/\/api.w.org\/{rel}","templated":true}]}}