{"id":42,"date":"2011-09-02T20:15:13","date_gmt":"2011-09-02T20:15:13","guid":{"rendered":"http:\/\/semmelweis-egyetem.hu\/eii\/?page_id=42"},"modified":"2025-10-10T12:17:26","modified_gmt":"2025-10-10T10:17:26","slug":"phd","status":"publish","type":"page","link":"https:\/\/semmelweis.hu\/dei\/phd\/","title":{"rendered":"PhD oktat\u00e1s"},"content":{"rendered":"<p style=\"text-align: justify\">2011-es tan\u00e9vt\u0151l int\u00e9zet\u00fcnk r\u00e9szt vesz az egyetemi PhD k\u00e9pz\u00e9sben.<\/p>\n<p style=\"text-align: justify\">T\u00e9mavezet\u0151: <a href=\"https:\/\/doktori.hu\/index.php?menuid=192&amp;lang=HU&amp;sz_ID=9155\" target=\"_blank\" rel=\"noopener\">Prof. Emeritus Dr. Dinya Elek<\/a><\/p>\n<p style=\"text-align: justify\">T\u00e9ma: <strong>Az eg\u00e9szs\u00e9g\u00fcgyi informatikai kutat\u00e1s jelent\u0151s\u00e9ge az eg\u00e9szs\u00e9g\u00fcgyben<\/strong><\/p>\n<p style=\"text-align: justify\">A PhD k\u00e9pz\u00e9s a <a href=\"https:\/\/semmelweis.hu\/phd\/doktori-tagozatok\/egeszsegtudomanyi-tagozat\/\" target=\"_blank\" rel=\"noopener\">Semmelweis Egyetem Doktori Iskola Eg\u00e9szs\u00e9gtudom\u00e1nyi Tagozat<\/a> (vezet\u0151: Prof. Dr. Nagy Zsolt) keret\u00e9n bel\u00fcl t\u00f6rt\u00e9nik.<\/p>\n<p style=\"text-align: justify\">Program: 04. N\u00e9p- \u00e9s k\u00f6zeg\u00e9szs\u00e9gtudom\u00e1nyok (programvezet\u0151: Dr. \u00c1cs N\u00e1ndor).<\/p>\n<div>\n<p style=\"text-align: justify\">A Digit\u00e1lis Eg\u00e9szs\u00e9gtudom\u00e1nyi Int\u00e9zet lehet\u0151s\u00e9get ad PhD fokozat szerz\u00e9sre <strong>Eg\u00e9szs\u00e9g\u00fcgyi informatika<\/strong> ter\u00fclet\u00e9n. Minden olyan egyetemi v\u00e9gzetts\u00e9ggel rendelkez\u0151 \u00e9rdekl\u0151d\u00e9s\u00e9t v\u00e1rjuk, aki v\u00e1llalja a ter\u00fclet kutat\u00e1si feladatait, az ezzel j\u00e1r\u00f3 munk\u00e1t.<\/p>\n<p style=\"text-align: justify\">Prof. Emeritus Dr. Dinya Elek<\/p>\n<\/div>\n","protected":false},"excerpt":{"rendered":"<p>2011-es tan\u00e9vt\u0151l int\u00e9zet\u00fcnk r\u00e9szt vesz az egyetemi PhD k\u00e9pz\u00e9sben. T\u00e9mavezet\u0151: <a href=\"https:\/\/doktori.hu\/index.php?menuid=192&amp;lang=HU&amp;sz_ID=9155\" target=\"_blank\" rel=\"noopener\">Prof. Emeritus Dr. Dinya Elek<\/a> T\u00e9ma: Az eg\u00e9szs\u00e9g\u00fcgyi informatikai kutat\u00e1s jelent\u0151s\u00e9ge az eg\u00e9szs\u00e9g\u00fcgyben A PhD k\u00e9pz\u00e9s a <a href=\"https:\/\/semmelweis.hu\/phd\/doktori-tagozatok\/egeszsegtudomanyi-tagozat\/\" target=\"_blank\" rel=\"noopener\">Semmelweis Egyetem Doktori Iskola Eg\u00e9szs\u00e9gtudom\u00e1nyi Tagozat<\/a> (vezet\u0151: Prof. Dr. Nagy Zsolt) keret\u00e9n bel\u00fcl t\u00f6rt\u00e9nik. Program: 04. N\u00e9p- \u00e9s k\u00f6zeg\u00e9szs\u00e9gtudom\u00e1nyok (programvezet\u0151: Dr. \u00c1cs N\u00e1ndor). A Digit\u00e1lis Eg\u00e9szs\u00e9gtudom\u00e1nyi Int\u00e9zet lehet\u0151s\u00e9get ad PhD fokozat szerz\u00e9sre Eg\u00e9szs\u00e9g\u00fcgyi informatika ter\u00fclet\u00e9n. Minden olyan egyetemi v\u00e9gzetts\u00e9ggel &hellip;<\/p>\n","protected":false},"author":158,"featured_media":0,"parent":0,"menu_order":52,"comment_status":"closed","ping_status":"closed","template":"","meta":{"_acf_changed":false,"footnotes":""},"categories":[],"tags":[],"class_list":["post-42","page","type-page","status-publish","hentry"],"acf":[],"_links":{"self":[{"href":"https:\/\/semmelweis.hu\/dei\/wp-json\/wp\/v2\/pages\/42","targetHints":{"allow":["GET"]}}],"collection":[{"href":"https:\/\/semmelweis.hu\/dei\/wp-json\/wp\/v2\/pages"}],"about":[{"href":"https:\/\/semmelweis.hu\/dei\/wp-json\/wp\/v2\/types\/page"}],"author":[{"embeddable":true,"href":"https:\/\/semmelweis.hu\/dei\/wp-json\/wp\/v2\/users\/158"}],"replies":[{"embeddable":true,"href":"https:\/\/semmelweis.hu\/dei\/wp-json\/wp\/v2\/comments?post=42"}],"version-history":[{"count":11,"href":"https:\/\/semmelweis.hu\/dei\/wp-json\/wp\/v2\/pages\/42\/revisions"}],"predecessor-version":[{"id":9433,"href":"https:\/\/semmelweis.hu\/dei\/wp-json\/wp\/v2\/pages\/42\/revisions\/9433"}],"wp:attachment":[{"href":"https:\/\/semmelweis.hu\/dei\/wp-json\/wp\/v2\/media?parent=42"}],"wp:term":[{"taxonomy":"category","embeddable":true,"href":"https:\/\/semmelweis.hu\/dei\/wp-json\/wp\/v2\/categories?post=42"},{"taxonomy":"post_tag","embeddable":true,"href":"https:\/\/semmelweis.hu\/dei\/wp-json\/wp\/v2\/tags?post=42"}],"curies":[{"name":"wp","href":"https:\/\/api.w.org\/{rel}","templated":true}]}}