{"id":41,"date":"2011-09-02T20:19:01","date_gmt":"2011-09-02T20:19:01","guid":{"rendered":"http:\/\/semmelweis-egyetem.hu\/eii\/?page_id=41"},"modified":"2025-10-01T09:30:49","modified_gmt":"2025-10-01T07:30:49","slug":"tdk","status":"publish","type":"page","link":"https:\/\/semmelweis.hu\/dei\/oktatas\/egeszsegugyi-szervezo-bsc\/tdk\/","title":{"rendered":"Tudom\u00e1nyos Di\u00e1kk\u00f6r t\u00e9maki\u00edr\u00e1s"},"content":{"rendered":"<p style=\"text-align: justify\">Az Eg\u00e9szs\u00e9g\u00fcgyi K\u00f6zszolg\u00e1lati Kar az eg\u00e9szs\u00e9g\u00fcgyi szervez\u0151 alapk\u00e9pz\u00e9si szak hallgat\u00f3i sz\u00e1m\u00e1ra a negyedik f\u00e9l\u00e9vt\u0151l lehet\u0151s\u00e9get biztos\u00edt Tudom\u00e1nyos Di\u00e1kk\u00f6r keret\u00e9ben az Egyetemen foly\u00f3 kutat\u00f3munk\u00e1ba val\u00f3 bekapcsol\u00f3d\u00e1sra. Az akt\u00edv TDK tev\u00e9kenys\u00e9g 1 kredit pont \u00e9rt\u00e9k\u0171, szabadon v\u00e1lasztat\u00f3 t\u00e1rgy teljes\u00edt\u00e9s\u00e9nek min\u0151s\u00fcl, amelyet a t\u00e9mavezet\u0151 oszt\u00e1lyzattal \u00e9rt\u00e9kel, \u00edgy az a f\u00e9l\u00e9vi tanulm\u00e1nyi \u00e1tlagba besz\u00e1m\u00edt. A TDK tev\u00e9kenys\u00e9g k\u00fcl\u00f6n\u00f6sen aj\u00e1nlott azoknak a hallgat\u00f3knak, akik a BSc tanulm\u00e1nyaik befejez\u00e9se ut\u00e1n tov\u00e1bbtanul\u00e1st, illetve a k\u00e9s\u0151bbiekben PhD min\u0151s\u00edt\u00e9s megszerz\u00e9s\u00e9t tervezik. A hallgat\u00f3nak v\u00e1llalnia kell, hogy a kutat\u00e1si munk\u00e1ban heti rendszeress\u00e9ggel r\u00e9szt vesz, a konkr\u00e9t \u00f3rasz\u00e1mra illetve id\u0151beoszt\u00e1sra azonban nincs megk\u00f6t\u00e9s, azt a t\u00e9mavezet\u0151vel kell egyeztetni.<\/p>\n<p style=\"text-align: justify\">Az eredm\u00e9nyes TDK munka jelent\u0151s m\u00e9rt\u00e9kben hozz\u00e1seg\u00edti a hallgat\u00f3kat, hogy magas sz\u00ednvonal\u00fa szakdolgozatot tudjanak k\u00e9sz\u00edteni.<\/p>\n<p style=\"text-align: justify\">A DEI lehet\u0151s\u00e9g szerint t\u00e1mogatja, hogy a TDK-s hallgat\u00f3k tudom\u00e1nyos konferenci\u00e1kon el\u0151ad\u00e1ssal szerepeljenek.<\/p>\n<p>Jelentkezni a v\u00e1lasztott t\u00e9mavezet\u0151vel t\u00f6rt\u00e9nt egyeztet\u00e9s ut\u00e1n, elektronikus lev\u00e9lben lehet, amelyet a toth.zoltan2@semmelweis.hu\u00a0c\u00edmre egyidej\u0171leg kell megk\u00fcldeni. A lev\u00e9lnek tartalmaznia kell a hallgat\u00f3 nev\u00e9t, a v\u00e1lasztott t\u00e9ma c\u00edm\u00e9t \u00e9s a t\u00e9mavezet\u0151 nev\u00e9t. A t\u00e1rgyfelv\u00e9telt a NEPTUN rendszerben a DEI r\u00f6gz\u00edti.<\/p>\n<p style=\"text-align: justify\"><strong>Az al\u00e1bbi t\u00e9m\u00e1k k\u00f6z\u00fcl lehet v\u00e1lasztani:<\/strong><\/p>\n<p>&nbsp;<\/p>\n<hr \/>\n<p><strong>T\u00e9mavezet\u0151: Dr. Dinya Elek<\/strong><\/p>\n<p><strong>El\u00e9rhet\u0151s\u00e9g: <\/strong>dinya.elek@public.semmelweis-univ.hu<\/p>\n<p><strong>T\u00e9ma:<\/strong> N\u00e9peg\u00e9szs\u00e9g\u00fcgyi adatok statisztikai elemz\u00e9se<\/p>\n<p><strong>Elv\u00e1rt ismeretek, k\u00e9pess\u00e9gek:<\/strong> biztos adatfeldolgoz\u00e1si, statisztikai alapok ismerete<\/p>\n<p>&nbsp;<\/p>\n<hr \/>\n<p><strong>T\u00e9mavezet\u0151: Dr. Pollner P\u00e9ter<\/strong><\/p>\n<p><strong>El\u00e9rhet\u0151s\u00e9g: <\/strong>pollner.peter@emk.semmelweis.hu<\/p>\n<p><strong>T\u00e9ma: <\/strong>G\u00e9pi tanul\u00e1st seg\u00edt\u0151 szoftver fejleszt\u00e9se \u00e9s alkalmaz\u00e1sa a tov\u00e1bbk\u00e9pz\u00e9sben.<\/p>\n<p>A jelentkez\u0151 r\u00e9szt vehet egy helyileg fejlesztett radiol\u00f3giai szoftver tesztel\u00e9s\u00e9ben, \u00e9s fejleszt\u00e9s\u00e9ben. Els\u0151sorban az ember-g\u00e9p interakci\u00f3 hat\u00e9konyabb\u00e1 t\u00e9tele, illetve a megb\u00edzhat\u00f3bb, k\u00f6vethet\u0151bb \u00e9s b\u0151v\u00edthet\u0151bb megold\u00e1sok kidolgoz\u00e1sa a c\u00e9l. Aki programoz\u00e1si ismeretekkel nem rendelkezik, annak a szoftver m\u0171k\u00f6d\u00e9s\u00e9t oktat\u00f3 anyag \u00f6ssze\u00e1ll\u00edt\u00e1s\u00e1ban lenne feladata. Akinek vannak g\u00e9pi tanul\u00e1si el\u0151zetes ismeretei, annak a k\u00e9pek sz\u00f6veges \u00e9rtelmez\u00e9se, k\u00e9pek sz\u00f6veg alapj\u00e1n t\u00f6rt\u00e9n\u0151 gener\u00e1l\u00e1sa lehet a feladata.<\/p>\n<p>&nbsp;<\/p>\n<hr \/>\n<p><strong>T\u00e9mavezet\u0151: Dr. S\u00e1ndor Zolt\u00e1n<\/strong><\/p>\n<p><strong>El\u00e9rhet\u0151s\u00e9g: <\/strong>sandor.zoltan@semmelweis.hu<\/p>\n<p><strong>1. T\u00e9ma: <\/strong>Eg\u00e9szs\u00e9g\u00fcgyi szakemberek digit\u00e1lis kompetenci\u00e1inak vizsg\u00e1lata<\/p>\n<p><strong>2. T\u00e9ma: <\/strong>Eg\u00e9szs\u00e9g\u00fcgyi szakemberek digit\u00e1lis oktat\u00e1s\u00e1nak vizsg\u00e1lata<\/p>\n<p><strong>3. T\u00e9ma: <\/strong>Az eg\u00e9szs\u00e9ges \u00e9letm\u00f3dra val\u00f3 nevel\u00e9s elemeinek vizsg\u00e1lata<\/p>\n<p><strong>4. T\u00e9ma: <\/strong>Bev\u00e1lt k\u00fclf\u00f6ldi j\u00f3gyakorlat meghonos\u00edt\u00e1sa itthon<\/p>\n<p><strong>5. T\u00e9ma: <\/strong>Saj\u00e1t, a hallgat\u00f3 \u00e1ltal hozott t\u00e9ma<\/p>\n<p>&nbsp;<\/p>\n<hr \/>\n<p><strong>T\u00e9mavezet\u0151: Dr. Stubnya Guszt\u00e1v<\/strong><\/p>\n<p><strong>El\u00e9rhet\u0151s\u00e9g: <\/strong>stubnya.gusztav@semmelweis.hu<\/p>\n<p><strong>1. T\u00e9ma: <\/strong> A K\u00f6z\u00e9p-magyarorsz\u00e1gi eg\u00e9szs\u00e9g\u00fcgyi ell\u00e1t\u00f3 int\u00e9zm\u00e9nyek \u00e1talakul\u00e1s\u00e1nak t\u00f6rt\u00e9nete 1990-t\u0151l napjainkig<\/p>\n<p><strong>2. T\u00e9ma: <\/strong>Digit\u00e1lis alkalmaz\u00e1sok szerepe a prevenci\u00f3ban<\/p>\n<p>&nbsp;<\/p>\n<hr \/>\n<p>&nbsp;<\/p>\n<p><strong>T\u00e9mavezet\u0151: Dr. Surj\u00e1n Gy\u00f6rgy<\/strong><\/p>\n<p><strong>El\u00e9rhet\u0151s\u00e9g: <\/strong>surjan.gyorgy@nngyk.gov.hu<\/p>\n<p><strong>1. T\u00e9ma: <\/strong>Eg\u00e9szs\u00e9g\u00fcgy adatok t\u00e9rbeli \u00e9s id\u0151beli elemz\u00e9se<\/p>\n<p style=\"padding-left: 40px\"><strong>Elv\u00e1rt ismeretek, k\u00e9pess\u00e9gek: <\/strong>Programoz\u00e1si alapfogalmak, adatb\u00e1ziskezel\u00e9s alapfok\u00fa ismerete<\/p>\n<p><strong>2. T\u00e9ma: <\/strong>Mesters\u00e9ges intelligencia alap\u00fa sz\u00e1m\u00edt\u00f3g\u00e9pes k\u00f3dol\u00e1st\u00e1mogat\u00e1s<\/p>\n<p>&nbsp;<\/p>\n<hr \/>\n<p><strong>T\u00e9mavezet\u0151:<\/strong> <strong>Dr. Tamus Zolt\u00e1n \u00c1d\u00e1m<\/strong><\/p>\n<p><strong>El\u00e9rhet\u0151s\u00e9g:<\/strong> tamus.adam@semmelweis.hu<\/p>\n<p><strong>1. T\u00e9ma: <\/strong>Eg\u00e9szs\u00e9g\u00fcgyi adatok id\u0151beli elemz\u00e9se<\/p>\n<p><strong>2. T\u00e9ma: <\/strong>Elektrom\u00e1gneses terek \u00e9lettani hat\u00e1sai<\/p>\n<p>&nbsp;<\/p>\n<hr \/>\n<p><strong>T\u00e9mavezet\u0151: Dr. T\u00f3th Tam\u00e1s<\/strong><\/p>\n<p><strong>El\u00e9rhet\u0151s\u00e9g: <\/strong>toth.tamas1@semmelweis.hu<\/p>\n<p><strong>T\u00e9ma: <\/strong>Saj\u00e1t, a hallgat\u00f3 \u00e1ltal hozott t\u00e9ma<\/p>\n<p>&nbsp;<\/p>\n<hr \/>\n<p><strong>T\u00e9mavezet\u0151:<\/strong> <strong>Dr. T\u00f3th Zolt\u00e1n<\/strong><\/p>\n<p><strong>El\u00e9rhet\u0151s\u00e9g:<\/strong> toth.zoltan2@semmelweis.hu<\/p>\n<p><strong>1. T\u00e9ma: <\/strong>Orvosi rendel\u0151k \u00e9s szakrendel\u0151k kapacit\u00e1s\u00e1nak monitoringja<\/p>\n<p><strong>2. T\u00e9ma: <\/strong>Beteg\u00e9let\u00fat id\u0151beli r\u00f6vid\u00edt\u00e9se digit\u00e1lis megold\u00e1sokkal<\/p>\n<p><strong>3. T\u00e9ma: <\/strong>Eg\u00e9szs\u00e9g\u00fcgyi adatv\u00e9delem<\/p>\n<p><strong>4. T\u00e9ma: <\/strong>eRiport \u00e9s eKarton megval\u00f3s\u00edt\u00e1sa a magyar eg\u00e9szs\u00e9g\u00fcgyben<\/p>\n<p><strong>5. T\u00e9ma: <\/strong>V\u00e1llalatir\u00e1ny\u00edt\u00e1si rendszerek alkalmazhat\u00f3s\u00e1ga a magyar eg\u00e9szs\u00e9g\u00fcgyben<\/p>\n<p><strong>6. T\u00e9ma:<\/strong> Beteg\u00e9let\u00fat h\u00e1l\u00f3zatelm\u00e9leti megk\u00f6zel\u00edt\u00e9se<\/p>\n<p style=\"padding-left: 40px\"><strong>Elv\u00e1rt ismeretek, k\u00e9pess\u00e9gek:<\/strong>\u00a0szakmai angol sz\u00f6veg olvas\u00e1sa<\/p>\n<p>&nbsp;<\/p>\n<hr \/>\n<p><strong>T\u00e9mavezet\u0151: Dr. Zajzon Gergely<\/strong><\/p>\n<p><strong>El\u00e9rhet\u0151s\u00e9g:\u00a0<\/strong>zajzon.gergely@soldra.com<\/p>\n<p><strong>T\u00e9ma: <\/strong>Gy\u00f3gyszerek indik\u00e1ci\u00f3n t\u00fali alkalmaz\u00e1sa<\/p>\n<p>A gy\u00f3gyszerek indik\u00e1ci\u00f3n t\u00fali alkalmaz\u00e1sa gy\u00f3gyszerhat\u00f3s\u00e1gi enged\u00e9lyhez k\u00f6t\u00f6tt. A k\u00e9relmek deperszonaliz\u00e1lt m\u00f3don 2008-t\u0151l megtekinthet\u0151ek az OGY\u00c9I honlapj\u00e1n. A meghirdetett kutat\u00e1s c\u00e9lja kett\u0151s: a hat\u00f3s\u00e1gi honlapon el\u00e9rhet\u0151 adatokat \u2013 egy adott k\u00f6rben \u2013 kereshet\u0151, feldolgozhat\u00f3 adatb\u00e1ziss\u00e1 alak\u00edtsuk, illetve megegyez\u00e9s szerinti indik\u00e1ci\u00f3s k\u00f6rben r\u00e9szletesen elemezz\u00fck a k\u00e9relmeket szakmai tartalmuk szerint.<\/p>\n<p>Vizsg\u00e1latunk els\u0151 f\u00e1zis\u00e1ban a n\u00e9peg\u00e9szs\u00e9g\u00fcgyi szempontb\u00f3l kiemelt jelent\u0151s\u00e9g\u0171 onkol\u00f3giai-hematol\u00f3giai (meghat\u00e1rozott BNO k\u00f3dcsoport) t\u00e1rgy\u00fa k\u00e9relmek feldolgoz\u00e1sakor arra k\u00edv\u00e1nunk v\u00e1laszt kapni, hogy mely megbeteged\u00e9sek eset\u00e9ben fordulnak leggyakrabban indik\u00e1ci\u00f3n t\u00fali gy\u00f3gyszeralkalmaz\u00e1shoz, hol mer\u00fcl ki leggyakrabban a ter\u00e1pi\u00e1s paletta.<\/p>\n<p>Szint\u00e9n vizsg\u00e1lat t\u00e1rgya az \u00e9rintett \u2013 k\u00e9relmezett \u2013 gy\u00f3gyszerek ATC megoszl\u00e1sa, t\u00f6rzsk\u00f6nyvezett indik\u00e1ci\u00f3inak \u00e9s a k\u00e9relmezett indik\u00e1ci\u00f3knak az \u00f6sszevet\u00e9se. A meghat\u00e1rozott szempontok szerinti TOP lista elemz\u00e9se, magyar\u00e1z\u00f3 t\u00e9nyez\u0151k felt\u00e1r\u00e1sa, illetve az esetlegesen felt\u00e1rt tendenci\u00f3zus esetekre \u00e1ltal\u00e1nos megold\u00e1si javaslat elk\u00e9sz\u00edt\u00e9se annak \u00e9rdek\u00e9ben, hogy a jelenleg egyedileg zajl\u00f3 k\u00e9relem elb\u00edr\u00e1l\u00e1si elj\u00e1r\u00e1s hat\u00e9konys\u00e1g\u00e1t n\u00f6velj\u00fck.<\/p>\n","protected":false},"excerpt":{"rendered":"<p>Az Eg\u00e9szs\u00e9g\u00fcgyi K\u00f6zszolg\u00e1lati Kar az eg\u00e9szs\u00e9g\u00fcgyi szervez\u0151 alapk\u00e9pz\u00e9si szak hallgat\u00f3i sz\u00e1m\u00e1ra a negyedik f\u00e9l\u00e9vt\u0151l lehet\u0151s\u00e9get biztos\u00edt Tudom\u00e1nyos Di\u00e1kk\u00f6r keret\u00e9ben az Egyetemen foly\u00f3 kutat\u00f3munk\u00e1ba val\u00f3 bekapcsol\u00f3d\u00e1sra. Az akt\u00edv TDK tev\u00e9kenys\u00e9g 1 kredit pont \u00e9rt\u00e9k\u0171, szabadon v\u00e1lasztat\u00f3 t\u00e1rgy teljes\u00edt\u00e9s\u00e9nek min\u0151s\u00fcl, amelyet a t\u00e9mavezet\u0151 oszt\u00e1lyzattal \u00e9rt\u00e9kel, \u00edgy az a f\u00e9l\u00e9vi tanulm\u00e1nyi \u00e1tlagba besz\u00e1m\u00edt. A TDK tev\u00e9kenys\u00e9g k\u00fcl\u00f6n\u00f6sen aj\u00e1nlott &hellip;<\/p>\n","protected":false},"author":158,"featured_media":0,"parent":7432,"menu_order":8,"comment_status":"open","ping_status":"open","template":"","meta":{"_acf_changed":false,"footnotes":""},"categories":[],"tags":[],"class_list":["post-41","page","type-page","status-publish","hentry"],"acf":[],"_links":{"self":[{"href":"https:\/\/semmelweis.hu\/dei\/wp-json\/wp\/v2\/pages\/41","targetHints":{"allow":["GET"]}}],"collection":[{"href":"https:\/\/semmelweis.hu\/dei\/wp-json\/wp\/v2\/pages"}],"about":[{"href":"https:\/\/semmelweis.hu\/dei\/wp-json\/wp\/v2\/types\/page"}],"author":[{"embeddable":true,"href":"https:\/\/semmelweis.hu\/dei\/wp-json\/wp\/v2\/users\/158"}],"replies":[{"embeddable":true,"href":"https:\/\/semmelweis.hu\/dei\/wp-json\/wp\/v2\/comments?post=41"}],"version-history":[{"count":15,"href":"https:\/\/semmelweis.hu\/dei\/wp-json\/wp\/v2\/pages\/41\/revisions"}],"predecessor-version":[{"id":9395,"href":"https:\/\/semmelweis.hu\/dei\/wp-json\/wp\/v2\/pages\/41\/revisions\/9395"}],"up":[{"embeddable":true,"href":"https:\/\/semmelweis.hu\/dei\/wp-json\/wp\/v2\/pages\/7432"}],"wp:attachment":[{"href":"https:\/\/semmelweis.hu\/dei\/wp-json\/wp\/v2\/media?parent=41"}],"wp:term":[{"taxonomy":"category","embeddable":true,"href":"https:\/\/semmelweis.hu\/dei\/wp-json\/wp\/v2\/categories?post=41"},{"taxonomy":"post_tag","embeddable":true,"href":"https:\/\/semmelweis.hu\/dei\/wp-json\/wp\/v2\/tags?post=41"}],"curies":[{"name":"wp","href":"https:\/\/api.w.org\/{rel}","templated":true}]}}