{"id":3711,"date":"2014-09-29T01:15:34","date_gmt":"2011-08-23T12:24:07","guid":{"rendered":"http:\/\/semmelweis.hu\/eii\/magunkrol-3\/"},"modified":"2019-08-06T09:51:26","modified_gmt":"2019-08-06T07:51:26","slug":"uber-uns","status":"publish","type":"page","link":"https:\/\/semmelweis.hu\/dei\/de\/uber-uns\/","title":{"rendered":"\u00dcber uns"},"content":{"rendered":"<p>Sehr geehrte G\u00e4ste,<\/p>\n<p>Herzlich wilkommen auf der Internetseite des Institut f\u00fcr Digitale Gesundheitswissenschaften, Fakult\u00e4t f\u00fcr \u00d6ffentliche Dienste im Gesundheitswesen, Semmelweis Universit\u00e4t. Der Vorg\u00e4nger des Instituts wurde in 1974 gegr\u00fcndet.<\/p>\n<p>Dieses Website bietet Informationen f\u00fcr die Studenten \u00fcber ihre Studien.<\/p>\n<p>Unterrichtst\u00e4tigkeit der Institut:<\/p>\n<ol start=\"1\">\n<li>Seit 1986: Medizinische Informatik f\u00fcr Medizinstudenten, Zahnmedizinstudenten und Pharmaziestudenten in Ungarisch und Englisch. Seit 2008 wir bieten Informatik Stunde in Deutscher Sprache auch.<\/li>\n<li>Seit 2005\/2006: Ausbildung der Gesundheitsmanager BSc Studenten<\/li>\n<\/ol>\n<p>Professionelles Profil: elektronische Krankenakte, Telemedizin, Data Mining Techniken f\u00fcr Gesundheitsdaten<\/p>\n<p>Forschungsgebiete: Entwicklung 3D Gesundheitsanwendungen, Forschung neuer biostatistischer Methoden<\/p>\n<p>Themen zur Forschungsarbeit (TDK): Bilddiagnostische 3D\u00a0 Gesundheitsanwendungen, Inspektion medizinischer Datenbanken mit Data Mining Methoden, Ambient Systems, Graphentheorie \u2013 Untersuchung medizinischer Netzwerke<\/p>\n<p>PhD Ausbildung: medizinische Informaik PhD Programm: Semmelweis Universit\u00e4t Doktoratsschule, 8\/4 Subprogramm<\/p>\n","protected":false},"excerpt":{"rendered":"<p>Sehr geehrte G\u00e4ste, Herzlich wilkommen auf der Internetseite des Institut f\u00fcr Digitale Gesundheitswissenschaften, Fakult\u00e4t f\u00fcr \u00d6ffentliche Dienste im Gesundheitswesen, Semmelweis Universit\u00e4t. Der Vorg\u00e4nger des Instituts wurde in 1974 gegr\u00fcndet. Dieses Website bietet Informationen f\u00fcr die Studenten \u00fcber ihre Studien. Unterrichtst\u00e4tigkeit der Institut: Seit 1986: Medizinische Informatik f\u00fcr Medizinstudenten, Zahnmedizinstudenten und Pharmaziestudenten in Ungarisch und Englisch. &hellip;<\/p>\n","protected":false},"author":304,"featured_media":7827,"parent":0,"menu_order":25,"comment_status":"closed","ping_status":"closed","template":"","meta":{"_acf_changed":false,"footnotes":""},"categories":[],"tags":[],"class_list":["post-3711","page","type-page","status-publish","has-post-thumbnail","hentry"],"acf":[],"_links":{"self":[{"href":"https:\/\/semmelweis.hu\/dei\/wp-json\/wp\/v2\/pages\/3711","targetHints":{"allow":["GET"]}}],"collection":[{"href":"https:\/\/semmelweis.hu\/dei\/wp-json\/wp\/v2\/pages"}],"about":[{"href":"https:\/\/semmelweis.hu\/dei\/wp-json\/wp\/v2\/types\/page"}],"author":[{"embeddable":true,"href":"https:\/\/semmelweis.hu\/dei\/wp-json\/wp\/v2\/users\/304"}],"replies":[{"embeddable":true,"href":"https:\/\/semmelweis.hu\/dei\/wp-json\/wp\/v2\/comments?post=3711"}],"version-history":[{"count":9,"href":"https:\/\/semmelweis.hu\/dei\/wp-json\/wp\/v2\/pages\/3711\/revisions"}],"predecessor-version":[{"id":7847,"href":"https:\/\/semmelweis.hu\/dei\/wp-json\/wp\/v2\/pages\/3711\/revisions\/7847"}],"wp:featuredmedia":[{"embeddable":true,"href":"https:\/\/semmelweis.hu\/dei\/wp-json\/wp\/v2\/media\/7827"}],"wp:attachment":[{"href":"https:\/\/semmelweis.hu\/dei\/wp-json\/wp\/v2\/media?parent=3711"}],"wp:term":[{"taxonomy":"category","embeddable":true,"href":"https:\/\/semmelweis.hu\/dei\/wp-json\/wp\/v2\/categories?post=3711"},{"taxonomy":"post_tag","embeddable":true,"href":"https:\/\/semmelweis.hu\/dei\/wp-json\/wp\/v2\/tags?post=3711"}],"curies":[{"name":"wp","href":"https:\/\/api.w.org\/{rel}","templated":true}]}}