{"id":3708,"date":"2014-09-29T01:15:34","date_gmt":"2014-09-28T23:15:34","guid":{"rendered":"http:\/\/semmelweis.hu\/eii\/oktatas-3\/"},"modified":"2025-10-10T12:26:39","modified_gmt":"2025-10-10T10:26:39","slug":"bildung","status":"publish","type":"page","link":"https:\/\/semmelweis.hu\/dei\/de\/bildung\/","title":{"rendered":"Bildung"},"content":{"rendered":"<p style=\"text-align: justify\">Eine wichtige Bildungsaufgabe unseres Instituts ist die Ausbildung von IT-Themen im Medizin- und Gesundheitswesen, die wir mit ungebrochenem Erfolg in drei Fakult\u00e4ten und drei Sprachen durchf\u00fchren. In jedem Studienjahr melden sich fast tausend Studenten f\u00fcr unsere Kurse an. Wir glauben, dass der Hauptgrund f\u00fcr die hohe Beliebtheit unter den Studenten in der gewissenhaften Arbeit unserer Dozenten und \u00dcbungsleiter liegt. Wir sorgen stets f\u00fcr aktuelles und auch zukunftsorientiertes Wissen in der sich schnell ver\u00e4ndernden IT-Welt.<\/p>\n<p>F\u00fcr detaillierte Informationen klicken Sie bitte auf die folgenden Links!<\/p>\n<ul>\n<li><a href=\"https:\/\/semmelweis.hu\/dei\/bildung\/fakultat-fur-medizin\/\" target=\"_blank\" rel=\"noopener\">Fakult\u00e4t f\u00fcr Medizin<\/a><\/li>\n<li><a href=\"https:\/\/semmelweis.hu\/dei\/bildung\/fakultat-fur-pharmazie\/\" target=\"_blank\" rel=\"noopener\">Fakult\u00e4t f\u00fcr Pharmazie<\/a><\/li>\n<li><a href=\"https:\/\/semmelweis.hu\/dei\/bildung\/fakultat-fur-zahnheilkunde\/\" target=\"_blank\" rel=\"noopener\">Fakult\u00e4t f\u00fcr Zahnheilkunde<\/a><\/li>\n<\/ul>\n","protected":false},"excerpt":{"rendered":"<p>Eine wichtige Bildungsaufgabe unseres Instituts ist die Ausbildung von IT-Themen im Medizin- und Gesundheitswesen, die wir mit ungebrochenem Erfolg in drei Fakult\u00e4ten und drei Sprachen durchf\u00fchren. In jedem Studienjahr melden sich fast tausend Studenten f\u00fcr unsere Kurse an. Wir glauben, dass der Hauptgrund f\u00fcr die hohe Beliebtheit unter den Studenten in der gewissenhaften Arbeit unserer &hellip;<\/p>\n","protected":false},"author":101239,"featured_media":0,"parent":0,"menu_order":55,"comment_status":"closed","ping_status":"closed","template":"","meta":{"_acf_changed":false,"footnotes":""},"categories":[],"tags":[],"class_list":["post-3708","page","type-page","status-publish","hentry"],"acf":[],"_links":{"self":[{"href":"https:\/\/semmelweis.hu\/dei\/wp-json\/wp\/v2\/pages\/3708","targetHints":{"allow":["GET"]}}],"collection":[{"href":"https:\/\/semmelweis.hu\/dei\/wp-json\/wp\/v2\/pages"}],"about":[{"href":"https:\/\/semmelweis.hu\/dei\/wp-json\/wp\/v2\/types\/page"}],"author":[{"embeddable":true,"href":"https:\/\/semmelweis.hu\/dei\/wp-json\/wp\/v2\/users\/101239"}],"replies":[{"embeddable":true,"href":"https:\/\/semmelweis.hu\/dei\/wp-json\/wp\/v2\/comments?post=3708"}],"version-history":[{"count":5,"href":"https:\/\/semmelweis.hu\/dei\/wp-json\/wp\/v2\/pages\/3708\/revisions"}],"predecessor-version":[{"id":9437,"href":"https:\/\/semmelweis.hu\/dei\/wp-json\/wp\/v2\/pages\/3708\/revisions\/9437"}],"wp:attachment":[{"href":"https:\/\/semmelweis.hu\/dei\/wp-json\/wp\/v2\/media?parent=3708"}],"wp:term":[{"taxonomy":"category","embeddable":true,"href":"https:\/\/semmelweis.hu\/dei\/wp-json\/wp\/v2\/categories?post=3708"},{"taxonomy":"post_tag","embeddable":true,"href":"https:\/\/semmelweis.hu\/dei\/wp-json\/wp\/v2\/tags?post=3708"}],"curies":[{"name":"wp","href":"https:\/\/api.w.org\/{rel}","templated":true}]}}