{"id":3702,"date":"2014-09-29T01:15:33","date_gmt":"2014-09-28T23:15:33","guid":{"rendered":"http:\/\/semmelweis.hu\/eii\/magunkrol\/elerhetosegek-3\/"},"modified":"2025-07-07T10:33:55","modified_gmt":"2025-07-07T08:33:55","slug":"kontakt","status":"publish","type":"page","link":"https:\/\/semmelweis.hu\/dei\/de\/kontakt\/","title":{"rendered":"Kontakt"},"content":{"rendered":"<h2 style=\"text-align: center\"><span style=\"color: #444444;font-size: 16px;line-height: 24px\"><strong>Semmelweis Universit\u00e4t<\/strong><\/span><\/h2>\n<div>\n<p style=\"text-align: center\"><strong>Facult\u00e4t f\u00fcr \u00f6ffentliche Dienste im Gesundheitswesen<\/strong><\/p>\n<p style=\"text-align: center\"><strong><br \/>\nInstitut f\u00fcr Digitale Gesundheitswissenschaften<\/strong><\/p>\n<table style=\"width: 100%;height: 99px\">\n<tbody>\n<tr style=\"height: 33px\">\n<td style=\"height: 33px\"><strong>Adresse:<\/strong><\/td>\n<td style=\"text-align: right;height: 33px\">1094 Budapest, Ferenc t\u00e9r 15.<\/td>\n<\/tr>\n<tr style=\"height: 33px\">\n<td style=\"height: 33px\"><strong>Postanschrift:<\/strong><\/td>\n<td style=\"text-align: right;height: 33px\">1428 Budapest Pf. 2.<\/td>\n<\/tr>\n<tr style=\"height: 33px\">\n<td style=\"height: 33px\"><strong>E-mail:<\/strong><\/td>\n<td style=\"text-align: right;height: 33px\"><a href=\"mailto:info.dei@semmelweis.hu\">info.dei@semmelweis.hu<\/a><\/td>\n<\/tr>\n<\/tbody>\n<\/table>\n\n<!-- iframe plugin v.4.9 wordpress.org\/plugins\/iframe\/ -->\n<iframe loading=\"lazy\" src=\"https:\/\/www.google.com\/maps\/embed?pb=!1m18!1m12!1m3!1d2696.4247978521607!2d19.071092115631128!3d47.48163737917658!2m3!1f0!2f0!3f0!3m2!1i1024!2i768!4f13.1!3m3!1m2!1s0x4741dcf9197dfec7%3A0x196c1b0524a593eb!2sSemmelweis+Egyetem+Digit%C3%A1lis+Eg%C3%A9szs%C3%A9gtudom%C3%A1nyi+Int%C3%A9zet!5e0!3m2!1shu!2shu!4v1504710953221\" width=\"100%\" height=\"400\" scrolling=\"yes\" class=\"iframe-class\" frameborder=\"0\"><\/iframe>\n\n<p><strong> Informatiklabors im NAGYV\u00c1RAD T\u00c9RI ELM\u00c9LETI T\u00d6MB (NET-Geb\u00e4ude, Erdgeschoss):<\/strong><\/p>\n<ul>\n<li>NET1 (gr\u00fcnes IT-Labor)<\/li>\n<li>NET2 (blaues IT-Labor)<\/li>\n<li>NET3 (rotes IT-Labor)<\/li>\n<\/ul>\n\n<!-- iframe plugin v.4.9 wordpress.org\/plugins\/iframe\/ -->\n<iframe loading=\"lazy\" src=\"https:\/\/www.google.com\/maps\/embed?pb=!1m18!1m12!1m3!1d10786.14343305453!2d19.082959569775383!3d47.47947350000002!2m3!1f0!2f0!3f0!3m2!1i1024!2i768!4f13.1!3m3!1m2!1s0x4741dce697a2655f%3A0xdf51267ae07790a6!2zTmFneXbDoXJhZCBUw6lyaSBFbG3DqWxldGkgVMO2bWIsIE5FVA!5e0!3m2!1shu!2shu!4v1537969798561\" width=\"100%\" height=\"400\" scrolling=\"yes\" class=\"iframe-class\" frameborder=\"0\"><\/iframe>\n\n<p>&nbsp;<\/p>\n<p><strong>Informatiklabor im H\u0150GYES-GEB\u00c4UDE (H\u0151gyes Endre Stra\u00dfe 7-9.):<\/strong><\/p>\n<ul>\n<li>H\u0151gyes Informatiklabor (Geb\u00e4ude F, 1. Stock)<\/li>\n<\/ul>\n\n<!-- iframe plugin v.4.9 wordpress.org\/plugins\/iframe\/ -->\n<iframe loading=\"lazy\" src=\"https:\/\/www.google.com\/maps\/embed?pb=!1m18!1m12!1m3!1d2696.246590518681!2d19.065726515872456!3d47.48510937917682!2m3!1f0!2f0!3f0!3m2!1i1024!2i768!4f13.1!3m3!1m2!1s0x4741dc579e9cc515%3A0xd94f592201f5f2ba!2sBudapest%2C+H%C5%91gyes+Endre+u.+7-9%2C+1092!5e0!3m2!1shu!2shu!4v1537969671398\" width=\"100%\" height=\"400\" scrolling=\"yes\" class=\"iframe-class\" frameborder=\"0\"><\/iframe>\n\n<table style=\"border-collapse: collapse;width: 100%\" border=\"1\">\n<tbody>\n<tr>\n<td style=\"width: 50%\"><img loading=\"lazy\" decoding=\"async\" class=\"alignleft wp-image-7421 size-medium\" src=\"https:\/\/semmelweis.hu\/dei\/files\/2018\/09\/hogyes_labor_1-300x200.jpg\" alt=\"\" width=\"300\" height=\"200\" srcset=\"https:\/\/semmelweis.hu\/dei\/files\/2018\/09\/hogyes_labor_1-300x200.jpg 300w, https:\/\/semmelweis.hu\/dei\/files\/2018\/09\/hogyes_labor_1.jpg 450w\" sizes=\"auto, (max-width: 300px) 100vw, 300px\" \/><\/td>\n<td style=\"width: 50%\"><img loading=\"lazy\" decoding=\"async\" class=\"alignright wp-image-7422 size-medium\" src=\"https:\/\/semmelweis.hu\/dei\/files\/2018\/09\/hogyes_labor_2-300x200.jpg\" alt=\"\" width=\"300\" height=\"200\" srcset=\"https:\/\/semmelweis.hu\/dei\/files\/2018\/09\/hogyes_labor_2-300x200.jpg 300w, https:\/\/semmelweis.hu\/dei\/files\/2018\/09\/hogyes_labor_2.jpg 449w\" sizes=\"auto, (max-width: 300px) 100vw, 300px\" \/><\/td>\n<\/tr>\n<\/tbody>\n<\/table>\n<\/div>\n","protected":false},"excerpt":{"rendered":"<p>Semmelweis Universit\u00e4t Facult\u00e4t f\u00fcr \u00f6ffentliche Dienste im Gesundheitswesen Institut f\u00fcr Digitale Gesundheitswissenschaften Adresse: 1094 Budapest, Ferenc t\u00e9r 15. Postanschrift: 1428 Budapest Pf. 2. E-mail: <a href=\"mailto:info.dei@semmelweis.hu\">info.dei@semmelweis.hu<\/a> Informatiklabors im NAGYV\u00c1RAD T\u00c9RI ELM\u00c9LETI T\u00d6MB (NET-Geb\u00e4ude, Erdgeschoss): NET1 (gr\u00fcnes IT-Labor) NET2 (blaues IT-Labor) NET3 (rotes IT-Labor) &nbsp; Informatiklabor im H\u0150GYES-GEB\u00c4UDE (H\u0151gyes Endre Stra\u00dfe 7-9.): H\u0151gyes Informatiklabor (Geb\u00e4ude F, 1. Stock) &hellip;<\/p>\n","protected":false},"author":101239,"featured_media":0,"parent":0,"menu_order":58,"comment_status":"closed","ping_status":"closed","template":"","meta":{"_acf_changed":false,"footnotes":""},"categories":[],"tags":[],"class_list":["post-3702","page","type-page","status-publish","hentry"],"acf":[],"_links":{"self":[{"href":"https:\/\/semmelweis.hu\/dei\/wp-json\/wp\/v2\/pages\/3702","targetHints":{"allow":["GET"]}}],"collection":[{"href":"https:\/\/semmelweis.hu\/dei\/wp-json\/wp\/v2\/pages"}],"about":[{"href":"https:\/\/semmelweis.hu\/dei\/wp-json\/wp\/v2\/types\/page"}],"author":[{"embeddable":true,"href":"https:\/\/semmelweis.hu\/dei\/wp-json\/wp\/v2\/users\/101239"}],"replies":[{"embeddable":true,"href":"https:\/\/semmelweis.hu\/dei\/wp-json\/wp\/v2\/comments?post=3702"}],"version-history":[{"count":10,"href":"https:\/\/semmelweis.hu\/dei\/wp-json\/wp\/v2\/pages\/3702\/revisions"}],"predecessor-version":[{"id":9300,"href":"https:\/\/semmelweis.hu\/dei\/wp-json\/wp\/v2\/pages\/3702\/revisions\/9300"}],"wp:attachment":[{"href":"https:\/\/semmelweis.hu\/dei\/wp-json\/wp\/v2\/media?parent=3702"}],"wp:term":[{"taxonomy":"category","embeddable":true,"href":"https:\/\/semmelweis.hu\/dei\/wp-json\/wp\/v2\/categories?post=3702"},{"taxonomy":"post_tag","embeddable":true,"href":"https:\/\/semmelweis.hu\/dei\/wp-json\/wp\/v2\/tags?post=3702"}],"curies":[{"name":"wp","href":"https:\/\/api.w.org\/{rel}","templated":true}]}}