{"id":3701,"date":"2014-09-29T01:15:33","date_gmt":"2014-09-28T23:15:33","guid":{"rendered":"http:\/\/semmelweis.hu\/eii\/magunkrol\/elerhetosegek-2\/"},"modified":"2025-07-07T10:34:40","modified_gmt":"2025-07-07T08:34:40","slug":"contact","status":"publish","type":"page","link":"https:\/\/semmelweis.hu\/dei\/en\/contact\/","title":{"rendered":"Contact"},"content":{"rendered":"<h2 style=\"text-align: center\"><span style=\"color: #444444;font-size: 16px;line-height: 24px\"><strong>Semmelweis University<\/strong><\/span><\/h2>\n<div>\n<p style=\"text-align: center\"><strong>Faculty of Health and Public Services<\/strong><\/p>\n<p style=\"text-align: center\"><strong>Institute of Digital Health Sciences<\/strong><\/p>\n<table style=\"width: 100%\">\n<tbody>\n<tr>\n<td><strong>Address:<\/strong><\/td>\n<td style=\"text-align: right\">1094 Budapest, Ferenc t\u00e9r 15.<\/td>\n<\/tr>\n<tr>\n<td><strong>Postal address:<\/strong><\/td>\n<td style=\"text-align: right\">1428 Budapest Pf. 2.<\/td>\n<\/tr>\n<tr>\n<td><strong>E-mail:<\/strong><\/td>\n<td style=\"text-align: right\"><a href=\"mailto:info.dei@semmelweis.hu\">info.dei@semmelweis.hu<\/a><\/td>\n<\/tr>\n<\/tbody>\n<\/table>\n\n<!-- iframe plugin v.4.9 wordpress.org\/plugins\/iframe\/ -->\n<iframe loading=\"lazy\" src=\"https:\/\/www.google.com\/maps\/embed?pb=!1m18!1m12!1m3!1d2696.4247978521607!2d19.071092115631128!3d47.48163737917658!2m3!1f0!2f0!3f0!3m2!1i1024!2i768!4f13.1!3m3!1m2!1s0x4741dcf9197dfec7%3A0x196c1b0524a593eb!2sSemmelweis+Egyetem+Digit%C3%A1lis+Eg%C3%A9szs%C3%A9gtudom%C3%A1nyi+Int%C3%A9zet!5e0!3m2!1shu!2shu!4v1504710953221\" width=\"100%\" height=\"400\" scrolling=\"yes\" class=\"iframe-class\" frameborder=\"0\"><\/iframe>\n\n<p>&nbsp;<\/p>\n<p><strong> Informatics labs at the NAGYV\u00c1RAD T\u00c9RI ELM\u00c9LETI T\u00d6MB<\/strong><\/p>\n<p><strong> (1089 Budapest, Nagyv\u00e1rad t\u00e9r 4. &#8211; NET Building, ground floor): <\/strong><\/p>\n<ul>\n<li>GREEN informatics lab (NET 1)<\/li>\n<li>BLUE informatics lab (NET 2)<\/li>\n<li>RED informatics lab (NET 3)<\/li>\n<\/ul>\n\n<!-- iframe plugin v.4.9 wordpress.org\/plugins\/iframe\/ -->\n<iframe loading=\"lazy\" src=\"https:\/\/www.google.com\/maps\/embed?pb=!1m18!1m12!1m3!1d10786.14343305453!2d19.082959569775383!3d47.47947350000002!2m3!1f0!2f0!3f0!3m2!1i1024!2i768!4f13.1!3m3!1m2!1s0x4741dce697a2655f%3A0xdf51267ae07790a6!2zTmFneXbDoXJhZCBUw6lyaSBFbG3DqWxldGkgVMO2bWIsIE5FVA!5e0!3m2!1shu!2shu!4v1537969798561\" width=\"100%\" height=\"400\" scrolling=\"yes\" class=\"iframe-class\" frameborder=\"0\"><\/iframe>\n\n<p>&nbsp;<\/p>\n<p><strong>Informatics lab in the H\u0150GYES BUILDING<\/strong><\/p>\n<p><strong>(1092 Budapest, H\u0151gyes Endre street 7-9.):<\/strong><\/p>\n<ul>\n<li>H\u0151gyes informatics lab (Building F, 1st floor)<\/li>\n<\/ul>\n\n<!-- iframe plugin v.4.9 wordpress.org\/plugins\/iframe\/ -->\n<iframe loading=\"lazy\" src=\"https:\/\/www.google.com\/maps\/embed?pb=!1m18!1m12!1m3!1d2696.246590518681!2d19.065726515872456!3d47.48510937917682!2m3!1f0!2f0!3f0!3m2!1i1024!2i768!4f13.1!3m3!1m2!1s0x4741dc579e9cc515%3A0xd94f592201f5f2ba!2sBudapest%2C+H%C5%91gyes+Endre+u.+7-9%2C+1092!5e0!3m2!1shu!2shu!4v1537969671398\" width=\"100%\" height=\"400\" scrolling=\"yes\" class=\"iframe-class\" frameborder=\"0\"><\/iframe>\n\n<table style=\"border-collapse: collapse;width: 100%\" border=\"1\">\n<tbody>\n<tr>\n<td style=\"width: 50%\"><img loading=\"lazy\" decoding=\"async\" class=\"alignleft wp-image-7421 size-medium\" src=\"https:\/\/semmelweis.hu\/dei\/files\/2018\/09\/hogyes_labor_1-300x200.jpg\" alt=\"\" width=\"300\" height=\"200\" srcset=\"https:\/\/semmelweis.hu\/dei\/files\/2018\/09\/hogyes_labor_1-300x200.jpg 300w, https:\/\/semmelweis.hu\/dei\/files\/2018\/09\/hogyes_labor_1.jpg 450w\" sizes=\"auto, (max-width: 300px) 100vw, 300px\" \/><\/td>\n<td style=\"width: 50%\"><img loading=\"lazy\" decoding=\"async\" class=\"alignright wp-image-7422 size-medium\" src=\"https:\/\/semmelweis.hu\/dei\/files\/2018\/09\/hogyes_labor_2-300x200.jpg\" alt=\"\" width=\"300\" height=\"200\" srcset=\"https:\/\/semmelweis.hu\/dei\/files\/2018\/09\/hogyes_labor_2-300x200.jpg 300w, https:\/\/semmelweis.hu\/dei\/files\/2018\/09\/hogyes_labor_2.jpg 449w\" sizes=\"auto, (max-width: 300px) 100vw, 300px\" \/><\/td>\n<\/tr>\n<\/tbody>\n<\/table>\n<\/div>\n","protected":false},"excerpt":{"rendered":"<p>Semmelweis University Faculty of Health and Public Services Institute of Digital Health Sciences Address: 1094 Budapest, Ferenc t\u00e9r 15. Postal address: 1428 Budapest Pf. 2. E-mail: <a href=\"mailto:info.dei@semmelweis.hu\">info.dei@semmelweis.hu<\/a> &nbsp; Informatics labs at the NAGYV\u00c1RAD T\u00c9RI ELM\u00c9LETI T\u00d6MB (1089 Budapest, Nagyv\u00e1rad t\u00e9r 4. &#8211; NET Building, ground floor): GREEN informatics lab (NET 1) BLUE informatics lab (NET 2) &hellip;<\/p>\n","protected":false},"author":101239,"featured_media":0,"parent":0,"menu_order":59,"comment_status":"closed","ping_status":"closed","template":"","meta":{"_acf_changed":false,"footnotes":""},"categories":[],"tags":[],"class_list":["post-3701","page","type-page","status-publish","hentry"],"acf":[],"_links":{"self":[{"href":"https:\/\/semmelweis.hu\/dei\/wp-json\/wp\/v2\/pages\/3701","targetHints":{"allow":["GET"]}}],"collection":[{"href":"https:\/\/semmelweis.hu\/dei\/wp-json\/wp\/v2\/pages"}],"about":[{"href":"https:\/\/semmelweis.hu\/dei\/wp-json\/wp\/v2\/types\/page"}],"author":[{"embeddable":true,"href":"https:\/\/semmelweis.hu\/dei\/wp-json\/wp\/v2\/users\/101239"}],"replies":[{"embeddable":true,"href":"https:\/\/semmelweis.hu\/dei\/wp-json\/wp\/v2\/comments?post=3701"}],"version-history":[{"count":10,"href":"https:\/\/semmelweis.hu\/dei\/wp-json\/wp\/v2\/pages\/3701\/revisions"}],"predecessor-version":[{"id":9301,"href":"https:\/\/semmelweis.hu\/dei\/wp-json\/wp\/v2\/pages\/3701\/revisions\/9301"}],"wp:attachment":[{"href":"https:\/\/semmelweis.hu\/dei\/wp-json\/wp\/v2\/media?parent=3701"}],"wp:term":[{"taxonomy":"category","embeddable":true,"href":"https:\/\/semmelweis.hu\/dei\/wp-json\/wp\/v2\/categories?post=3701"},{"taxonomy":"post_tag","embeddable":true,"href":"https:\/\/semmelweis.hu\/dei\/wp-json\/wp\/v2\/tags?post=3701"}],"curies":[{"name":"wp","href":"https:\/\/api.w.org\/{rel}","templated":true}]}}