{"id":32,"date":"2011-09-02T18:28:10","date_gmt":"2011-09-02T18:28:10","guid":{"rendered":"http:\/\/semmelweis-egyetem.hu\/eii\/?page_id=32"},"modified":"2017-09-04T19:16:20","modified_gmt":"2017-09-04T17:16:20","slug":"neptun","status":"publish","type":"page","link":"https:\/\/semmelweis.hu\/dei\/ugyintezes\/tanulmanyi-ugyintezes\/neptun\/","title":{"rendered":"NEPTUN"},"content":{"rendered":"<p><strong>EGYS\u00c9GES FELS\u0150OKTAT\u00c1SI TANULM\u00c1NYI RENDSZER<\/strong><\/p>\n<p>A Semmelweis Egyetemen a <a href=\"http:\/\/www.semmelweis.hu\/neptun\">NEPTUN<\/a>\u00a0informatikai rendszert alkalmazz\u00e1k a hallgat\u00f3i nyilv\u00e1ntart\u00e1ssal \u00e9s az oktat\u00e1sszervez\u00e9ssel kapcsolatos adminisztrat\u00edv feladatok ell\u00e1t\u00e1s\u00e1ra. A rendszert egyar\u00e1nt haszn\u00e1lj\u00e1k a tanulm\u00e1nyi oszt\u00e1lyok \u00e9s tansz\u00e9kek \u00fcgyint\u00e9z\u0151i, az oktat\u00f3k \u00e9s a hallgat\u00f3k. A <a title=\"NEPTUN\" href=\"http:\/\/www.semmelweis.hu\/neptun\" target=\"_blank\" rel=\"noopener\">Neptun<\/a> az int\u00e9zm\u00e9ny hallgat\u00f3i sz\u00e1m\u00e1ra a k\u00f6vetkez\u0151 lehet\u0151s\u00e9geket biztos\u00edtja:<\/p>\n<ul>\n<li>t\u00e1j\u00e9koz\u00f3dhatnak a rendszerben kezelt adataikr\u00f3l<\/li>\n<li>megismerhetik a tanulm\u00e1nyukra, k\u00e9pz\u00e9s\u00fckre \u00e9s t\u00e1rgyakra vonatkoz\u00f3 inform\u00e1ci\u00f3kat<\/li>\n<li>t\u00e1rgyfelv\u00e9teli id\u0151szakban jelentkezhetnek a meghirdetett t\u00e1rgyakra<\/li>\n<li>vizsg\u00e1ra jelentkezhetnek a vizsgajelentkez\u00e9si id\u0151szakban<\/li>\n<li>ellen\u0151rizhetik a be\u00edrt jegyeiket<\/li>\n<li>a rendszeren bel\u00fcl \u00fczeneteket kaphatnak az oktat\u00f3kt\u00f3l vagy \u00fcgyint\u00e9z\u0151kt\u0151l<\/li>\n<li>figyelemmel k\u00eds\u00e9rhetik az elutalt \u00f6szt\u00f6nd\u00edjukat<\/li>\n<\/ul>\n<p>Hallgat\u00f3i jogosults\u00e1ggal mindenki csak a saj\u00e1t adatait kezelheti. Az illet\u00e9ktelen hozz\u00e1f\u00e9r\u00e9s elker\u00fcl\u00e9se v\u00e9gett nagyon fontos, hogy mindenki kezelje titkosan a bel\u00e9p\u00e9si jelszav\u00e1t.<\/p>\n<p>A felv\u00e9telir\u0151l sz\u00f3l\u00f3 \u00e9rtes\u00edt\u0151 lev\u00e9l minden felvett hallgat\u00f3 r\u00e9sz\u00e9re tartalmaz egy 6 karakterb\u0151l \u00e1ll\u00f3 (bet\u0171 \u00e9s sz\u00e1m vegyesen) NEPTUN-k\u00f3dot \u00e9s a k\u00f3dhoz tartoz\u00f3 jelsz\u00f3t.\u00a0<\/p>\n<p>&nbsp;<\/p>\n<p>&nbsp;<\/p>\n","protected":false},"excerpt":{"rendered":"<p>EGYS\u00c9GES FELS\u0150OKTAT\u00c1SI TANULM\u00c1NYI RENDSZER A Semmelweis Egyetemen a <a href=\"http:\/\/www.semmelweis.hu\/neptun\">NEPTUN<\/a> \u00a0informatikai rendszert alkalmazz\u00e1k a hallgat\u00f3i nyilv\u00e1ntart\u00e1ssal \u00e9s az oktat\u00e1sszervez\u00e9ssel kapcsolatos adminisztrat\u00edv feladatok ell\u00e1t\u00e1s\u00e1ra. A rendszert egyar\u00e1nt haszn\u00e1lj\u00e1k a tanulm\u00e1nyi oszt\u00e1lyok \u00e9s tansz\u00e9kek \u00fcgyint\u00e9z\u0151i, az oktat\u00f3k \u00e9s a hallgat\u00f3k. A <a title=\"NEPTUN\" href=\"http:\/\/www.semmelweis.hu\/neptun\" target=\"_blank\" rel=\"noopener\">Neptun<\/a> az int\u00e9zm\u00e9ny hallgat\u00f3i sz\u00e1m\u00e1ra a k\u00f6vetkez\u0151 lehet\u0151s\u00e9geket biztos\u00edtja: t\u00e1j\u00e9koz\u00f3dhatnak a rendszerben kezelt adataikr\u00f3l megismerhetik a tanulm\u00e1nyukra, k\u00e9pz\u00e9s\u00fckre \u00e9s &hellip;<\/p>\n","protected":false},"author":158,"featured_media":0,"parent":30,"menu_order":5,"comment_status":"open","ping_status":"open","template":"","meta":{"_acf_changed":false,"footnotes":""},"categories":[],"tags":[],"class_list":["post-32","page","type-page","status-publish","hentry"],"acf":[],"_links":{"self":[{"href":"https:\/\/semmelweis.hu\/dei\/wp-json\/wp\/v2\/pages\/32","targetHints":{"allow":["GET"]}}],"collection":[{"href":"https:\/\/semmelweis.hu\/dei\/wp-json\/wp\/v2\/pages"}],"about":[{"href":"https:\/\/semmelweis.hu\/dei\/wp-json\/wp\/v2\/types\/page"}],"author":[{"embeddable":true,"href":"https:\/\/semmelweis.hu\/dei\/wp-json\/wp\/v2\/users\/158"}],"replies":[{"embeddable":true,"href":"https:\/\/semmelweis.hu\/dei\/wp-json\/wp\/v2\/comments?post=32"}],"version-history":[{"count":7,"href":"https:\/\/semmelweis.hu\/dei\/wp-json\/wp\/v2\/pages\/32\/revisions"}],"predecessor-version":[{"id":6545,"href":"https:\/\/semmelweis.hu\/dei\/wp-json\/wp\/v2\/pages\/32\/revisions\/6545"}],"up":[{"embeddable":true,"href":"https:\/\/semmelweis.hu\/dei\/wp-json\/wp\/v2\/pages\/30"}],"wp:attachment":[{"href":"https:\/\/semmelweis.hu\/dei\/wp-json\/wp\/v2\/media?parent=32"}],"wp:term":[{"taxonomy":"category","embeddable":true,"href":"https:\/\/semmelweis.hu\/dei\/wp-json\/wp\/v2\/categories?post=32"},{"taxonomy":"post_tag","embeddable":true,"href":"https:\/\/semmelweis.hu\/dei\/wp-json\/wp\/v2\/tags?post=32"}],"curies":[{"name":"wp","href":"https:\/\/api.w.org\/{rel}","templated":true}]}}