{"id":30,"date":"2011-09-02T18:21:45","date_gmt":"2011-09-02T18:21:45","guid":{"rendered":"http:\/\/semmelweis-egyetem.hu\/eii\/?page_id=30"},"modified":"2025-10-10T12:15:48","modified_gmt":"2025-10-10T10:15:48","slug":"tanulmanyi-ugyintezes","status":"publish","type":"page","link":"https:\/\/semmelweis.hu\/dei\/ugyintezes\/tanulmanyi-ugyintezes\/","title":{"rendered":"Tanulm\u00e1nyi \u00fcgyint\u00e9z\u00e9s"},"content":{"rendered":"<p><span style=\"font-size: 14pt\"><strong>A hallgat\u00f3i f\u00e9lfogad\u00e1s a 1089 Nagyv\u00e1rad t\u00e9r 4. f\u00f6ldszint 18. <\/strong><\/span><span style=\"font-size: 14pt\"><strong>irod\u00e1ban van.<\/strong><\/span><\/p>\n<p><span style=\"font-size: 14pt\"><strong>A tanulm\u00e1nyi \u00fcgyint\u00e9z\u0151: <em>Gyurkovics Zolt\u00e1nn\u00e9<\/em><\/strong><em>\u00a0<\/em><\/span><\/p>\n<p><strong><span style=\"font-size: 14pt\">El\u00e9rhet\u0151s\u00e9gei: <\/span><\/strong><\/p>\n<ul>\n<li><span style=\"font-size: 14pt\">email:<\/span><strong><span style=\"font-size: 14pt\"> <a href=\"gyurkovics.zoltanne@semmelweis.hu\" target=\"_blank\" rel=\"noopener\">gyurkovics.zoltanne@semmelweis.hu<\/a><\/span><\/strong><\/li>\n<li><span style=\"font-size: 14pt\">tel: <\/span><span style=\"font-size: 14pt\">+36 20\/663-2338<\/span><\/li>\n<\/ul>\n<p><strong style=\"font-size: 1rem\"><span style=\"font-size: 14pt\">\u00dcgyf\u00e9lfogad\u00e1si rend a 2025\/2026-os tan\u00e9vben:<\/span><\/strong><\/p>\n<p><strong>Kedd:<\/strong> 10:00\u201311:30<br \/>\n<strong>Szerda:<\/strong> 10:00\u201311:30<br \/>\n<strong>Cs\u00fct\u00f6rt\u00f6k:<\/strong> 10:00\u201311:30<\/p>\n<p>A legfontosabb \u00fcgyek, melyekkel a tanulm\u00e1nyi \u00fcgyint\u00e9z\u0151h\u00f6z fordulhatnak:<\/p>\n<ul>\n<li>k\u00e9relem beny\u00fajt\u00e1sa<\/li>\n<li>leckek\u00f6nyv felv\u00e9tele, lead\u00e1sa<\/li>\n<li>hallgat\u00f3i jogviszony igazol\u00e1s k\u00e9r\u00e9se<\/li>\n<li>\u00e1lland\u00f3 di\u00e1kigazolv\u00e1ny \u00e1tv\u00e9tele<\/li>\n<li>ideiglenes di\u00e1kigazolv\u00e1ny k\u00e9r\u00e9se<\/li>\n<li>f\u00e9l\u00e9venk\u00e9nti di\u00e1kigazolv\u00e1ny \u00e9rv\u00e9nyes\u00edt\u00e9s<\/li>\n<li>adatv\u00e1ltoz\u00e1s bejelent\u00e9se<\/li>\n<li>\u00f6szt\u00f6nd\u00edj probl\u00e9m\u00e1k rendez\u00e9se<\/li>\n<li>NEPTUN rendszerrel kapcsolatos k\u00e9rd\u00e9sek<\/li>\n<li>mintatanterv \u00e9rtelmez\u00e9se<\/li>\n<li>di\u00e1khitellel kapcsolatos k\u00e9rd\u00e9sek<\/li>\n<li>fizet\u00e9si k\u00f6telezetts\u00e9ggel kapcsolatos k\u00e9rd\u00e9sek<\/li>\n<\/ul>\n<div class=\"keretes w-100\">\n<ul class=\"children\" style=\"list-style-type: square\">\n<li class=\"page_item page-item-536\"><a href=\"https:\/\/semmelweis.hu\/dei\/ugyintezes\/tanulmanyi-ugyintezes\/tantargybefogadasi-kerelem\/\">Tant\u00e1rgybefogad\u00e1si k\u00e9relem<\/a><\/li>\n<li class=\"page_item page-item-2339\"><a href=\"https:\/\/semmelweis.hu\/dei\/ugyintezes\/tanulmanyi-ugyintezes\/jogszabalyok\/\">Jogszab\u00e1lyok<\/a><\/li>\n<li class=\"page_item page-item-2325\"><a href=\"https:\/\/semmelweis.hu\/dei\/ugyintezes\/tanulmanyi-ugyintezes\/kerveny-passzivalashoz\/\">K\u00e9rv\u00e9ny passziv\u00e1l\u00e1shoz<\/a><\/li>\n<li class=\"page_item page-item-2294\"><a href=\"https:\/\/semmelweis.hu\/dei\/ugyintezes\/tanulmanyi-ugyintezes\/koztarsasagi-osztondij-palyazat-2013-2014-tanevre\/\">Nemzeti fels\u0151oktat\u00e1si \u00f6szt\u00f6nd\u00edj p\u00e1ly\u00e1zat<\/a><\/li>\n<li class=\"page_item page-item-199\"><a href=\"https:\/\/semmelweis.hu\/dei\/ugyintezes\/tanulmanyi-ugyintezes\/tanulmanyi-es-vizsgaszabalyzat\/\">Tanulm\u00e1nyi \u00e9s vizsgaszab\u00e1lyzat<\/a><\/li>\n<li class=\"page_item page-item-32\"><a href=\"https:\/\/semmelweis.hu\/dei\/ugyintezes\/tanulmanyi-ugyintezes\/neptun\/\">NEPTUN<\/a><\/li>\n<li class=\"page_item page-item-201\"><a href=\"https:\/\/semmelweis.hu\/dei\/ugyintezes\/tanulmanyi-ugyintezes\/kuloneljarasi-dijak\/\">K\u00fcl\u00f6nelj\u00e1r\u00e1si d\u00edjak<\/a><\/li>\n<li class=\"page_item page-item-2332\"><a href=\"https:\/\/semmelweis.hu\/dei\/ugyintezes\/tanulmanyi-ugyintezes\/kerelmek-elbiralasanak-rendje\/\">K\u00e9relmek elb\u00edr\u00e1l\u00e1s\u00e1nak rendje<\/a><\/li>\n<\/ul>\n<\/div>\n","protected":false},"excerpt":{"rendered":"<p>A hallgat\u00f3i f\u00e9lfogad\u00e1s a 1089 Nagyv\u00e1rad t\u00e9r 4. f\u00f6ldszint 18. irod\u00e1ban van. A tanulm\u00e1nyi \u00fcgyint\u00e9z\u0151: Gyurkovics Zolt\u00e1nn\u00e9\u00a0 El\u00e9rhet\u0151s\u00e9gei: email: <a href=\"gyurkovics.zoltanne@semmelweis.hu\" target=\"_blank\" rel=\"noopener\">gyurkovics.zoltanne@semmelweis.hu<\/a> tel: +36 20\/663-2338 \u00dcgyf\u00e9lfogad\u00e1si rend a 2025\/2026-os tan\u00e9vben: Kedd: 10:00\u201311:30 Szerda: 10:00\u201311:30 Cs\u00fct\u00f6rt\u00f6k: 10:00\u201311:30 A legfontosabb \u00fcgyek, melyekkel a tanulm\u00e1nyi \u00fcgyint\u00e9z\u0151h\u00f6z fordulhatnak: k\u00e9relem beny\u00fajt\u00e1sa leckek\u00f6nyv felv\u00e9tele, lead\u00e1sa hallgat\u00f3i jogviszony igazol\u00e1s k\u00e9r\u00e9se \u00e1lland\u00f3 di\u00e1kigazolv\u00e1ny \u00e1tv\u00e9tele ideiglenes di\u00e1kigazolv\u00e1ny &hellip;<\/p>\n","protected":false},"author":158,"featured_media":0,"parent":6530,"menu_order":1,"comment_status":"closed","ping_status":"closed","template":"","meta":{"_acf_changed":false,"footnotes":""},"categories":[],"tags":[],"class_list":["post-30","page","type-page","status-publish","hentry"],"acf":[],"_links":{"self":[{"href":"https:\/\/semmelweis.hu\/dei\/wp-json\/wp\/v2\/pages\/30","targetHints":{"allow":["GET"]}}],"collection":[{"href":"https:\/\/semmelweis.hu\/dei\/wp-json\/wp\/v2\/pages"}],"about":[{"href":"https:\/\/semmelweis.hu\/dei\/wp-json\/wp\/v2\/types\/page"}],"author":[{"embeddable":true,"href":"https:\/\/semmelweis.hu\/dei\/wp-json\/wp\/v2\/users\/158"}],"replies":[{"embeddable":true,"href":"https:\/\/semmelweis.hu\/dei\/wp-json\/wp\/v2\/comments?post=30"}],"version-history":[{"count":15,"href":"https:\/\/semmelweis.hu\/dei\/wp-json\/wp\/v2\/pages\/30\/revisions"}],"predecessor-version":[{"id":9432,"href":"https:\/\/semmelweis.hu\/dei\/wp-json\/wp\/v2\/pages\/30\/revisions\/9432"}],"up":[{"embeddable":true,"href":"https:\/\/semmelweis.hu\/dei\/wp-json\/wp\/v2\/pages\/6530"}],"wp:attachment":[{"href":"https:\/\/semmelweis.hu\/dei\/wp-json\/wp\/v2\/media?parent=30"}],"wp:term":[{"taxonomy":"category","embeddable":true,"href":"https:\/\/semmelweis.hu\/dei\/wp-json\/wp\/v2\/categories?post=30"},{"taxonomy":"post_tag","embeddable":true,"href":"https:\/\/semmelweis.hu\/dei\/wp-json\/wp\/v2\/tags?post=30"}],"curies":[{"name":"wp","href":"https:\/\/api.w.org\/{rel}","templated":true}]}}