{"id":2332,"date":"2013-09-05T14:29:38","date_gmt":"2013-09-05T13:29:38","guid":{"rendered":"http:\/\/semmelweis-egyetem.hu\/eii\/?page_id=2332"},"modified":"2020-06-11T09:40:18","modified_gmt":"2020-06-11T07:40:18","slug":"kerelmek-elbiralasanak-rendje","status":"publish","type":"page","link":"https:\/\/semmelweis.hu\/dei\/ugyintezes\/tanulmanyi-ugyintezes\/kerelmek-elbiralasanak-rendje\/","title":{"rendered":"K\u00e9relmek elb\u00edr\u00e1l\u00e1s\u00e1nak rendje"},"content":{"rendered":"<p><a href=\"https:\/\/semmelweis.hu\/jogigfoig\/files\/2019\/11\/%C3%9AJ_SZMSZ-HKR_III.K%C3%96NYV_III.6._R%C3%89SZ_Hallgat%C3%B3k-%C3%A1ltal-beny%C3%BAjtott-k%C3%A9relmek-elb%C3%ADr%C3%A1l%C3%A1s%C3%A1nak-rendje_2019.10.02-tol.pdf\">K\u00e9relmek elb\u00edr\u00e1l\u00e1s\u00e1nak rendje<\/a><\/p>\n","protected":false},"excerpt":{"rendered":"<p><a href=\"https:\/\/semmelweis.hu\/jogigfoig\/files\/2019\/11\/%C3%9AJ_SZMSZ-HKR_III.K%C3%96NYV_III.6._R%C3%89SZ_Hallgat%C3%B3k-%C3%A1ltal-beny%C3%BAjtott-k%C3%A9relmek-elb%C3%ADr%C3%A1l%C3%A1s%C3%A1nak-rendje_2019.10.02-tol.pdf\">K\u00e9relmek elb\u00edr\u00e1l\u00e1s\u00e1nak rendje<\/a><\/p>\n","protected":false},"author":158,"featured_media":0,"parent":30,"menu_order":9,"comment_status":"open","ping_status":"open","template":"","meta":{"_acf_changed":false,"footnotes":""},"categories":[],"tags":[],"class_list":["post-2332","page","type-page","status-publish","hentry"],"acf":[],"_links":{"self":[{"href":"https:\/\/semmelweis.hu\/dei\/wp-json\/wp\/v2\/pages\/2332","targetHints":{"allow":["GET"]}}],"collection":[{"href":"https:\/\/semmelweis.hu\/dei\/wp-json\/wp\/v2\/pages"}],"about":[{"href":"https:\/\/semmelweis.hu\/dei\/wp-json\/wp\/v2\/types\/page"}],"author":[{"embeddable":true,"href":"https:\/\/semmelweis.hu\/dei\/wp-json\/wp\/v2\/users\/158"}],"replies":[{"embeddable":true,"href":"https:\/\/semmelweis.hu\/dei\/wp-json\/wp\/v2\/comments?post=2332"}],"version-history":[{"count":6,"href":"https:\/\/semmelweis.hu\/dei\/wp-json\/wp\/v2\/pages\/2332\/revisions"}],"predecessor-version":[{"id":8150,"href":"https:\/\/semmelweis.hu\/dei\/wp-json\/wp\/v2\/pages\/2332\/revisions\/8150"}],"up":[{"embeddable":true,"href":"https:\/\/semmelweis.hu\/dei\/wp-json\/wp\/v2\/pages\/30"}],"wp:attachment":[{"href":"https:\/\/semmelweis.hu\/dei\/wp-json\/wp\/v2\/media?parent=2332"}],"wp:term":[{"taxonomy":"category","embeddable":true,"href":"https:\/\/semmelweis.hu\/dei\/wp-json\/wp\/v2\/categories?post=2332"},{"taxonomy":"post_tag","embeddable":true,"href":"https:\/\/semmelweis.hu\/dei\/wp-json\/wp\/v2\/tags?post=2332"}],"curies":[{"name":"wp","href":"https:\/\/api.w.org\/{rel}","templated":true}]}}