{"id":2325,"date":"2013-09-05T14:24:59","date_gmt":"2013-09-05T13:24:59","guid":{"rendered":"http:\/\/semmelweis-egyetem.hu\/eii\/?page_id=2325"},"modified":"2020-06-11T15:07:42","modified_gmt":"2020-06-11T13:07:42","slug":"kerveny-passzivalashoz","status":"publish","type":"page","link":"https:\/\/semmelweis.hu\/dei\/ugyintezes\/tanulmanyi-ugyintezes\/kerveny-passzivalashoz\/","title":{"rendered":"K\u00e9rv\u00e9ny passziv\u00e1l\u00e1shoz"},"content":{"rendered":"<p><a href=\"https:\/\/semmelweis.hu\/dei\/files\/2020\/06\/PASSZ\u00cdV\u00c1L\u00c1SHOZ-K\u00c9RV\u00c9NY.doc\">K\u00e9rv\u00e9ny let\u00f6lt\u00e9se passziv\u00e1l\u00e1shoz<\/a><\/p>\n","protected":false},"excerpt":{"rendered":"<p><a href=\"https:\/\/semmelweis.hu\/dei\/files\/2020\/06\/PASSZ\u00cdV\u00c1L\u00c1SHOZ-K\u00c9RV\u00c9NY.doc\">K\u00e9rv\u00e9ny let\u00f6lt\u00e9se passziv\u00e1l\u00e1shoz<\/a><\/p>\n","protected":false},"author":304,"featured_media":0,"parent":30,"menu_order":2,"comment_status":"open","ping_status":"open","template":"","meta":{"_acf_changed":false,"footnotes":""},"categories":[],"tags":[],"class_list":["post-2325","page","type-page","status-publish","hentry"],"acf":[],"_links":{"self":[{"href":"https:\/\/semmelweis.hu\/dei\/wp-json\/wp\/v2\/pages\/2325","targetHints":{"allow":["GET"]}}],"collection":[{"href":"https:\/\/semmelweis.hu\/dei\/wp-json\/wp\/v2\/pages"}],"about":[{"href":"https:\/\/semmelweis.hu\/dei\/wp-json\/wp\/v2\/types\/page"}],"author":[{"embeddable":true,"href":"https:\/\/semmelweis.hu\/dei\/wp-json\/wp\/v2\/users\/304"}],"replies":[{"embeddable":true,"href":"https:\/\/semmelweis.hu\/dei\/wp-json\/wp\/v2\/comments?post=2325"}],"version-history":[{"count":5,"href":"https:\/\/semmelweis.hu\/dei\/wp-json\/wp\/v2\/pages\/2325\/revisions"}],"predecessor-version":[{"id":8168,"href":"https:\/\/semmelweis.hu\/dei\/wp-json\/wp\/v2\/pages\/2325\/revisions\/8168"}],"up":[{"embeddable":true,"href":"https:\/\/semmelweis.hu\/dei\/wp-json\/wp\/v2\/pages\/30"}],"wp:attachment":[{"href":"https:\/\/semmelweis.hu\/dei\/wp-json\/wp\/v2\/media?parent=2325"}],"wp:term":[{"taxonomy":"category","embeddable":true,"href":"https:\/\/semmelweis.hu\/dei\/wp-json\/wp\/v2\/categories?post=2325"},{"taxonomy":"post_tag","embeddable":true,"href":"https:\/\/semmelweis.hu\/dei\/wp-json\/wp\/v2\/tags?post=2325"}],"curies":[{"name":"wp","href":"https:\/\/api.w.org\/{rel}","templated":true}]}}