{"id":2294,"date":"2013-05-28T09:19:30","date_gmt":"2013-05-28T08:19:30","guid":{"rendered":"http:\/\/semmelweis-egyetem.hu\/eii\/?page_id=2294"},"modified":"2024-10-03T12:38:35","modified_gmt":"2024-10-03T10:38:35","slug":"koztarsasagi-osztondij-palyazat-2013-2014-tanevre","status":"publish","type":"page","link":"https:\/\/semmelweis.hu\/dei\/ugyintezes\/tanulmanyi-ugyintezes\/koztarsasagi-osztondij-palyazat-2013-2014-tanevre\/","title":{"rendered":"Nemzeti fels\u0151oktat\u00e1si \u00f6szt\u00f6nd\u00edj p\u00e1ly\u00e1zat"},"content":{"rendered":"<p><a href=\"https:\/\/semmelweis.hu\/ekk\/osztondijak\/nemzetifelsooktatasiosztondij-2024\/\">P\u00e1ly\u00e1zati felh\u00edv\u00e1s<\/a><\/p>\n<p>&nbsp;<\/p>\n","protected":false},"excerpt":{"rendered":"<p><a href=\"https:\/\/semmelweis.hu\/ekk\/osztondijak\/nemzetifelsooktatasiosztondij-2024\/\">P\u00e1ly\u00e1zati felh\u00edv\u00e1s<\/a><br \/>\n&nbsp;<\/p>\n","protected":false},"author":304,"featured_media":0,"parent":30,"menu_order":3,"comment_status":"open","ping_status":"open","template":"","meta":{"_acf_changed":false,"footnotes":""},"categories":[],"tags":[],"class_list":["post-2294","page","type-page","status-publish","hentry"],"acf":[],"_links":{"self":[{"href":"https:\/\/semmelweis.hu\/dei\/wp-json\/wp\/v2\/pages\/2294","targetHints":{"allow":["GET"]}}],"collection":[{"href":"https:\/\/semmelweis.hu\/dei\/wp-json\/wp\/v2\/pages"}],"about":[{"href":"https:\/\/semmelweis.hu\/dei\/wp-json\/wp\/v2\/types\/page"}],"author":[{"embeddable":true,"href":"https:\/\/semmelweis.hu\/dei\/wp-json\/wp\/v2\/users\/304"}],"replies":[{"embeddable":true,"href":"https:\/\/semmelweis.hu\/dei\/wp-json\/wp\/v2\/comments?post=2294"}],"version-history":[{"count":7,"href":"https:\/\/semmelweis.hu\/dei\/wp-json\/wp\/v2\/pages\/2294\/revisions"}],"predecessor-version":[{"id":9131,"href":"https:\/\/semmelweis.hu\/dei\/wp-json\/wp\/v2\/pages\/2294\/revisions\/9131"}],"up":[{"embeddable":true,"href":"https:\/\/semmelweis.hu\/dei\/wp-json\/wp\/v2\/pages\/30"}],"wp:attachment":[{"href":"https:\/\/semmelweis.hu\/dei\/wp-json\/wp\/v2\/media?parent=2294"}],"wp:term":[{"taxonomy":"category","embeddable":true,"href":"https:\/\/semmelweis.hu\/dei\/wp-json\/wp\/v2\/categories?post=2294"},{"taxonomy":"post_tag","embeddable":true,"href":"https:\/\/semmelweis.hu\/dei\/wp-json\/wp\/v2\/tags?post=2294"}],"curies":[{"name":"wp","href":"https:\/\/api.w.org\/{rel}","templated":true}]}}