{"id":201,"date":"2011-09-27T11:15:49","date_gmt":"2011-09-27T11:15:49","guid":{"rendered":"http:\/\/semmelweis-egyetem.hu\/eii\/?page_id=201"},"modified":"2024-10-03T12:46:14","modified_gmt":"2024-10-03T10:46:14","slug":"kuloneljarasi-dijak","status":"publish","type":"page","link":"https:\/\/semmelweis.hu\/dei\/ugyintezes\/tanulmanyi-ugyintezes\/kuloneljarasi-dijak\/","title":{"rendered":"K\u00fcl\u00f6nelj\u00e1r\u00e1si d\u00edjak"},"content":{"rendered":"<p>&nbsp;<\/p>\n<p><a href=\"https:\/\/semmelweis.hu\/jogigfoig\/files\/2024\/06\/SZMSZ_HKR_III_KONYV_III_4_RESZ_MELLEKLETEK_hatalyos_20240614-tol.pdf\">T\u00e9r\u00edt\u00e9si d\u00edjak jogc\u00edmei \u00e9s m\u00e9rt\u00e9ke III. 4. \u2013 8. mell\u00e9klet 34\u201335. oldal<\/a><\/p>\n<p><a href=\"https:\/\/semmelweis.hu\/ekk\/files\/2020\/05\/EKK_TERITESI_ES_JUTTATASI_REND_20200131_.pdf\">EKK t\u00e9r\u00edt\u00e9s \u00e9s juttat\u00e1si rend 12. mell\u00e9klet 16. oldal; 13. mell\u00e9klet 18. oldal<\/a><\/p>\n","protected":false},"excerpt":{"rendered":"<p>&nbsp;<br \/>\n<a href=\"https:\/\/semmelweis.hu\/jogigfoig\/files\/2024\/06\/SZMSZ_HKR_III_KONYV_III_4_RESZ_MELLEKLETEK_hatalyos_20240614-tol.pdf\">T\u00e9r\u00edt\u00e9si d\u00edjak jogc\u00edmei \u00e9s m\u00e9rt\u00e9ke III. 4. \u2013 8. mell\u00e9klet 34\u201335. oldal<\/a><br \/>\n<a href=\"https:\/\/semmelweis.hu\/ekk\/files\/2020\/05\/EKK_TERITESI_ES_JUTTATASI_REND_20200131_.pdf\">EKK t\u00e9r\u00edt\u00e9s \u00e9s juttat\u00e1si rend 12. mell\u00e9klet 16. oldal; 13. mell\u00e9klet 18. oldal<\/a><\/p>\n","protected":false},"author":304,"featured_media":0,"parent":30,"menu_order":7,"comment_status":"open","ping_status":"open","template":"","meta":{"_acf_changed":false,"footnotes":""},"categories":[],"tags":[],"class_list":["post-201","page","type-page","status-publish","hentry"],"acf":[],"_links":{"self":[{"href":"https:\/\/semmelweis.hu\/dei\/wp-json\/wp\/v2\/pages\/201","targetHints":{"allow":["GET"]}}],"collection":[{"href":"https:\/\/semmelweis.hu\/dei\/wp-json\/wp\/v2\/pages"}],"about":[{"href":"https:\/\/semmelweis.hu\/dei\/wp-json\/wp\/v2\/types\/page"}],"author":[{"embeddable":true,"href":"https:\/\/semmelweis.hu\/dei\/wp-json\/wp\/v2\/users\/304"}],"replies":[{"embeddable":true,"href":"https:\/\/semmelweis.hu\/dei\/wp-json\/wp\/v2\/comments?post=201"}],"version-history":[{"count":11,"href":"https:\/\/semmelweis.hu\/dei\/wp-json\/wp\/v2\/pages\/201\/revisions"}],"predecessor-version":[{"id":9136,"href":"https:\/\/semmelweis.hu\/dei\/wp-json\/wp\/v2\/pages\/201\/revisions\/9136"}],"up":[{"embeddable":true,"href":"https:\/\/semmelweis.hu\/dei\/wp-json\/wp\/v2\/pages\/30"}],"wp:attachment":[{"href":"https:\/\/semmelweis.hu\/dei\/wp-json\/wp\/v2\/media?parent=201"}],"wp:term":[{"taxonomy":"category","embeddable":true,"href":"https:\/\/semmelweis.hu\/dei\/wp-json\/wp\/v2\/categories?post=201"},{"taxonomy":"post_tag","embeddable":true,"href":"https:\/\/semmelweis.hu\/dei\/wp-json\/wp\/v2\/tags?post=201"}],"curies":[{"name":"wp","href":"https:\/\/api.w.org\/{rel}","templated":true}]}}