{"id":199,"date":"2011-09-27T11:13:33","date_gmt":"2011-09-27T11:13:33","guid":{"rendered":"http:\/\/semmelweis-egyetem.hu\/eii\/?page_id=199"},"modified":"2022-12-08T12:36:24","modified_gmt":"2022-12-08T11:36:24","slug":"tanulmanyi-es-vizsgaszabalyzat","status":"publish","type":"page","link":"https:\/\/semmelweis.hu\/dei\/ugyintezes\/tanulmanyi-ugyintezes\/tanulmanyi-es-vizsgaszabalyzat\/","title":{"rendered":"Tanulm\u00e1nyi \u00e9s vizsgaszab\u00e1lyzat"},"content":{"rendered":"<p><a href=\"https:\/\/semmelweis.hu\/jogigfoig\/dokumentumtar\/szabalyzattar\/szervezeti-es-mukodesi-szabalyzat\/iii-konyv-hkr\/\">Tanulm\u00e1nyi \u00e9s vizsgaszab\u00e1lyzat let\u00f6lt\u00e9s<\/a><\/p>\n","protected":false},"excerpt":{"rendered":"<p><a href=\"https:\/\/semmelweis.hu\/jogigfoig\/dokumentumtar\/szabalyzattar\/szervezeti-es-mukodesi-szabalyzat\/iii-konyv-hkr\/\">Tanulm\u00e1nyi \u00e9s vizsgaszab\u00e1lyzat let\u00f6lt\u00e9s<\/a><\/p>\n","protected":false},"author":304,"featured_media":0,"parent":30,"menu_order":3,"comment_status":"open","ping_status":"open","template":"","meta":{"_acf_changed":false,"footnotes":""},"categories":[],"tags":[],"class_list":["post-199","page","type-page","status-publish","hentry"],"acf":[],"_links":{"self":[{"href":"https:\/\/semmelweis.hu\/dei\/wp-json\/wp\/v2\/pages\/199","targetHints":{"allow":["GET"]}}],"collection":[{"href":"https:\/\/semmelweis.hu\/dei\/wp-json\/wp\/v2\/pages"}],"about":[{"href":"https:\/\/semmelweis.hu\/dei\/wp-json\/wp\/v2\/types\/page"}],"author":[{"embeddable":true,"href":"https:\/\/semmelweis.hu\/dei\/wp-json\/wp\/v2\/users\/304"}],"replies":[{"embeddable":true,"href":"https:\/\/semmelweis.hu\/dei\/wp-json\/wp\/v2\/comments?post=199"}],"version-history":[{"count":6,"href":"https:\/\/semmelweis.hu\/dei\/wp-json\/wp\/v2\/pages\/199\/revisions"}],"predecessor-version":[{"id":8804,"href":"https:\/\/semmelweis.hu\/dei\/wp-json\/wp\/v2\/pages\/199\/revisions\/8804"}],"up":[{"embeddable":true,"href":"https:\/\/semmelweis.hu\/dei\/wp-json\/wp\/v2\/pages\/30"}],"wp:attachment":[{"href":"https:\/\/semmelweis.hu\/dei\/wp-json\/wp\/v2\/media?parent=199"}],"wp:term":[{"taxonomy":"category","embeddable":true,"href":"https:\/\/semmelweis.hu\/dei\/wp-json\/wp\/v2\/categories?post=199"},{"taxonomy":"post_tag","embeddable":true,"href":"https:\/\/semmelweis.hu\/dei\/wp-json\/wp\/v2\/tags?post=199"}],"curies":[{"name":"wp","href":"https:\/\/api.w.org\/{rel}","templated":true}]}}