{"id":1192,"date":"2012-09-14T10:15:02","date_gmt":"2012-09-14T10:15:02","guid":{"rendered":"http:\/\/semmelweis-egyetem.hu\/eii\/?page_id=1192"},"modified":"2024-10-03T11:26:09","modified_gmt":"2024-10-03T09:26:09","slug":"altalanos-orvostudomanyi-kar","status":"publish","type":"page","link":"https:\/\/semmelweis.hu\/dei\/oktatas\/egyetemen-beluli-kepzesek\/altalanos-orvostudomanyi-kar\/","title":{"rendered":"\u00c1ltal\u00e1nos Orvostudom\u00e1nyi Kar"},"content":{"rendered":"<p><strong>Kurzus inform\u00e1ci\u00f3k<\/strong><\/p>\n<p>\nKurzus c\u00edme: Orvosi informatika<\/p>\n<p>Neptun-k\u00f3d: AOVINF091_1M<\/p>\n<p>K\u00f6vetelm\u00e9nyrendszer: <a href=\"https:\/\/semmelweis.hu\/dei\/files\/2023\/09\/Orvosi_informatika.pdf\">Orvosi informatika<\/a><\/p>\n<p>&nbsp;<\/p>\n<p>Kurzus c\u00edme: Biostatisztika a klinikai orvostudom\u00e1nyban<\/p>\n<p>Neptun-k\u00f3d: AOVINF092_1M<\/p>\n<p>K\u00f6vetelm\u00e9nyrendszer: <a href=\"https:\/\/semmelweis.hu\/dei\/files\/2023\/09\/Biostatisztika_a_klinikai_orvostudomanyban.pdf\">Biostatisztika a klinikai orvostudom\u00e1nyban<\/a><\/p>\n<p>&nbsp;<\/p>\n<p><strong>\u00dcgyint\u00e9z\u00e9s:<\/strong><\/p>\n<ul>\n<li>1089, Budapest, Nagyv\u00e1rad t\u00e9r 4. fsz.\/18.<\/li>\n<li>Megk\u00e9rj\u00fck kedves hallgat\u00f3inkat, hogy al\u00e1\u00edr\u00e1st is ig\u00e9nyl\u0151 \u00fcgyekben a k\u00f6vetkez\u0151 e-mail c\u00edmen legyenek kedvesek id\u0151pontot egyeztetni: <a href=\"mailto:info.dei@public.semmelweis-univ.hu\">info.dei@semmelweis.hu<\/a><\/li>\n<\/ul>\n<p>&nbsp;<\/p>\n","protected":false},"excerpt":{"rendered":"<p>Kurzus inform\u00e1ci\u00f3k<\/p>\n<p>Kurzus c\u00edme: Orvosi informatika<br \/>\nNeptun-k\u00f3d: AOVINF091_1M<br \/>\nK\u00f6vetelm\u00e9nyrendszer: <a href=\"https:\/\/semmelweis.hu\/dei\/files\/2023\/09\/Orvosi_informatika.pdf\">Orvosi informatika<\/a><br \/>\n&nbsp;<br \/>\nKurzus c\u00edme: Biostatisztika a klinikai orvostudom\u00e1nyban<br \/>\nNeptun-k\u00f3d: AOVINF092_1M<br \/>\nK\u00f6vetelm\u00e9nyrendszer: <a href=\"https:\/\/semmelweis.hu\/dei\/files\/2023\/09\/Biostatisztika_a_klinikai_orvostudomanyban.pdf\">Biostatisztika a klinikai orvostudom\u00e1nyban<\/a><br \/>\n&nbsp;<br \/>\n\u00dcgyint\u00e9z\u00e9s:<\/p>\n<p>1089, Budapest, Nagyv\u00e1rad t\u00e9r 4. fsz.\/18.<br \/>\nMegk\u00e9rj\u00fck kedves hallgat\u00f3inkat, hogy al\u00e1\u00edr\u00e1st is ig\u00e9nyl\u0151 \u00fcgyekben a k\u00f6vetkez\u0151 e-mail c\u00edmen legyenek kedvesek id\u0151pontot egyeztetni: <a href=\"mailto:info.dei@public.semmelweis-univ.hu\">info.dei@semmelweis.hu<\/a><\/p>\n<p>&nbsp;<\/p>\n","protected":false},"author":158,"featured_media":0,"parent":6577,"menu_order":0,"comment_status":"open","ping_status":"open","template":"","meta":{"_acf_changed":false,"footnotes":""},"categories":[],"tags":[],"class_list":["post-1192","page","type-page","status-publish","hentry"],"acf":[],"_links":{"self":[{"href":"https:\/\/semmelweis.hu\/dei\/wp-json\/wp\/v2\/pages\/1192","targetHints":{"allow":["GET"]}}],"collection":[{"href":"https:\/\/semmelweis.hu\/dei\/wp-json\/wp\/v2\/pages"}],"about":[{"href":"https:\/\/semmelweis.hu\/dei\/wp-json\/wp\/v2\/types\/page"}],"author":[{"embeddable":true,"href":"https:\/\/semmelweis.hu\/dei\/wp-json\/wp\/v2\/users\/158"}],"replies":[{"embeddable":true,"href":"https:\/\/semmelweis.hu\/dei\/wp-json\/wp\/v2\/comments?post=1192"}],"version-history":[{"count":10,"href":"https:\/\/semmelweis.hu\/dei\/wp-json\/wp\/v2\/pages\/1192\/revisions"}],"predecessor-version":[{"id":9121,"href":"https:\/\/semmelweis.hu\/dei\/wp-json\/wp\/v2\/pages\/1192\/revisions\/9121"}],"up":[{"embeddable":true,"href":"https:\/\/semmelweis.hu\/dei\/wp-json\/wp\/v2\/pages\/6577"}],"wp:attachment":[{"href":"https:\/\/semmelweis.hu\/dei\/wp-json\/wp\/v2\/media?parent=1192"}],"wp:term":[{"taxonomy":"category","embeddable":true,"href":"https:\/\/semmelweis.hu\/dei\/wp-json\/wp\/v2\/categories?post=1192"},{"taxonomy":"post_tag","embeddable":true,"href":"https:\/\/semmelweis.hu\/dei\/wp-json\/wp\/v2\/tags?post=1192"}],"curies":[{"name":"wp","href":"https:\/\/api.w.org\/{rel}","templated":true}]}}