{"id":95,"date":"2014-09-16T08:20:10","date_gmt":"2014-09-16T06:20:10","guid":{"rendered":"http:\/\/csot.semmelweis.hu\/?page_id=95"},"modified":"2024-11-12T09:49:09","modified_gmt":"2024-11-12T08:49:09","slug":"oktatoi-lista-kiegeszitese","status":"publish","type":"page","link":"https:\/\/semmelweis.hu\/csot\/a-tanszekrol\/oktato-csaladorvosoknak\/oktatoi-lista-kiegeszitese\/","title":{"rendered":"Oktat\u00f3i lista kieg\u00e9sz\u00edt\u00e9se"},"content":{"rendered":"<p><span class=\"bekezdes\">Amennyiben \u00d6n a Csal\u00e1dorvosi Tansz\u00e9k akkredit\u00e1lt oktat\u00f3ja, de nem szerepelt a list\u00e1n, k\u00e9rem k\u00fcldje el a k\u00e9rt adatokat az al\u00e1bbi \u0171rlap seg\u00edts\u00e9g\u00e9vel. A kieg\u00e9sz\u00edt\u00e9st napokon bel\u00fcl elk\u00e9sz\u00edtj\u00fck. Email c\u00edm\u00e9t az esetleges kapcsolatfelv\u00e9tel c\u00e9lj\u00e1b\u00f3l mindenk\u00e9pp adja meg. K\u00e9rd\u00e9s eset\u00e9n k\u00fcldj\u00f6n <a href=\"mailto:voros.krisztian@semmelweis.hu\">emailt<\/a>.<\/span><br \/>\n\n<div class=\"wpcf7 no-js\" id=\"wpcf7-f4801-o1\" lang=\"hu-HU\" dir=\"ltr\" data-wpcf7-id=\"4801\">\n<div class=\"screen-reader-response\"><p role=\"status\" aria-live=\"polite\" aria-atomic=\"true\"><\/p> <ul><\/ul><\/div>\n<form action=\"\/csot\/wp-json\/wp\/v2\/pages\/95#wpcf7-f4801-o1\" method=\"post\" class=\"wpcf7-form init\" aria-label=\"Kapcsolatfelv\u00e9teli \u0171rlap\" novalidate=\"novalidate\" data-status=\"init\">\n<div style=\"display: none;\">\n<input type=\"hidden\" name=\"_wpcf7\" value=\"4801\" \/>\n<input type=\"hidden\" name=\"_wpcf7_version\" value=\"6.0.5\" \/>\n<input type=\"hidden\" name=\"_wpcf7_locale\" value=\"hu_HU\" \/>\n<input type=\"hidden\" name=\"_wpcf7_unit_tag\" value=\"wpcf7-f4801-o1\" \/>\n<input type=\"hidden\" name=\"_wpcf7_container_post\" value=\"0\" \/>\n<input type=\"hidden\" name=\"_wpcf7_posted_data_hash\" value=\"\" \/>\n<input type=\"hidden\" name=\"_wpcf7_recaptcha_response\" value=\"\" \/>\n<\/div>\n<p>Az oktat\u00f3 orvos neve\n<\/p>\n<p><span class=\"wpcf7-form-control-wrap\" data-name=\"your-name\"><input size=\"40\" maxlength=\"400\" class=\"wpcf7-form-control wpcf7-text wpcf7-validates-as-required\" aria-required=\"true\" aria-invalid=\"false\" value=\"\" type=\"text\" name=\"your-name\" \/><\/span>\n<\/p>\n<p>Email c\u00edm\n<\/p>\n<p><span class=\"wpcf7-form-control-wrap\" data-name=\"your-email\"><input size=\"40\" maxlength=\"400\" class=\"wpcf7-form-control wpcf7-email wpcf7-validates-as-required wpcf7-text wpcf7-validates-as-email\" aria-required=\"true\" aria-invalid=\"false\" value=\"\" type=\"email\" name=\"your-email\" \/><\/span>\n<\/p>\n<p>Ir\u00e1ny\u00edt\u00f3sz\u00e1m:\n<\/p>\n<p><span class=\"wpcf7-form-control-wrap\" data-name=\"iranyitoszam\"><input class=\"wpcf7-form-control wpcf7-number wpcf7-validates-as-number\" min=\"1000\" aria-invalid=\"false\" value=\"\" type=\"number\" name=\"iranyitoszam\" \/><\/span>\n<\/p>\n<p>V\u00e1ros\n<\/p>\n<p><span class=\"wpcf7-form-control-wrap\" data-name=\"varos\"><input size=\"40\" maxlength=\"400\" class=\"wpcf7-form-control wpcf7-text\" aria-invalid=\"false\" value=\"\" type=\"text\" name=\"varos\" \/><\/span>\n<\/p>\n<p>C\u00edm\n<\/p>\n<p><span class=\"wpcf7-form-control-wrap\" data-name=\"cim\"><input size=\"40\" maxlength=\"400\" class=\"wpcf7-form-control wpcf7-text\" aria-invalid=\"false\" value=\"\" type=\"text\" name=\"cim\" \/><\/span>\n<\/p>\n<p>Rendel\u0151 telefonsz\u00e1ma\n<\/p>\n<p><span class=\"wpcf7-form-control-wrap\" data-name=\"rendelotelo\"><input size=\"40\" maxlength=\"400\" class=\"wpcf7-form-control wpcf7-text\" aria-invalid=\"false\" value=\"\" type=\"text\" name=\"rendelotelo\" \/><\/span>\n<\/p>\n<p><input class=\"wpcf7-form-control wpcf7-submit has-spinner\" type=\"submit\" value=\"K\u00fcld\u00e9s\" \/>\n<\/p><div class=\"wpcf7-response-output\" aria-hidden=\"true\"><\/div>\n<\/form>\n<\/div>\n<\/p>\n","protected":false},"excerpt":{"rendered":"<p>Amennyiben \u00d6n a Csal\u00e1dorvosi Tansz\u00e9k akkredit\u00e1lt oktat\u00f3ja, de nem szerepelt a list\u00e1n, k\u00e9rem k\u00fcldje el a k\u00e9rt adatokat az al\u00e1bbi \u0171rlap seg\u00edts\u00e9g\u00e9vel. A kieg\u00e9sz\u00edt\u00e9st napokon bel\u00fcl elk\u00e9sz\u00edtj\u00fck. Email c\u00edm\u00e9t az esetleges kapcsolatfelv\u00e9tel c\u00e9lj\u00e1b\u00f3l mindenk\u00e9pp adja meg. K\u00e9rd\u00e9s eset\u00e9n k\u00fcldj\u00f6n <a href=\"mailto:voros.krisztian@semmelweis.hu\">emailt<\/a>.<\/p>\n","protected":false},"author":158,"featured_media":0,"parent":4798,"menu_order":0,"comment_status":"closed","ping_status":"closed","template":"","meta":{"_acf_changed":false,"footnotes":""},"categories":[],"tags":[],"class_list":["post-95","page","type-page","status-publish","hentry"],"acf":[],"publishpress_future_action":{"enabled":false,"date":"1970-01-01 01:00:00","action":"","terms":[],"taxonomy":"","browser_timezone_offset":0},"_links":{"self":[{"href":"https:\/\/semmelweis.hu\/csot\/wp-json\/wp\/v2\/pages\/95","targetHints":{"allow":["GET"]}}],"collection":[{"href":"https:\/\/semmelweis.hu\/csot\/wp-json\/wp\/v2\/pages"}],"about":[{"href":"https:\/\/semmelweis.hu\/csot\/wp-json\/wp\/v2\/types\/page"}],"author":[{"embeddable":true,"href":"https:\/\/semmelweis.hu\/csot\/wp-json\/wp\/v2\/users\/158"}],"replies":[{"embeddable":true,"href":"https:\/\/semmelweis.hu\/csot\/wp-json\/wp\/v2\/comments?post=95"}],"version-history":[{"count":2,"href":"https:\/\/semmelweis.hu\/csot\/wp-json\/wp\/v2\/pages\/95\/revisions"}],"predecessor-version":[{"id":7177,"href":"https:\/\/semmelweis.hu\/csot\/wp-json\/wp\/v2\/pages\/95\/revisions\/7177"}],"up":[{"embeddable":true,"href":"https:\/\/semmelweis.hu\/csot\/wp-json\/wp\/v2\/pages\/4798"}],"wp:attachment":[{"href":"https:\/\/semmelweis.hu\/csot\/wp-json\/wp\/v2\/media?parent=95"}],"wp:term":[{"taxonomy":"category","embeddable":true,"href":"https:\/\/semmelweis.hu\/csot\/wp-json\/wp\/v2\/categories?post=95"},{"taxonomy":"post_tag","embeddable":true,"href":"https:\/\/semmelweis.hu\/csot\/wp-json\/wp\/v2\/tags?post=95"}],"curies":[{"name":"wp","href":"https:\/\/api.w.org\/{rel}","templated":true}]}}