{"id":89,"date":"2014-09-16T07:44:17","date_gmt":"2014-09-16T05:44:17","guid":{"rendered":"http:\/\/csot.semmelweis.hu\/?page_id=89"},"modified":"2019-12-09T14:11:14","modified_gmt":"2019-12-09T13:11:14","slug":"akkreditalt-oktato-gyermekgyogyaszok","status":"publish","type":"page","link":"https:\/\/semmelweis.hu\/csot\/a-tanszekrol\/akkreditalt-oktatok\/akkreditalt-oktato-gyermekgyogyaszok\/","title":{"rendered":"Akkredit\u00e1lt oktat\u00f3 gyermekgy\u00f3gy\u00e1szok"},"content":{"rendered":"<p style=\"text-align: right\"><a href=\"https:\/\/semmelweis.hu\/csot\/?page_id=95\">\u00a0Nem szerepelek a list\u00e1n, b\u00e1r oktat\u00f3 vagyok&#8230;<\/a><\/p>\n\n<table id=\"tablepress-gyerakkr\" class=\"tablepress tablepress-id-gyerakkr\">\n<thead>\n<tr class=\"row-1\">\n\t<th class=\"column-1\">N\u00e9v<\/th><th class=\"column-2\">Rendel\u00f5 c\u00edm<\/th><th class=\"column-3\">Telefonsz\u00e1m<\/th>\n<\/tr>\n<\/thead>\n<tbody class=\"row-striping row-hover\">\n<tr class=\"row-2\">\n\t<td class=\"column-1\">Dr. Altorjai P\u00e9ter S\u00e1ndor<\/td><td class=\"column-2\">1212 Budapest G\u00f6rgey Art\u00far t\u00e9r 8.<\/td><td class=\"column-3\">427-5191<\/td>\n<\/tr>\n<tr class=\"row-3\">\n\t<td class=\"column-1\">Dr. Balasa \u00c9va<\/td><td class=\"column-2\">1026 Budapest Pasar\u00e9ti \u00fat 69.<\/td><td class=\"column-3\">200-6575<\/td>\n<\/tr>\n<tr class=\"row-4\">\n\t<td class=\"column-1\">Dr. Bence Zs\u00f3fia<\/td><td class=\"column-2\">2045 T\u00f6r\u00f6kb\u00e1lint J\u00f3zsef Attila u. 33.<\/td><td class=\"column-3\">23-510-110<\/td>\n<\/tr>\n<tr class=\"row-5\">\n\t<td class=\"column-1\">Dr. Bogd\u00e1nyi Katalin<\/td><td class=\"column-2\">1121 Budapest Normafa \u00fat 4.<\/td><td class=\"column-3\">275-4852<\/td>\n<\/tr>\n<tr class=\"row-6\">\n\t<td class=\"column-1\">Dr. Cesko Izabella<\/td><td class=\"column-2\">2094 Nagykov\u00e1csi Kolozsv\u00e1r u. 8.<\/td><td class=\"column-3\">26-355-340<\/td>\n<\/tr>\n<tr class=\"row-7\">\n\t<td class=\"column-1\">Dr. Cz\u00f3k Melinda<\/td><td class=\"column-2\">1022 Budapest R\u00e9t u. 3.<\/td><td class=\"column-3\">212-4268<\/td>\n<\/tr>\n<tr class=\"row-8\">\n\t<td class=\"column-1\">Dr. Csisz\u00e1r Katalin<\/td><td class=\"column-2\">1048 Budapest Hargita u. 1.<\/td><td class=\"column-3\">230-9652<\/td>\n<\/tr>\n<tr class=\"row-9\">\n\t<td class=\"column-1\">Dr. Cs\u00f3ka P\u00e1l<\/td><td class=\"column-2\">9400 Sopron Feny\u00f5 t\u00e9r 14.<\/td><td class=\"column-3\">99-311-938<\/td>\n<\/tr>\n<tr class=\"row-10\">\n\t<td class=\"column-1\">Dr. D\u00e1vid J\u00f3zsef<\/td><td class=\"column-2\">9300 Csorna Soproni u. 64.<\/td><td class=\"column-3\">96-590-597<\/td>\n<\/tr>\n<tr class=\"row-11\">\n\t<td class=\"column-1\">Dr. D\u00e1vid Zolt\u00e1n<\/td><td class=\"column-2\">2083 Solym\u00e1r R\u00e1k\u00f3czi u. 2.<\/td><td class=\"column-3\">26-360-239<\/td>\n<\/tr>\n<tr class=\"row-12\">\n\t<td class=\"column-1\">Dr. Debreczeni Judit<\/td><td class=\"column-2\">1102 Budapest Zsivaj u. 2.<\/td><td class=\"column-3\">262-2657<\/td>\n<\/tr>\n<tr class=\"row-13\">\n\t<td class=\"column-1\">Dr. Di\u00f3f\u00e1si Erika<\/td><td class=\"column-2\">1173 Budapest Eg\u00e9szs\u00e9gh\u00e1z u. 40.<\/td><td class=\"column-3\">256-3576<\/td>\n<\/tr>\n<tr class=\"row-14\">\n\t<td class=\"column-1\">Dr. Dom\u00e1n Csilla<\/td><td class=\"column-2\">2132 G\u00f6d Kisfaludy u. 7\/a<\/td><td class=\"column-3\">27-331-767<\/td>\n<\/tr>\n<tr class=\"row-15\">\n\t<td class=\"column-1\">Dr. F\u00e1bi\u00e1n D\u00f3ra Judit<\/td><td class=\"column-2\">2335 Taksony Szt. Anna t\u00e9r 1.<\/td><td class=\"column-3\">24-520-790<\/td>\n<\/tr>\n<tr class=\"row-16\">\n\t<td class=\"column-1\">Dr. F\u00fcl\u00f6p Edit<\/td><td class=\"column-2\">8151 Szabadbatty\u00e1n Iskola u. 3\/a.<\/td><td class=\"column-3\">22-363-197<\/td>\n<\/tr>\n<tr class=\"row-17\">\n\t<td class=\"column-1\">Dr. Gy\u00f6ngy\u00f6ssy Eszter<\/td><td class=\"column-2\">2030 \u00c9rd, Bajcsy-Zsilinszky \u00fat 47.<\/td><td class=\"column-3\">23-377-915<\/td>\n<\/tr>\n<tr class=\"row-18\">\n\t<td class=\"column-1\">Dr. Hajduhegyi \u00c1gnes<\/td><td class=\"column-2\">2723 Ny\u00e1regyh\u00e1za Ny\u00e1ry P\u00e1l \u00fat 39.<\/td><td class=\"column-3\">29-490-935<\/td>\n<\/tr>\n<tr class=\"row-19\">\n\t<td class=\"column-1\">Dr. Horv\u00e1th Anna<\/td><td class=\"column-2\">2170 Asz\u00f3d, Malom k\u00f6z 16.<\/td><td class=\"column-3\">28-500-025<\/td>\n<\/tr>\n<tr class=\"row-20\">\n\t<td class=\"column-1\">Dr. Jakab Erika<\/td><td class=\"column-2\">2094 Nagykov\u00e1csi Kossuth L. u. 64.<\/td><td class=\"column-3\">26-389-522<\/td>\n<\/tr>\n<tr class=\"row-21\">\n\t<td class=\"column-1\">Dr. Jan\u00f3czki Katalin<\/td><td class=\"column-2\">2461 T\u00e1rnok R\u00e1k\u00f3czi \u00fat 83.<\/td><td class=\"column-3\">23-389-028<\/td>\n<\/tr>\n<tr class=\"row-22\">\n\t<td class=\"column-1\">Dr. K\u00e1lovics Tam\u00e1s<\/td><td class=\"column-2\">1012 Budapest Mik\u00f3 u. 12.<\/td><td class=\"column-3\">375-7173<\/td>\n<\/tr>\n<tr class=\"row-23\">\n\t<td class=\"column-1\">Dr. Kenderesi Ildik\u00f3<\/td><td class=\"column-2\">1116 Budapest Ak\u00e1cillat u. 6.<\/td><td class=\"column-3\">310-1466<\/td>\n<\/tr>\n<tr class=\"row-24\">\n\t<td class=\"column-1\">Dr. Kiss Anna Ir\u00e9n<\/td><td class=\"column-2\">1032 Budapest V\u00f6r\u00f6sv\u00e1ri \u00fat 88.<\/td><td class=\"column-3\">250-9165<\/td>\n<\/tr>\n<tr class=\"row-25\">\n\t<td class=\"column-1\">Dr. Koll\u00e1r L\u00e1szl\u00f3<\/td><td class=\"column-2\">2014 Csob\u00e1nka, F\u00f5 \u00fat 23.<\/td><td class=\"column-3\">26-320-047<\/td>\n<\/tr>\n<tr class=\"row-26\">\n\t<td class=\"column-1\">Dr. Koszt\u00e1ndi-Moln\u00e1r \u00c9va<\/td><td class=\"column-2\">2422 Mez\u00f5falva Semmelweis u. 3.<\/td><td class=\"column-3\">25-506-889<\/td>\n<\/tr>\n<tr class=\"row-27\">\n\t<td class=\"column-1\">Dr. Korausz Etelka<\/td><td class=\"column-2\">2013 Pom\u00e1z Husz\u00e1r u. 9.<\/td><td class=\"column-3\">26-323-333<\/td>\n<\/tr>\n<tr class=\"row-28\">\n\t<td class=\"column-1\">Dr. Kov\u00e1cs Andrea<\/td><td class=\"column-2\">2310 Szigetszentmikl\u00f3s Hat\u00e1r \u00fat 5.<\/td><td class=\"column-3\">24-445-290<\/td>\n<\/tr>\n<tr class=\"row-29\">\n\t<td class=\"column-1\">Dr. Kov\u00e1cs \u00c1kos<\/td><td class=\"column-2\">2376 Hern\u00e1d, F\u00f5 u. 150\/A<\/td><td class=\"column-3\">29-374-425<\/td>\n<\/tr>\n<tr class=\"row-30\">\n\t<td class=\"column-1\">Dr. Kov\u00e1cs Zsuzsanna<\/td><td class=\"column-2\">1133 Budapest Ipoly u. 3.<\/td><td class=\"column-3\">3498-182<\/td>\n<\/tr>\n<tr class=\"row-31\">\n\t<td class=\"column-1\">Dr. K\u00f5v\u00e1ri G\u00e1bor R\u00f3bert<\/td><td class=\"column-2\">2315 Szigethalom, Szabadkai u. 71.<\/td><td class=\"column-3\">24-514-480<\/td>\n<\/tr>\n<tr class=\"row-32\">\n\t<td class=\"column-1\">Dr. Kufner Judit<\/td><td class=\"column-2\">1026 Budapest Pasar\u00e9ti \u00fat 67.<\/td><td class=\"column-3\">200-6575<\/td>\n<\/tr>\n<tr class=\"row-33\">\n\t<td class=\"column-1\">Dr.Laczk\u00f3 Magdolna<\/td><td class=\"column-2\">2225 \u00dcll\u00f5 Templom t\u00e9r 3-5.<\/td><td class=\"column-3\">29-320-082<\/td>\n<\/tr>\n<tr class=\"row-34\">\n\t<td class=\"column-1\">Dr. Lakatos Kl\u00e1ra<\/td><td class=\"column-2\">2840 Oroszl\u00e1ny N\u00e9pekbar\u00e1ts\u00e1ga u. 16.<\/td><td class=\"column-3\">34-360-881<\/td>\n<\/tr>\n<tr class=\"row-35\">\n\t<td class=\"column-1\">Dr. Legeza Margit<\/td><td class=\"column-2\">2721 Pilis Szent Istv\u00e1n park 1.<\/td><td class=\"column-3\">29-498-149<\/td>\n<\/tr>\n<tr class=\"row-36\">\n\t<td class=\"column-1\">Dr. Majorosi Gy\u00f6rgy<\/td><td class=\"column-2\">1139 Budapest N\u00f5v\u00e9r u. 19.<\/td><td class=\"column-3\">239-9803<\/td>\n<\/tr>\n<tr class=\"row-37\">\n\t<td class=\"column-1\">Dr. Mat\u00e1n Eszter<\/td><td class=\"column-2\">6500 Baja L\u00f5kert sor 1\/c.<\/td><td class=\"column-3\">79-420-080<\/td>\n<\/tr>\n<tr class=\"row-38\">\n\t<td class=\"column-1\">Dr. Mikesy P\u00e9ter<\/td><td class=\"column-2\">2510 Dorog R\u00e1k\u00f3czi u. 9.<\/td><td class=\"column-3\">33-443-554<\/td>\n<\/tr>\n<tr class=\"row-39\">\n\t<td class=\"column-1\">Dr. Morvai Istv\u00e1n<\/td><td class=\"column-2\">3360 Heves Alkotm\u00e1ny u. 59.<\/td><td class=\"column-3\">36-445-142<\/td>\n<\/tr>\n<tr class=\"row-40\">\n\t<td class=\"column-1\">N\u00e9methn\u00e9 Dr. Major Zsuzsanna<\/td><td class=\"column-2\">8400 Ajka Semmelweis u. 1. fsz. 14-15.<\/td><td class=\"column-3\">88-511-218<\/td>\n<\/tr>\n<tr class=\"row-41\">\n\t<td class=\"column-1\">Dr. Nagy Ilona<\/td><td class=\"column-2\">1158 Budapest \u00d5rj\u00e1rat u. 4\/b.<\/td><td class=\"column-3\">415-0181\/1 m.<\/td>\n<\/tr>\n<tr class=\"row-42\">\n\t<td class=\"column-1\">Dr. Orb\u00e1n Hajnalka<\/td><td class=\"column-2\">9400 Sopron H\u00edd u. 21.<\/td><td class=\"column-3\">99-510-434<\/td>\n<\/tr>\n<tr class=\"row-43\">\n\t<td class=\"column-1\">Dr. Rov\u00e1cs Melinda<\/td><td class=\"column-2\">2536 Nyerges\u00fajfalu Kossuth L. u. 146.<\/td><td class=\"column-3\">33-514-042<\/td>\n<\/tr>\n<tr class=\"row-44\">\n\t<td class=\"column-1\">Dr. Schmidt P\u00e9ter<\/td><td class=\"column-2\">9025 Gy\u00f5r Radn\u00f3ti u. 41.<\/td><td class=\"column-3\">96-528-556<\/td>\n<\/tr>\n<tr class=\"row-45\">\n\t<td class=\"column-1\">Dr. Seb\u00f5 Zsuzsanna<\/td><td class=\"column-2\">2013 Pom\u00e1z Jankovich u. 2.<\/td><td class=\"column-3\">26-325-060<\/td>\n<\/tr>\n<tr class=\"row-46\">\n\t<td class=\"column-1\">Dr. Solt\u00e9sz Andrea<\/td><td class=\"column-2\">2600 V\u00e1c Zr\u00ednyi u. 9.<\/td><td class=\"column-3\">27-316-871<\/td>\n<\/tr>\n<tr class=\"row-47\">\n\t<td class=\"column-1\">Dr. Soml\u00f3 P\u00e1l<\/td><td class=\"column-2\">2363 Fels\u00f5pakony Dob\u00f3 K. u. 2.<\/td><td class=\"column-3\">29-317-205<\/td>\n<\/tr>\n<tr class=\"row-48\">\n\t<td class=\"column-1\">Dr. Szab\u00f3 Etelka<\/td><td class=\"column-2\">8200 Veszpr\u00e9m \u00d6rd\u00f6g\u00e1rok u. 5.<\/td><td class=\"column-3\">88-4435-44<\/td>\n<\/tr>\n<tr class=\"row-49\">\n\t<td class=\"column-1\">Dr. Sz\u00e1nth\u00f3 Andr\u00e1s<\/td><td class=\"column-2\">1193 Budapest, Csokonai u. 1-3.<\/td><td class=\"column-3\">347-5991<\/td>\n<\/tr>\n<tr class=\"row-50\">\n\t<td class=\"column-1\">Dr. Szarka Zsuzsanna<\/td><td class=\"column-2\">1012 Budapest, Mik\u00f3 utca 12.<\/td><td class=\"column-3\">770-1078<br \/>\n70-489-4086<\/td>\n<\/tr>\n<tr class=\"row-51\">\n\t<td class=\"column-1\">Dr. Tausz Istv\u00e1n<\/td><td class=\"column-2\">1046 Budapest Galopp u. 6.<\/td><td class=\"column-3\">3806-722<\/td>\n<\/tr>\n<tr class=\"row-52\">\n\t<td class=\"column-1\">Dr. T\u00f3th K\u00e1lm\u00e1n<\/td><td class=\"column-2\">1032 Budapest V\u00f6r\u00f6sv\u00e1ri \u00fat 88.<\/td><td class=\"column-3\">367-3495<\/td>\n<\/tr>\n<tr class=\"row-53\">\n\t<td class=\"column-1\">Dr. T\u00f6m\u00f6sv\u00e1ri \u00c1gnes<\/td><td class=\"column-2\">1043 Budapest Pozsonyi u. 23.<\/td><td class=\"column-3\">230-3159<\/td>\n<\/tr>\n<tr class=\"row-54\">\n\t<td class=\"column-1\">Dr. Vajda Marianna<\/td><td class=\"column-2\">8000 Sz\u00e9kesfeh\u00e9rv\u00e1r, Sarl\u00f3 u. 25\/A<\/td><td class=\"column-3\">22-503-751<\/td>\n<\/tr>\n<tr class=\"row-55\">\n\t<td class=\"column-1\">Dr. Zonda Igor<\/td><td class=\"column-2\">1033 Budapest V\u00f6r\u00f6skereszt u. 9-11.<\/td><td class=\"column-3\">3882-125<\/td>\n<\/tr>\n<\/tbody>\n<\/table>\n<!-- #tablepress-gyerakkr from cache -->\n","protected":false},"excerpt":{"rendered":"<p><a href=\"https:\/\/semmelweis.hu\/csot\/?page_id=95\">\u00a0Nem szerepelek a list\u00e1n, b\u00e1r oktat\u00f3 vagyok&#8230;<\/a><\/p>\n","protected":false},"author":158,"featured_media":0,"parent":4935,"menu_order":1,"comment_status":"closed","ping_status":"closed","template":"","meta":{"_acf_changed":false,"footnotes":""},"categories":[],"tags":[],"class_list":["post-89","page","type-page","status-publish","hentry"],"acf":[],"publishpress_future_action":{"enabled":false,"date":"1970-01-01 01:00:00","action":"","terms":[],"taxonomy":"","browser_timezone_offset":0},"_links":{"self":[{"href":"https:\/\/semmelweis.hu\/csot\/wp-json\/wp\/v2\/pages\/89","targetHints":{"allow":["GET"]}}],"collection":[{"href":"https:\/\/semmelweis.hu\/csot\/wp-json\/wp\/v2\/pages"}],"about":[{"href":"https:\/\/semmelweis.hu\/csot\/wp-json\/wp\/v2\/types\/page"}],"author":[{"embeddable":true,"href":"https:\/\/semmelweis.hu\/csot\/wp-json\/wp\/v2\/users\/158"}],"replies":[{"embeddable":true,"href":"https:\/\/semmelweis.hu\/csot\/wp-json\/wp\/v2\/comments?post=89"}],"version-history":[{"count":2,"href":"https:\/\/semmelweis.hu\/csot\/wp-json\/wp\/v2\/pages\/89\/revisions"}],"predecessor-version":[{"id":4937,"href":"https:\/\/semmelweis.hu\/csot\/wp-json\/wp\/v2\/pages\/89\/revisions\/4937"}],"up":[{"embeddable":true,"href":"https:\/\/semmelweis.hu\/csot\/wp-json\/wp\/v2\/pages\/4935"}],"wp:attachment":[{"href":"https:\/\/semmelweis.hu\/csot\/wp-json\/wp\/v2\/media?parent=89"}],"wp:term":[{"taxonomy":"category","embeddable":true,"href":"https:\/\/semmelweis.hu\/csot\/wp-json\/wp\/v2\/categories?post=89"},{"taxonomy":"post_tag","embeddable":true,"href":"https:\/\/semmelweis.hu\/csot\/wp-json\/wp\/v2\/tags?post=89"}],"curies":[{"name":"wp","href":"https:\/\/api.w.org\/{rel}","templated":true}]}}