{"id":85,"date":"2014-09-16T09:48:27","date_gmt":"2014-09-16T07:48:27","guid":{"rendered":"http:\/\/csot.semmelweis.hu\/?page_id=85"},"modified":"2026-01-20T11:31:35","modified_gmt":"2026-01-20T10:31:35","slug":"csaladorvosi-gyakorlat","status":"publish","type":"page","link":"https:\/\/semmelweis.hu\/csot\/gradualis-targyak\/csaladorvosi-gyakorlat\/","title":{"rendered":"Csal\u00e1dorvosi gyakorlat, 1 hetes (hatod\u00e9v)"},"content":{"rendered":"<p>Az egyetemi kurrikulum szerint a VI. \u00e9ves tanulm\u00e1nyaik sor\u00e1n a hallgat\u00f3knak egyhetes csal\u00e1dorvostani gyakorlatot kell teljes\u00edteni\u00fck. Oktat\u00e1suk het\u00e9ben egy oktat\u00f3 csal\u00e1dorvos mellett, oktat\u00f3 csal\u00e1dorvosi praxisban egy hallgat\u00f3 k\u00e9pz\u00e9se folyik. A tanrendi turnus beoszt\u00e1s \u00e9s a D\u00e9k\u00e1ni Hivatal c\u00edmlist\u00e1ja alapj\u00e1n elk\u00e9sz\u00fclt az \u00d6n\u00f6k gyakorlati beoszt\u00e1sa.<\/p>\n<p>A gyakorlat hete a belgy\u00f3gy\u00e1szati szakgyakorlat idej\u00e9ben, de k\u00fcl\u00f6n kijel\u00f6lt id\u0151szakban t\u00f6ltend\u0151 le. K\u00e9rj\u00fck, hogy a gyakorlat megkezd\u00e9se el\u0151tt 3 h\u00e9ttel vegye fel a kapcsolatot kijel\u00f6lt oktat\u00f3j\u00e1val (rendel\u0151 c\u00edme, telefonsz\u00e1ma megtal\u00e1lhat\u00f3), pontos\u00edts\u00e1k a gyakorlat megkezd\u00e9s\u00e9t.<\/p>\n<p>Probl\u00e9m\u00e1s lehet az augusztusi gyakorlatok lebonyol\u00edt\u00e1sa a ny\u00e1ri szabads\u00e1gol\u00e1sok miatt, ez\u00e9rt hangs\u00falyozottan k\u00e9rj\u00fck az el\u0151zetes egyeztet\u00e9st az oktat\u00f3val.<\/p>\n<p><strong>Az egyhetes gyakorlatr\u00f3l hi\u00e1nyz\u00e1s nem megengedett!<\/strong><\/p>\n<div class=\"keretes w-100\">\n<h4>FONTOS, HOGY A GYAKORLATOT CSAK AKKREDIT\u00c1LT OKTAT\u00d3 PRAXISBAN, OKTAT\u00d3 CSAL\u00c1DORVOS MELLETT LEHET LET\u00d6LTENI. A M\u00c1S HELYEN ELV\u00c9GZETT GYAKORLATOT NEM FOGADJUK EL.<\/h4>\n<\/div>\n<p>K\u00e9rj\u00fck, hogy a Tansz\u00e9k honlapj\u00e1r\u00f3l a gyakorlati napl\u00f3t t\u00f6lts\u00e9k le \u00e9s nyomtass\u00e1k ki, a gyakorlat ideje alatt t\u00f6lts\u00e9k ki. A gyakorlat \u00e9rt\u00e9kel\u00e9s\u00e9vel egy\u00fctt, PDF form\u00e1tumban (1 f\u00e1jlban), e-mailben k\u00fcldj\u00e9k meg a Csal\u00e1dorvosi Tansz\u00e9kre, a megadott e-mail c\u00edmre. Nyomtatott form\u00e1ban nem fogadjuk el a napl\u00f3t! Az oktat\u00f3 csal\u00e1dorvosnak csak a napl\u00f3ban kell az \u00e9rt\u00e9kel\u00e9st al\u00e1\u00edrnia.<\/p>\n<p>Felh\u00edvjuk a figyelm\u00fcket, hogy az &#8220;Eur\u00f3pai Parlament \u00e9s a Tan\u00e1cs 2016. \u00e1prilis 27-i (EU) 2016\/679 rendelete a term\u00e9szetes szem\u00e9lyeknek a szem\u00e9lyes adatok kezel\u00e9se tekintet\u00e9ben t\u00f6rt\u00e9n\u0151 v\u00e9delm\u00e9r\u0151l \u00e9s az ilyen adatok szabad \u00e1raml\u00e1s\u00e1r\u00f3l&#8221; \u00e9rtelm\u00e9ben nem jelenthetnek meg szem\u00e9lyes adatok, vagyis a meghat\u00e1rozott term\u00e9szetes szem\u00e9llyel kapcsolatba hozhat\u00f3 adat, az adatb\u00f3l levonhat\u00f3, az \u00e9rintettre vonatkoz\u00f3 k\u00f6vetkeztet\u00e9s. Ez\u00e9rt sem a beteg, sem az \u0151t ell\u00e1t\u00f3 int\u00e9zm\u00e9ny, valamint ell\u00e1t\u00f3 szem\u00e9ly konkr\u00e9t megnevez\u00e9se nem jelenhet meg az esetek le\u00edr\u00e1s\u00e1ban.<\/p>\n<p>Amennyiben k\u00e9s\u0151bb iratkozott be az \u00e9vfolyamra, \u00fagy beoszt\u00e1sunkban neve nem szerepel. Ilyen esetekben szem\u00e9lyes megbesz\u00e9l\u00e9s alapj\u00e1n v\u00e1lasztand\u00f3 ki a gyakorlat ideje \u00e9s helysz\u00edne. K\u00e9rj\u00fck, hogy legal\u00e1bb h\u00e1rom h\u00e9ttel a gyakorlat tervezett megkezd\u00e9se el\u0151tt jelezze ig\u00e9ny\u00e9t. (Kapcsolat: Semmelweis Egyetem Csal\u00e1dorvosi Tansz\u00e9k 06-1-355-8530, Fekete Ilona)<\/p>\n<p>Dr. Torzsa P\u00e9ter<br \/>\negyetemi tan\u00e1r tansz\u00e9kvezet\u0151<\/p>\n<p><strong>Let\u00f6lt\u00e9sek<\/strong><\/p>\n<ul>\n<li><a href=\"https:\/\/semmelweis.hu\/csot\/files\/2026\/01\/Csaladorvostan-gyakorlati-naplo.pdf\">Csal\u00e1dorvostan gyakorlati napl\u00f3<\/a><\/li>\n<li><a href=\"https:\/\/semmelweis.hu\/csot\/files\/2026\/01\/Kov-rendszer_2025-2026_Csaladorvostan-gyakorlat-belgyogyaszat.pdf\">K\u00f6vetelm\u00e9nyrendszer 2025-2026 &#8211; Csal\u00e1dorvostan gyakorlat (belgy\u00f3gy\u00e1szat)<\/a><\/li>\n<\/ul>\n","protected":false},"excerpt":{"rendered":"<p>Az egyetemi kurrikulum szerint a VI. \u00e9ves tanulm\u00e1nyaik sor\u00e1n a hallgat\u00f3knak egyhetes csal\u00e1dorvostani gyakorlatot kell teljes\u00edteni\u00fck. Oktat\u00e1suk het\u00e9ben egy oktat\u00f3 csal\u00e1dorvos mellett, oktat\u00f3 csal\u00e1dorvosi praxisban egy hallgat\u00f3 k\u00e9pz\u00e9se folyik. A tanrendi turnus beoszt\u00e1s \u00e9s a D\u00e9k\u00e1ni Hivatal c\u00edmlist\u00e1ja alapj\u00e1n elk\u00e9sz\u00fclt az \u00d6n\u00f6k gyakorlati beoszt\u00e1sa. A gyakorlat hete a belgy\u00f3gy\u00e1szati szakgyakorlat idej\u00e9ben, de k\u00fcl\u00f6n kijel\u00f6lt id\u0151szakban &hellip;<\/p>\n","protected":false},"author":158,"featured_media":0,"parent":4929,"menu_order":3,"comment_status":"closed","ping_status":"closed","template":"","meta":{"_acf_changed":false,"footnotes":""},"categories":[],"tags":[],"class_list":["post-85","page","type-page","status-publish","hentry"],"acf":[],"publishpress_future_action":{"enabled":false,"date":"1970-01-01 01:00:00","action":"","terms":[],"taxonomy":"","browser_timezone_offset":0},"_links":{"self":[{"href":"https:\/\/semmelweis.hu\/csot\/wp-json\/wp\/v2\/pages\/85","targetHints":{"allow":["GET"]}}],"collection":[{"href":"https:\/\/semmelweis.hu\/csot\/wp-json\/wp\/v2\/pages"}],"about":[{"href":"https:\/\/semmelweis.hu\/csot\/wp-json\/wp\/v2\/types\/page"}],"author":[{"embeddable":true,"href":"https:\/\/semmelweis.hu\/csot\/wp-json\/wp\/v2\/users\/158"}],"replies":[{"embeddable":true,"href":"https:\/\/semmelweis.hu\/csot\/wp-json\/wp\/v2\/comments?post=85"}],"version-history":[{"count":10,"href":"https:\/\/semmelweis.hu\/csot\/wp-json\/wp\/v2\/pages\/85\/revisions"}],"predecessor-version":[{"id":8146,"href":"https:\/\/semmelweis.hu\/csot\/wp-json\/wp\/v2\/pages\/85\/revisions\/8146"}],"up":[{"embeddable":true,"href":"https:\/\/semmelweis.hu\/csot\/wp-json\/wp\/v2\/pages\/4929"}],"wp:attachment":[{"href":"https:\/\/semmelweis.hu\/csot\/wp-json\/wp\/v2\/media?parent=85"}],"wp:term":[{"taxonomy":"category","embeddable":true,"href":"https:\/\/semmelweis.hu\/csot\/wp-json\/wp\/v2\/categories?post=85"},{"taxonomy":"post_tag","embeddable":true,"href":"https:\/\/semmelweis.hu\/csot\/wp-json\/wp\/v2\/tags?post=85"}],"curies":[{"name":"wp","href":"https:\/\/api.w.org\/{rel}","templated":true}]}}