{"id":8111,"date":"2026-01-07T15:44:03","date_gmt":"2026-01-07T14:44:03","guid":{"rendered":"https:\/\/semmelweis.hu\/csot\/?page_id=8111"},"modified":"2026-01-07T15:44:03","modified_gmt":"2026-01-07T14:44:03","slug":"a-szakiranyu-tovabbkepzesi-szak-tanterve","status":"publish","type":"page","link":"https:\/\/semmelweis.hu\/csot\/oktatas\/integrativ-medicina\/kepzesek\/a-szakiranyu-tovabbkepzesi-szak-tanterve\/","title":{"rendered":"A szakir\u00e1ny\u00fa tov\u00e1bbk\u00e9pz\u00e9si szak tanterve"},"content":{"rendered":"<p><strong>Hagyom\u00e1nyos K\u00ednai Orvos Szakir\u00e1ny\u00fa Tov\u00e1bbk\u00e9pz\u00e9s<\/strong> <strong>Tematik\u00e1ja<\/strong><\/p>\n<ol>\n<li><strong><u> szemeszter: 2026. febru\u00e1r 15.-j\u00falius 31.:<\/u><\/strong><\/li>\n<\/ol>\n<ul>\n<li>A Hagyom\u00e1nyos K\u00ednai Orvosl\u00e1s elm\u00e9leti alapjai:\n<ol>\n<li>A Yin-Yang \u00e9s az \u00d6t F\u00e1zis elm\u00e9lete<\/li>\n<li>Az alapvet\u0151 test\u00f6sszetev\u0151k (Qi, V\u00e9r, Testfolyad\u00e9kok, Esszencia \u00e9s a L\u00e9lek)<\/li>\n<li>A Meridi\u00e1n rendszer alapjai<\/li>\n<\/ol>\n<\/li>\n<li>A Zang-Fu szervek \u00e9lettana \u00e9s k\u00f3rtana<\/li>\n<li>A betegs\u00e9gek okai<\/li>\n<li>A meridi\u00e1nok lefut\u00e1sa \u00e9s pontjaik\n<ol>\n<li>a pontok lokaliz\u00e1ci\u00f3ja<\/li>\n<li>a pontok indik\u00e1ci\u00f3i<\/li>\n<li>a pontok t\u00e1janat\u00f3miai vonatkoz\u00e1sai<\/li>\n<li>pontlokaliz\u00e1ci\u00f3 \u00e9l\u0151 emberen<\/li>\n<\/ol>\n<\/li>\n<\/ul>\n<p>A k\u00e9pz\u00e9s vegyes t\u00edpus\u00fa. Az <u>elm\u00e9leti r\u00e9sz online<\/u> ker\u00fcl megtart\u00e1sra, melyet <u>egy h\u00e9t intenz\u00edv jelenl\u00e9ti<\/u> k\u00e9pz\u00e9s k\u00f6vet.<br \/>\nAz elm\u00e9leti r\u00e9szek <u>tesztvizsg\u00e1va<\/u>l, a pontlokaliz\u00e1ci\u00f3 <u>gyakorlati vizsg\u00e1val<\/u> v\u00e9gz\u0151dik.<\/p>\n<ol start=\"2\">\n<li><strong><u> szemeszter: 2026. szeptember 14.-2027. janu\u00e1r 31.<\/u><\/strong><\/li>\n<\/ol>\n<ul>\n<li>A Hagyom\u00e1nyos K\u00ednai Orvosl\u00e1s diagnosztik\u00e1ja\n<ol>\n<li>A Nyolc Alapelv<\/li>\n<li>Megtekint\u00e9s \u2013 nyelv diagnosztika<\/li>\n<li>Hallgat\u00f3z\u00e1s, tapint\u00e1s \u2013 pulzus diagnosztika<\/li>\n<li>Kik\u00e9rdez\u00e9s \u2013 a diagnosztika k\u00e9rd\u00e9sei<\/li>\n<\/ol>\n<\/li>\n<li>A Hagyom\u00e1nyos K\u00ednai Orvosl\u00e1s ter\u00e1pi\u00e1s technik\u00e1i\n<ol>\n<li>T\u0171sz\u00far\u00e1sos technik\u00e1k<\/li>\n<li>Moxa- \u00e9s k\u00f6p\u00f6ly technik\u00e1k<\/li>\n<li>Mozg\u00e1ster\u00e1pi\u00e1k<\/li>\n<li>\u00c9trendi kezel\u00e9s<\/li>\n<li>Fitoter\u00e1pia<\/li>\n<li>Az egyes technik\u00e1k indik\u00e1ci\u00f3i, kontraindik\u00e1ci\u00f3i, lehets\u00e9ges mell\u00e9khat\u00e1sai \u00e9s kezel\u00e9s\u00fck.<\/li>\n<li><strong><u> szemeszter: 2027. janu\u00e1r 4.-2027. m\u00e1jus 30.<\/u><\/strong><\/li>\n<\/ol>\n<\/li>\n<li>L\u00e9gz\u0151szervi \u00e9s mozg\u00e1sszervi betegs\u00e9gek differenci\u00e1l-diagnosztik\u00e1ja \u00e9s ter\u00e1pi\u00e1ja<\/li>\n<li>Em\u00e9szt\u0151szervi \u00e9s kering\u00e9si betegs\u00e9gek differenci\u00e1l-diagnosztik\u00e1ja \u00e9s ter\u00e1pi\u00e1ja<\/li>\n<li>N\u0151gy\u00f3gy\u00e1szati \u00e9s h\u00fagy-ivarszervi betegs\u00e9gek differenci\u00e1l-diagnosztik\u00e1ja \u00e9s ter\u00e1pi\u00e1ja<\/li>\n<li>Neuropszichi\u00e1triai \u00e9s \u00e9rz\u00e9kszervi betegs\u00e9gek differenci\u00e1l-diagnosztik\u00e1ja \u00e9s ter\u00e1pi\u00e1ja<\/li>\n<\/ul>\n<p>A modul\u00e1ris online k\u00e9pz\u00e9st havonta egy h\u00e9tv\u00e9ge intenz\u00edv jelenl\u00e9ti k\u00e9pz\u00e9s eg\u00e9sz\u00edti ki.<\/p>\n","protected":false},"excerpt":{"rendered":"<p>Hagyom\u00e1nyos K\u00ednai Orvos Szakir\u00e1ny\u00fa Tov\u00e1bbk\u00e9pz\u00e9s Tematik\u00e1ja szemeszter: 2026. febru\u00e1r 15.-j\u00falius 31.: A Hagyom\u00e1nyos K\u00ednai Orvosl\u00e1s elm\u00e9leti alapjai: A Yin-Yang \u00e9s az \u00d6t F\u00e1zis elm\u00e9lete Az alapvet\u0151 test\u00f6sszetev\u0151k (Qi, V\u00e9r, Testfolyad\u00e9kok, Esszencia \u00e9s a L\u00e9lek) A Meridi\u00e1n rendszer alapjai A Zang-Fu szervek \u00e9lettana \u00e9s k\u00f3rtana A betegs\u00e9gek okai A meridi\u00e1nok lefut\u00e1sa \u00e9s pontjaik a pontok lokaliz\u00e1ci\u00f3ja &hellip;<\/p>\n","protected":false},"author":101661,"featured_media":0,"parent":6339,"menu_order":0,"comment_status":"closed","ping_status":"closed","template":"","meta":{"_acf_changed":false,"footnotes":""},"categories":[],"tags":[],"class_list":["post-8111","page","type-page","status-publish","hentry"],"acf":[],"publishpress_future_action":{"enabled":false,"date":"1970-01-01 01:00:00","action":"","terms":[],"taxonomy":"","browser_timezone_offset":0},"_links":{"self":[{"href":"https:\/\/semmelweis.hu\/csot\/wp-json\/wp\/v2\/pages\/8111","targetHints":{"allow":["GET"]}}],"collection":[{"href":"https:\/\/semmelweis.hu\/csot\/wp-json\/wp\/v2\/pages"}],"about":[{"href":"https:\/\/semmelweis.hu\/csot\/wp-json\/wp\/v2\/types\/page"}],"author":[{"embeddable":true,"href":"https:\/\/semmelweis.hu\/csot\/wp-json\/wp\/v2\/users\/101661"}],"replies":[{"embeddable":true,"href":"https:\/\/semmelweis.hu\/csot\/wp-json\/wp\/v2\/comments?post=8111"}],"version-history":[{"count":1,"href":"https:\/\/semmelweis.hu\/csot\/wp-json\/wp\/v2\/pages\/8111\/revisions"}],"predecessor-version":[{"id":8112,"href":"https:\/\/semmelweis.hu\/csot\/wp-json\/wp\/v2\/pages\/8111\/revisions\/8112"}],"up":[{"embeddable":true,"href":"https:\/\/semmelweis.hu\/csot\/wp-json\/wp\/v2\/pages\/6339"}],"wp:attachment":[{"href":"https:\/\/semmelweis.hu\/csot\/wp-json\/wp\/v2\/media?parent=8111"}],"wp:term":[{"taxonomy":"category","embeddable":true,"href":"https:\/\/semmelweis.hu\/csot\/wp-json\/wp\/v2\/categories?post=8111"},{"taxonomy":"post_tag","embeddable":true,"href":"https:\/\/semmelweis.hu\/csot\/wp-json\/wp\/v2\/tags?post=8111"}],"curies":[{"name":"wp","href":"https:\/\/api.w.org\/{rel}","templated":true}]}}