{"id":798,"date":"2016-01-28T08:52:50","date_gmt":"2016-01-28T06:52:50","guid":{"rendered":"http:\/\/csot.semmelweis.hu\/?page_id=798"},"modified":"2025-06-27T13:13:59","modified_gmt":"2025-06-27T11:13:59","slug":"szakvizsga-elokeszito-eloadasok","status":"publish","type":"page","link":"https:\/\/semmelweis.hu\/csot\/rezidenskepzes\/szakkepzes\/szakvizsga-elokeszito-eloadasok\/","title":{"rendered":"Szakvizsga el\u0151k\u00e9sz\u00edt\u0151 tanfolyam"},"content":{"rendered":"<p>A szakvizsga el\u0151k\u00e9sz\u00edt\u0151 tanfolyam\u00a0 programja megtekinthet\u0151, el\u0151ad\u00e1sai al\u00e1bb let\u00f6lthet\u0151k.<br \/>\n<strong>El\u0151ad\u00e1sok<\/strong><\/p>\n\r\n\t\r\n<div class=\"container-fluid wpdoc_container\" \r\n     data-dir_restrictions=\"\" \r\n     data-del_from_front=\"\" \r\n     data-dir=\"7849\" \r\n     data-home=\"7849\">\r\n     \r\n    <input type=\"hidden\" id=\"wpdocs_front_list_nonce_field\" name=\"wpdocs_front_list_nonce_field\" value=\"7861cab143\" \/><input type=\"hidden\" name=\"_wp_http_referer\" value=\"\/csot\/wp-json\/wp\/v2\/pages\/798\" \/>    \r\n    <input type=\"hidden\" class=\"wpd_home_id\" value=\"7849\" \/>\r\n    <input type=\"hidden\" class=\"wpd_del_file_id\" value=\"\" \/>\r\n\r\n\t\r\n\t\t\t\t<div class=\"card mt-3\">\r\n\t\t\t\t\t<!-- breadcrumb Area -->\r\n\t\t\t\t\t<nav aria-label=\"breadcrumb\" class=\"wpdocs-nav position-relative\">\r\n\t\t\t\t\t\t<ol class=\"breadcrumb bg-light\" style=\"border-bottom:1px solid #dee2e6;border-radius: 0; min-height: 40px;\">\r\n\r\n                            \t\r\n\t\t\t\t\t\t<\/ol>\r\n\r\n                        \r\n\t\t\t\t\t\t\t\t\t\t\t<\/nav>\r\n\t\t\t\r\n\t\t\t\t\t\r\n\t\t\t     \r\n                                        <div class=\"wpdocs-searchbox\">\r\n                    \t<input type=\"text\" placeholder=\"A sz\u0171r\u00e9shez kezdjen el ide \u00edrni...\" \/>\r\n                    <\/div>\r\n                    \t\r\n\t\t\t\t\t<div class=\"card-body \">\r\n\t\r\n\t\t\t\t\t\t<!-- Large Icon View Area -->\r\n\t\t\t\t\t\t<div class=\"row folder_view large_icon_view d-none\">\r\n\t\t\t\t\t\t\t\t\r\n\t\r\n\t\t\t\t\t\t<\/div>\r\n\t\r\n\t\t\t\t\t\t<!-- List View Area -->\r\n\t\t\t\t\t\t<div class=\"row folder_view list_view \">\r\n\t\t\t\t\t\t\t\t\r\n\t\r\n\t\t\t\t\t\t<\/div>\r\n\t                            \r\n\t\t\t\t\t\t<!-- Detail View Area -->\r\n\t\t\t\t\t\t<div class=\"row folder_view detail_view mt-0 d-none\">\r\n\t\t\t\t\t\t\t<div class=\"table-responsive\" style=\"zoom:70%\">\r\n\t\t\t\t\t\t\t\t<table class=\"table\">\r\n\t\t\t\t\t\t\t\t\t<thead class=\"thead\">\r\n\t\t\t\t\t\t\t\t\t\t<tr>\r\n    <th>Name <\/th>\r\n\r\n\r\n\r\n\r\n\r\n<\/tr>\r\n\t\t\t\t\t\t\t\t\t<\/thead>\r\n\t\t\t\t\t\t\t\t\t\r\n\t\t\t\t\t\t\t\t\t\t\t\t\t<tr title=\"\" data-url=\"\" class=\"file_view file_link is_file\" style=\"cursor: pointer;\" data-id=\"802\">\r\n\r\n\t\t\t\t\t\t\t\t\t\t\t\t\t\t<td>\r\n\r\n\t\t\t\t\t\t\t\t\t\t\t\t\t\t\t<figure class=\"figure file_view\">\r\n\t\t\t\t\t\t\t\t\t\t\t\t\t\t\t\t<span class=\"file\"><img decoding=\"async\" class=\"mb-2\" src=\"https:\/\/semmelweis.hu\/csot\/wp-content\/plugins\/wp-docs\/img\/filetype-icons\/unknown.png\" style=\"width: 25px; height: 25px\"><\/span>\r\n\t\t\t\t\t\t\t\t\t\t\t\t\t\t\t\t<small class=\"text-center\"><\/small>\r\n\t\t\t\t\t\t\t\t\t\t\t\t\t\t\t<\/figure>\r\n\t\t\t\t\t\t\t\t\t\t\t\t\t\t<\/td>\r\n\t\t\t\t\t\t\t\t\t\t\t\t\t<\/tr>\t\t\t\t\t\t\t\t<\/table>\r\n\t\t\t\t\t\t\t<\/div>\r\n\t\t\t\t\t\t<\/div>\r\n\t\r\n\t\t\t\t\t<\/div>\r\n\t\t\t\t\t<div class=\"card-footer text-right wpdocs-views position-relative\">\r\n\t\r\n\t\r\n\t\r\n\t\t\t\t\t\t<a data-source=\"large_icon_view\" data-toggle=\"tooltip\" data-placement=\"bottom\" title=\"B\u00e9lyegk\u00e9p n\u00e9zet\" class=\"folder_view_btn fa fa-image fa-lg text-danger mr-2\"><\/a>\r\n\t\t\t\t\t\t<a data-source=\"list_view\" data-toggle=\"tooltip\" data-placement=\"bottom\" title=\"Lista n\u00e9zet\" class=\"folder_view_btn fa fa-bars fa-lg text-danger mr-2\"><\/a>\r\n\t\t\t\t\t\t<a data-source=\"detail_view\" data-toggle=\"tooltip\" data-placement=\"bottom\" title=\"R\u00e9szletes n\u00e9zet\" class=\"folder_view_btn fa fa-list fa-lg text-danger mr-2\"><\/a>\r\n\t\t\t\t\t<\/div>\r\n\t\t\t\t<\/div>\r\n\t\t\t\t\t<div class=\"wpdocs_loader wpd_modal d-none\">\r\n\t\t\t\t\t<div class=\"modal_content\">\r\n\t\t\t\t\t\t<img decoding=\"async\" src=\"https:\/\/semmelweis.hu\/csot\/wp-content\/plugins\/wp-docs\/img\/loader.gif\" width=\"50px\" height=\"50px\">\r\n\t\t\t\t\t<\/div>\r\n\t\t\t\t<\/div>\r\n\t            \r\n\t\r\n\t\t\t<\/div>\r\n\t\r\n\t\r\n\t\r\n\t\t\n","protected":false},"excerpt":{"rendered":"<p>A szakvizsga el\u0151k\u00e9sz\u00edt\u0151 tanfolyam\u00a0 programja megtekinthet\u0151, el\u0151ad\u00e1sai al\u00e1bb let\u00f6lthet\u0151k.<br \/>\nEl\u0151ad\u00e1sok<br \/>\n\u00a0<\/p>\n","protected":false},"author":158,"featured_media":0,"parent":129,"menu_order":0,"comment_status":"closed","ping_status":"closed","template":"","meta":{"_acf_changed":false,"footnotes":""},"categories":[],"tags":[],"class_list":["post-798","page","type-page","status-publish","hentry"],"acf":[],"publishpress_future_action":{"enabled":false,"date":"1970-01-01 01:00:00","action":"","terms":[],"taxonomy":"","browser_timezone_offset":0},"_links":{"self":[{"href":"https:\/\/semmelweis.hu\/csot\/wp-json\/wp\/v2\/pages\/798","targetHints":{"allow":["GET"]}}],"collection":[{"href":"https:\/\/semmelweis.hu\/csot\/wp-json\/wp\/v2\/pages"}],"about":[{"href":"https:\/\/semmelweis.hu\/csot\/wp-json\/wp\/v2\/types\/page"}],"author":[{"embeddable":true,"href":"https:\/\/semmelweis.hu\/csot\/wp-json\/wp\/v2\/users\/158"}],"replies":[{"embeddable":true,"href":"https:\/\/semmelweis.hu\/csot\/wp-json\/wp\/v2\/comments?post=798"}],"version-history":[{"count":4,"href":"https:\/\/semmelweis.hu\/csot\/wp-json\/wp\/v2\/pages\/798\/revisions"}],"predecessor-version":[{"id":7870,"href":"https:\/\/semmelweis.hu\/csot\/wp-json\/wp\/v2\/pages\/798\/revisions\/7870"}],"up":[{"embeddable":true,"href":"https:\/\/semmelweis.hu\/csot\/wp-json\/wp\/v2\/pages\/129"}],"wp:attachment":[{"href":"https:\/\/semmelweis.hu\/csot\/wp-json\/wp\/v2\/media?parent=798"}],"wp:term":[{"taxonomy":"category","embeddable":true,"href":"https:\/\/semmelweis.hu\/csot\/wp-json\/wp\/v2\/categories?post=798"},{"taxonomy":"post_tag","embeddable":true,"href":"https:\/\/semmelweis.hu\/csot\/wp-json\/wp\/v2\/tags?post=798"}],"curies":[{"name":"wp","href":"https:\/\/api.w.org\/{rel}","templated":true}]}}