{"id":78,"date":"2014-09-16T07:05:49","date_gmt":"2014-09-16T05:05:49","guid":{"rendered":"http:\/\/csot.semmelweis.hu\/?page_id=78"},"modified":"2025-09-03T16:32:44","modified_gmt":"2025-09-03T14:32:44","slug":"csaladorvosi-ismeretek-fakultacio","status":"publish","type":"page","link":"https:\/\/semmelweis.hu\/csot\/gradualis-targyak\/csaladorvosi-ismeretek-fakultacio\/","title":{"rendered":"Csal\u00e1dorvosi ismeretek (fakult\u00e1ci\u00f3)"},"content":{"rendered":"<p><strong>T\u00e1rgy neve:<\/strong> Csal\u00e1dorvosi ismeretek<br \/>\nKreditpont: 2 pont<br \/>\nK\u00f3d: AOVCSA911_1M<br \/>\nT\u00edpus: k\u00f6telez\u0151en v\u00e1laszthat\u00f3<br \/>\nSzemeszter: 7, 8, 9, 10<br \/>\nFelel\u0151s: dr. V\u00f6r\u00f6s Kriszti\u00e1n<\/p>\n<p><strong>Tant\u00e1rgyi k\u00f6vetelm\u00e9nyrendszer<\/strong><\/p>\n<p><a href=\"https:\/\/semmelweis.hu\/csot\/files\/2025\/09\/Csaladorvosi-ismeretek-tankov.pdf\" target=\"_blank\" rel=\"noopener\">Csal\u00e1dorvosi ismeretek tant\u00e1rgyi k\u00f6vetelm\u00e9nyrendszer<\/a><\/p>\n<p><strong>Helysz\u00edn<\/strong><br \/>\n<span id=\"page3R_mcid45\" class=\"markedContent\"><span dir=\"ltr\" role=\"presentation\">Csal\u00e1dorvosi Tansz\u00e9k<\/span>\u00a0<span dir=\"ltr\" role=\"presentation\">(<\/span><span dir=\"ltr\" role=\"presentation\">City Corner irodah\u00e1z, els\u0151 emelet)<\/span><\/span><\/p>\n<p><strong>Le\u00edr\u00e1s<\/strong><br \/>\nA csal\u00e1dorvosi el\u0151ad\u00e1sok \u00e1tfog\u00f3 k\u00e9pet adnak az alapell\u00e1t\u00e1sr\u00f3l. A csal\u00e1dorvosi fakult\u00e1ci\u00f3 keret\u00e9ben megismerik a szakma ir\u00e1nt \u00e9rdekl\u0151d\u0151 hallgat\u00f3k a csal\u00e1dorvosl\u00e1s k\u00fcl\u00f6nb\u00f6z\u0151 oldalait. A gyakorlatias, interakt\u00edv k\u00e9pz\u00e9s sor\u00e1n a hallgat\u00f3k akt\u00edv bevon\u00e1s\u00e1ra t\u00f6reksz\u00fcnk.<\/p>\n<p><strong>A t\u00e1rgy tematik\u00e1ja<\/strong><\/p>\n<p>Torzsa P. \u2013 Csal\u00e1dorvosi \u00e9letp\u00e1lya<br \/>\nHargittay Cs. \u2013 Sz\u0171r\u0151vizsg\u00e1latok<br \/>\nVajer P. \u2013 Doh\u00e1nyz\u00e1sr\u00f3l leszok\u00e1s t\u00e1mogat\u00e1s lehet\u0151s\u00e9gei, a csal\u00e1dorvos szerepe<br \/>\nV\u00f6r\u00f6s K. \u2013 Kommunik\u00e1ci\u00f3, Cambridge-Calgary modell<br \/>\nVajer P. \u2013 Praxisk\u00f6z\u00f6ss\u00e9gek, szervez\u00e9si k\u00e9rd\u00e9sek<br \/>\nPerj\u00e9s \u00c1. \u2013 Onkol\u00f3giai sz\u0171r\u00e9sek az alapell\u00e1t\u00e1sban<br \/>\nBecze \u00c1. \u2013 A ki\u00e9g\u00e9s megel\u0151z\u00e9se a csal\u00e1dorvosok k\u00f6r\u00e9ben<br \/>\nBecze \u00c1. \u2013 B\u00e1lint-csoport<br \/>\nZsuffa J\u00e1nos \u2013 K\u00e9rd\u0151\u00edvek haszn\u00e1lata a praxisban<br \/>\nLak\u00f3-Fut\u00f3 Zolt\u00e1n \u2013 Hypertonia sz\u0171r\u00e9s, gondoz\u00e1s<br \/>\nSz\u00e9lv\u00e1ri \u00c1. \u2013 Gerontol\u00f3giai gondoz\u00e1s<br \/>\nNemcsik J\u00e1nos \u2013 Kardiovaszkul\u00e1ris prevenci\u00f3<span id=\"page3R_mcid40\" class=\"markedContent\"><\/span><span id=\"page3R_mcid44\" class=\"markedContent\"><\/span><\/p>\n<p><span id=\"page3R_mcid44\" class=\"markedContent\"><span dir=\"ltr\" role=\"presentation\"><strong>Id\u0151pont<\/strong><br \/>\n<\/span><\/span><span id=\"page3R_mcid44\" class=\"markedContent\"><span dir=\"ltr\" role=\"presentation\">El\u0151zetes egyeztet\u00e9s alapj\u00e1n<\/span><\/span><\/p>\n<p><strong>Egy\u00e9b<\/strong><br \/>\nA f\u00e9l\u00e9v v\u00e9gi al\u00e1\u00edr\u00e1s megszerz\u00e9s\u00e9hez a megfelel\u0151 sz\u00e1m\u00fa el\u0151ad\u00e1son t\u00f6rt\u00e9n\u0151 r\u00e9szv\u00e9tel \u00e9s a z\u00e1r\u00f3 tesztvizsga sikeres meg\u00edr\u00e1sa sz\u00fcks\u00e9ges.<br \/>\nAz utols\u00f3 fakult\u00e1ci\u00f3n t\u00f6rt\u00e9nik a teszt\u00edr\u00e1s, melynek anyaga az el\u0151ad\u00e1sokon elhangzottak.<br \/>\nH\u00e1rom hi\u00e1nyz\u00e1s igazol\u00e1sa nem sz\u00fcks\u00e9ges, tov\u00e1bbi hi\u00e1nyz\u00e1sok nem fogadhat\u00f3k el. A vizsg\u00e1r\u00f3l t\u00f6rt\u00e9n\u0151 hi\u00e1nyz\u00e1s orvosi igazol\u00e1ssal fogadhat\u00f3 el.<\/p>\n<p><strong>A tananyag elsaj\u00e1t\u00edt\u00e1s\u00e1hoz felhaszn\u00e1lhat\u00f3 jegyzetek, tank\u00f6nyvek, seg\u00e9dletek \u00e9s szakirodalom list\u00e1ja:<\/strong><br \/>\nKalabay L. (szerk.): A csal\u00e1dorvosl\u00e1s elm\u00e9lete \u00e9s gyakorlata. Elektronikus oktat\u00e1si anyag. Megjelen\u00e9s alatt 2012<br \/>\nCsalay L. (szerk.): Csal\u00e1dorvosok k\u00e9zik\u00f6nyve. Anonymus Kiad\u00f3, 2010<br \/>\nKalabay L., Margittay E., V\u00f6r\u00f6s K. (szerk.): Csal\u00e1dorvosi ismeretek. El\u0151ad\u00e1s \u00e9s fakult\u00e1ci\u00f3s jegyzet, Semmelweis Kiad\u00f3, 2009<br \/>\nSir\u00e1k A.: S\u00fcrg\u0151ss\u00e9gi betegell\u00e1t\u00e1s. M\u00e1trix Kft., 2008<br \/>\nArnold Cs.: Csal\u00e1dorvosl\u00e1s a gyakorlatban. Mel\u00e1nia Kiad\u00f3, 2002<\/p>\n","protected":false},"excerpt":{"rendered":"<p>T\u00e1rgy neve: Csal\u00e1dorvosi ismeretek Kreditpont: 2 pont K\u00f3d: AOVCSA911_1M T\u00edpus: k\u00f6telez\u0151en v\u00e1laszthat\u00f3 Szemeszter: 7, 8, 9, 10 Felel\u0151s: dr. V\u00f6r\u00f6s Kriszti\u00e1n Tant\u00e1rgyi k\u00f6vetelm\u00e9nyrendszer <a href=\"https:\/\/semmelweis.hu\/csot\/files\/2025\/09\/Csaladorvosi-ismeretek-tankov.pdf\" target=\"_blank\" rel=\"noopener\">Csal\u00e1dorvosi ismeretek tant\u00e1rgyi k\u00f6vetelm\u00e9nyrendszer<\/a> Helysz\u00edn Csal\u00e1dorvosi Tansz\u00e9k\u00a0(City Corner irodah\u00e1z, els\u0151 emelet) Le\u00edr\u00e1s A csal\u00e1dorvosi el\u0151ad\u00e1sok \u00e1tfog\u00f3 k\u00e9pet adnak az alapell\u00e1t\u00e1sr\u00f3l. A csal\u00e1dorvosi fakult\u00e1ci\u00f3 keret\u00e9ben megismerik a szakma ir\u00e1nt \u00e9rdekl\u0151d\u0151 hallgat\u00f3k a csal\u00e1dorvosl\u00e1s k\u00fcl\u00f6nb\u00f6z\u0151 oldalait. A gyakorlatias, &hellip;<\/p>\n","protected":false},"author":158,"featured_media":0,"parent":4929,"menu_order":5,"comment_status":"closed","ping_status":"closed","template":"","meta":{"_acf_changed":false,"footnotes":""},"categories":[],"tags":[],"class_list":["post-78","page","type-page","status-publish","hentry"],"acf":[],"publishpress_future_action":{"enabled":false,"date":"1970-01-01 01:00:00","action":"","terms":[],"taxonomy":"","browser_timezone_offset":0},"_links":{"self":[{"href":"https:\/\/semmelweis.hu\/csot\/wp-json\/wp\/v2\/pages\/78","targetHints":{"allow":["GET"]}}],"collection":[{"href":"https:\/\/semmelweis.hu\/csot\/wp-json\/wp\/v2\/pages"}],"about":[{"href":"https:\/\/semmelweis.hu\/csot\/wp-json\/wp\/v2\/types\/page"}],"author":[{"embeddable":true,"href":"https:\/\/semmelweis.hu\/csot\/wp-json\/wp\/v2\/users\/158"}],"replies":[{"embeddable":true,"href":"https:\/\/semmelweis.hu\/csot\/wp-json\/wp\/v2\/comments?post=78"}],"version-history":[{"count":10,"href":"https:\/\/semmelweis.hu\/csot\/wp-json\/wp\/v2\/pages\/78\/revisions"}],"predecessor-version":[{"id":7967,"href":"https:\/\/semmelweis.hu\/csot\/wp-json\/wp\/v2\/pages\/78\/revisions\/7967"}],"up":[{"embeddable":true,"href":"https:\/\/semmelweis.hu\/csot\/wp-json\/wp\/v2\/pages\/4929"}],"wp:attachment":[{"href":"https:\/\/semmelweis.hu\/csot\/wp-json\/wp\/v2\/media?parent=78"}],"wp:term":[{"taxonomy":"category","embeddable":true,"href":"https:\/\/semmelweis.hu\/csot\/wp-json\/wp\/v2\/categories?post=78"},{"taxonomy":"post_tag","embeddable":true,"href":"https:\/\/semmelweis.hu\/csot\/wp-json\/wp\/v2\/tags?post=78"}],"curies":[{"name":"wp","href":"https:\/\/api.w.org\/{rel}","templated":true}]}}