{"id":7520,"date":"2025-04-01T12:13:58","date_gmt":"2025-04-01T10:13:58","guid":{"rendered":"https:\/\/semmelweis.hu\/csot\/?page_id=7520"},"modified":"2025-04-01T12:13:58","modified_gmt":"2025-04-01T10:13:58","slug":"eletmodorvoslas-a-csaladorvosi-prevencios-rendelesen","status":"publish","type":"page","link":"https:\/\/semmelweis.hu\/csot\/gradualis-targyak\/eletmodorvoslas-a-csaladorvosi-prevencios-rendelesen\/","title":{"rendered":"\u00c9letm\u00f3dorvosl\u00e1s a csal\u00e1dorvosi prevenci\u00f3s rendel\u00e9sen"},"content":{"rendered":"<p>Az \u00e9letm\u00f3dorvosl\u00e1s egy bizony\u00edt\u00e9kokon alapul\u00f3 m\u00f3dszer, ami az \u00e9letm\u00f3ddal \u00f6sszef\u00fcgg\u0151 kr\u00f3nikus betegs\u00e9gek megel\u0151z\u00e9s\u00e9vel, kezel\u00e9s\u00e9vel \u00e9s ak\u00e1r visszaford\u00edt\u00e1s\u00e1val foglalkozik. A kr\u00f3nikus betegs\u00e9gek nagy r\u00e9sze \u00e9letm\u00f3dhoz k\u00f6thet\u0151, \u00e9letm\u00f3ddal \u00f6sszef\u00fcgg\u0151 t\u00e9nyez\u0151k j\u00e1tszanak szerepet a kialakul\u00e1sukban \u00e9s az \u00e9letm\u00f3ddal \u00f6sszef\u00fcgg\u0151 megbeteged\u00e9sek jelentik ma a vezet\u0151 hal\u00e1lokokat. Eg\u00e9szs\u00e9gi \u00e1llapotunkban jelent\u0151s szerepet t\u00f6lt be a t\u00e1pl\u00e1lkoz\u00e1son \u00e9s a fizikai aktivit\u00e1son k\u00edv\u00fcl az alv\u00e1sunk min\u0151s\u00e9ge \u00e9s mennyis\u00e9ge, a stresszkezel\u00e9s, a f\u00fcgg\u0151s\u00e9geink kezel\u00e9se \u00e9s a t\u00e1mogat\u00f3 t\u00e1rsas kapcsolatok jelenl\u00e9te.<\/p>\n<p>A csal\u00e1dorvosl\u00e1s kiemelt sz\u00edntere a prevenci\u00f3nak, amire a prevenci\u00f3s rendel\u00e9seken lehet\u0151s\u00e9ge van a h\u00e1ziorvosoknak.<\/p>\n<p>A tant\u00e1rgy a negyed\u00e9ves k\u00f6telez\u0151 csal\u00e1dorvosi t\u00e1rgyhoz illeszkedve m\u00e9lyebb ismereteket ny\u00fajt a csal\u00e1dorvosok prevenci\u00f3s feladatair\u00f3l, kiemelve az \u00e9letm\u00f3dorvosi lehet\u0151s\u00e9geket a prevenci\u00f3 k\u00fcl\u00f6nb\u00f6z\u0151 szintjein.<\/p>\n<p>C\u00e9lja az \u00e9letm\u00f3dorvosl\u00e1s hat pill\u00e9r\u00e9nek (testmozg\u00e1s, t\u00e1pl\u00e1lkoz\u00e1s, alv\u00e1s, stresszkezel\u00e9s, f\u00fcgg\u0151s\u00e9gek kezel\u00e9se, t\u00e1rsas kapcsolatok) nemzetk\u00f6zi evidenci\u00e1kon alapul\u00f3 r\u00e9szletes bemutat\u00e1sa, valamint gyakorlatorient\u00e1lt szemin\u00e1riumok keret\u00e9ben ismertetni az \u00e9letm\u00f3dorvosl\u00e1s csal\u00e1dorvosi gyakorlatba val\u00f3 beilleszt\u00e9s\u00e9nek m\u00f3djait \u00e9s a szakorvosi ell\u00e1t\u00e1ssal val\u00f3 egy\u00fcttm\u0171k\u00f6d\u00e9st.<\/p>\n<p>A tant\u00e1rgyat azoknak az orvostanhallgat\u00f3knak tervezz\u00fck, akik szeretn\u00e9k elm\u00e9ly\u00edteni a tud\u00e1sukat az \u00e9letm\u00f3dorvosl\u00e1s \u00e9s a prevenci\u00f3 ter\u00fclet\u00e9n \u00e9s hat\u00e9kony tan\u00e1csokat szeretn\u00e9nek adni a betegeiknek.<\/p>\n<p>A tant\u00e1rgy k\u00f6vetelm\u00e9nyrendszere itt olvashat\u00f3: <a href=\"https:\/\/semmelweis.hu\/csot\/files\/2025\/04\/Kov.rendszer_2025-2026_Eletmodorvoslas-a-csaladorvosi-prevencios-rendelesen.pdf\">Megn\u00e9zem<\/a><\/p>\n<p>\u00c9rdekl\u0151dni Dr. Hargittay Cseng\u00e9n\u00e9l lehet a <a href=\"mailto:hargittay.csenge.veronika@semmelweis.hu\"> hargittay.csenge.veronika@semmelweis.hu<\/a> email c\u00edmen.<\/p>\n","protected":false},"excerpt":{"rendered":"<p>Az \u00e9letm\u00f3dorvosl\u00e1s egy bizony\u00edt\u00e9kokon alapul\u00f3 m\u00f3dszer, ami az \u00e9letm\u00f3ddal \u00f6sszef\u00fcgg\u0151 kr\u00f3nikus betegs\u00e9gek megel\u0151z\u00e9s\u00e9vel, kezel\u00e9s\u00e9vel \u00e9s ak\u00e1r visszaford\u00edt\u00e1s\u00e1val foglalkozik. A kr\u00f3nikus betegs\u00e9gek nagy r\u00e9sze \u00e9letm\u00f3dhoz k\u00f6thet\u0151, \u00e9letm\u00f3ddal \u00f6sszef\u00fcgg\u0151 t\u00e9nyez\u0151k j\u00e1tszanak szerepet a kialakul\u00e1sukban \u00e9s az \u00e9letm\u00f3ddal \u00f6sszef\u00fcgg\u0151 megbeteged\u00e9sek jelentik ma a vezet\u0151 hal\u00e1lokokat. Eg\u00e9szs\u00e9gi \u00e1llapotunkban jelent\u0151s szerepet t\u00f6lt be a t\u00e1pl\u00e1lkoz\u00e1son \u00e9s a fizikai aktivit\u00e1son k\u00edv\u00fcl &hellip;<\/p>\n","protected":false},"author":101661,"featured_media":0,"parent":4929,"menu_order":6,"comment_status":"closed","ping_status":"closed","template":"","meta":{"_acf_changed":false,"footnotes":""},"categories":[],"tags":[],"class_list":["post-7520","page","type-page","status-publish","hentry"],"acf":[],"publishpress_future_action":{"enabled":false,"date":"1970-01-01 01:00:00","action":"","terms":[],"taxonomy":"","browser_timezone_offset":0},"_links":{"self":[{"href":"https:\/\/semmelweis.hu\/csot\/wp-json\/wp\/v2\/pages\/7520","targetHints":{"allow":["GET"]}}],"collection":[{"href":"https:\/\/semmelweis.hu\/csot\/wp-json\/wp\/v2\/pages"}],"about":[{"href":"https:\/\/semmelweis.hu\/csot\/wp-json\/wp\/v2\/types\/page"}],"author":[{"embeddable":true,"href":"https:\/\/semmelweis.hu\/csot\/wp-json\/wp\/v2\/users\/101661"}],"replies":[{"embeddable":true,"href":"https:\/\/semmelweis.hu\/csot\/wp-json\/wp\/v2\/comments?post=7520"}],"version-history":[{"count":1,"href":"https:\/\/semmelweis.hu\/csot\/wp-json\/wp\/v2\/pages\/7520\/revisions"}],"predecessor-version":[{"id":7523,"href":"https:\/\/semmelweis.hu\/csot\/wp-json\/wp\/v2\/pages\/7520\/revisions\/7523"}],"up":[{"embeddable":true,"href":"https:\/\/semmelweis.hu\/csot\/wp-json\/wp\/v2\/pages\/4929"}],"wp:attachment":[{"href":"https:\/\/semmelweis.hu\/csot\/wp-json\/wp\/v2\/media?parent=7520"}],"wp:term":[{"taxonomy":"category","embeddable":true,"href":"https:\/\/semmelweis.hu\/csot\/wp-json\/wp\/v2\/categories?post=7520"},{"taxonomy":"post_tag","embeddable":true,"href":"https:\/\/semmelweis.hu\/csot\/wp-json\/wp\/v2\/tags?post=7520"}],"curies":[{"name":"wp","href":"https:\/\/api.w.org\/{rel}","templated":true}]}}