{"id":7501,"date":"2025-03-24T18:27:42","date_gmt":"2025-03-24T17:27:42","guid":{"rendered":"https:\/\/semmelweis.hu\/csot\/?page_id=7501"},"modified":"2025-03-24T18:27:42","modified_gmt":"2025-03-24T17:27:42","slug":"a-targy-ertekelese","status":"publish","type":"page","link":"https:\/\/semmelweis.hu\/csot\/gradualis-targyak\/mentorprogram-2\/a-targy-ertekelese\/","title":{"rendered":"A t\u00e1rgy \u00e9rt\u00e9kel\u00e9se"},"content":{"rendered":"<p>A szemeszter sor\u00e1n egy \u00edr\u00e1sos \u00f6sszefoglal\u00f3 (szem\u00e9lyes beteg-profil) \u00f6ssze\u00e1ll\u00edt\u00e1sa k\u00f6telez\u0151, melynek p\u00f3tl\u00e1sa, jav\u00edt\u00e1sa a csoportos megbesz\u00e9l\u00e9s id\u0151pontj\u00e1ig lehets\u00e9ges. Az al\u00e1\u00edr\u00e1s felt\u00e9tele: a gyakorlatokon val\u00f3 akt\u00edv r\u00e9szv\u00e9tel, a szem\u00e9lyes beteg-profil (\u00edr\u00e1sos \u00f6sszefoglal\u00f3) elk\u00e9sz\u00edt\u00e9se.<\/p>\n<p>A betegprofil \u00f6ssze\u00e1ll\u00edt\u00e1s\u00e1hoz sz\u00fcks\u00e9ges esetlap: <a href=\"https:\/\/semmelweis.hu\/csot\/files\/2025\/03\/Mentorprogram-1-Esetlap.pdf\">Megtekint\u00e9s<\/a><\/p>\n","protected":false},"excerpt":{"rendered":"<p>A szemeszter sor\u00e1n egy \u00edr\u00e1sos \u00f6sszefoglal\u00f3 (szem\u00e9lyes beteg-profil) \u00f6ssze\u00e1ll\u00edt\u00e1sa k\u00f6telez\u0151, melynek p\u00f3tl\u00e1sa, jav\u00edt\u00e1sa a csoportos megbesz\u00e9l\u00e9s id\u0151pontj\u00e1ig lehets\u00e9ges. Az al\u00e1\u00edr\u00e1s felt\u00e9tele: a gyakorlatokon val\u00f3 akt\u00edv r\u00e9szv\u00e9tel, a szem\u00e9lyes beteg-profil (\u00edr\u00e1sos \u00f6sszefoglal\u00f3) elk\u00e9sz\u00edt\u00e9se.<br \/>\nA betegprofil \u00f6ssze\u00e1ll\u00edt\u00e1s\u00e1hoz sz\u00fcks\u00e9ges esetlap: <a href=\"https:\/\/semmelweis.hu\/csot\/files\/2025\/03\/Mentorprogram-1-Esetlap.pdf\">Megtekint\u00e9s<\/a><\/p>\n","protected":false},"author":101661,"featured_media":0,"parent":7493,"menu_order":0,"comment_status":"closed","ping_status":"closed","template":"","meta":{"_acf_changed":false,"footnotes":""},"categories":[],"tags":[],"class_list":["post-7501","page","type-page","status-publish","hentry"],"acf":[],"publishpress_future_action":{"enabled":false,"date":"1970-01-01 01:00:00","action":"","terms":[],"taxonomy":"","browser_timezone_offset":0},"_links":{"self":[{"href":"https:\/\/semmelweis.hu\/csot\/wp-json\/wp\/v2\/pages\/7501","targetHints":{"allow":["GET"]}}],"collection":[{"href":"https:\/\/semmelweis.hu\/csot\/wp-json\/wp\/v2\/pages"}],"about":[{"href":"https:\/\/semmelweis.hu\/csot\/wp-json\/wp\/v2\/types\/page"}],"author":[{"embeddable":true,"href":"https:\/\/semmelweis.hu\/csot\/wp-json\/wp\/v2\/users\/101661"}],"replies":[{"embeddable":true,"href":"https:\/\/semmelweis.hu\/csot\/wp-json\/wp\/v2\/comments?post=7501"}],"version-history":[{"count":1,"href":"https:\/\/semmelweis.hu\/csot\/wp-json\/wp\/v2\/pages\/7501\/revisions"}],"predecessor-version":[{"id":7502,"href":"https:\/\/semmelweis.hu\/csot\/wp-json\/wp\/v2\/pages\/7501\/revisions\/7502"}],"up":[{"embeddable":true,"href":"https:\/\/semmelweis.hu\/csot\/wp-json\/wp\/v2\/pages\/7493"}],"wp:attachment":[{"href":"https:\/\/semmelweis.hu\/csot\/wp-json\/wp\/v2\/media?parent=7501"}],"wp:term":[{"taxonomy":"category","embeddable":true,"href":"https:\/\/semmelweis.hu\/csot\/wp-json\/wp\/v2\/categories?post=7501"},{"taxonomy":"post_tag","embeddable":true,"href":"https:\/\/semmelweis.hu\/csot\/wp-json\/wp\/v2\/tags?post=7501"}],"curies":[{"name":"wp","href":"https:\/\/api.w.org\/{rel}","templated":true}]}}