{"id":7498,"date":"2025-03-24T18:25:59","date_gmt":"2025-03-24T17:25:59","guid":{"rendered":"https:\/\/semmelweis.hu\/csot\/?page_id=7498"},"modified":"2025-03-24T18:25:59","modified_gmt":"2025-03-24T17:25:59","slug":"a-targy-tematikaja","status":"publish","type":"page","link":"https:\/\/semmelweis.hu\/csot\/gradualis-targyak\/mentorprogram-2\/a-targy-tematikaja\/","title":{"rendered":"A t\u00e1rgy tematik\u00e1ja"},"content":{"rendered":"<p>1-2. h\u00e9t \u2013 A mentorral k\u00f6z\u00f6sen kiv\u00e1lasztott beteg kik\u00e9rdez\u00e9se a beteg aktu\u00e1lis panaszair\u00f3l 2 \u00f3ra id\u0151tartamban, majd ennek megbesz\u00e9l\u00e9se a mentorral 2 \u00f3ra id\u0151tartamban, azzal a c\u00e9llal, hogy a beteg betegs\u00e9gei \u00e9s az ezekkel kapcsolatos gondoz\u00e1si teend\u0151k teljesk\u00f6r\u0171en felt\u00e1r\u00e1sra ker\u00fcljenek.<\/p>\n<p>3-4. h\u00e9t \u2013 Az orvos-beteg kommunik\u00e1ci\u00f3 a csal\u00e1dorvosi gyakorlatban ( Dr. Mohos Andr\u00e1s)<\/p>\n<p>5-6. h\u00e9t \u2013 A mentorral k\u00f6z\u00f6sen kiv\u00e1lasztott beteg kik\u00e9rdez\u00e9se a beteg aktu\u00e1lis panaszair\u00f3l 2 \u00f3ra id\u0151tartamban, majd ennek megbesz\u00e9l\u00e9se a mentorral 2 \u00f3ra id\u0151tartamban.<\/p>\n<p>7-8. h\u00e9t \u2013 Praxisk\u00f6z\u00f6ss\u00e9gi lehet\u0151s\u00e9gek bemutat\u00e1sa (Dr. Szab\u00f3 J\u00e1nos)<\/p>\n<p>9-10. h\u00e9t \u2013 K\u00f6z\u00e9piskol\u00e1kban eg\u00e9szs\u00e9gnevel\u00e9si el\u0151ad\u00e1sokhoz felk\u00e9sz\u00edt\u0151 tr\u00e9ning (Prof. Torzsa P\u00e9ter)<\/p>\n<p>11-12. h\u00e9t &#8211; A mentorral k\u00f6z\u00f6sen kiv\u00e1lasztott beteg kik\u00e9rdez\u00e9se a beteg aktu\u00e1lis panaszair\u00f3l 2 \u00f3ra id\u0151tartamban, majd ennek megbesz\u00e9l\u00e9se a mentorral 2 \u00f3ra id\u0151tartamban, gondoz\u00e1si terv k\u00f6vet\u00e9se, sz\u00fcks\u00e9g eset\u00e9n m\u00f3dos\u00edt\u00e1sa.<\/p>\n<p>13-14. h\u00e9t \u2013POCT tesztek bemutat\u00e1sa \u00e9s gyakorl\u00e1sa a h\u00e1ziorvosi praxisban (Dr. Hasitz \u00c1gnes)<\/p>\n","protected":false},"excerpt":{"rendered":"<p>1-2. h\u00e9t \u2013 A mentorral k\u00f6z\u00f6sen kiv\u00e1lasztott beteg kik\u00e9rdez\u00e9se a beteg aktu\u00e1lis panaszair\u00f3l 2 \u00f3ra id\u0151tartamban, majd ennek megbesz\u00e9l\u00e9se a mentorral 2 \u00f3ra id\u0151tartamban, azzal a c\u00e9llal, hogy a beteg betegs\u00e9gei \u00e9s az ezekkel kapcsolatos gondoz\u00e1si teend\u0151k teljesk\u00f6r\u0171en felt\u00e1r\u00e1sra ker\u00fcljenek. 3-4. h\u00e9t \u2013 Az orvos-beteg kommunik\u00e1ci\u00f3 a csal\u00e1dorvosi gyakorlatban ( Dr. Mohos Andr\u00e1s) 5-6. h\u00e9t &hellip;<\/p>\n","protected":false},"author":101661,"featured_media":0,"parent":7493,"menu_order":0,"comment_status":"closed","ping_status":"closed","template":"","meta":{"_acf_changed":false,"footnotes":""},"categories":[],"tags":[],"class_list":["post-7498","page","type-page","status-publish","hentry"],"acf":[],"publishpress_future_action":{"enabled":false,"date":"1970-01-01 01:00:00","action":"","terms":[],"taxonomy":"","browser_timezone_offset":0},"_links":{"self":[{"href":"https:\/\/semmelweis.hu\/csot\/wp-json\/wp\/v2\/pages\/7498","targetHints":{"allow":["GET"]}}],"collection":[{"href":"https:\/\/semmelweis.hu\/csot\/wp-json\/wp\/v2\/pages"}],"about":[{"href":"https:\/\/semmelweis.hu\/csot\/wp-json\/wp\/v2\/types\/page"}],"author":[{"embeddable":true,"href":"https:\/\/semmelweis.hu\/csot\/wp-json\/wp\/v2\/users\/101661"}],"replies":[{"embeddable":true,"href":"https:\/\/semmelweis.hu\/csot\/wp-json\/wp\/v2\/comments?post=7498"}],"version-history":[{"count":2,"href":"https:\/\/semmelweis.hu\/csot\/wp-json\/wp\/v2\/pages\/7498\/revisions"}],"predecessor-version":[{"id":7500,"href":"https:\/\/semmelweis.hu\/csot\/wp-json\/wp\/v2\/pages\/7498\/revisions\/7500"}],"up":[{"embeddable":true,"href":"https:\/\/semmelweis.hu\/csot\/wp-json\/wp\/v2\/pages\/7493"}],"wp:attachment":[{"href":"https:\/\/semmelweis.hu\/csot\/wp-json\/wp\/v2\/media?parent=7498"}],"wp:term":[{"taxonomy":"category","embeddable":true,"href":"https:\/\/semmelweis.hu\/csot\/wp-json\/wp\/v2\/categories?post=7498"},{"taxonomy":"post_tag","embeddable":true,"href":"https:\/\/semmelweis.hu\/csot\/wp-json\/wp\/v2\/tags?post=7498"}],"curies":[{"name":"wp","href":"https:\/\/api.w.org\/{rel}","templated":true}]}}