{"id":7468,"date":"2025-03-20T14:57:29","date_gmt":"2025-03-20T13:57:29","guid":{"rendered":"https:\/\/semmelweis.hu\/csot\/?page_id=7468"},"modified":"2025-03-20T15:02:04","modified_gmt":"2025-03-20T14:02:04","slug":"a-targy-ertekelese","status":"publish","type":"page","link":"https:\/\/semmelweis.hu\/csot\/gradualis-targyak\/mentorprogram-1\/a-targy-ertekelese\/","title":{"rendered":"A t\u00e1rgy \u00e9rt\u00e9kel\u00e9se"},"content":{"rendered":"<p>A szemeszter sor\u00e1n egy \u00edr\u00e1sos \u00f6sszefoglal\u00f3 (szem\u00e9lyes beteg-profil) \u00f6ssze\u00e1ll\u00edt\u00e1sa k\u00f6telez\u0151, melynek p\u00f3tl\u00e1sa, jav\u00edt\u00e1sa a csoportos megbesz\u00e9l\u00e9s id\u0151pontj\u00e1ig lehets\u00e9ges. Ezen k\u00edv\u00fcl k\u00e9r\u00fcnk egy maximum 2 oldalas besz\u00e1mol\u00f3t a f\u00e9l\u00e9v sor\u00e1n szerzett tapasztalatokr\u00f3l. A hallgat\u00f3 megfelelt a t\u00e1rgy k\u00f6vetelm\u00e9nyeinek, ha rendszeresen r\u00e9szt vett a programban \u00e9s elk\u00e9sz\u00edtette a szem\u00e9lyes betegprofilt \u00e9s a besz\u00e1mol\u00f3t.<\/p>\n<p>A betegprofil \u00f6ssze\u00e1ll\u00edt\u00e1s\u00e1hoz sz\u00fcks\u00e9ges esetlap: <a href=\"https:\/\/semmelweis.hu\/csot\/files\/2025\/03\/Mentorprogram-1-Esetlap.pdf\">Esetlap<\/a><\/p>\n","protected":false},"excerpt":{"rendered":"<p>A szemeszter sor\u00e1n egy \u00edr\u00e1sos \u00f6sszefoglal\u00f3 (szem\u00e9lyes beteg-profil) \u00f6ssze\u00e1ll\u00edt\u00e1sa k\u00f6telez\u0151, melynek p\u00f3tl\u00e1sa, jav\u00edt\u00e1sa a csoportos megbesz\u00e9l\u00e9s id\u0151pontj\u00e1ig lehets\u00e9ges. Ezen k\u00edv\u00fcl k\u00e9r\u00fcnk egy maximum 2 oldalas besz\u00e1mol\u00f3t a f\u00e9l\u00e9v sor\u00e1n szerzett tapasztalatokr\u00f3l. A hallgat\u00f3 megfelelt a t\u00e1rgy k\u00f6vetelm\u00e9nyeinek, ha rendszeresen r\u00e9szt vett a programban \u00e9s elk\u00e9sz\u00edtette a szem\u00e9lyes betegprofilt \u00e9s a besz\u00e1mol\u00f3t. A betegprofil \u00f6ssze\u00e1ll\u00edt\u00e1s\u00e1hoz sz\u00fcks\u00e9ges &hellip;<\/p>\n","protected":false},"author":101661,"featured_media":0,"parent":7459,"menu_order":2,"comment_status":"closed","ping_status":"closed","template":"","meta":{"_acf_changed":false,"footnotes":""},"categories":[],"tags":[],"class_list":["post-7468","page","type-page","status-publish","hentry"],"acf":[],"publishpress_future_action":{"enabled":false,"date":"1970-01-01 01:00:00","action":"","terms":[],"taxonomy":"","browser_timezone_offset":0},"_links":{"self":[{"href":"https:\/\/semmelweis.hu\/csot\/wp-json\/wp\/v2\/pages\/7468","targetHints":{"allow":["GET"]}}],"collection":[{"href":"https:\/\/semmelweis.hu\/csot\/wp-json\/wp\/v2\/pages"}],"about":[{"href":"https:\/\/semmelweis.hu\/csot\/wp-json\/wp\/v2\/types\/page"}],"author":[{"embeddable":true,"href":"https:\/\/semmelweis.hu\/csot\/wp-json\/wp\/v2\/users\/101661"}],"replies":[{"embeddable":true,"href":"https:\/\/semmelweis.hu\/csot\/wp-json\/wp\/v2\/comments?post=7468"}],"version-history":[{"count":1,"href":"https:\/\/semmelweis.hu\/csot\/wp-json\/wp\/v2\/pages\/7468\/revisions"}],"predecessor-version":[{"id":7470,"href":"https:\/\/semmelweis.hu\/csot\/wp-json\/wp\/v2\/pages\/7468\/revisions\/7470"}],"up":[{"embeddable":true,"href":"https:\/\/semmelweis.hu\/csot\/wp-json\/wp\/v2\/pages\/7459"}],"wp:attachment":[{"href":"https:\/\/semmelweis.hu\/csot\/wp-json\/wp\/v2\/media?parent=7468"}],"wp:term":[{"taxonomy":"category","embeddable":true,"href":"https:\/\/semmelweis.hu\/csot\/wp-json\/wp\/v2\/categories?post=7468"},{"taxonomy":"post_tag","embeddable":true,"href":"https:\/\/semmelweis.hu\/csot\/wp-json\/wp\/v2\/tags?post=7468"}],"curies":[{"name":"wp","href":"https:\/\/api.w.org\/{rel}","templated":true}]}}