{"id":7465,"date":"2025-03-20T14:54:35","date_gmt":"2025-03-20T13:54:35","guid":{"rendered":"https:\/\/semmelweis.hu\/csot\/?page_id=7465"},"modified":"2025-03-20T15:01:44","modified_gmt":"2025-03-20T14:01:44","slug":"a-targy-tematikaja","status":"publish","type":"page","link":"https:\/\/semmelweis.hu\/csot\/gradualis-targyak\/mentorprogram-1\/a-targy-tematikaja\/","title":{"rendered":"A t\u00e1rgy tematik\u00e1ja"},"content":{"rendered":"<p>1-2. h\u00e9t \u2013 Egy alkalommal r\u00e9szv\u00e9tel egy 4 \u00f3r\u00e1s h\u00e1ziorvosi rendel\u00e9sen, melynek c\u00e9lja, hogy a hallgat\u00f3 megismerkedjen a h\u00e1ziorvos-beteg kapcsolat jellegzetess\u00e9geivel, felt\u00e9rk\u00e9pezze az adott praxis kontextus\u00e1t (szem\u00e9lyi felt\u00e9teleit, ter\u00fcleti ell\u00e1t\u00e1sba illeszked\u00e9s\u00e9t).<\/p>\n<p>3-4. h\u00e9t \u2013 Egy alkalommal r\u00e9szv\u00e9tel egy 4 \u00f3r\u00e1s h\u00e1ziorvosi rendel\u00e9sen, melynek c\u00e9lja, hogy a hallgat\u00f3 elm\u00e9ly\u00edtse ismereteit a h\u00e1ziorvos-beteg kapcsolat jellegzetess\u00e9geir\u0151l, illetve mentora seg\u00edts\u00e9g\u00e9vel beteget v\u00e1lasszon mag\u00e1nak.<\/p>\n<p>5-6. h\u00e9t \u2013 Egy alkalommal r\u00e9szv\u00e9tel otthoni betegl\u00e1togat\u00e1son, melynek c\u00e9lja, hogy a hallgat\u00f3 megismerje a h\u00e1ziorvos-beteg kapcsolat alapvet\u0151 jellegzetess\u00e9geit a beteg otthon\u00e1ban v\u00e9gzett l\u00e1togat\u00e1s eset\u00e9n.<\/p>\n<p>7-8. h\u00e9t \u2013 A mentorral k\u00f6z\u00f6sen kiv\u00e1lasztott beteg kik\u00e9rdez\u00e9se a beteg panaszair\u00f3l \u00e9s k\u00f3rel\u0151zm\u00e9ny\u00e9r\u0151l 2 \u00f3ra id\u0151tartamban, majd ennek megbesz\u00e9l\u00e9se a mentorral 2 \u00f3ra id\u0151tartamban, azzal a c\u00e9llal, hogy a beteg betegs\u00e9gei \u00e9s az ezekkel kapcsolatos gondoz\u00e1si teend\u0151k teljesk\u00f6r\u0171en felt\u00e1r\u00e1sra ker\u00fcljenek.<\/p>\n<p>9-10. h\u00e9t \u2013 A beteg kik\u00e9rdez\u00e9se 2 \u00f3ra id\u0151tartamban arr\u00f3l, hogy mindennapi \u00e9letvitel\u00e9ben mit jelent sz\u00e1m\u00e1ra a betegs\u00e9g, hogyan hat\u00e1rozza az meg a napi \u00e9letvitel\u00e9t, a terveit, milyen akad\u00e1lyokat jelent a betegs\u00e9g az \u00e9let\u00e9ben \u00e9s milyen er\u0151forr\u00e1sai vannak az akad\u00e1lyok legy\u0151z\u00e9s\u00e9re. Az \u00edgy nyert szem\u00e9lyes beteg-profil megbesz\u00e9l\u00e9se a mentorral 2 \u00f3ra id\u0151tartamban azzal a c\u00e9llal, hogy felt\u00e1r\u00e1sra ker\u00fclj\u00f6n, hogyan lehet a beteg saj\u00e1t er\u0151forr\u00e1sait az akad\u00e1lyok lek\u00fczd\u00e9s\u00e9ben hasznos\u00edtani, \u00e9s melyek azok a ter\u00fcletek, ahol a gy\u00f3gyul\u00e1s el\u00e9r\u00e9s\u00e9ben sz\u00fcks\u00e9ge van az orvostanhallgat\u00f3ra, a h\u00e1ziorvosra, illetve az eg\u00e9szs\u00e9g\u00fcgyi ell\u00e1t\u00f3rendszerre.<\/p>\n<p>11-12. h\u00e9t \u2013 A szem\u00e9lyes beteg-profil \u00edr\u00e1sos \u00f6ssze\u00e1ll\u00edt\u00e1sa \u00e9s kontextusba helyez\u00e9se (mind az adott h\u00e1ziorvosi praxis, mind a beteg szem\u00e9lyes t\u00e1mogat\u00f3rendszere ir\u00e1ny\u00e1b\u00f3l), a probl\u00e9m\u00e1k \u00e9s a lehets\u00e9ges megold\u00e1sok \u00f6sszegy\u0171jt\u00e9se.<\/p>\n<p>13-14. h\u00e9t \u2013 A mentor\u00e1ltak \u00e9s mentoraik csoportos megbesz\u00e9l\u00e9se a gyakorlat el\u0151nyeir\u0151l \u00e9s h\u00e1tr\u00e1nyair\u00f3l, a beteggel val\u00f3 szem\u00e9lyes szakmai kapcsolat identit\u00e1s-form\u00e1l\u00f3 hat\u00e1sair\u00f3l.<\/p>\n","protected":false},"excerpt":{"rendered":"<p>1-2. h\u00e9t \u2013 Egy alkalommal r\u00e9szv\u00e9tel egy 4 \u00f3r\u00e1s h\u00e1ziorvosi rendel\u00e9sen, melynek c\u00e9lja, hogy a hallgat\u00f3 megismerkedjen a h\u00e1ziorvos-beteg kapcsolat jellegzetess\u00e9geivel, felt\u00e9rk\u00e9pezze az adott praxis kontextus\u00e1t (szem\u00e9lyi felt\u00e9teleit, ter\u00fcleti ell\u00e1t\u00e1sba illeszked\u00e9s\u00e9t). 3-4. h\u00e9t \u2013 Egy alkalommal r\u00e9szv\u00e9tel egy 4 \u00f3r\u00e1s h\u00e1ziorvosi rendel\u00e9sen, melynek c\u00e9lja, hogy a hallgat\u00f3 elm\u00e9ly\u00edtse ismereteit a h\u00e1ziorvos-beteg kapcsolat jellegzetess\u00e9geir\u0151l, illetve mentora &hellip;<\/p>\n","protected":false},"author":101661,"featured_media":0,"parent":7459,"menu_order":1,"comment_status":"closed","ping_status":"closed","template":"","meta":{"_acf_changed":false,"footnotes":""},"categories":[],"tags":[],"class_list":["post-7465","page","type-page","status-publish","hentry"],"acf":[],"publishpress_future_action":{"enabled":false,"date":"1970-01-01 01:00:00","action":"","terms":[],"taxonomy":"","browser_timezone_offset":0},"_links":{"self":[{"href":"https:\/\/semmelweis.hu\/csot\/wp-json\/wp\/v2\/pages\/7465","targetHints":{"allow":["GET"]}}],"collection":[{"href":"https:\/\/semmelweis.hu\/csot\/wp-json\/wp\/v2\/pages"}],"about":[{"href":"https:\/\/semmelweis.hu\/csot\/wp-json\/wp\/v2\/types\/page"}],"author":[{"embeddable":true,"href":"https:\/\/semmelweis.hu\/csot\/wp-json\/wp\/v2\/users\/101661"}],"replies":[{"embeddable":true,"href":"https:\/\/semmelweis.hu\/csot\/wp-json\/wp\/v2\/comments?post=7465"}],"version-history":[{"count":1,"href":"https:\/\/semmelweis.hu\/csot\/wp-json\/wp\/v2\/pages\/7465\/revisions"}],"predecessor-version":[{"id":7466,"href":"https:\/\/semmelweis.hu\/csot\/wp-json\/wp\/v2\/pages\/7465\/revisions\/7466"}],"up":[{"embeddable":true,"href":"https:\/\/semmelweis.hu\/csot\/wp-json\/wp\/v2\/pages\/7459"}],"wp:attachment":[{"href":"https:\/\/semmelweis.hu\/csot\/wp-json\/wp\/v2\/media?parent=7465"}],"wp:term":[{"taxonomy":"category","embeddable":true,"href":"https:\/\/semmelweis.hu\/csot\/wp-json\/wp\/v2\/categories?post=7465"},{"taxonomy":"post_tag","embeddable":true,"href":"https:\/\/semmelweis.hu\/csot\/wp-json\/wp\/v2\/tags?post=7465"}],"curies":[{"name":"wp","href":"https:\/\/api.w.org\/{rel}","templated":true}]}}