{"id":7459,"date":"2025-03-20T14:51:07","date_gmt":"2025-03-20T13:51:07","guid":{"rendered":"https:\/\/semmelweis.hu\/csot\/?page_id=7459"},"modified":"2025-04-01T12:11:48","modified_gmt":"2025-04-01T10:11:48","slug":"mentorprogram-1","status":"publish","type":"page","link":"https:\/\/semmelweis.hu\/csot\/gradualis-targyak\/mentorprogram-1\/","title":{"rendered":"Mentorprogram 1."},"content":{"rendered":"<p>A tant\u00e1rgy c\u00e9lja, hogy el\u0151seg\u00edtse az orvostanhallgat\u00f3k orvosi identit\u00e1s\u00e1nak alakul\u00e1s\u00e1t az\u00e1ltal, hogy folyamatos, szem\u00e9lyes mentori kapcsolatban, h\u00e1ziorvos oktat\u00f3k mellett, munkahelyi tanul\u00e1s keret\u00e9ben akt\u00edvan bevonja a hallgat\u00f3t a betegell\u00e1t\u00e1sba, megismerteti a longitudin\u00e1lis ell\u00e1t\u00e1s jellegzetess\u00e9geivel, az eg\u00e9szs\u00e9g\u00fcgyi ell\u00e1t\u00f3rendszer fel\u00e9p\u00edt\u00e9s\u00e9vel, a team-munka jelent\u0151s\u00e9g\u00e9vel rendel\u0151i k\u00f6rnyezetben \u00e9s a h\u00e1ziorvosok, illetve a j\u00e1r\u00f3- \u00e9s fekv\u0151beteg ell\u00e1t\u00e1st v\u00e9gz\u0151 szakorvosok egy\u00fcttm\u0171k\u00f6d\u00e9s\u00e9vel egy kiv\u00e1lasztott beteg kapcs\u00e1n.<\/p>\n<p>A Mentorprogram 1 t\u00e1rgy tant\u00e1rgyi k\u00f6vetelm\u00e9nyrendszere: <a href=\"https:\/\/semmelweis.hu\/csot\/files\/2025\/03\/Csaladorvosi-Mentorprogram-1.pdf\">Csal\u00e1dorvosi mentorprogram 1 &#8211; k\u00f6vetelm\u00e9nyrendszer<\/a><\/p>\n<p>A t\u00e1rgyat a Bevezet\u00e9s a betegell\u00e1t\u00e1sba t\u00e1rgyat teljes\u00edt\u0151 hallgat\u00f3k vehetik fel.<\/p>\n<p>A kurzus egy mentor egy hallgat\u00f3 rendszerben indul, a maxim\u00e1lis l\u00e9tsz\u00e1m hat\u00e1ra a mindenkori mentori kapacit\u00e1s. A hallgat\u00f3k a mentori v\u00e1llal\u00e1soknak megfelel\u0151en ker\u00fclnek kiv\u00e1laszt\u00e1sra.<\/p>\n<p><strong>Mentor oktat\u00f3ink<\/strong><\/p>\n\n<table id=\"tablepress-14\" class=\"tablepress tablepress-id-14\">\n<thead>\n<tr class=\"row-1\">\n\t<th class=\"column-1\">N\u00e9v<\/th><th class=\"column-2\">Ir\u00e1ny\u00edt\u00f3sz\u00e1m<\/th><th class=\"column-3\">V\u00e1ros<\/th><th class=\"column-4\">Utca<\/th>\n<\/tr>\n<\/thead>\n<tbody class=\"row-striping row-hover\">\n<tr class=\"row-2\">\n\t<td class=\"column-1\">Dr. \u00c1d\u00e1m \u00c1gnes<\/td><td class=\"column-2\">1148<\/td><td class=\"column-3\">Budapest<\/td><td class=\"column-4\">\u0150rs vez\u00e9r t\u00e9r 23.<\/td>\n<\/tr>\n<tr class=\"row-3\">\n\t<td class=\"column-1\">Dr. Ambrus Anik\u00f3<\/td><td class=\"column-2\">1035<\/td><td class=\"column-3\">Budapest<\/td><td class=\"column-4\">Szentendrei \u00fat 2\/a<\/td>\n<\/tr>\n<tr class=\"row-4\">\n\t<td class=\"column-1\">Dr. Antalics G\u00e1bor<\/td><td class=\"column-2\">1174<\/td><td class=\"column-3\">Budapest<\/td><td class=\"column-4\">Baross u. 18.<\/td>\n<\/tr>\n<tr class=\"row-5\">\n\t<td class=\"column-1\">Dr. Babj\u00e1k Ivett<\/td><td class=\"column-2\">1091<\/td><td class=\"column-3\">Budapest<\/td><td class=\"column-4\">\u00dcll\u0151i \u00fat 65-67.<\/td>\n<\/tr>\n<tr class=\"row-6\">\n\t<td class=\"column-1\">Dr. Ballya Ir\u00e9n<\/td><td class=\"column-2\">1113<\/td><td class=\"column-3\">Budapest<\/td><td class=\"column-4\">Vill\u00e1nyi \u00fat 74.<\/td>\n<\/tr>\n<tr class=\"row-7\">\n\t<td class=\"column-1\">Dr. Becze \u00c1d\u00e1m<\/td><td class=\"column-2\">1163<\/td><td class=\"column-3\">Budapest<\/td><td class=\"column-4\">Margit u. 33.<\/td>\n<\/tr>\n<tr class=\"row-8\">\n\t<td class=\"column-1\">Dr. Bogn\u00e1r Attila<\/td><td class=\"column-2\">1119<\/td><td class=\"column-3\">Budapest<\/td><td class=\"column-4\">Albertfalva u. 3.<\/td>\n<\/tr>\n<tr class=\"row-9\">\n\t<td class=\"column-1\">Dr. Brodszky N\u00f3ra<\/td><td class=\"column-2\">1221<\/td><td class=\"column-3\">Budapest<\/td><td class=\"column-4\">K\u00e1ldor A. u. 3-5.<\/td>\n<\/tr>\n<tr class=\"row-10\">\n\t<td class=\"column-1\">Dr. Demj\u00e9n Ren\u00e1ta<\/td><td class=\"column-2\">1045<\/td><td class=\"column-3\">Budapest<\/td><td class=\"column-4\">Pozsonyi u. 23.<\/td>\n<\/tr>\n<tr class=\"row-11\">\n\t<td class=\"column-1\">Dr. Dobos M\u00e1rta<\/td><td class=\"column-2\">1145<\/td><td class=\"column-3\">Budapest<\/td><td class=\"column-4\">Toront\u00e1l u. 49.<\/td>\n<\/tr>\n<tr class=\"row-12\">\n\t<td class=\"column-1\">Dr. Dolgos L\u00e1szl\u00f3<\/td><td class=\"column-2\">1117<\/td><td class=\"column-3\">Budapest<\/td><td class=\"column-4\">Feh\u00e9rv\u00e1ri \u00fat 12.<\/td>\n<\/tr>\n<tr class=\"row-13\">\n\t<td class=\"column-1\">Dr. E\u0151ry Aj\u00e1nd\u00e9k<\/td><td class=\"column-2\">1145<\/td><td class=\"column-3\">Budapest<\/td><td class=\"column-4\">Columbus u. 37.<\/td>\n<\/tr>\n<tr class=\"row-14\">\n\t<td class=\"column-1\">Dr. Ficzere Ferenc<\/td><td class=\"column-2\">8086<\/td><td class=\"column-3\">Felcs\u00fat<\/td><td class=\"column-4\">F\u0151 \u00fat 137.<\/td>\n<\/tr>\n<tr class=\"row-15\">\n\t<td class=\"column-1\">Dr. Ficzere Ferenc<\/td><td class=\"column-2\">1103<\/td><td class=\"column-3\">Budapest<\/td><td class=\"column-4\">Gy\u00f6mr\u0151i \u00fat 104.<\/td>\n<\/tr>\n<tr class=\"row-16\">\n\t<td class=\"column-1\">Dr. Hasitz \u00c1gnes<\/td><td class=\"column-2\">2000<\/td><td class=\"column-3\">Szentendre<\/td><td class=\"column-4\">B\u00fckk\u00f6s part 27.<\/td>\n<\/tr>\n<tr class=\"row-17\">\n\t<td class=\"column-1\">Dr. Hal\u00e1szy Zs\u00f3fia<\/td><td class=\"column-2\">1172<\/td><td class=\"column-3\">Budapest<\/td><td class=\"column-4\">Diadal u. 40.<\/td>\n<\/tr>\n<tr class=\"row-18\">\n\t<td class=\"column-1\">Dr. Hausmann Gergely<\/td><td class=\"column-2\">1145<\/td><td class=\"column-3\">Budapest<\/td><td class=\"column-4\">Toront\u00e1l u. 49.<\/td>\n<\/tr>\n<tr class=\"row-19\">\n\t<td class=\"column-1\">Dr. Katona Ilona<\/td><td class=\"column-2\">1038<\/td><td class=\"column-3\">Budapest<\/td><td class=\"column-4\">Vas\u00fatsor 1.<\/td>\n<\/tr>\n<tr class=\"row-20\">\n\t<td class=\"column-1\">Dr. Kiss Edina<\/td><td class=\"column-2\">1173<\/td><td class=\"column-3\">Budapest<\/td><td class=\"column-4\">Ferihegyi \u00fat 81.<\/td>\n<\/tr>\n<tr class=\"row-21\">\n\t<td class=\"column-1\">Dr. K\u00f3kai Gabriella<\/td><td class=\"column-2\">1144<\/td><td class=\"column-3\">Budapest<\/td><td class=\"column-4\">\u00d6rs vez\u00e9r t\u00e9r 23.<\/td>\n<\/tr>\n<tr class=\"row-22\">\n\t<td class=\"column-1\">Dr. Kosztolicz \u00c1gnes<\/td><td class=\"column-2\">1038<\/td><td class=\"column-3\">Budapest<\/td><td class=\"column-4\">Vas\u00fatsor 1.<\/td>\n<\/tr>\n<tr class=\"row-23\">\n\t<td class=\"column-1\">Dr. Kov\u00e1cs Zsuzsanna<\/td><td class=\"column-2\">1116<\/td><td class=\"column-3\">Budapest<\/td><td class=\"column-4\">Albertfalva u. 3.<\/td>\n<\/tr>\n<tr class=\"row-24\">\n\t<td class=\"column-1\">Dr. Lak\u00f3-Fut\u00f3 Zolt\u00e1n<\/td><td class=\"column-2\">1173<\/td><td class=\"column-3\">Budapest<\/td><td class=\"column-4\">Ferihegyi \u00fat 81.<\/td>\n<\/tr>\n<tr class=\"row-25\">\n\t<td class=\"column-1\">Dr. Perj\u00e9s \u00c1bel<\/td><td class=\"column-2\">2060<\/td><td class=\"column-3\">Bicske<\/td><td class=\"column-4\">Kossuth t\u00e9r 17.<\/td>\n<\/tr>\n<tr class=\"row-26\">\n\t<td class=\"column-1\">Dr. R\u00e9v\u00e9sz Beatrice<\/td><td class=\"column-2\">1221<\/td><td class=\"column-3\">Budapest<\/td><td class=\"column-4\">K\u00e1ldor Adolf u. 3-5. 1. em.<\/td>\n<\/tr>\n<tr class=\"row-27\">\n\t<td class=\"column-1\">Dr. Simek \u00c1gnes<\/td><td class=\"column-2\">1084<\/td><td class=\"column-3\">Budapest<\/td><td class=\"column-4\">Dank\u00f3 u. 9.<\/td>\n<\/tr>\n<tr class=\"row-28\">\n\t<td class=\"column-1\">Dr. S\u00fcveges Zsuzsanna<\/td><td class=\"column-2\">1116<\/td><td class=\"column-3\">Budapest<\/td><td class=\"column-4\">Albertfalva u.3.<\/td>\n<\/tr>\n<tr class=\"row-29\">\n\t<td class=\"column-1\">Dr. Szel\u00e9nyi Andrea<\/td><td class=\"column-2\">1067<\/td><td class=\"column-3\">Budapest<\/td><td class=\"column-4\">Szondi u. 11.<\/td>\n<\/tr>\n<tr class=\"row-30\">\n\t<td class=\"column-1\">Dr. Sz\u00e9lv\u00e1ri \u00c1gnes<\/td><td class=\"column-2\">2051<\/td><td class=\"column-3\">Biatorb\u00e1gy<\/td><td class=\"column-4\">T\u00e1ncsics M. u. 1.<\/td>\n<\/tr>\n<tr class=\"row-31\">\n\t<td class=\"column-1\">Dr. Szolyka T\u00edmea<\/td><td class=\"column-2\">1083<\/td><td class=\"column-3\">Budapest<\/td><td class=\"column-4\">Szigony u. 2\/b.<\/td>\n<\/tr>\n<tr class=\"row-32\">\n\t<td class=\"column-1\">Dr. Termann Katalin<\/td><td class=\"column-2\">1071<\/td><td class=\"column-3\">Budapest<\/td><td class=\"column-4\">D\u00f3zsa Gy. \u00fat 60.<\/td>\n<\/tr>\n<tr class=\"row-33\">\n\t<td class=\"column-1\">Dr. Tili Edina<\/td><td class=\"column-2\">1144<\/td><td class=\"column-3\">Budapest<\/td><td class=\"column-4\">F\u00fcredi u. 34. fsz. 1.<\/td>\n<\/tr>\n<tr class=\"row-34\">\n\t<td class=\"column-1\">Dr. Torzsa P\u00e9ter<\/td><td class=\"column-2\">1136<\/td><td class=\"column-3\">Budapest<\/td><td class=\"column-4\">T\u00e1tra u. 11.<\/td>\n<\/tr>\n<tr class=\"row-35\">\n\t<td class=\"column-1\">Dr. V\u00f6r\u00f6s Kriszti\u00e1n<\/td><td class=\"column-2\">1174<\/td><td class=\"column-3\">Budapest<\/td><td class=\"column-4\">Baross u. 18.<\/td>\n<\/tr>\n<tr class=\"row-36\">\n\t<td class=\"column-1\">Dr. Xantus G\u00e1bor<\/td><td class=\"column-2\">2335<\/td><td class=\"column-3\">Taksony<\/td><td class=\"column-4\">Sz\u00e9chenyi u.36.<\/td>\n<\/tr>\n<tr class=\"row-37\">\n\t<td class=\"column-1\">Dr. Zsuffa J\u00e1nos<\/td><td class=\"column-2\">1115<\/td><td class=\"column-3\">Budapest<\/td><td class=\"column-4\">Keveh\u00e1za u.  10.<\/td>\n<\/tr>\n<\/tbody>\n<\/table>\n<!-- #tablepress-14 from cache -->\n","protected":false},"excerpt":{"rendered":"<p>A tant\u00e1rgy c\u00e9lja, hogy el\u0151seg\u00edtse az orvostanhallgat\u00f3k orvosi identit\u00e1s\u00e1nak alakul\u00e1s\u00e1t az\u00e1ltal, hogy folyamatos, szem\u00e9lyes mentori kapcsolatban, h\u00e1ziorvos oktat\u00f3k mellett, munkahelyi tanul\u00e1s keret\u00e9ben akt\u00edvan bevonja a hallgat\u00f3t a betegell\u00e1t\u00e1sba, megismerteti a longitudin\u00e1lis ell\u00e1t\u00e1s jellegzetess\u00e9geivel, az eg\u00e9szs\u00e9g\u00fcgyi ell\u00e1t\u00f3rendszer fel\u00e9p\u00edt\u00e9s\u00e9vel, a team-munka jelent\u0151s\u00e9g\u00e9vel rendel\u0151i k\u00f6rnyezetben \u00e9s a h\u00e1ziorvosok, illetve a j\u00e1r\u00f3- \u00e9s fekv\u0151beteg ell\u00e1t\u00e1st v\u00e9gz\u0151 szakorvosok egy\u00fcttm\u0171k\u00f6d\u00e9s\u00e9vel egy &hellip;<\/p>\n","protected":false},"author":101661,"featured_media":0,"parent":4929,"menu_order":7,"comment_status":"closed","ping_status":"closed","template":"","meta":{"_acf_changed":false,"footnotes":""},"categories":[],"tags":[],"class_list":["post-7459","page","type-page","status-publish","hentry"],"acf":[],"publishpress_future_action":{"enabled":false,"date":"1970-01-01 01:00:00","action":"","terms":[],"taxonomy":"","browser_timezone_offset":0},"_links":{"self":[{"href":"https:\/\/semmelweis.hu\/csot\/wp-json\/wp\/v2\/pages\/7459","targetHints":{"allow":["GET"]}}],"collection":[{"href":"https:\/\/semmelweis.hu\/csot\/wp-json\/wp\/v2\/pages"}],"about":[{"href":"https:\/\/semmelweis.hu\/csot\/wp-json\/wp\/v2\/types\/page"}],"author":[{"embeddable":true,"href":"https:\/\/semmelweis.hu\/csot\/wp-json\/wp\/v2\/users\/101661"}],"replies":[{"embeddable":true,"href":"https:\/\/semmelweis.hu\/csot\/wp-json\/wp\/v2\/comments?post=7459"}],"version-history":[{"count":1,"href":"https:\/\/semmelweis.hu\/csot\/wp-json\/wp\/v2\/pages\/7459\/revisions"}],"predecessor-version":[{"id":7463,"href":"https:\/\/semmelweis.hu\/csot\/wp-json\/wp\/v2\/pages\/7459\/revisions\/7463"}],"up":[{"embeddable":true,"href":"https:\/\/semmelweis.hu\/csot\/wp-json\/wp\/v2\/pages\/4929"}],"wp:attachment":[{"href":"https:\/\/semmelweis.hu\/csot\/wp-json\/wp\/v2\/media?parent=7459"}],"wp:term":[{"taxonomy":"category","embeddable":true,"href":"https:\/\/semmelweis.hu\/csot\/wp-json\/wp\/v2\/categories?post=7459"},{"taxonomy":"post_tag","embeddable":true,"href":"https:\/\/semmelweis.hu\/csot\/wp-json\/wp\/v2\/tags?post=7459"}],"curies":[{"name":"wp","href":"https:\/\/api.w.org\/{rel}","templated":true}]}}